{"id":11492,"date":"2022-10-28T06:49:43","date_gmt":"2022-10-28T06:49:43","guid":{"rendered":"https:\/\/mobilobike.com\/?post_type=product&#038;p=11492"},"modified":"2022-10-28T06:50:20","modified_gmt":"2022-10-28T06:50:20","slug":"trottinette-electrique-beeper-trottinette-electrique-cross-1000w-36v-fx1000-s","status":"publish","type":"product","link":"https:\/\/mobilobike.com\/fr\/produit\/trottinette-electrique-beeper-trottinette-electrique-cross-1000w-36v-fx1000-s\/","title":{"rendered":"Trottinette \u00e9lectrique BEEPER TROTTINETTE \u00c9LECTRIQUE CROSS 1000W 36V FX1000-S"},"content":{"rendered":"<h2>Description<\/h2>\n<div id=\"product_description\" class=\"product_bloc_aside product_bloc_description\">\n<div>\n<h2 class=\"product_bloc_aside_title font-2\">DESCRIPTION<\/h2>\n<\/div>\n<div class=\"product_bloc_content bloc ombre font-2\">\n<div>\n<p>Ne reculez devant aucun obstacle avec la trottinette tout-terrain Beeper CROSS<\/p>\n<p>Vous avez d\u00e9j\u00e0 adopt\u00e9 les trottinettes \u00e9lectriques mais recherchez une trottinette avec laquelle braver tous les obstacles ? Ne cherchez plus et optez pour la trottinette \u00e9lectrique off-road Beeper CROSS ! Elle vous permettra de rouler en terrain inaccessible avec une trottinette \u00e9lectrique classique. Ses finitions avec son garde-boue, sa plateforme large et sa transmission par cha\u00eene en fond un produit robuste et fiable !<\/p>\n<p><iframe loading=\"lazy\" src=\"https:\/\/www.youtube.com\/embed\/0K9kv6PXg0k\" width=\"100%\" height=\"60%\" frameborder=\"0\" allowfullscreen=\"allowfullscreen\" data-mce-fragment=\"1\"><\/iframe><\/p>\n<p><b>Les plus de la trottinette \u00e9lectrique CROSS<\/b><br \/>\n\u2022 100% tout-terrain : Roue \u00e0 crampons \u2022 Amortisseurs avant et arri\u00e8re \u2022 Garde-boue,<br \/>\n\u2022 Fiable : LED autonomie batterie \u2022 Chaine \u2022 Clefs de contact,<br \/>\n\u2022 Confortable : Avec ses nombreuses options \u2022 Sa plateforme large,<\/p>\n<p><b>Contenu du kit<\/b><br \/>\nLa trottinette \u00e9lectrique Beeper CROSS est fournie avec plusieurs accessoires :<\/p>\n<p>\u2022 1 chargeur secteur<br \/>\n\u2022 1 pochette \u00e0 outils et accessoires<br \/>\n\u2022 1 manuel d\u2019utilisation<\/p>\n<p><b>Dimensions<\/b><br \/>\n\u2022 Dimensions d\u00e9pli\u00e9e : 1450 x 1200 x 610 mm<br \/>\n\u2022 Dimensions pli\u00e9e : 1450 x 650 x 610 mm<br \/>\n\u2022 Hauteur plateforme : 330 mm<br \/>\n\u2022 Hauteur du si\u00e8ge : 840 mm min \/ 980 mm max<br \/>\n\u2022 Garde au sol : 210 mm<\/p>\n<p><b>Caract\u00e9ristiques techniques<\/b><br \/>\n\u2022 Vitesse : 25 km\/h max<br \/>\n\u2022 Autonomie moyenne : 25-30 km<br \/>\n\u2022 Mont\u00e9e : 12\u00b0<br \/>\n\u2022 Batterie : Batterie plomb 36V 12Ah<br \/>\n\u2022 Moteur : 1000W<br \/>\n\u2022 Chargeur : AC100-254V 50\/60 Hz 1,5Ah<br \/>\n\u2022 Temps de recharge : 6 \u00e0 8 heures<br \/>\n\u2022 Poids : 38 kilos<br \/>\n\u2022 Charge maximale : 115 kilos<br \/>\n\u2022 Dimensions pneu : 2.5 \u2013 10 \/ 36 cm de diam\u00e8tre<br \/>\n\u2022 Freins : \u00e0 disques<\/p>\n<p>Premiers pas sur la trottinette off-road<br \/>\nIl suffit d\u2019effectuer une rotation de la poign\u00e9e droite pour acc\u00e9l\u00e9rer et les g\u00e2chettes de freins pour freiner ; \u00e0 droite pour freiner la roue avant et \u00e0 gauche pour freiner la roue arri\u00e8re.<\/p>\n<p>Il est n\u00e9cessaire de vous entrainer dans un espace isol\u00e9 afin d\u2019appr\u00e9hender et de maitriser votre trottinette avant de rouler en pr\u00e9sence d\u2019autres personnes ou v\u00e9hicules. Nous vous conseillons aussi de vous \u00e9quipez des protections classiques homologu\u00e9es n\u00e9cessaire \u00e0 une circulation en toute s\u00e9curit\u00e9 afin de parer \u00e0 d\u2019\u00e9ventuelles chutes.<\/p>\n<p><b>Pliage<\/b><br \/>\n1. Avant le pliage de votre trottinette \u00e9lectrique assurez-vous que celle-ci soit hors tension.<br \/>\n2. Retirez les goupilles de s\u00e9curit\u00e9s situ\u00e9es au niveau du m\u00e2t central ainsi qu\u2019au niveau de la selle (option).<br \/>\n3. Tirez le levier de pliage d\u2019une main, pendant que vous poussez vers l\u2019avant le m\u00e2t central avec l\u2019autre main.<br \/>\n4. Une fois d\u00e9bloqu\u00e9, abaissez le m\u00e2t vers le bas en direction du repose pied jusqu\u2019\u00e0 ce que vous entendiez le clic de verrouillage.<\/p>\n<p><b>Recharge de la batterie<\/b><br \/>\n1. Vissez le connecteur du chargeur sur la trottinette. Branchez la prise du chargeur sur le secteur.<br \/>\n2. La LED du chargeur est rouge. Rechargez la trottinette.<br \/>\n3. La LED du chargeur est verte. Vous pouvez rouler.<br \/>\n4. Les LEDs autonomie batterie sont vertes, la trottinette est charg\u00e9e \u00e0 100%.<\/p>\n<\/div>\n<\/div>\n<\/div>\n<div id=\"product_caracteristics\" class=\"product_bloc_aside product_bloc_caracteristics\">\n<div id=\"test\"><\/div>\n<div>\n<h2 class=\"product_bloc_aside_title font-2\">CARACT\u00c9RISTIQUES<\/h2>\n<\/div>\n<div class=\"product_bloc_content bloc ombre product_bloc_caracteristics_odd\">\n<table class=\"font-2\">\n<caption class=\"caption_hidden\">Caract\u00e9ristiques<\/caption>\n<tbody>\n<tr class=\"odd\">\n<th scope=\"row\">Type de pneu<\/th>\n<td class=\"font-2-b\">\n<ul class=\"characteristics\" data-switch=\"\">\n<li class=\"\">A chambre \u00e0 air<\/li>\n<\/ul>\n<\/td>\n<\/tr>\n<tr class=\"\">\n<th scope=\"row\">Diam\u00e8tre de roue<\/th>\n<td class=\"font-2-b\">\n<ul class=\"characteristics\" data-switch=\"\">\n<li class=\"\">10 \u201c<\/li>\n<\/ul>\n<\/td>\n<\/tr>\n<\/tbody>\n<\/table>\n<\/div>\n<\/div>","protected":false},"excerpt":{"rendered":"<p><b>Caract\u00e9ristiques techniques<\/b><br \/>\n\u2022 Vitesse : 25 km\/h max<br \/>\n\u2022 Autonomie moyenne : 25-30 km<br \/>\n\u2022 Mont\u00e9e : 12\u00b0<br \/>\n\u2022 Batterie : Batterie plomb 36V 12Ah<br \/>\n\u2022 Moteur : 1000W<br \/>\n\u2022 Chargeur : AC100-254V 50\/60 Hz 1,5Ah<br \/>\n\u2022 Temps de recharge : 6 \u00e0 8 heures<br \/>\n\u2022 Poids : 38 kilos<br \/>\n\u2022 Charge maximale : 115 kilos<br \/>\n\u2022 Dimensions pneu : 2.5 \u2013 10 \/ 36 cm de diam\u00e8tre<br \/>\n\u2022 Freins : \u00e0 disques<\/p>","protected":false},"featured_media":11497,"comment_status":"open","ping_status":"closed","template":"","meta":{"inline_featured_image":false},"product_cat":[171,164],"product_tag":[],"class_list":{"0":"post-11492","1":"product","2":"type-product","3":"status-publish","4":"has-post-thumbnail","6":"product_cat-trotinette-electrique","7":"product_cat-velo-trotinette","9":"first","10":"instock","11":"taxable","12":"shipping-taxable","13":"purchasable","14":"product-type-simple"},"_links":{"self":[{"href":"https:\/\/mobilobike.com\/fr\/wp-json\/wp\/v2\/product\/11492","targetHints":{"allow":["GET"]}}],"collection":[{"href":"https:\/\/mobilobike.com\/fr\/wp-json\/wp\/v2\/product"}],"about":[{"href":"https:\/\/mobilobike.com\/fr\/wp-json\/wp\/v2\/types\/product"}],"replies":[{"embeddable":true,"href":"https:\/\/mobilobike.com\/fr\/wp-json\/wp\/v2\/comments?post=11492"}],"version-history":[{"count":2,"href":"https:\/\/mobilobike.com\/fr\/wp-json\/wp\/v2\/product\/11492\/revisions"}],"predecessor-version":[{"id":11499,"href":"https:\/\/mobilobike.com\/fr\/wp-json\/wp\/v2\/product\/11492\/revisions\/11499"}],"wp:featuredmedia":[{"embeddable":true,"href":"https:\/\/mobilobike.com\/fr\/wp-json\/wp\/v2\/media\/11497"}],"wp:attachment":[{"href":"https:\/\/mobilobike.com\/fr\/wp-json\/wp\/v2\/media?parent=11492"}],"wp:term":[{"taxonomy":"product_cat","embeddable":true,"href":"https:\/\/mobilobike.com\/fr\/wp-json\/wp\/v2\/product_cat?post=11492"},{"taxonomy":"product_tag","embeddable":true,"href":"https:\/\/mobilobike.com\/fr\/wp-json\/wp\/v2\/product_tag?post=11492"}],"curies":[{"name":"wp","href":"https:\/\/api.w.org\/{rel}","templated":true}]}}