{"id":11508,"date":"2022-10-28T07:03:05","date_gmt":"2022-10-28T07:03:05","guid":{"rendered":"https:\/\/mobilobike.com\/?post_type=product&#038;p=11508"},"modified":"2022-10-31T15:34:38","modified_gmt":"2022-10-31T15:34:38","slug":"trottinette-electrique-go-ride-80pro-night-edition-350-w-6-6ah","status":"publish","type":"product","link":"https:\/\/mobilobike.com\/fr\/produit\/trottinette-electrique-go-ride-80pro-night-edition-350-w-6-6ah\/","title":{"rendered":"Trottinette \u00e9lectrique \u2013 GO RIDE 80PRO Night Edition \u2013 350 W \u2013 6.6Ah"},"content":{"rendered":"<div id=\"tab-description\" class=\"woocommerce-Tabs-panel woocommerce-Tabs-panel--description panel entry-content wc-tab\" role=\"tabpanel\" aria-labelledby=\"tab-title-description\">\n<h2>Description<\/h2>\n<table class=\"fpDescTb fpDescTbPub\">\n<tbody>\n<tr>\n<th colspan=\"2\">Informations g\u00e9n\u00e9rales sur le produit<\/th>\n<\/tr>\n<tr>\n<td>Nom du produit<\/td>\n<td>GO RIDE 80PRO Night Edition \u2013 Trottinette \u00e9lectriq<\/td>\n<\/tr>\n<tr>\n<td>Cat\u00e9gorie<\/td>\n<td>TROTTINETTE ELECTRIQUE<\/td>\n<\/tr>\n<tr>\n<th colspan=\"2\">G\u00e9n\u00e9ral<\/th>\n<\/tr>\n<tr>\n<td>Marque<\/td>\n<td>GO RIDE<\/td>\n<\/tr>\n<tr>\n<td>Type de public<\/td>\n<td>Adulte<\/td>\n<\/tr>\n<tr>\n<td>Mod\u00e8les<\/td>\n<td>GO Ride 80 PRO<\/td>\n<\/tr>\n<tr>\n<td>Certifications et normes<\/td>\n<td>CE, ROHS, LVD, MD, IPX4<br \/>\nLa GORide 80PRO r\u00e9pond aux crit\u00e8res du d\u00e9cret d\u2019octobre 2019 sur les Engins de D\u00e9placement Personnels Motoris\u00e9s (vitesse max de 25km\/h, Phares avant et arri\u00e8re, catadioptres).<\/td>\n<\/tr>\n<tr>\n<th colspan=\"2\">Moteur<\/th>\n<\/tr>\n<tr>\n<td>Puissance moteur \u00e9lectrique<\/td>\n<td>350 W<\/td>\n<\/tr>\n<tr>\n<td>Autonomie maximum<\/td>\n<td>25 km<\/td>\n<\/tr>\n<tr>\n<td>Amp\u00e9rage de la batterie<\/td>\n<td>6,6 Ah<\/td>\n<\/tr>\n<tr>\n<td>Type de batterie<\/td>\n<td>Lithium<\/td>\n<\/tr>\n<tr>\n<th colspan=\"2\">Caract\u00e9ristiques<\/th>\n<\/tr>\n<tr>\n<td>Description du produit<\/td>\n<td>Trottinette \u00e9lectrique ch\u00e2ssis aluminium<br \/>\nPneus increvables 8\u2033 (20cm)<br \/>\nAutonomie jusqu\u2019\u00e0 25Km<br \/>\n3 vitesses (Eco, Mid, Sport) + mode croisi\u00e8re.<br \/>\nDouble suspensions avant et arri\u00e8re pour plus de confort<br \/>\nDegr\u00e9 d\u2019\u00e9tanch\u00e9it\u00e9 : IPX4<\/td>\n<\/tr>\n<tr>\n<td>Vitesse maximum<\/td>\n<td>25 km\/h<\/td>\n<\/tr>\n<tr>\n<td>Instrumentation \/ Tableau de bord<\/td>\n<td>Ecran couleur avec vitesse, kilom\u00e9trage, autonomie, mode.<\/td>\n<\/tr>\n<tr>\n<td>Equipements \/ Options<\/td>\n<td>\u00c9clairage frontal + 4 feux lat\u00e9raux au plateau + feu arri\u00e8re (Stops)<br \/>\nPliable<br \/>\nMode parking<br \/>\nPoign\u00e9es rabattables<br \/>\nGuidon r\u00e9glable en hauteur<br \/>\nGarde boue avant et arri\u00e8re<br \/>\nGrip anti-d\u00e9rapant<br \/>\nAvertisseur sonore int\u00e9gr\u00e9<\/td>\n<\/tr>\n<tr>\n<td>Freinage avant \/ arri\u00e8re<\/td>\n<td>Frein avant moteur + arri\u00e8re au pied par friction<\/td>\n<\/tr>\n<tr>\n<td>Dimensions des pneus<\/td>\n<td>8 pouces<\/td>\n<\/tr>\n<tr>\n<td>Poids maximum<\/td>\n<td>100KG<\/td>\n<\/tr>\n<tr>\n<td>Dimensions hors tout<\/td>\n<td>Pli\u00e9e: 33 x 15.5 x 94 cm \/ D\u00e9pli\u00e9e: 116 x 40 x 94 cm<\/td>\n<\/tr>\n<tr>\n<td>Poids \u00e0 vide<\/td>\n<td>11.5KG<\/td>\n<\/tr>\n<tr>\n<th colspan=\"2\">Divers<\/th>\n<\/tr>\n<tr>\n<td>El\u00e9ments livr\u00e9s<\/td>\n<td>Trottinette \u00e9lectrique \u2013 Chargeur secteur \u2013 Notice<\/td>\n<\/tr>\n<tr>\n<td>Restrictions d\u2019usage<\/td>\n<td>Ne convient pas pour l\u2019acrobatie et les sauts<\/td>\n<\/tr>\n<tr>\n<td>Conseil d\u2019entretien<\/td>\n<td>Essuyez avec un chiffon humide<br \/>\nNe lavez pas le scooter avec un jet d\u2019eau<br \/>\nAssurez-vous de bien \u00e9teindre la trottinette<br \/>\nChargez compl\u00e8tement la batterie apr\u00e8s chaque utilisation pour prolonger sa dur\u00e9e de vie<br \/>\nNe placez pas la batterie dans un environnement o\u00f9 la temp\u00e9rature ambiante est sup\u00e9rieure \u00e0 50 \u00b0C ou<br \/>\ninf\u00e9rieure \u00e0 -20 \u00b0C<\/td>\n<\/tr>\n<tr>\n<td>Pays d\u2019origine<\/td>\n<td>Chine<\/td>\n<\/tr>\n<\/tbody>\n<\/table>\n<div id=\"presTitle\" class=\"fpCat testSep\">\n<div class=\"fpCatTitle\">Pr\u00e9sentation produit : GO RIDE 80PRO Night Edition \u2013 Trottinette \u00e9lectrique 8\u2033 \u2013 350 W \u2013 6.6Ah \u2013 Larges roues increvables \u2013 Double suspension \u2013 B\u00e9quille<\/div>\n<\/div>\n<div id=\"presContent\" class=\"fpBlk testSep extCode\">\n<div id=\"ccs-inline-content\"><\/div>\n<div id=\"flix-inpage\">\n<div id=\"flixinpage_1590397895529\"><\/div>\n<div id=\"flixinpage_1590397898490\"><\/div>\n<\/div>\n<div id=\"wc-power-page\"><\/div>\n<div id=\"LoadBeeContent\" class=\"loadbeeTabContent\">\n<div class=\"loadbeeTab\" data-loadbee-manufacturer=\"EAN\" data-loadbee-product=\"3700092654835\" data-loadbee-language=\"fr_FR\" data-loadbee-button=\"default\" data-loadbee-css=\"default\" data-loadbee-template=\"default\" data-loadbee-buttonlanguage=\"fr_FR\"><\/div>\n<\/div>\n<div><img decoding=\"async\" id=\"img_855995\" src=\"https:\/\/www.cdiscount.com\/other\/855995.png\" alt=\"GO RIDE 80PRO Night Edition - Trottinette \u00e9lectrique 8\" \/>\u00a0<iframe loading=\"lazy\" src=\"https:\/\/www.youtube.com\/embed\/T_3X218wH30\" width=\"1080\" height=\"608\" frameborder=\"0\" data-mce-fragment=\"1\"><\/iframe><\/div>\n<\/div>\n<div id=\"desc\" class=\"anchor\"><\/div>\n<div id=\"descContent\" class=\"fpBlk testSep\" data-cs-override-id=\"Descriptif\">\n<p class=\"fpMb\">Top produit du moment Pneus increvables 8\u2033 \u2013 Moteur 350W \u2013 Autonomie jusqu\u2019\u00e0 25Km \u2013 Batterie 36V 6.6Ah (temps de charge 3h) \u2013 Vitesse max 25Km\/h \u2013 3 vitesses Eco\/Mid\/Sport \u2013 \u00c9clairage frontal + 4 feux lat\u00e9raux + feu arri\u00e8re \u2013 Frein moteur avant \/ m\u00e9canique arri\u00e8re \u2013 Double suspensions avant et arri\u00e8re \u2013 Grand \u00e9cran couleur \u2013 Pliable \u2013 Mode parking \u2013 Poign\u00e9es rabattables \u2013 Guidon r\u00e9glable en hauteur.<\/p>\n<\/div>\n<\/div>","protected":false},"excerpt":{"rendered":"<div class=\"woocommerce-product-details__short-description\">\n<h5>GO RIDE 80PRO Night Edition \u2013 Trottinette \u00e9lectrique 8\u2033 \u2013 350 W \u2013 6.6Ah \u2013 Larges roues increvables \u2013 Double suspension \u2013 B\u00e9quille<\/h5>\n<p><span class=\"fpBlocTitle\">Les points forts :<\/span><\/p>\n<ul>\n<li>Puissance moteur \u00e9lectrique : 350 W<\/li>\n<li>Autonomie maximale : 25 km<\/li>\n<li>Amp\u00e9rage de la batterie : 6,6 Ah<\/li>\n<li>Type de batterie : Lithium<\/li>\n<li>Vitesse maximum : 25 km\/h<\/li>\n<\/ul>\n<div class=\"jsFpBulletPointMore\">\n<ul>\n<li>Dimensions des pneus : 8 pouces<\/li>\n<li>Poids maximal : 100KG<\/li>\n<li>Poids \u00e0 vide : 11.5KG<\/li>\n<\/ul>\n<\/div>\n<\/div>","protected":false},"featured_media":11516,"comment_status":"open","ping_status":"closed","template":"","meta":{"inline_featured_image":false},"product_cat":[171],"product_tag":[],"class_list":{"0":"post-11508","1":"product","2":"type-product","3":"status-publish","4":"has-post-thumbnail","6":"product_cat-trotinette-electrique","8":"first","9":"instock","10":"taxable","11":"shipping-taxable","12":"purchasable","13":"product-type-simple"},"_links":{"self":[{"href":"https:\/\/mobilobike.com\/fr\/wp-json\/wp\/v2\/product\/11508","targetHints":{"allow":["GET"]}}],"collection":[{"href":"https:\/\/mobilobike.com\/fr\/wp-json\/wp\/v2\/product"}],"about":[{"href":"https:\/\/mobilobike.com\/fr\/wp-json\/wp\/v2\/types\/product"}],"replies":[{"embeddable":true,"href":"https:\/\/mobilobike.com\/fr\/wp-json\/wp\/v2\/comments?post=11508"}],"version-history":[{"count":2,"href":"https:\/\/mobilobike.com\/fr\/wp-json\/wp\/v2\/product\/11508\/revisions"}],"predecessor-version":[{"id":11520,"href":"https:\/\/mobilobike.com\/fr\/wp-json\/wp\/v2\/product\/11508\/revisions\/11520"}],"wp:featuredmedia":[{"embeddable":true,"href":"https:\/\/mobilobike.com\/fr\/wp-json\/wp\/v2\/media\/11516"}],"wp:attachment":[{"href":"https:\/\/mobilobike.com\/fr\/wp-json\/wp\/v2\/media?parent=11508"}],"wp:term":[{"taxonomy":"product_cat","embeddable":true,"href":"https:\/\/mobilobike.com\/fr\/wp-json\/wp\/v2\/product_cat?post=11508"},{"taxonomy":"product_tag","embeddable":true,"href":"https:\/\/mobilobike.com\/fr\/wp-json\/wp\/v2\/product_tag?post=11508"}],"curies":[{"name":"wp","href":"https:\/\/api.w.org\/{rel}","templated":true}]}}