{"id":11549,"date":"2022-10-28T08:20:06","date_gmt":"2022-10-28T08:20:06","guid":{"rendered":"https:\/\/mobilobike.com\/?post_type=product&#038;p=11549"},"modified":"2022-10-31T15:34:27","modified_gmt":"2022-10-31T15:34:27","slug":"urban-trottinette-metropole-180mm-a-partir-de-10-ans-abec-7","status":"publish","type":"product","link":"https:\/\/mobilobike.com\/fr\/produit\/urban-trottinette-metropole-180mm-a-partir-de-10-ans-abec-7\/","title":{"rendered":"URBAN Trottinette Metropole 180mm \u2013 \u00e0 partir de 10 ans \u2013 ABEC 7"},"content":{"rendered":"<h2>Description<\/h2>\n<p class=\"fpMb\">Trottinette Metropole aluminium, double collier de serrage, noir et blanc, deck en aluminium peint roulements ABEC 7, frein sur roue arri\u00e8re, grip, poign\u00e9es confort : \u2013 Syst\u00e8me pliable \u2013 Sangle de portage \u2013 Poign\u00e9es en mousse r\u00e9tractable \u2013 Grip antid\u00e9rapant \u2013 Roues 180 mm de diam\u00e8tre<\/p>\n<div class=\"regBloc no1023\">\n<div id=\"gpt-R2-300X250BODY2\" data-google-query-id=\"CKy3_7PSn-gCFRbi1QodNisDxg\"><\/div>\n<div class=\"regTxt\"><\/div>\n<\/div>\n<table class=\"fpDescTb fpDescTbPub\">\n<tbody>\n<tr>\n<th colspan=\"2\">Informations g\u00e9n\u00e9rales sur le produit<\/th>\n<\/tr>\n<tr>\n<td>Nom du produit<\/td>\n<td>URBAN Trottinette Metropole 180mm \u2013 \u00e0 partir de 10<\/td>\n<\/tr>\n<tr>\n<td>Cat\u00e9gorie<\/td>\n<td>TROTTINETTE<\/td>\n<\/tr>\n<tr>\n<th colspan=\"2\">Sp\u00e9cificit\u00e9s Web D\u00e9stockage<\/th>\n<\/tr>\n<tr>\n<td>Avertissement<\/td>\n<td>Attention ! A utiliser sous la surveillance rapproch\u00e9e d\u2019un adulte<\/td>\n<\/tr>\n<tr>\n<th colspan=\"2\">G\u00e9n\u00e9ral<\/th>\n<\/tr>\n<tr>\n<td>Marque<\/td>\n<td>AUCUNE<\/td>\n<\/tr>\n<tr>\n<td>Type de Produit<\/td>\n<td>Trottinette loisir et urbaine adapt\u00e9e enfant et adulte<\/td>\n<\/tr>\n<tr>\n<td>Mod\u00e8les<\/td>\n<td>URBAN Metropole<\/td>\n<\/tr>\n<tr>\n<td>Usage<\/td>\n<td>R\u00e9gulier<\/td>\n<\/tr>\n<tr>\n<td>Usage<\/td>\n<td>Loisir<br \/>\nSkate park \u2013 Urbain<\/td>\n<\/tr>\n<tr>\n<td>Famille de sport<\/td>\n<td>Glisse urbaine<\/td>\n<\/tr>\n<tr>\n<td>Sports<\/td>\n<td>Trottinette<\/td>\n<\/tr>\n<tr>\n<td>Mati\u00e8res<\/td>\n<td>Cadre aluminium, poign\u00e9es en mousse, sangles en<br \/>\nnylon<\/td>\n<\/tr>\n<tr>\n<td>Couleur(s)<\/td>\n<td>Noir et blanc<\/td>\n<\/tr>\n<tr>\n<td>Certifications et normes<\/td>\n<td>Norme EN 14619<\/td>\n<\/tr>\n<tr>\n<th colspan=\"2\">Caract\u00e9ristiques<\/th>\n<\/tr>\n<tr>\n<td>Description du produit<\/td>\n<td>La trottinette URBAN Metropole est id\u00e9ale pour vos balades en ville ou pour aller au travail.<br \/>\nVous pourrez la transporter d\u00e9placer gr\u00e2ce \u00e0 son syst\u00e8me pliable et sa sangle de transport.<br \/>\nElle est \u00e9quip\u00e9e de poign\u00e9es en mousse r\u00e9tractables pour faciliter le stockage, et d\u2019un large plateau muni d\u2019un grip antid\u00e9rapant pour plus de confort.<br \/>\nLe syst\u00e8me de frein arri\u00e8re, actionnable par friction du pied, vous permettra un freinage en toute s\u00e9curit\u00e9, et aux normes europ\u00e9ennes en vigueur.<br \/>\nGr\u00e2ce \u00e0 la qualit\u00e9 de ses roues de 180 mm de diam\u00e8tre, il sera tr\u00e8s facile de monter les trottoirs ou de rouler sur une route pav\u00e9e.<br \/>\nTrottinette toutes options, ergonomique et pratique pour se d\u00e9placer en ville :<br \/>\n\u2013 Garde-boue avant<br \/>\n\u2013 B\u00e9quille et sangle de portage pour faciliter le port<br \/>\n\u2013 Roues 180 mm<br \/>\n\u2013 Plateau bas et large permettant d\u2019\u00e9conomiser son \u00e9nergie<br \/>\n\u2013 Sangle : Nylon noir<br \/>\n\u2013 Pliage par levier s\u00e9curis\u00e9<\/td>\n<\/tr>\n<tr>\n<td>Plus produit<\/td>\n<td>\u2013 Design intemporel<br \/>\n\u2013 Toutes options<br \/>\n\u2013 Confort de l\u2019utilisateur<br \/>\n\u2013 Ergonomique et pratique<br \/>\n\u2013 Facilit\u00e9 de transport<br \/>\n\u2013 Pliage rapide et s\u00e9curis\u00e9<\/td>\n<\/tr>\n<tr>\n<td>Age (A partir de)<\/td>\n<td>10 ans<\/td>\n<\/tr>\n<tr>\n<td>Poids (Jusqu\u2019\u00e0)<\/td>\n<td>100 kg<\/td>\n<\/tr>\n<tr>\n<td>Taille recommand\u00e9e<\/td>\n<td>\u2013 Convient au pratiquant (adulte ou enfant) de plus de 10 ans<br \/>\n\u2013 Ne convient pas \u00e0 un pratiquant de plus de 100kg<\/td>\n<\/tr>\n<tr>\n<td>Dimensions<\/td>\n<td>Dimensions : 87 x 34 x 92 cm<\/td>\n<\/tr>\n<tr>\n<td>Pliage \/ D\u00e9pliage<\/td>\n<td>Syst\u00e8me de pliage : Levier s\u00e9curis\u00e9<\/td>\n<\/tr>\n<tr>\n<td>Dimensions pli\u00e9<\/td>\n<td>Dimensions pli\u00e9es : 75 x 10,5 x 28 cm<\/td>\n<\/tr>\n<tr>\n<td>Poids<\/td>\n<td>2,56 Kg<\/td>\n<\/tr>\n<tr>\n<td>Nombre de roues<\/td>\n<td>2 roues<\/td>\n<\/tr>\n<tr>\n<th colspan=\"2\">Caract\u00e9ristiques techniques<\/th>\n<\/tr>\n<tr>\n<td>T-bar<\/td>\n<td>Guidon\/T-bar : Ajustable \u00e0 3 niveaux de hauteur de 92 \u00e0 102 cm, aluminium anodis\u00e9<\/td>\n<\/tr>\n<tr>\n<td>Poign\u00e9e<\/td>\n<td>Poign\u00e9es en mousse, r\u00e9tractables<\/td>\n<\/tr>\n<tr>\n<td>Fourche<\/td>\n<td>Pas de suspension ni de fourche sur ce mod\u00e8le<\/td>\n<\/tr>\n<tr>\n<td>Deck<\/td>\n<td>Footdeck en aluminium peint<\/td>\n<\/tr>\n<tr>\n<td>Grip<\/td>\n<td>Grip antid\u00e9rapant imprim\u00e9<\/td>\n<\/tr>\n<tr>\n<td>Roues<\/td>\n<td>\u2013 Roues : PU 180 mm avec noyau nylon 5 branches<br \/>\n\u2013 Duret\u00e9 des roues : 82A<\/td>\n<\/tr>\n<tr>\n<td>Roulement<\/td>\n<td>Roulements : ABEC 7<\/td>\n<\/tr>\n<tr>\n<td>Frein(s)<\/td>\n<td>Frein sur roue arri\u00e8re, extrud\u00e9, actionnable avec le pied<\/td>\n<\/tr>\n<tr>\n<td>Serrage<\/td>\n<td>Serrage double collier<\/td>\n<\/tr>\n<tr>\n<th colspan=\"2\">Divers<\/th>\n<\/tr>\n<tr>\n<td>Montage<\/td>\n<td>A monter soi-m\u00eame<\/td>\n<\/tr>\n<tr>\n<td>Restrictions d\u2019usage<\/td>\n<td>\u2013 Convient au pratiquant (adulte ou enfant) de plus de 10 ans<br \/>\n\u2013 Ne convient pas \u00e0 un pratiquant de plus de 100kg<\/td>\n<\/tr>\n<tr>\n<td>Conseils d\u2019utilisation<\/td>\n<td>\u2013 Avant toute utilisation, il est conseill\u00e9 de lire la n<\/td>\n<\/tr>\n<\/tbody>\n<\/table>","protected":false},"excerpt":{"rendered":"<div class=\"woocommerce-product-details__short-description\">\n<ul>\n<li>Age (A partir de) : 10 ans<\/li>\n<li>Mati\u00e8res : Cadre aluminium, poign\u00e9es en mousse, sangles en , nylon<\/li>\n<li>Roulement : Roulements : ABEC 7<\/li>\n<li>Poids (Jusqu\u2019\u00e0) : 100 kg<\/li>\n<li>Roues : \u2013 Roues : PU 180 mm avec noyau nylon 5 branches, \u2013 Duret\u00e9 des roues : 82A<\/li>\n<\/ul>\n<div class=\"jsFpBulletPointMore\">\n<ul>\n<li>Frein(s) : Frein sur roue arri\u00e8re, extrud\u00e9, actionnable avec le pied<\/li>\n<li>Poign\u00e9e : Poign\u00e9es en mousse, r\u00e9tractables<\/li>\n<li>Serrage : Serrage double collier<\/li>\n<li>La trottinette URBAN Metropole est id\u00e9ale pour vos balades en ville ou pour aller au travail. , Vous p<\/li>\n<\/ul>\n<\/div>\n<\/div>","protected":false},"featured_media":11558,"comment_status":"open","ping_status":"closed","template":"","meta":{"inline_featured_image":false},"product_cat":[171],"product_tag":[],"class_list":{"0":"post-11549","1":"product","2":"type-product","3":"status-publish","4":"has-post-thumbnail","6":"product_cat-trotinette-electrique","8":"first","9":"instock","10":"taxable","11":"shipping-taxable","12":"purchasable","13":"product-type-simple"},"_links":{"self":[{"href":"https:\/\/mobilobike.com\/fr\/wp-json\/wp\/v2\/product\/11549","targetHints":{"allow":["GET"]}}],"collection":[{"href":"https:\/\/mobilobike.com\/fr\/wp-json\/wp\/v2\/product"}],"about":[{"href":"https:\/\/mobilobike.com\/fr\/wp-json\/wp\/v2\/types\/product"}],"replies":[{"embeddable":true,"href":"https:\/\/mobilobike.com\/fr\/wp-json\/wp\/v2\/comments?post=11549"}],"version-history":[{"count":1,"href":"https:\/\/mobilobike.com\/fr\/wp-json\/wp\/v2\/product\/11549\/revisions"}],"predecessor-version":[{"id":11560,"href":"https:\/\/mobilobike.com\/fr\/wp-json\/wp\/v2\/product\/11549\/revisions\/11560"}],"wp:featuredmedia":[{"embeddable":true,"href":"https:\/\/mobilobike.com\/fr\/wp-json\/wp\/v2\/media\/11558"}],"wp:attachment":[{"href":"https:\/\/mobilobike.com\/fr\/wp-json\/wp\/v2\/media?parent=11549"}],"wp:term":[{"taxonomy":"product_cat","embeddable":true,"href":"https:\/\/mobilobike.com\/fr\/wp-json\/wp\/v2\/product_cat?post=11549"},{"taxonomy":"product_tag","embeddable":true,"href":"https:\/\/mobilobike.com\/fr\/wp-json\/wp\/v2\/product_tag?post=11549"}],"curies":[{"name":"wp","href":"https:\/\/api.w.org\/{rel}","templated":true}]}}