{"id":2815,"date":"2025-01-27T14:30:46","date_gmt":"2025-01-27T14:30:46","guid":{"rendered":"https:\/\/mobilobike.com\/?post_type=product&#038;p=2815"},"modified":"2025-07-08T18:30:37","modified_gmt":"2025-07-08T18:30:37","slug":"eleglide-m1","status":"publish","type":"product","link":"https:\/\/mobilobike.com\/fr\/produit\/eleglide-m1\/","title":{"rendered":"Eleglide M1"},"content":{"rendered":"<h2 class=\"mb-2 mt-6 text-lg first:mt-3\">Un V\u00e9lo \u00c9lectrique Polyvalent pour les Passionn\u00e9s<\/h2>\n<p>L&rsquo;Eleglide M1 repr\u00e9sente une r\u00e9volution dans le monde du v\u00e9lo \u00e9lectrique, combinant performance, confort et technologie avanc\u00e9e pour une exp\u00e9rience de conduite exceptionnelle<span class=\"whitespace-nowrap\">.<\/span><\/p>\n<h3 class=\"mb-2 mt-6 text-lg first:mt-3\">Caract\u00e9ristiques Techniques<\/h3>\n<p><strong>Motorisation Puissante<\/strong><br \/>\nLe M1 est \u00e9quip\u00e9 d&rsquo;un moteur brushless de 250W d\u00e9veloppant un couple de 45Nm, permettant d&rsquo;atteindre une vitesse maximale de 25 km\/h<span class=\"whitespace-nowrap\">.<\/span>\u00a0Sa batterie lithium-ion de 36V 7.5Ah offre une autonomie impressionnante allant jusqu&rsquo;\u00e0 65 km en mode assistance<span class=\"whitespace-nowrap\">.<\/span><strong>Conception Robuste<\/strong><br \/>\nLe cadre en alliage d&rsquo;aluminium assure durabilit\u00e9 et r\u00e9sistance \u00e0 la corrosion<span class=\"whitespace-nowrap\"><a class=\"mr-[2px] citation ml-xs inline\" href=\"https:\/\/electricpower.ie\/product\/eleglide-m1-upgraded-electric-bike\/\" target=\"_blank\" rel=\"nofollow noopener\" data-state=\"closed\" aria-label=\"Eleglide M1 Upgraded Electric Bike\"><span class=\"relative -top-[0.1rem] undefined light font-sans text-base text-textOff dark:text-textOffDark selection:bg-super\/50 selection:text-textMain dark:selection:bg-superDuper\/10 dark:selection:text-superDark\"><span class=\"hover:bg-super h-[1rem] min-w-[1rem] rounded-[0.3125rem] px-[0.3rem] py-[0.1875rem] text-center font-mono text-[0.60rem] tabular-nums md:hover:text-white border-borderMain\/50 ring-borderMain\/50 divide-borderMain\/50 dark:divide-borderMainDark\/50 dark:ring-borderMainDark\/50 dark:border-borderMainDark\/50 bg-offsetPlus dark:bg-offsetPlusDark\">1<\/span><\/span><\/a>.<\/span>\u00a0Les pneus CST de 27,5 pouces garantissent une excellente adh\u00e9rence sur tous types de terrains<span class=\"whitespace-nowrap\">.<\/span><\/p>\n<h3 class=\"mb-2 mt-6 text-lg first:mt-3\">Exp\u00e9rience de Conduite<\/h3>\n<p><strong>Confort Optimal<\/strong><br \/>\nLa suspension hydraulique avant avec syst\u00e8me de blocage absorbe efficacement les chocs et vibrations<span class=\"whitespace-nowrap\"><a class=\"mr-[2px] citation ml-xs inline\" href=\"https:\/\/electricpower.ie\/product\/eleglide-m1-upgraded-electric-bike\/\" target=\"_blank\" rel=\"nofollow noopener\" data-state=\"closed\" aria-label=\"Eleglide M1 Upgraded Electric Bike\"><span class=\"relative -top-[0.1rem] undefined light font-sans text-base text-textOff dark:text-textOffDark selection:bg-super\/50 selection:text-textMain dark:selection:bg-superDuper\/10 dark:selection:text-superDark\"><span class=\"hover:bg-super h-[1rem] min-w-[1rem] rounded-[0.3125rem] px-[0.3rem] py-[0.1875rem] text-center font-mono text-[0.60rem] tabular-nums md:hover:text-white border-borderMain\/50 ring-borderMain\/50 divide-borderMain\/50 dark:divide-borderMainDark\/50 dark:ring-borderMainDark\/50 dark:border-borderMainDark\/50 bg-offsetPlus dark:bg-offsetPlusDark\">1<\/span><\/span><\/a>.<\/span>\u00a0La selle ergonomique assure un confort optimal m\u00eame sur les longues distances<span class=\"whitespace-nowrap\"><span class=\"mr-[2px] citation ml-xs inline\" data-state=\"closed\" aria-label=\"What I really think about the ELEGLIDE M1 PLUS E-Bike - YouTube\"><span class=\"relative -top-[0.1rem] cursor-pointer light font-sans text-base text-textOff dark:text-textOffDark selection:bg-super\/50 selection:text-textMain dark:selection:bg-superDuper\/10 dark:selection:text-superDark\"><span class=\"hover:bg-super h-[1rem] min-w-[1rem] rounded-[0.3125rem] px-[0.3rem] py-[0.1875rem] text-center font-mono text-[0.60rem] tabular-nums md:hover:text-white border-borderMain\/50 ring-borderMain\/50 divide-borderMain\/50 dark:divide-borderMainDark\/50 dark:ring-borderMainDark\/50 dark:border-borderMainDark\/50 bg-offsetPlus dark:bg-offsetPlusDark\">2<\/span><\/span><\/span>.<\/span><strong>Polyvalence Maximale<\/strong><br \/>\nGr\u00e2ce \u00e0 ses 21 vitesses Shimano, le M1 s&rsquo;adapte parfaitement \u00e0 tous les terrains<span class=\"whitespace-nowrap\">.<\/span>\u00a0Les trois modes de conduite (\u00e9lectrique pur, assistance au p\u00e9dalage, et manuel) offrent une flexibilit\u00e9 totale selon vos besoins<span class=\"whitespace-nowrap\"><a class=\"mr-[2px] citation ml-xs inline\" href=\"https:\/\/electricpower.ie\/product\/eleglide-m1-upgraded-electric-bike\/\" target=\"_blank\" rel=\"nofollow noopener\" data-state=\"closed\" aria-label=\"Eleglide M1 Upgraded Electric Bike\"><span class=\"relative -top-[0.1rem] undefined light font-sans text-base text-textOff dark:text-textOffDark selection:bg-super\/50 selection:text-textMain dark:selection:bg-superDuper\/10 dark:selection:text-superDark\"><span class=\"hover:bg-super h-[1rem] min-w-[1rem] rounded-[0.3125rem] px-[0.3rem] py-[0.1875rem] text-center font-mono text-[0.60rem] tabular-nums md:hover:text-white border-borderMain\/50 ring-borderMain\/50 divide-borderMain\/50 dark:divide-borderMainDark\/50 dark:ring-borderMainDark\/50 dark:border-borderMainDark\/50 bg-offsetPlus dark:bg-offsetPlusDark\">1<\/span><\/span><\/a>.<\/span><\/p>\n<h3 class=\"mb-2 mt-6 text-lg first:mt-3\">S\u00e9curit\u00e9 et Praticit\u00e9<\/h3>\n<p><strong>Freinage Performant<\/strong><br \/>\nLes freins \u00e0 disque avant et arri\u00e8re assurent un arr\u00eat pr\u00e9cis et s\u00e9curis\u00e9<span class=\"whitespace-nowrap\">.<\/span>\u00a0L&rsquo;\u00e9clairage LED int\u00e9gr\u00e9 permet une visibilit\u00e9 optimale en conditions nocturnes<span class=\"whitespace-nowrap\">.<\/span><strong>Batterie Amovible<\/strong><br \/>\nLa batterie se retire facilement pour une recharge pratique, avec un temps de charge d&rsquo;environ 4,5 heures<span class=\"whitespace-nowrap\">.<\/span>\u00a0Un syst\u00e8me de verrouillage s\u00e9curis\u00e9 prot\u00e8ge votre investissement<span class=\"whitespace-nowrap\">.<\/span><\/p>\n<h3 class=\"mb-2 mt-6 text-lg first:mt-3\">Sp\u00e9cifications Techniques<\/h3>\n<p><strong>Dimensions et Capacit\u00e9s<\/strong><\/p>\n<ul class=\"marker:text-textOff list-disc pl-8\">\n<li>Taille du cadre : 27,5&Prime; x 17&Prime;<\/li>\n<li>Charge maximale : 100 kg<\/li>\n<li>Taille recommand\u00e9e du cycliste : 160-185 cm<\/li>\n<\/ul>\n<p>Le v\u00e9lo \u00e9lectrique Eleglide M1 repr\u00e9sente le choix id\u00e9al pour les cyclistes cherchant un v\u00e9lo \u00e9lectrique polyvalent, performant et abordable<span class=\"whitespace-nowrap\">.<\/span><\/p>\n<div id=\"productDetails_feature_div\" class=\"celwidget\" data-feature-name=\"productDetails\" data-csa-c-type=\"widget\" data-csa-c-content-id=\"productDetails\" data-csa-c-slot-id=\"productDetails_feature_div\" data-csa-c-asin=\"\" data-csa-c-is-in-initial-active-row=\"false\" data-csa-c-id=\"cmjqmw-ahxjiu-ywas5w-wf5ztx\" data-cel-widget=\"productDetails_feature_div\">\n<div id=\"prodDetails\" class=\"a-section\">\n<div class=\"a-row a-spacing-top-base\">\n<div class=\"a-column a-span6\">\n<div class=\"a-row a-spacing-base\">\n<div class=\"a-row a-expander-container a-expander-extend-container\">\n<div class=\"a-row\">\n<div class=\"a-column a-span6\">\n<h4 class=\"a-size-medium a-spacing-small\">Descriptif technique<\/h4>\n<\/div>\n<\/div>\n<div class=\"a-expander-content a-expander-extend-content\" data-expanded=\"true\">\n<div class=\"a-row a-expander-container a-expander-inline-container\">\n<div class=\"a-expander-content a-expander-section-content a-section-expander-inner\" data-expanded=\"true\">\n<table id=\"productDetails_techSpec_section_1\" class=\"a-keyvalue prodDetTable\" role=\"presentation\">\n<tbody>\n<tr>\n<th class=\"a-color-secondary a-size-base prodDetSectionEntry\">Tranche d&rsquo;\u00e2ge<\/th>\n<td class=\"a-size-base prodDetAttrValue\">\u200eAdulte<\/td>\n<\/tr>\n<tr>\n<th class=\"a-color-secondary a-size-base prodDetSectionEntry\">Type de v\u00e9lo<\/th>\n<td class=\"a-size-base prodDetAttrValue\">\u200eV\u00e9lo de montagne<\/td>\n<\/tr>\n<tr>\n<th class=\"a-color-secondary a-size-base prodDetSectionEntry\">Type de frein<\/th>\n<td class=\"a-size-base prodDetAttrValue\">\u200eDisque<\/td>\n<\/tr>\n<tr>\n<th class=\"a-color-secondary a-size-base prodDetSectionEntry\">Couleur<\/th>\n<td class=\"a-size-base prodDetAttrValue\">\u200eM1 Plus-27,5 pouces-APP<\/td>\n<\/tr>\n<tr>\n<th class=\"a-color-secondary a-size-base prodDetSectionEntry\">Taille<\/th>\n<td class=\"a-size-base prodDetAttrValue\">\u200eM\/L<\/td>\n<\/tr>\n<tr>\n<th class=\"a-color-secondary a-size-base prodDetSectionEntry\">Style<\/th>\n<td class=\"a-size-base prodDetAttrValue\">\u200eVTT<\/td>\n<\/tr>\n<tr>\n<th class=\"a-color-secondary a-size-base prodDetSectionEntry\">Mat\u00e9riau du cadre<\/th>\n<td class=\"a-size-base prodDetAttrValue\">\u200eAluminium<\/td>\n<\/tr>\n<tr>\n<th class=\"a-color-secondary a-size-base prodDetSectionEntry\">Taille du cadre<\/th>\n<td class=\"a-size-base prodDetAttrValue\">\u200e27,5 Pouces<\/td>\n<\/tr>\n<tr>\n<th class=\"a-color-secondary a-size-base prodDetSectionEntry\">Type de mat\u00e9riau<\/th>\n<td class=\"a-size-base prodDetAttrValue\">\u200eAluminium<\/td>\n<\/tr>\n<tr>\n<th class=\"a-color-secondary a-size-base prodDetSectionEntry\">Nombre de vitesses<\/th>\n<td class=\"a-size-base prodDetAttrValue\">\u200e21<\/td>\n<\/tr>\n<tr>\n<th class=\"a-color-secondary a-size-base prodDetSectionEntry\">Source d&rsquo;\u00e9nergie<\/th>\n<td class=\"a-size-base prodDetAttrValue\">\u200eBatterie rechargeable<\/td>\n<\/tr>\n<tr>\n<th class=\"a-color-secondary a-size-base prodDetSectionEntry\">Niveau de comp\u00e9tence<\/th>\n<td class=\"a-size-base prodDetAttrValue\">\u200eD\u00e9butant<\/td>\n<\/tr>\n<tr>\n<th class=\"a-color-secondary a-size-base prodDetSectionEntry\">Fonctionnalit\u00e9s<\/th>\n<td class=\"a-size-base prodDetAttrValue\">\u200eRechargeable<\/td>\n<\/tr>\n<tr>\n<th class=\"a-color-secondary a-size-base prodDetSectionEntry\">Usage<\/th>\n<td class=\"a-size-base prodDetAttrValue\">\u200eterrain<\/td>\n<\/tr>\n<tr>\n<th class=\"a-color-secondary a-size-base prodDetSectionEntry\">Suspension<\/th>\n<td class=\"a-size-base prodDetAttrValue\">\u200eSuspension fourche<\/td>\n<\/tr>\n<tr>\n<th class=\"a-color-secondary a-size-base prodDetSectionEntry\">Taille de la roue<\/th>\n<td class=\"a-size-base prodDetAttrValue\">\u200e27,5 Pouces<\/td>\n<\/tr>\n<tr>\n<th class=\"a-color-secondary a-size-base prodDetSectionEntry\">Watt<\/th>\n<td class=\"a-size-base prodDetAttrValue\">\u200e250 Watts<\/td>\n<\/tr>\n<tr>\n<th class=\"a-color-secondary a-size-base prodDetSectionEntry\">Composants inclus<\/th>\n<td class=\"a-size-base prodDetAttrValue\">\u200e2 x r\u00e9flecteur \u00e0 rayons 1 x r\u00e9flecteur arri\u00e8re, 2 x p\u00e9dale (droite et gauche), 1 x chargeur, 1 x trousse \u00e0 outils, 2 x cl\u00e9, 1 x v\u00e9lo M1 Plus, 1 x manuel d&rsquo;utilisation<\/td>\n<\/tr>\n<tr>\n<th class=\"a-color-secondary a-size-base prodDetSectionEntry\">Marque<\/th>\n<td class=\"a-size-base prodDetAttrValue\">\u200eEleglide<\/td>\n<\/tr>\n<tr>\n<th class=\"a-color-secondary a-size-base prodDetSectionEntry\">Service<\/th>\n<td class=\"a-size-base prodDetAttrValue\">\u200eMixte<\/td>\n<\/tr>\n<tr>\n<th class=\"a-color-secondary a-size-base prodDetSectionEntry\">Fabricant<\/th>\n<td class=\"a-size-base prodDetAttrValue\">\u200eEleglide<\/td>\n<\/tr>\n<tr>\n<th class=\"a-color-secondary a-size-base prodDetSectionEntry\">Num\u00e9ro du mod\u00e8le de l&rsquo;article<\/th>\n<td class=\"a-size-base prodDetAttrValue\">\u200eEleglide M1 Plus-APP<\/td>\n<\/tr>\n<tr>\n<th class=\"a-color-secondary a-size-base prodDetSectionEntry\">Dimensions du produit (L x l x h)<\/th>\n<td class=\"a-size-base prodDetAttrValue\">\u200e179 x 68 x 104 cm; 21,7 kilogrammes<\/td>\n<\/tr>\n<tr>\n<th class=\"a-color-secondary a-size-base prodDetSectionEntry\">ASIN<\/th>\n<td class=\"a-size-base prodDetAttrValue\">\u200eB0C948VV6G<\/td>\n<\/tr>\n<\/tbody>\n<\/table>\n<\/div>\n<\/div>\n<\/div>\n<\/div>\n<\/div>\n<\/div>\n<\/div>\n<\/div>\n<\/div>\n<div id=\"postPurchaseSideSheet_MP_feature_div\" class=\"celwidget\" data-feature-name=\"postPurchaseSideSheet_MP\" data-csa-c-type=\"widget\" data-csa-c-content-id=\"postPurchaseSideSheet_MP\" data-csa-c-slot-id=\"postPurchaseSideSheet_MP_feature_div\" data-csa-c-asin=\"\" data-csa-c-is-in-initial-active-row=\"false\" data-csa-c-id=\"sub8b1-ga1yi3-ljzkkf-ljmrv0\" data-cel-widget=\"postPurchaseSideSheet_MP_feature_div\"><\/div>\n<div id=\"postPurchaseWhatsInTheBox_MP_feature_div\" class=\"celwidget\" data-feature-name=\"postPurchaseWhatsInTheBox_MP\" data-csa-c-type=\"widget\" data-csa-c-content-id=\"postPurchaseWhatsInTheBox_MP\" data-csa-c-slot-id=\"postPurchaseWhatsInTheBox_MP_feature_div\" data-csa-c-asin=\"\" data-csa-c-is-in-initial-active-row=\"false\" data-csa-c-id=\"nsgm99-mk4bro-5w0z6r-xb9nd2\" data-cel-widget=\"postPurchaseWhatsInTheBox_MP_feature_div\">\n<div id=\"whatsInTheBoxDeck\" class=\"a-section a-spacing-base celwidget\" data-csa-c-id=\"wfwchh-6ubopl-3q745e-njc2nz\" data-cel-widget=\"whatsInTheBoxDeck\">\n<hr class=\"a-divider-normal bucketDivider\" aria-hidden=\"true\" \/>\n<h2>Contenu du carton<\/h2>\n<ul>\n<li class=\"postpurchase-included-components-list-item\"><span class=\"a-list-item\">1 x v\u00e9lo M1 Plus, 1 x manuel d&rsquo;utilisation<\/span><\/li>\n<li class=\"postpurchase-included-components-list-item\"><span class=\"a-list-item\">2 x p\u00e9dale (droite et gauche), 1 x chargeur<\/span><\/li>\n<li class=\"postpurchase-included-components-list-item\"><span class=\"a-list-item\">1 x trousse \u00e0 outils, 2 x cl\u00e9<\/span><\/li>\n<li class=\"postpurchase-included-components-list-item\"><span class=\"a-list-item\">2 x r\u00e9flecteur \u00e0 rayons 1 x r\u00e9flecteur arri\u00e8re<\/span><\/li>\n<\/ul>\n<\/div>\n<\/div>","protected":false},"excerpt":{"rendered":"<p>V\u00e9lo \u00e9lectrique de montagne Eleglide M1 Plus est livr\u00e9 avec un puissant moteur sans balais de 250 W qui d\u00e9livre un couple de 45 Nm et permet au v\u00e9lo d&rsquo;atteindre une vitesse de 25 km\/h.<\/p>","protected":false},"featured_media":12246,"comment_status":"open","ping_status":"closed","template":"","meta":{"inline_featured_image":false},"product_cat":[174,173],"product_tag":[],"class_list":{"0":"post-2815","1":"product","2":"type-product","3":"status-publish","4":"has-post-thumbnail","6":"product_cat-non-pliable","7":"product_cat-velo-electrique","9":"first","10":"instock","11":"taxable","12":"shipping-taxable","13":"purchasable","14":"product-type-simple"},"_links":{"self":[{"href":"https:\/\/mobilobike.com\/fr\/wp-json\/wp\/v2\/product\/2815","targetHints":{"allow":["GET"]}}],"collection":[{"href":"https:\/\/mobilobike.com\/fr\/wp-json\/wp\/v2\/product"}],"about":[{"href":"https:\/\/mobilobike.com\/fr\/wp-json\/wp\/v2\/types\/product"}],"replies":[{"embeddable":true,"href":"https:\/\/mobilobike.com\/fr\/wp-json\/wp\/v2\/comments?post=2815"}],"version-history":[{"count":1,"href":"https:\/\/mobilobike.com\/fr\/wp-json\/wp\/v2\/product\/2815\/revisions"}],"predecessor-version":[{"id":12247,"href":"https:\/\/mobilobike.com\/fr\/wp-json\/wp\/v2\/product\/2815\/revisions\/12247"}],"wp:featuredmedia":[{"embeddable":true,"href":"https:\/\/mobilobike.com\/fr\/wp-json\/wp\/v2\/media\/12246"}],"wp:attachment":[{"href":"https:\/\/mobilobike.com\/fr\/wp-json\/wp\/v2\/media?parent=2815"}],"wp:term":[{"taxonomy":"product_cat","embeddable":true,"href":"https:\/\/mobilobike.com\/fr\/wp-json\/wp\/v2\/product_cat?post=2815"},{"taxonomy":"product_tag","embeddable":true,"href":"https:\/\/mobilobike.com\/fr\/wp-json\/wp\/v2\/product_tag?post=2815"}],"curies":[{"name":"wp","href":"https:\/\/api.w.org\/{rel}","templated":true}]}}