{"id":2821,"date":"2025-01-30T18:21:51","date_gmt":"2025-01-30T18:21:51","guid":{"rendered":"https:\/\/mobilobike.com\/?post_type=product&#038;p=2821"},"modified":"2025-07-08T18:30:38","modified_gmt":"2025-07-08T18:30:38","slug":"duotts-f26","status":"publish","type":"product","link":"https:\/\/mobilobike.com\/fr\/produit\/duotts-f26\/","title":{"rendered":"DUOTTS F26"},"content":{"rendered":"<h2>DUOTTS F26 : la r\u00e9volutionne dans la mobilit\u00e9 \u00e9lectrique<\/h2>\n<p>&nbsp;<\/p>\n<p>Le DUOTTS F26 est le v\u00e9lo \u00e9lectrique tout-terrain ultime pour les passionn\u00e9s de sensations fortes. \u00c9quip\u00e9 de deux puissants moteurs de 750W chacun, ce fat bike offre une exp\u00e9rience de conduite in\u00e9gal\u00e9e sur tous types de terrains<span class=\"whitespace-nowrap\">.<\/span><\/p>\n<h3 class=\"mb-2 mt-6 text-lg first:mt-3\">Performances exceptionnelles : DUOTTS F26<\/h3>\n<p>Le DUOTTS F26 se d\u00e9marque par sa puissance impressionnante :<\/p>\n<ul class=\"marker:text-textOff list-disc pl-8\">\n<li>Double moteur de 750W pour une puissance totale de 1500W<\/li>\n<li>Couple maximal de 130 Nm pour une acc\u00e9l\u00e9ration fulgurante<\/li>\n<li>Vitesse de pointe de 55 km\/h pour des sensations grisantes<\/li>\n<li>Autonomie jusqu&rsquo;\u00e0 120 km en mode assist\u00e9<\/li>\n<\/ul>\n<h3 class=\"mb-2 mt-6 text-lg first:mt-3\">Confort et polyvalence avec la DUOTTS F26<\/h3>\n<p>Con\u00e7u pour le confort et l&rsquo;aventure, le F26 offre :<\/p>\n<ul class=\"marker:text-textOff list-disc pl-8\">\n<li>Pneus larges de 26&#215;4.0&Prime; pour une adh\u00e9rence optimale<\/li>\n<li>Suspension avant pour absorber les chocs<\/li>\n<li>Freins \u00e0 disque hydrauliques pour un arr\u00eat pr\u00e9cis et s\u00fbr<\/li>\n<li>\u00c9cran LCD couleur multifonction<\/li>\n<\/ul>\n<h3 class=\"mb-2 mt-6 text-lg first:mt-3\">Batterie performante<\/h3>\n<p>La batterie Samsung 48V 20Ah int\u00e9gr\u00e9e au cadre assure :<\/p>\n<ul class=\"marker:text-textOff list-disc pl-8\">\n<li>Une autonomie g\u00e9n\u00e9reuse de 40-60 km en mode \u00e9lectrique pur<\/li>\n<li>Un temps de charge de 6-8 heures<\/li>\n<li>Une protection contre l&rsquo;eau et la poussi\u00e8re (IPX5)<\/li>\n<\/ul>\n<h3 class=\"mb-2 mt-6 text-lg first:mt-3\">Pour les amateurs de sensations fortes<\/h3>\n<p>Que vous soyez un cycliste chevronn\u00e9 ou un aventurier en herbe, le DUOTTS F26 vous permettra d&rsquo;explorer de nouveaux horizons. Sa capacit\u00e9 de charge de 150 kg et son adaptabilit\u00e9 aux terrains difficiles en font le compagnon id\u00e9al pour vos escapades hors des sentiers battus<span class=\"whitespace-nowrap\">.<\/span><\/p>\n<p>&nbsp;<\/p>\n<div class=\"multi-column__item justify-start snap-start\">\n<p><img loading=\"lazy\" decoding=\"async\" class=\"rounded alignnone\" src=\"https:\/\/duotts.com\/cdn\/shop\/files\/B-F26.9.jpg?v=1716287864&amp;width=1720\" alt=\"DUOTTS F26\" width=\"1720\" height=\"1200\" \/><\/p>\n<div class=\"v-stack gap-2 text-start\">\n<h3 class=\"h5\">Autonomie, \u00e9clairage, fourche avant<\/h3>\n<div class=\"prose\">\n<p>Le v\u00e9lo \u00e9lectrique F26 utilise une batterie Samsung 20AH, offrant une autonomie de 100 \u00e0 120 km en mode assistance, environ 40 \u00e0 60 km en mode \u00e9lectrique pur. Sa conception int\u00e9gr\u00e9e rend le <a href=\"https:\/\/mobile-bike.com\/velo-electrique\/\">v\u00e9lo<\/a> plus esth\u00e9tique, tandis que l&rsquo;\u00e9l\u00e9gant \u00e9clairage avant illumine la nuit. Au-del\u00e0 de la vitesse, l&rsquo;excellente suspension de la fourche avant assure une conduite plus confortable.<\/p>\n<\/div>\n<\/div>\n<\/div>\n<div class=\"multi-column__item justify-start snap-start\">\n<p><img loading=\"lazy\" decoding=\"async\" class=\"rounded\" src=\"https:\/\/duotts.com\/cdn\/shop\/files\/B-F26.6.jpg?v=1716287864&amp;width=1720\" sizes=\"auto, (max-width: 699px) calc(73vw - 40px), (max-width: 999px) calc(38vw - 64px), calc(min(1300px, 100vw) \/ 3)\" srcset=\"\/\/duotts.com\/cdn\/shop\/files\/B-F26.6.jpg?v=1716287864&amp;width=300 300w, \/\/duotts.com\/cdn\/shop\/files\/B-F26.6.jpg?v=1716287864&amp;width=400 400w, \/\/duotts.com\/cdn\/shop\/files\/B-F26.6.jpg?v=1716287864&amp;width=500 500w, \/\/duotts.com\/cdn\/shop\/files\/B-F26.6.jpg?v=1716287864&amp;width=600 600w, \/\/duotts.com\/cdn\/shop\/files\/B-F26.6.jpg?v=1716287864&amp;width=800 800w, \/\/duotts.com\/cdn\/shop\/files\/B-F26.6.jpg?v=1716287864&amp;width=1000 1000w, \/\/duotts.com\/cdn\/shop\/files\/B-F26.6.jpg?v=1716287864&amp;width=1200 1200w, \/\/duotts.com\/cdn\/shop\/files\/B-F26.6.jpg?v=1716287864&amp;width=1400 1400w, \/\/duotts.com\/cdn\/shop\/files\/B-F26.6.jpg?v=1716287864&amp;width=1600 1600w\" alt=\"\" width=\"1720\" height=\"1200\" \/><\/p>\n<div class=\"v-stack gap-2 text-start\">\n<h3 class=\"h5\">Deux moteurs pour une puissance accrue avec la DUOTTS F26<\/h3>\n<div class=\"prose\">\n<p>\u00c9quip\u00e9 d&rsquo;un moteur de 750 W \u00e0 l&rsquo;avant et \u00e0 l&rsquo;arri\u00e8re, le F26 fournit 1 500 W de puissance en mode double entra\u00eenement, ce qui se traduit par une vitesse et une puissance accrues. La possibilit\u00e9 de passer d&rsquo;un mode simple \u00e0 un mode double entra\u00eenement en appuyant sur un bouton permet aux cyclistes de s&rsquo;adapter facilement \u00e0 diff\u00e9rents terrains.<\/p>\n<\/div>\n<\/div>\n<\/div>\n<div class=\"multi-column__item justify-start snap-start\">\n<p><img loading=\"lazy\" decoding=\"async\" class=\"rounded alignnone\" src=\"https:\/\/duotts.com\/cdn\/shop\/files\/B-F26.11.jpg?v=1716287864&amp;width=1720\" alt=\"DUOTTS F26\" width=\"1720\" height=\"1200\" \/><\/p>\n<div class=\"v-stack gap-2 text-start\">\n<p class=\"h5\">Pneus robustes de 26 x 4,0 pouces<\/p>\n<div class=\"prose\">\n<p>Les pneus larges de 26 x 4,0 pouces ajoutent des capacit\u00e9s tout-terrain au F26. Avec leur largeur g\u00e9n\u00e9reuse, ces pneus offrent une flottabilit\u00e9 et une stabilit\u00e9 am\u00e9lior\u00e9es, garantissant une conduite s\u00fbre m\u00eame en mode double entra\u00eenement puissant.<\/p>\n<\/div>\n<\/div>\n<\/div>\n<div class=\"multi-column__item justify-start snap-start\">\n<p><img loading=\"lazy\" decoding=\"async\" class=\"rounded\" src=\"https:\/\/duotts.com\/cdn\/shop\/files\/B-F26.8.jpg?v=1716287864&amp;width=1720\" sizes=\"auto, (max-width: 699px) calc(73vw - 40px), (max-width: 999px) calc(38vw - 64px), calc(min(1300px, 100vw) \/ 3)\" srcset=\"\/\/duotts.com\/cdn\/shop\/files\/B-F26.8.jpg?v=1716287864&amp;width=300 300w, \/\/duotts.com\/cdn\/shop\/files\/B-F26.8.jpg?v=1716287864&amp;width=400 400w, \/\/duotts.com\/cdn\/shop\/files\/B-F26.8.jpg?v=1716287864&amp;width=500 500w, \/\/duotts.com\/cdn\/shop\/files\/B-F26.8.jpg?v=1716287864&amp;width=600 600w, \/\/duotts.com\/cdn\/shop\/files\/B-F26.8.jpg?v=1716287864&amp;width=800 800w, \/\/duotts.com\/cdn\/shop\/files\/B-F26.8.jpg?v=1716287864&amp;width=1000 1000w, \/\/duotts.com\/cdn\/shop\/files\/B-F26.8.jpg?v=1716287864&amp;width=1200 1200w, \/\/duotts.com\/cdn\/shop\/files\/B-F26.8.jpg?v=1716287864&amp;width=1400 1400w, \/\/duotts.com\/cdn\/shop\/files\/B-F26.8.jpg?v=1716287864&amp;width=1600 1600w\" alt=\"\" width=\"1720\" height=\"1200\" \/><\/p>\n<div class=\"v-stack gap-2 text-start\">\n<p class=\"h5\">Freins \u00e0 disque hydrauliques s\u00fbrs<\/p>\n<div class=\"prose\">\n<p>Les freins \u00e0 disque hydrauliques avanc\u00e9s offrent une force de freinage puissante et fiable, am\u00e9liorant consid\u00e9rablement votre s\u00e9curit\u00e9 et votre contr\u00f4le pendant les trajets. Qu&rsquo;il s&rsquo;agisse de s&rsquo;attaquer \u00e0 des descentes raides ou de r\u00e9agir \u00e0 des arr\u00eats brusques, ces freins offrent une confiance et une s\u00e9curit\u00e9 in\u00e9gal\u00e9es.<\/p>\n<\/div>\n<\/div>\n<\/div>\n<div class=\"multi-column__item justify-start snap-start\">\n<p><img loading=\"lazy\" decoding=\"async\" class=\"rounded\" src=\"https:\/\/duotts.com\/cdn\/shop\/files\/F262_945fc44f-a52c-4aa9-98f3-f94d8cc795f5.jpg?v=1719542610&amp;width=1720\" sizes=\"auto, (max-width: 699px) calc(73vw - 40px), (max-width: 999px) calc(38vw - 64px), calc(min(1300px, 100vw) \/ 3)\" srcset=\"\/\/duotts.com\/cdn\/shop\/files\/F262_945fc44f-a52c-4aa9-98f3-f94d8cc795f5.jpg?v=1719542610&amp;width=300 300w, \/\/duotts.com\/cdn\/shop\/files\/F262_945fc44f-a52c-4aa9-98f3-f94d8cc795f5.jpg?v=1719542610&amp;width=400 400w, \/\/duotts.com\/cdn\/shop\/files\/F262_945fc44f-a52c-4aa9-98f3-f94d8cc795f5.jpg?v=1719542610&amp;width=500 500w, \/\/duotts.com\/cdn\/shop\/files\/F262_945fc44f-a52c-4aa9-98f3-f94d8cc795f5.jpg?v=1719542610&amp;width=600 600w, \/\/duotts.com\/cdn\/shop\/files\/F262_945fc44f-a52c-4aa9-98f3-f94d8cc795f5.jpg?v=1719542610&amp;width=800 800w, \/\/duotts.com\/cdn\/shop\/files\/F262_945fc44f-a52c-4aa9-98f3-f94d8cc795f5.jpg?v=1719542610&amp;width=1000 1000w, \/\/duotts.com\/cdn\/shop\/files\/F262_945fc44f-a52c-4aa9-98f3-f94d8cc795f5.jpg?v=1719542610&amp;width=1200 1200w, \/\/duotts.com\/cdn\/shop\/files\/F262_945fc44f-a52c-4aa9-98f3-f94d8cc795f5.jpg?v=1719542610&amp;width=1400 1400w, \/\/duotts.com\/cdn\/shop\/files\/F262_945fc44f-a52c-4aa9-98f3-f94d8cc795f5.jpg?v=1719542610&amp;width=1600 1600w\" alt=\"\" width=\"1720\" height=\"1200\" \/><\/p>\n<div class=\"v-stack gap-2 text-start\">\n<p class=\"h5\">Panneau de commande multifonction pour pilote<\/p>\n<div class=\"prose\">\n<p>Le v\u00e9lo \u00e9lectrique F26 met le contr\u00f4le entre les mains du cycliste gr\u00e2ce \u00e0 une poign\u00e9e d&rsquo;acc\u00e9l\u00e9rateur \u00e9lectrique \u00e0 demi-rotation, un engrenage Shimano, un port de chargement de t\u00e9l\u00e9phone portable et un bouton \u00e0 bascule pour changer de mode de conduite. Avec un \u00e9cran d&rsquo;affichage haute d\u00e9finition, vous pouvez surveiller sans effort l&rsquo;\u00e9tat du <a href=\"https:\/\/fr.wikipedia.org\/wiki\/V\u00e9lo_\u00e9lectrique\" target=\"_blank\" rel=\"noopener\">v\u00e9hicule<\/a> tout en profitant d&rsquo;une conduite plus s\u00fbre, plus pratique et plus agr\u00e9able.<\/p>\n<\/div>\n<\/div>\n<\/div>\n<div class=\"multi-column__item justify-start snap-start\">\n<p><img loading=\"lazy\" decoding=\"async\" class=\"rounded\" src=\"https:\/\/duotts.com\/cdn\/shop\/files\/B-F26.10.jpg?v=1716287864&amp;width=1720\" sizes=\"auto, (max-width: 699px) calc(73vw - 40px), (max-width: 999px) calc(38vw - 64px), calc(min(1300px, 100vw) \/ 3)\" srcset=\"\/\/duotts.com\/cdn\/shop\/files\/B-F26.10.jpg?v=1716287864&amp;width=300 300w, \/\/duotts.com\/cdn\/shop\/files\/B-F26.10.jpg?v=1716287864&amp;width=400 400w, \/\/duotts.com\/cdn\/shop\/files\/B-F26.10.jpg?v=1716287864&amp;width=500 500w, \/\/duotts.com\/cdn\/shop\/files\/B-F26.10.jpg?v=1716287864&amp;width=600 600w, \/\/duotts.com\/cdn\/shop\/files\/B-F26.10.jpg?v=1716287864&amp;width=800 800w, \/\/duotts.com\/cdn\/shop\/files\/B-F26.10.jpg?v=1716287864&amp;width=1000 1000w, \/\/duotts.com\/cdn\/shop\/files\/B-F26.10.jpg?v=1716287864&amp;width=1200 1200w, \/\/duotts.com\/cdn\/shop\/files\/B-F26.10.jpg?v=1716287864&amp;width=1400 1400w, \/\/duotts.com\/cdn\/shop\/files\/B-F26.10.jpg?v=1716287864&amp;width=1600 1600w\" alt=\"\" width=\"1720\" height=\"1200\" \/><\/p>\n<div class=\"v-stack gap-2 text-start\">\n<p class=\"h5\">Plus, plus, plus<\/p>\n<div class=\"prose\">\n<p>Le F26 dispose \u00e9galement d&rsquo;un porte-bagages arri\u00e8re pour plus de commodit\u00e9 et de praticit\u00e9, tandis que son feu arri\u00e8re int\u00e9gr\u00e9 am\u00e9liore la visibilit\u00e9 et la s\u00e9curit\u00e9 lors des trajets de nuit.<\/p>\n<\/div>\n<\/div>\n<\/div>","protected":false},"excerpt":{"rendered":"<p>Le choix de r\u00eave des explorateurs. Le v\u00e9lo \u00e9lectrique tout-terrain Duotts \u200b\u200bF26 est \u00e9quip\u00e9 d&rsquo;un puissant syst\u00e8me de moteur double de 750 watts et associ\u00e9 \u00e0 des pneus gonflables uniques de 26*4.0. Qu&rsquo;il s&rsquo;agisse de terrains enneig\u00e9s, de paysages sablonneux ou de sentiers de montagne accident\u00e9s, vous pouvez avancer r\u00e9guli\u00e8rement.<\/p>","protected":false},"featured_media":12252,"comment_status":"open","ping_status":"closed","template":"","meta":{"inline_featured_image":false},"product_cat":[174,173],"product_tag":[],"class_list":{"0":"post-2821","1":"product","2":"type-product","3":"status-publish","4":"has-post-thumbnail","6":"product_cat-non-pliable","7":"product_cat-velo-electrique","9":"first","10":"instock","11":"taxable","12":"shipping-taxable","13":"purchasable","14":"product-type-simple"},"_links":{"self":[{"href":"https:\/\/mobilobike.com\/fr\/wp-json\/wp\/v2\/product\/2821","targetHints":{"allow":["GET"]}}],"collection":[{"href":"https:\/\/mobilobike.com\/fr\/wp-json\/wp\/v2\/product"}],"about":[{"href":"https:\/\/mobilobike.com\/fr\/wp-json\/wp\/v2\/types\/product"}],"replies":[{"embeddable":true,"href":"https:\/\/mobilobike.com\/fr\/wp-json\/wp\/v2\/comments?post=2821"}],"version-history":[{"count":1,"href":"https:\/\/mobilobike.com\/fr\/wp-json\/wp\/v2\/product\/2821\/revisions"}],"predecessor-version":[{"id":12253,"href":"https:\/\/mobilobike.com\/fr\/wp-json\/wp\/v2\/product\/2821\/revisions\/12253"}],"wp:featuredmedia":[{"embeddable":true,"href":"https:\/\/mobilobike.com\/fr\/wp-json\/wp\/v2\/media\/12252"}],"wp:attachment":[{"href":"https:\/\/mobilobike.com\/fr\/wp-json\/wp\/v2\/media?parent=2821"}],"wp:term":[{"taxonomy":"product_cat","embeddable":true,"href":"https:\/\/mobilobike.com\/fr\/wp-json\/wp\/v2\/product_cat?post=2821"},{"taxonomy":"product_tag","embeddable":true,"href":"https:\/\/mobilobike.com\/fr\/wp-json\/wp\/v2\/product_tag?post=2821"}],"curies":[{"name":"wp","href":"https:\/\/api.w.org\/{rel}","templated":true}]}}