{"id":2893,"date":"2025-02-04T11:33:32","date_gmt":"2025-02-04T11:33:32","guid":{"rendered":"https:\/\/mobilobike.com\/?post_type=product&#038;p=2893"},"modified":"2025-07-08T18:30:51","modified_gmt":"2025-07-08T18:30:51","slug":"iscooter-ix6","status":"publish","type":"product","link":"https:\/\/mobilobike.com\/fr\/produit\/iscooter-ix6\/","title":{"rendered":"ISCOOTER iX6"},"content":{"rendered":"<h2 class=\"has-text-align-center wp-block-heading\"><strong>Trottinette Electrique iScooter iX6 1000W Autonomie 65km 17.5Ah 11\u2033Charge 150 kg<\/strong><\/h2>\n<h3 class=\"has-text-align-center wp-block-heading\">Trottinette tout terrain est \u00e9quip\u00e9 d\u2019un amortisseur triangle de bras de mante bionique x 4<\/h3>\n<div class=\"wp-block-image\">\n<figure class=\"aligncenter pva\"><img loading=\"lazy\" decoding=\"async\" class=\"wp-image-5725822\" src=\"https:\/\/boostit.cdiscount.com\/wp-content\/uploads\/2024\/08\/7-2153b8.jpg?w=1000\" sizes=\"auto, (max-width: 1000px) 100vw, 1000px\" srcset=\"https:\/\/boostit.cdiscount.com\/wp-content\/uploads\/2024\/08\/7-2153b8.jpg 1000w, https:\/\/boostit.cdiscount.com\/wp-content\/uploads\/2024\/08\/7-2153b8.jpg?resize=500,300 500w, https:\/\/boostit.cdiscount.com\/wp-content\/uploads\/2024\/08\/7-2153b8.jpg?resize=768,461 768w, https:\/\/boostit.cdiscount.com\/wp-content\/uploads\/2024\/08\/7-2153b8.jpg?resize=320,192 320w\" alt=\"\" width=\"1000\" height=\"600\" \/><\/figure>\n<\/div>\n<p><strong>2024 iSCOOTER nouveau trottinette \u00e9lectrique tout-terrain vous offre l\u2019exp\u00e9rience de conduite la plus confortable.<\/strong><\/p>\n<p>\u2666Am\u00e9liorez l\u2019amortisseur du bras Mantis.<br \/>\n\u2666Les p\u00e9dales de 20 cm de large.La position de conduite n\u2019est plus limit\u00e9e par les p\u00e9dales.<br \/>\n\u2666Le trottinette est \u00e9quip\u00e9 de trous de si\u00e8ge pour le si\u00e8ge \u00e0 installer.<\/p>\n<p>&nbsp;<\/p>\n<p><strong>Nivel de bater\u00eda 5-barras<\/strong><\/p>\n<p>\u2666En int\u00e9grant des syst\u00e8mes \u00e9lectriques avanc\u00e9s et des commandes intelligentes, il offre un moyen de d\u00e9placement plus pratique, plus s\u00fbr et plus respectueux de l\u2019environnement.<br \/>\n\u2666Autonomie maximale\u00a0<strong>55-65 km<\/strong>.<\/p>\n<h4 class=\"line wp-block-heading\">+ produit<\/h4>\n<div class=\"wp-block-columns p3v3t is-layout-flex wp-container-core-columns-is-layout-1259 wp-block-columns-is-layout-flex\">\n<div class=\"wp-block-column is-layout-flow wp-block-column-is-layout-flow\">\n<div class=\"wp-block-image\">\n<figure class=\"aligncenter\"><img loading=\"lazy\" decoding=\"async\" class=\"wp-image-5725830\" src=\"https:\/\/boostit.cdiscount.com\/wp-content\/uploads\/2024\/08\/ix6-b3-v01-230116.jpg?w=500\" sizes=\"auto, (max-width: 500px) 100vw, 500px\" srcset=\"https:\/\/boostit.cdiscount.com\/wp-content\/uploads\/2024\/08\/ix6-b3-v01-230116.jpg 600w, https:\/\/boostit.cdiscount.com\/wp-content\/uploads\/2024\/08\/ix6-b3-v01-230116.jpg?resize=150,150 150w, https:\/\/boostit.cdiscount.com\/wp-content\/uploads\/2024\/08\/ix6-b3-v01-230116.jpg?resize=500,500 500w, https:\/\/boostit.cdiscount.com\/wp-content\/uploads\/2024\/08\/ix6-b3-v01-230116.jpg?resize=320,320 320w\" alt=\"\" width=\"500\" height=\"500\" \/><\/figure>\n<\/div>\n<p>1000W moteur de grande puissance,\u00a0<strong>forte puissance<\/strong>, entra\u00eener la capacit\u00e9 de charge maximale du trottinette \u00e9lectrique 150KG,<br \/>\nMode confort (10km\/h, 15km\/h, 25km\/h) Mode tout-terrain (15km\/h, 30km\/h, 45km\/h) Vitesse maxi sur voie priv\u00e9e-45km\/h Vitesse maxi sur voie publique- 25 km\/h<br \/>\nFournir la fonction d\u2019endurance automatique,\u00a0<strong>moteur inverter<\/strong>\u00a0iscooter ix6 trottinette \u00e9lectrique tout-terrain\u00a0<strong>plus d\u2019\u00e9conomie d\u2019\u00e9nergie!<\/strong><\/p>\n<\/div>\n<div class=\"wp-block-column is-layout-flow wp-block-column-is-layout-flow\">\n<div class=\"wp-block-image\">\n<figure class=\"aligncenter\"><img loading=\"lazy\" decoding=\"async\" class=\"wp-image-5725839\" src=\"https:\/\/boostit.cdiscount.com\/wp-content\/uploads\/2024\/08\/\u753b\u677f-10-11.jpg?w=500\" sizes=\"auto, (max-width: 500px) 100vw, 500px\" srcset=\"https:\/\/boostit.cdiscount.com\/wp-content\/uploads\/2024\/08\/\u753b\u677f-10-11.jpg 600w, https:\/\/boostit.cdiscount.com\/wp-content\/uploads\/2024\/08\/\u753b\u677f-10-11.jpg?resize=150,150 150w, https:\/\/boostit.cdiscount.com\/wp-content\/uploads\/2024\/08\/\u753b\u677f-10-11.jpg?resize=500,500 500w, https:\/\/boostit.cdiscount.com\/wp-content\/uploads\/2024\/08\/\u753b\u677f-10-11.jpg?resize=320,320 320w\" alt=\"\" width=\"500\" height=\"500\" \/><\/figure>\n<\/div>\n<p><strong>Protection de la batterie BMS<\/strong>, 7 \u00e0 9 heures de charge pour un kilom\u00e9trage maximal de 55 \u00e0 65 km<\/p>\n<\/div>\n<div class=\"wp-block-column is-layout-flow wp-block-column-is-layout-flow\">\n<div class=\"wp-block-image\">\n<figure class=\"aligncenter\"><img loading=\"lazy\" decoding=\"async\" class=\"wp-image-5725831\" src=\"https:\/\/boostit.cdiscount.com\/wp-content\/uploads\/2024\/08\/ix6-b4-v01-230116.jpg?w=500\" sizes=\"auto, (max-width: 500px) 100vw, 500px\" srcset=\"https:\/\/boostit.cdiscount.com\/wp-content\/uploads\/2024\/08\/ix6-b4-v01-230116.jpg 600w, https:\/\/boostit.cdiscount.com\/wp-content\/uploads\/2024\/08\/ix6-b4-v01-230116.jpg?resize=150,150 150w, https:\/\/boostit.cdiscount.com\/wp-content\/uploads\/2024\/08\/ix6-b4-v01-230116.jpg?resize=500,500 500w, https:\/\/boostit.cdiscount.com\/wp-content\/uploads\/2024\/08\/ix6-b4-v01-230116.jpg?resize=320,320 320w\" alt=\"\" width=\"500\" height=\"500\" \/><\/figure>\n<\/div>\n<p>Pneus tout-terrain de 11 pouces, conditions de route neige\/pluie\/montagne\/mont\u00e9e \u00e0 35\u00b0\u00a0<strong>conduite fluide.<\/strong><\/p>\n<\/div>\n<\/div>\n<div class=\"wp-block-columns p3v3t is-layout-flex wp-container-core-columns-is-layout-1260 wp-block-columns-is-layout-flex\">\n<div class=\"wp-block-column is-layout-flow wp-block-column-is-layout-flow\">\n<div class=\"wp-block-image\">\n<figure class=\"aligncenter\"><img loading=\"lazy\" decoding=\"async\" class=\"wp-image-5725827\" src=\"https:\/\/boostit.cdiscount.com\/wp-content\/uploads\/2024\/08\/ix6-b2-v01-230116.jpg?w=500\" sizes=\"auto, (max-width: 500px) 100vw, 500px\" srcset=\"https:\/\/boostit.cdiscount.com\/wp-content\/uploads\/2024\/08\/ix6-b2-v01-230116.jpg 600w, https:\/\/boostit.cdiscount.com\/wp-content\/uploads\/2024\/08\/ix6-b2-v01-230116.jpg?resize=150,150 150w, https:\/\/boostit.cdiscount.com\/wp-content\/uploads\/2024\/08\/ix6-b2-v01-230116.jpg?resize=500,500 500w, https:\/\/boostit.cdiscount.com\/wp-content\/uploads\/2024\/08\/ix6-b2-v01-230116.jpg?resize=320,320 320w\" alt=\"\" width=\"500\" height=\"500\" \/><\/figure>\n<\/div>\n<p><strong>Grand \u00e9cran LCD<\/strong>, les informations sur le kilom\u00e9trage de vitesse du\u00a0trottinette \u00e9lectrique sont clairement visibles<\/p>\n<p><strong>Deux m\u00e9thodes de d\u00e9marrage:<\/strong>\u00a0d\u00e9marrage de la carte NFC (vous pouvez utiliser un t\u00e9l\u00e9phone Android compatible NFC pour d\u00e9marrer, notez que le syst\u00e8me iOS n\u2019est pas pris en charge) ou d\u00e9marrage du bouton (les \u00e9tapes de fonctionnement sont plus compliqu\u00e9es)<\/p>\n<\/div>\n<div class=\"wp-block-column is-layout-flow wp-block-column-is-layout-flow\">\n<div class=\"wp-block-image\">\n<figure class=\"aligncenter\"><img loading=\"lazy\" decoding=\"async\" class=\"wp-image-5725836\" src=\"https:\/\/boostit.cdiscount.com\/wp-content\/uploads\/2024\/08\/ix6-b8-v01-230116.jpg?w=500\" sizes=\"auto, (max-width: 500px) 100vw, 500px\" srcset=\"https:\/\/boostit.cdiscount.com\/wp-content\/uploads\/2024\/08\/ix6-b8-v01-230116.jpg 600w, https:\/\/boostit.cdiscount.com\/wp-content\/uploads\/2024\/08\/ix6-b8-v01-230116.jpg?resize=150,150 150w, https:\/\/boostit.cdiscount.com\/wp-content\/uploads\/2024\/08\/ix6-b8-v01-230116.jpg?resize=500,500 500w, https:\/\/boostit.cdiscount.com\/wp-content\/uploads\/2024\/08\/ix6-b8-v01-230116.jpg?resize=320,320 320w\" alt=\"\" width=\"500\" height=\"500\" \/><\/figure>\n<\/div>\n<p><strong>iScooter ix6 gardez votre s\u00e9curit\u00e9 de conduite<\/strong><\/p>\n<p>\u2022Le poteau en alliage d\u2019aluminium \u00e0 haute r\u00e9sistance de<strong>\u00a07,5<\/strong>\u00a0cm de large est un processus de coupe<strong>\u00a0CNC<\/strong>\u00a0adapt\u00e9, une plus grande stabilit\u00e9 du trottinette tout-terrain.<\/p>\n<p>\u2022Les phares sont \u00e9quip\u00e9s de 4 perles LED pour \u00e9clairer votre s\u00e9curit\u00e9<\/p>\n<p>\u2022<strong>IPX4<\/strong>\u00a0vie quotidienne \u00e9tanche, peut r\u00e9sister \u00e0 la pluie<br \/>\n(attention \u00e0 ne pas tremper le scooter dans l\u2019eau, il est d\u00e9conseill\u00e9 de rouler sous une pluie battante, il y aura des risques pour la s\u00e9curit\u00e9 et ne roulez pas dans une piscine de plus de 10cm)<\/p>\n<\/div>\n<div class=\"wp-block-column is-layout-flow wp-block-column-is-layout-flow\">\n<div class=\"wp-block-image\">\n<figure class=\"aligncenter\"><img loading=\"lazy\" decoding=\"async\" class=\"wp-image-5725834\" src=\"https:\/\/boostit.cdiscount.com\/wp-content\/uploads\/2024\/08\/ix6-b7-v01-230116.jpg?w=500\" sizes=\"auto, (max-width: 500px) 100vw, 500px\" srcset=\"https:\/\/boostit.cdiscount.com\/wp-content\/uploads\/2024\/08\/ix6-b7-v01-230116.jpg 600w, https:\/\/boostit.cdiscount.com\/wp-content\/uploads\/2024\/08\/ix6-b7-v01-230116.jpg?resize=150,150 150w, https:\/\/boostit.cdiscount.com\/wp-content\/uploads\/2024\/08\/ix6-b7-v01-230116.jpg?resize=500,500 500w, https:\/\/boostit.cdiscount.com\/wp-content\/uploads\/2024\/08\/ix6-b7-v01-230116.jpg?resize=320,320 320w\" alt=\"\" width=\"500\" height=\"500\" \/><\/figure>\n<\/div>\n<p><strong>Pneus pneumatiques antid\u00e9rapants tout-terrain + Freins \u00e0 double disque avant et arri\u00e8re + Freins \u00e9lectroniques<\/strong><\/p>\n<p>Les skateboards sont dot\u00e9s d\u2019un syst\u00e8me de freinage avant et arri\u00e8re \u00e0 double disque, coupl\u00e9 \u00e0 un frein \u00e9lectronique, offrant une s\u00e9curit\u00e9 optimale en toutes conditions.<\/p>\n<h4 class=\"line wp-block-heading\">Caract\u00e9ristiques<\/h4>\n<div class=\"wp-block-group pigt\">\n<div class=\"wp-block-group__inner-container is-layout-flow wp-block-group-is-layout-flow\">\n<div class=\"wp-block-columns are-vertically-aligned-center is-layout-flex wp-container-core-columns-is-layout-1261 wp-block-columns-is-layout-flex\">\n<div class=\"wp-block-column is-vertically-aligned-center is-layout-flow wp-block-column-is-layout-flow\">\n<div class=\"wp-block-image\">\n<figure class=\"aligncenter size-large is-resized\"><img decoding=\"async\" class=\"wp-image-5725837\" src=\"https:\/\/boostit.cdiscount.com\/wp-content\/uploads\/2024\/08\/ix6-b9-v01-230116.jpg?w=500\" sizes=\"(max-width: 1000px) 100vw, 1000px\" srcset=\"https:\/\/boostit.cdiscount.com\/wp-content\/uploads\/2024\/08\/ix6-b9-v01-230116.jpg 1000w, https:\/\/boostit.cdiscount.com\/wp-content\/uploads\/2024\/08\/ix6-b9-v01-230116.jpg?resize=500,300 500w, https:\/\/boostit.cdiscount.com\/wp-content\/uploads\/2024\/08\/ix6-b9-v01-230116.jpg?resize=768,461 768w, https:\/\/boostit.cdiscount.com\/wp-content\/uploads\/2024\/08\/ix6-b9-v01-230116.jpg?resize=320,192 320w\" alt=\"\" height=\"297\" \/><\/figure>\n<\/div>\n<\/div>\n<div class=\"wp-block-column is-vertically-aligned-center is-layout-flow wp-block-column-is-layout-flow\">\n<ul class=\"wp-block-list\">\n<li>Model: ix6<\/li>\n<li>Capacit\u00e9: 17.5 AH<\/li>\n<li>Poids Net: 24.3KG<\/li>\n<li>MaximumCharge\uff1a150 kg<\/li>\n<li>\u00c2ge recommand\u00e9: 14+<\/li>\n<li>Pli\u00e9 (Longueur \u00d7 Largeur \u00d7 Taille): 122*22*57 cm<\/li>\n<li>D\u00e9pli\u00e9 (Longueur. \u00d7 Largeur \u00d7 Taille): 122*63*125 cm<\/li>\n<li>Hauteur Recommand\u00e9e: 120~200cm<\/li>\n<li>Vitesse maxi sur voie priv\u00e9e-45km\/h Vitesse maxi sur voie publique- 25 km\/h<\/li>\n<li>Maximum kilom\u00e9trage: 55-65 km<\/li>\n<li>Tension de Charge Maximale: 54.6 V<\/li>\n<li>Tension: 48 V<\/li>\n<li>Capacit\u00e9 d\u2019escalade: 35\u00b0<\/li>\n<li>Temp\u00e9rature de Fonctionnement: -15\u00b0C~40\u00b0C<\/li>\n<li>Tension D\u2019entr\u00e9e: 110-240 V<\/li>\n<li>Temps de Charge: 7-9 h<\/li>\n<\/ul>\n<\/div>\n<\/div>\n<\/div>\n<\/div>\n<\/div>\n<\/div>","protected":false},"excerpt":{"rendered":"<p>Trottinette Electrique ISCOOTER iX6 11&Prime; 48V 1000W 65km 150 kg Autonomie 45km 17.5Ah Pliable Noir,avec \u00c9cran LCD et Sac, pour Tout.<\/p>\n<div class=\"u-text--body u-fw--bold\"><strong class=\"u-text--body-lead\">Points forts :<\/strong><\/div>\n<div>Puissance moteur \u00e9lectrique: 1000 W<\/div>\n<div>Amp\u00e9rage de la batterie: 17,5 Ah<\/div>\n<div>Type de batterie: batterie li-ion<\/div>\n<div>Vitesse maximum: 25 km\/h<\/div>","protected":false},"featured_media":12288,"comment_status":"open","ping_status":"closed","template":"","meta":{"inline_featured_image":false},"product_cat":[178,176],"product_tag":[],"class_list":{"0":"post-2893","1":"product","2":"type-product","3":"status-publish","4":"has-post-thumbnail","6":"product_cat-pliable-trottinette-electrique","7":"product_cat-trottinette-electrique","9":"first","10":"instock","11":"taxable","12":"shipping-taxable","13":"purchasable","14":"product-type-simple"},"_links":{"self":[{"href":"https:\/\/mobilobike.com\/fr\/wp-json\/wp\/v2\/product\/2893","targetHints":{"allow":["GET"]}}],"collection":[{"href":"https:\/\/mobilobike.com\/fr\/wp-json\/wp\/v2\/product"}],"about":[{"href":"https:\/\/mobilobike.com\/fr\/wp-json\/wp\/v2\/types\/product"}],"replies":[{"embeddable":true,"href":"https:\/\/mobilobike.com\/fr\/wp-json\/wp\/v2\/comments?post=2893"}],"version-history":[{"count":1,"href":"https:\/\/mobilobike.com\/fr\/wp-json\/wp\/v2\/product\/2893\/revisions"}],"predecessor-version":[{"id":12289,"href":"https:\/\/mobilobike.com\/fr\/wp-json\/wp\/v2\/product\/2893\/revisions\/12289"}],"wp:featuredmedia":[{"embeddable":true,"href":"https:\/\/mobilobike.com\/fr\/wp-json\/wp\/v2\/media\/12288"}],"wp:attachment":[{"href":"https:\/\/mobilobike.com\/fr\/wp-json\/wp\/v2\/media?parent=2893"}],"wp:term":[{"taxonomy":"product_cat","embeddable":true,"href":"https:\/\/mobilobike.com\/fr\/wp-json\/wp\/v2\/product_cat?post=2893"},{"taxonomy":"product_tag","embeddable":true,"href":"https:\/\/mobilobike.com\/fr\/wp-json\/wp\/v2\/product_tag?post=2893"}],"curies":[{"name":"wp","href":"https:\/\/api.w.org\/{rel}","templated":true}]}}