{"id":2895,"date":"2025-02-04T11:57:25","date_gmt":"2025-02-04T11:57:25","guid":{"rendered":"https:\/\/mobilobike.com\/?post_type=product&#038;p=2895"},"modified":"2025-07-08T18:30:51","modified_gmt":"2025-07-08T18:30:51","slug":"trottinette-electrique-aovo-es80","status":"publish","type":"product","link":"https:\/\/mobilobike.com\/fr\/produit\/trottinette-electrique-aovo-es80\/","title":{"rendered":"Trottinette \u00e9lectrique AOVO ES80"},"content":{"rendered":"<h3>Trottinette \u00c9lectrique AOVO : Performance, Confort et S\u00e9curit\u00e9<\/h3>\n<p>D\u00e9couvrez la <strong>trottinette \u00e9lectrique AOVO<\/strong>, un mod\u00e8le puissant et fiable con\u00e7u pour les amateurs de mobilit\u00e9 urbaine. Avec son design moderne, son autonomie impressionnante et ses fonctionnalit\u00e9s avanc\u00e9es, elle est l&rsquo;alli\u00e9e id\u00e9ale pour tous vos d\u00e9placements.<\/p>\n<table class=\"table table--fpDescTb fpDescTb fpDescTbPub\" role=\"table\" aria-label=\"Semantic Elements\" aria-describedby=\"semantic_elements_table_desc\">\n<tbody class=\"table__body\" role=\"rowgroup\">\n<tr class=\"table__row\" role=\"row\">\n<th class=\"table__head\" role=\"cell\" colspan=\"2\" scope=\"col\">Informations g\u00e9n\u00e9rales sur le produit<\/th>\n<\/tr>\n<tr class=\"table__row\" role=\"row\">\n<th class=\"table__cell\" role=\"cell\" scope=\"row\">Nom du produit<\/th>\n<td class=\"table__cell\" role=\"cell\">Trottinette \u00e9lectrique AOVO ES80 M365 PRO Scooter<\/td>\n<\/tr>\n<tr class=\"table__row\" role=\"row\">\n<th class=\"table__cell\" role=\"cell\" scope=\"row\">Cat\u00e9gorie<\/th>\n<td class=\"table__cell\" role=\"cell\">TROTTINETTE ELECTRIQUE<\/td>\n<\/tr>\n<tr class=\"table__row\" role=\"row\">\n<th class=\"table__head\" role=\"cell\" colspan=\"2\" scope=\"col\">G\u00e9n\u00e9ral<\/th>\n<\/tr>\n<tr class=\"table__row\" role=\"row\">\n<th class=\"table__cell\" role=\"cell\" scope=\"row\">Marque<\/th>\n<td class=\"table__cell\" role=\"cell\">AOVOPRO<\/td>\n<\/tr>\n<tr class=\"table__row\" role=\"row\">\n<th class=\"table__cell\" role=\"cell\" scope=\"row\">Type de Produit<\/th>\n<td class=\"table__cell\" role=\"cell\">TROTTINETTE ELECTRIQUE<\/td>\n<\/tr>\n<tr class=\"table__row\" role=\"row\">\n<th class=\"table__cell\" role=\"cell\" scope=\"row\">Type de public<\/th>\n<td class=\"table__cell\" role=\"cell\">Adulte<br \/>\nEnfant<\/td>\n<\/tr>\n<tr class=\"table__row\" role=\"row\">\n<th class=\"table__cell\" role=\"cell\" scope=\"row\">Mod\u00e8les<\/th>\n<td class=\"table__cell\" role=\"cell\">AOVOPRO Electric Scooter M365<\/td>\n<\/tr>\n<tr class=\"table__row\" role=\"row\">\n<th class=\"table__cell\" role=\"cell\" scope=\"row\">Certifications et normes<\/th>\n<td class=\"table__cell\" role=\"cell\">CE, ROHS, MSDS<\/td>\n<\/tr>\n<tr class=\"table__row\" role=\"row\">\n<th class=\"table__cell\" role=\"cell\" scope=\"row\">dur\u00e9e de disponibilit\u00e9 des pi\u00e8ces d\u00e9tach\u00e9es essentielles \u00e0 l\u2019utilisation du produit<\/th>\n<td class=\"table__cell\" role=\"cell\">2 ANS<\/td>\n<\/tr>\n<tr class=\"table__row\" role=\"row\">\n<th class=\"table__cell\" role=\"cell\" scope=\"row\">Couleur(s)<\/th>\n<td class=\"table__cell\" role=\"cell\">Noir<\/td>\n<\/tr>\n<tr class=\"table__row\" role=\"row\">\n<th class=\"table__head\" role=\"cell\" colspan=\"2\" scope=\"col\">Moteur<\/th>\n<\/tr>\n<tr class=\"table__row\" role=\"row\">\n<th class=\"table__cell\" role=\"cell\" scope=\"row\">Puissance moteur \u00e9lectrique<\/th>\n<td class=\"table__cell\" role=\"cell\">350 W<\/td>\n<\/tr>\n<tr class=\"table__row\" role=\"row\">\n<th class=\"table__cell\" role=\"cell\" scope=\"row\">Amp\u00e9rage de la batterie<\/th>\n<td class=\"table__cell\" role=\"cell\">10,5 Ah<\/td>\n<\/tr>\n<tr class=\"table__row\" role=\"row\">\n<th class=\"table__cell\" role=\"cell\" scope=\"row\">Type de batterie<\/th>\n<td class=\"table__cell\" role=\"cell\">Batterie au lithium<\/td>\n<\/tr>\n<tr class=\"table__row\" role=\"row\">\n<th class=\"table__head\" role=\"cell\" colspan=\"2\" scope=\"col\">Caract\u00e9ristiques<\/th>\n<\/tr>\n<tr class=\"table__row\" role=\"row\">\n<th class=\"table__cell\" role=\"cell\" scope=\"row\">Description du produit<\/th>\n<td class=\"table__cell\" role=\"cell\">Marque : AOVOPRO Type : Scooter \u00e9lectrique\/Trottinette \u00e9lectrique Mod\u00e8le : ES80\/M365 La couleur noire Port\u00e9e maximale par charge : 30-35 KM Vitesse maximale par d\u00e9faut : 25 KM\/h (activez 31 KM\/h apr\u00e8s avoir accept\u00e9 la clause de non-responsabilit\u00e9) Mode croisi\u00e8re : maintenez l\u2019acc\u00e9l\u00e9rateur pendant 10 s pour activer le mode croisi\u00e8re Batterie : 36V 10.5AH Charge maximale : 120 KG motoris\u00e9 : 36V 350W Pneu: pneu solide antid\u00e9rapant de 8,5 pouces Temps de charge : 4-5H Frein : frein \u00e0 disque et frein<\/td>\n<\/tr>\n<tr class=\"table__row\" role=\"row\">\n<th class=\"table__cell\" role=\"cell\" scope=\"row\">Vitesse maximum<\/th>\n<td class=\"table__cell\" role=\"cell\">25 km\/h<\/td>\n<\/tr>\n<tr class=\"table__row\" role=\"row\">\n<th class=\"table__cell\" role=\"cell\" scope=\"row\">Instrumentation \/ Tableau de bord<\/th>\n<td class=\"table__cell\" role=\"cell\">\u00c9cran : LED avec vitesse\/batterie\/KM\/ mode<\/td>\n<\/tr>\n<tr class=\"table__row\" role=\"row\">\n<th class=\"table__cell\" role=\"cell\" scope=\"row\">Equipements \/ Options<\/th>\n<td class=\"table__cell\" role=\"cell\">Bluetooth : Oui, le smartphone devient un vrai tableau de bord, affichage du kilom\u00e9trage, puissance restante, mises \u00e0 jour du logiciel\u2026<br \/>\nSp\u00e9cificit\u00e9s : Android 4.3 ou iOS 9.0 et plus<\/td>\n<\/tr>\n<tr class=\"table__row\" role=\"row\">\n<th class=\"table__cell\" role=\"cell\" scope=\"row\">Freinage avant \/ arri\u00e8re<\/th>\n<td class=\"table__cell\" role=\"cell\">E-ABS + disques de frein<\/td>\n<\/tr>\n<tr class=\"table__row\" role=\"row\">\n<th class=\"table__cell\" role=\"cell\" scope=\"row\">Dimensions des pneus<\/th>\n<td class=\"table__cell\" role=\"cell\">8.5\u2033<\/td>\n<\/tr>\n<tr class=\"table__row\" role=\"row\">\n<th class=\"table__cell\" role=\"cell\" scope=\"row\">Poids maximum<\/th>\n<td class=\"table__cell\" role=\"cell\">120 Kg<\/td>\n<\/tr>\n<tr class=\"table__row\" role=\"row\">\n<th class=\"table__cell\" role=\"cell\" scope=\"row\">Dimensions hors tout<\/th>\n<td class=\"table__cell\" role=\"cell\">1070x430x1100mm (d\u00e9pli\u00e9), 1070x430x530mm (pli\u00e9)<\/td>\n<\/tr>\n<tr class=\"table__row\" role=\"row\">\n<th class=\"table__cell\" role=\"cell\" scope=\"row\">Poids \u00e0 vide OBLIGATOIRE<\/th>\n<td class=\"table__cell\" role=\"cell\">14,5 kg<\/td>\n<\/tr>\n<tr class=\"table__row\" role=\"row\">\n<th class=\"table__cell\" role=\"cell\" scope=\"row\">Pliable<\/th>\n<td class=\"table__cell\" role=\"cell\">Oui<\/td>\n<\/tr>\n<tr class=\"table__row\" role=\"row\">\n<th class=\"table__head\" role=\"cell\" colspan=\"2\" scope=\"col\">Divers<\/th>\n<\/tr>\n<tr class=\"table__row\" role=\"row\">\n<th class=\"table__cell\" role=\"cell\" scope=\"row\">El\u00e9ments livr\u00e9s<\/th>\n<td class=\"table__cell\" role=\"cell\">1 x Trottinette \u00e9lectrique<\/td>\n<\/tr>\n<tr class=\"table__row\" role=\"row\">\n<th class=\"table__cell\" role=\"cell\" scope=\"row\">Conseils d\u2019utilisation<\/th>\n<td class=\"table__cell\" role=\"cell\">Utiliser apr\u00e8s 10 heures de premi\u00e8re charge<\/td>\n<\/tr>\n<tr class=\"table__row\" role=\"row\">\n<th class=\"table__head\" role=\"cell\" colspan=\"2\" scope=\"col\">Vos garanties incluses<\/th>\n<\/tr>\n<tr class=\"table__row\" role=\"row\">\n<th class=\"table__cell\" role=\"cell\" scope=\"row\">Garantie (\u00b2)<\/th>\n<td class=\"table__cell\" role=\"cell\">2 ans<\/td>\n<\/tr>\n<tr class=\"table__row\" role=\"row\">\n<th class=\"table__cell\" role=\"cell\" scope=\"row\">Observations<\/th>\n<td class=\"table__cell\" role=\"cell\">Dans le cas o\u00f9 une garantie commerciale est propos\u00e9e par le vendeur, celle-ci ne fait pas obstacle \u00e0<br \/>\nl\u2019application de la garantie l\u00e9gale de conformit\u00e9 et\/ou \u00e0 la garantie des vices cach\u00e9s. Voir<br \/>\nconditions de cette garantie commerciale dans les CGV du vendeur et\/ou dans les CGU Marketplace<\/td>\n<\/tr>\n<\/tbody>\n<\/table>\n<h3>Pourquoi choisir la trottinette \u00e9lectrique AOVO ?<\/h3>\n<ul>\n<li><strong>Autonomie exceptionnelle :<\/strong> Gr\u00e2ce \u00e0 sa batterie haute capacit\u00e9, profitez de longues balades sans souci.<\/li>\n<li><strong>Puissance et vitesse :<\/strong> Son moteur performant vous offre une acc\u00e9l\u00e9ration fluide et une vitesse optimale pour vos trajets quotidiens.<\/li>\n<li><strong>Confort et s\u00e9curit\u00e9 :<\/strong> Dot\u00e9e de suspensions de qualit\u00e9 et de pneus r\u00e9sistants, elle garantit une conduite agr\u00e9able sur tous types de routes.<\/li>\n<li><strong>\u00c9clairage LED int\u00e9gr\u00e9 :<\/strong> Pour une visibilit\u00e9 parfaite de jour comme de nuit.<\/li>\n<li><strong>Connectivit\u00e9 avanc\u00e9e :<\/strong> Compatible avec une application mobile pour un contr\u00f4le total de votre trottinette.<\/li>\n<\/ul>\n<h3>Une trottinette pens\u00e9e pour la ville<\/h3>\n<p>Que vous soyez un utilisateur r\u00e9gulier ou occasionnel, la trottinette AOVO r\u00e9pond \u00e0 toutes vos attentes. Son poids l\u00e9ger et son syst\u00e8me de pliage rapide en font un choix pratique pour le transport et le rangement.<\/p>\n<h3>Commandez d\u00e8s maintenant votre AOVO<\/h3>\n<p>Ne manquez pas l\u2019opportunit\u00e9 d\u2019adopter une <strong>trottinette \u00e9lectrique performante<\/strong> et s\u00e9curis\u00e9e. Offrez-vous la libert\u00e9 de circuler en ville avec style et efficacit\u00e9 !<\/p>","protected":false},"excerpt":{"rendered":"<div class=\"u-text--body u-fw--bold\"><strong class=\"u-text--body-lead\">Points forts :<\/strong><\/div>\n<div>Puissance moteur \u00e9lectrique: 350 W<\/div>\n<div>Amp\u00e9rage de la batterie: 10,5 Ah<\/div>\n<div>Type de batterie: Batterie au lithium<\/div>\n<div>Vitesse maximum: 25 km\/h<\/div>","protected":false},"featured_media":12290,"comment_status":"open","ping_status":"closed","template":"","meta":{"inline_featured_image":false},"product_cat":[178,176],"product_tag":[],"class_list":{"0":"post-2895","1":"product","2":"type-product","3":"status-publish","4":"has-post-thumbnail","6":"product_cat-pliable-trottinette-electrique","7":"product_cat-trottinette-electrique","9":"first","10":"instock","11":"taxable","12":"shipping-taxable","13":"product-type-simple"},"_links":{"self":[{"href":"https:\/\/mobilobike.com\/fr\/wp-json\/wp\/v2\/product\/2895","targetHints":{"allow":["GET"]}}],"collection":[{"href":"https:\/\/mobilobike.com\/fr\/wp-json\/wp\/v2\/product"}],"about":[{"href":"https:\/\/mobilobike.com\/fr\/wp-json\/wp\/v2\/types\/product"}],"replies":[{"embeddable":true,"href":"https:\/\/mobilobike.com\/fr\/wp-json\/wp\/v2\/comments?post=2895"}],"version-history":[{"count":1,"href":"https:\/\/mobilobike.com\/fr\/wp-json\/wp\/v2\/product\/2895\/revisions"}],"predecessor-version":[{"id":12292,"href":"https:\/\/mobilobike.com\/fr\/wp-json\/wp\/v2\/product\/2895\/revisions\/12292"}],"wp:featuredmedia":[{"embeddable":true,"href":"https:\/\/mobilobike.com\/fr\/wp-json\/wp\/v2\/media\/12290"}],"wp:attachment":[{"href":"https:\/\/mobilobike.com\/fr\/wp-json\/wp\/v2\/media?parent=2895"}],"wp:term":[{"taxonomy":"product_cat","embeddable":true,"href":"https:\/\/mobilobike.com\/fr\/wp-json\/wp\/v2\/product_cat?post=2895"},{"taxonomy":"product_tag","embeddable":true,"href":"https:\/\/mobilobike.com\/fr\/wp-json\/wp\/v2\/product_tag?post=2895"}],"curies":[{"name":"wp","href":"https:\/\/api.w.org\/{rel}","templated":true}]}}