{"id":2898,"date":"2025-02-04T12:30:43","date_gmt":"2025-02-04T12:30:43","guid":{"rendered":"https:\/\/mobilobike.com\/?post_type=product&#038;p=2898"},"modified":"2025-07-08T18:30:51","modified_gmt":"2025-07-08T18:30:51","slug":"cecotec-bongo-serie-x","status":"publish","type":"product","link":"https:\/\/mobilobike.com\/fr\/produit\/cecotec-bongo-serie-x\/","title":{"rendered":"Cecotec Bongo Serie X"},"content":{"rendered":"<h2 class=\"a-size-base-plus a-text-bold\">\u00c0 propos de cet article<\/h2>\n<ul class=\"a-unordered-list a-vertical a-spacing-mini\">\n<li class=\"a-spacing-mini\"><span class=\"a-list-item\">Trottinette \u00e9lectrique avec une puissance nominale de 500 W et maximale jusqu&rsquo;\u00e0 1000 W, pour se d\u00e9placer en ville de la mani\u00e8re la plus agile et rapide.<\/span><\/li>\n<li class=\"a-spacing-mini\"><span class=\"a-list-item\">Batterie de 12000 mAh \u00e0 longue dur\u00e9e de vie avec une autonomie allant jusqu&rsquo;\u00e0 65 km. (1) Technologie de conduite adaptative S-Driving System qui maintient la vitesse totale en mont\u00e9e.<\/span><\/li>\n<li class=\"a-spacing-mini\"><span class=\"a-list-item\">Le premier SUV \u00e0 deux roues avec une structure en alliage d&rsquo;aluminium super l\u00e9g\u00e8re et r\u00e9sistante. Roues pneumatiques de 10&Prime; pour surmonter tous les obstacles.<\/span><\/li>\n<li class=\"a-spacing-mini\"><span class=\"a-list-item\">Engagement envers la s\u00e9curit\u00e9, syst\u00e8me de triple freinage avec double disque de frein de haute pr\u00e9cision et e-ABS avec freinage r\u00e9g\u00e9n\u00e9ratif.<\/span><\/li>\n<li class=\"a-spacing-mini\"><span class=\"a-list-item\">Conforme \u00e0 toutes les exigences de la nouvelle r\u00e9glementation espagnole sur la circulation. Application pour smartphone : gr\u00e2ce \u00e0 la connectivit\u00e9 Bluetooth, la trottinette est li\u00e9e au t\u00e9l\u00e9phone mobile \u00e0 partir duquel diff\u00e9rentes informations et r\u00e9glages peuvent \u00eatre visualis\u00e9s.<\/span><\/li>\n<\/ul>\n<div class=\"a-row\">\n<div class=\"a-column a-span6\">\n<h3 class=\"a-size-medium a-spacing-small\">Descriptif technique<\/h3>\n<\/div>\n<\/div>\n<div class=\"a-expander-content a-expander-extend-content\" data-expanded=\"true\">\n<div class=\"a-row a-expander-container a-expander-inline-container\">\n<div class=\"a-expander-content a-expander-section-content a-section-expander-inner\" data-expanded=\"true\">\n<table id=\"productDetails_techSpec_section_1\" class=\"a-keyvalue prodDetTable\" role=\"presentation\">\n<tbody>\n<tr>\n<th class=\"a-color-secondary a-size-base prodDetSectionEntry\">Tranche d&rsquo;\u00e2ge<\/th>\n<td class=\"a-size-base prodDetAttrValue\">\u200eAdulte<\/td>\n<\/tr>\n<tr>\n<th class=\"a-color-secondary a-size-base prodDetSectionEntry\">Type de frein<\/th>\n<td class=\"a-size-base prodDetAttrValue\">\u200eFreinage avant, Freinage arri\u00e8re<\/td>\n<\/tr>\n<tr>\n<th class=\"a-color-secondary a-size-base prodDetSectionEntry\">Couleur<\/th>\n<td class=\"a-size-base prodDetAttrValue\">\u200eNoir<\/td>\n<\/tr>\n<tr>\n<th class=\"a-color-secondary a-size-base prodDetSectionEntry\">Taille<\/th>\n<td class=\"a-size-base prodDetAttrValue\">\u200eM<\/td>\n<\/tr>\n<tr>\n<th class=\"a-color-secondary a-size-base prodDetSectionEntry\">Style<\/th>\n<td class=\"a-size-base prodDetAttrValue\">\u200eAutonomie 65 km | Connected<\/td>\n<\/tr>\n<tr>\n<th class=\"a-color-secondary a-size-base prodDetSectionEntry\">Mat\u00e9riau du cadre<\/th>\n<td class=\"a-size-base prodDetAttrValue\">\u200eAluminium<\/td>\n<\/tr>\n<tr>\n<th class=\"a-color-secondary a-size-base prodDetSectionEntry\">Poids<\/th>\n<td class=\"a-size-base prodDetAttrValue\">\u200e14,41 Kilogrammes<\/td>\n<\/tr>\n<tr>\n<th class=\"a-color-secondary a-size-base prodDetSectionEntry\">Type de mat\u00e9riau<\/th>\n<td class=\"a-size-base prodDetAttrValue\">\u200eAluminium<\/td>\n<\/tr>\n<tr>\n<th class=\"a-color-secondary a-size-base prodDetSectionEntry\">Fonctionnalit\u00e9s<\/th>\n<td class=\"a-size-base prodDetAttrValue\">\u200eSyst\u00e8me de freinage r\u00e9g\u00e9n\u00e9ratif<\/td>\n<\/tr>\n<tr>\n<th class=\"a-color-secondary a-size-base prodDetSectionEntry\">Taille de la roue<\/th>\n<td class=\"a-size-base prodDetAttrValue\">\u200e10 Pouces<\/td>\n<\/tr>\n<tr>\n<th class=\"a-color-secondary a-size-base prodDetSectionEntry\">Composants inclus<\/th>\n<td class=\"a-size-base prodDetAttrValue\">\u200e1 x Trottinette; 1 x Chargeur; 1 x Manuel; 1 x Kit de montage<\/td>\n<\/tr>\n<tr>\n<th class=\"a-color-secondary a-size-base prodDetSectionEntry\">Piles incluses ?<\/th>\n<td class=\"a-size-base prodDetAttrValue\">\u200eNon<\/td>\n<\/tr>\n<tr>\n<th class=\"a-color-secondary a-size-base prodDetSectionEntry\">Marque<\/th>\n<td class=\"a-size-base prodDetAttrValue\">\u200eCecotec<\/td>\n<\/tr>\n<tr>\n<th class=\"a-color-secondary a-size-base prodDetSectionEntry\">Capacit\u00e9 maximale de poids<\/th>\n<td class=\"a-size-base prodDetAttrValue\">\u200e100 Kilogrammes<\/td>\n<\/tr>\n<tr>\n<th class=\"a-color-secondary a-size-base prodDetSectionEntry\">Service<\/th>\n<td class=\"a-size-base prodDetAttrValue\">\u200eMixte<\/td>\n<\/tr>\n<tr>\n<th class=\"a-color-secondary a-size-base prodDetSectionEntry\">Fabricant<\/th>\n<td class=\"a-size-base prodDetAttrValue\">\u200eCecotec<\/td>\n<\/tr>\n<tr>\n<th class=\"a-color-secondary a-size-base prodDetSectionEntry\">Num\u00e9ro du mod\u00e8le de l&rsquo;article<\/th>\n<td class=\"a-size-base prodDetAttrValue\">\u200e07109<\/td>\n<\/tr>\n<tr>\n<th class=\"a-color-secondary a-size-base prodDetSectionEntry\">Dimensions du produit (L x l x h)<\/th>\n<td class=\"a-size-base prodDetAttrValue\">\u200e84,66 x 47,52 x 36,33 cm; 14,41 kilogrammes<\/td>\n<\/tr>\n<tr>\n<th class=\"a-color-secondary a-size-base prodDetSectionEntry\">ASIN<\/th>\n<td class=\"a-size-base prodDetAttrValue\">\u200eB0BQ1T9468<\/td>\n<\/tr>\n<tr>\n<th class=\"a-color-secondary a-size-base prodDetSectionEntry\">Disponibilit\u00e9 des pi\u00e8ces d\u00e9tach\u00e9es<\/th>\n<td class=\"a-size-base prodDetAttrValue\">\u200e10 Ans<\/td>\n<\/tr>\n<\/tbody>\n<\/table>\n<hr class=\"a-divider-normal bucketDivider\" aria-hidden=\"true\" \/>\n<h3>Contenu du carton<\/h3>\n<ul>\n<li class=\"postpurchase-included-components-list-item\"><span class=\"a-list-item\">1 x Trottinette; 1 x Chargeur; 1 x Manuel; 1 x Kit de montage<\/span><\/li>\n<\/ul>\n<\/div>\n<\/div>\n<\/div>","protected":false},"excerpt":{"rendered":"<p id=\"title\" class=\"a-size-large a-spacing-none\"><span id=\"productTitle\" class=\"a-size-large product-title-word-break\">Puissance maximale 750 W et 900 W, Syst\u00e8me de Conduite adaptatif, Freinage avec Disque de Frein Avant de Haute pr\u00e9cision, Freinage r\u00e9g\u00e9n\u00e9ratif e-ABS.<\/span><\/p>\n<table class=\"a-normal a-spacing-micro\">\n<tbody>\n<tr class=\"a-spacing-small po-brand\">\n<td class=\"a-span3\"><strong><span class=\"a-size-base a-text-bold\">Marque<\/span><\/strong><\/td>\n<td class=\"a-span9\"><span class=\"a-size-base po-break-word\">Cecotec<\/span><\/td>\n<\/tr>\n<tr class=\"a-spacing-small po-color\">\n<td class=\"a-span3\"><strong><span class=\"a-size-base a-text-bold\">Couleur<\/span><\/strong><\/td>\n<td class=\"a-span9\"><span class=\"a-size-base po-break-word\">Noir<\/span><\/td>\n<\/tr>\n<tr class=\"a-spacing-small po-age_range_description\">\n<td class=\"a-span3\"><strong><span class=\"a-size-base a-text-bold\">Tranche d&rsquo;\u00e2ge (description)<\/span><\/strong><\/td>\n<td class=\"a-span9\"><span class=\"a-size-base po-break-word\">Adulte<\/span><\/td>\n<\/tr>\n<tr class=\"a-spacing-small po-special_feature\">\n<td class=\"a-span3\"><strong><span class=\"a-size-base a-text-bold\">Caract\u00e9ristique sp\u00e9ciale<\/span><\/strong><\/td>\n<td class=\"a-span9\"><span class=\"a-size-base po-break-word\">Syst\u00e8me de freinage r\u00e9g\u00e9n\u00e9ratif<\/span><\/td>\n<\/tr>\n<tr class=\"a-spacing-small po-weight_capacity.maximum\">\n<td class=\"a-span3\"><strong><span class=\"a-size-base a-text-bold\">Limite de poids<\/span><\/strong><\/td>\n<td class=\"a-span9\"><span class=\"a-size-base po-break-word\">100 Kilogrammes<\/span><\/td>\n<\/tr>\n<tr class=\"a-spacing-small po-number_of_wheels\">\n<td class=\"a-span3\"><strong><span class=\"a-size-base a-text-bold\">Nombre de roues<\/span><\/strong><\/td>\n<td class=\"a-span9\"><span class=\"a-size-base po-break-word\">2<\/span><\/td>\n<\/tr>\n<tr class=\"a-spacing-small po-model_name\">\n<td class=\"a-span3\"><strong><span class=\"a-size-base a-text-bold\">Nom de mod\u00e8le<\/span><\/strong><\/td>\n<td class=\"a-span9\"><span class=\"a-size-base po-break-word\">Bongo Serie X65 Connected<\/span><\/td>\n<\/tr>\n<tr class=\"a-spacing-small po-wheel.material\">\n<td class=\"a-span3\"><strong><span class=\"a-size-base a-text-bold\">Mat\u00e9riau de la roue<\/span><\/strong><\/td>\n<td class=\"a-span9\"><span class=\"a-size-base po-break-word\">Aluminium<\/span><\/td>\n<\/tr>\n<tr class=\"a-spacing-small po-frame.material\">\n<td class=\"a-span3\"><strong><span class=\"a-size-base a-text-bold\">Mat\u00e9riau du cadre<\/span><\/strong><\/td>\n<td class=\"a-span9\"><span class=\"a-size-base po-break-word\">Aluminium<\/span><\/td>\n<\/tr>\n<tr class=\"a-spacing-small po-item_weight\">\n<td class=\"a-span3\"><strong><span class=\"a-size-base a-text-bold\">Poids de l&rsquo;article<\/span><\/strong><\/td>\n<td class=\"a-span9\"><span class=\"a-size-base po-break-word\">14,41 Kilogrammes<\/span><\/td>\n<\/tr>\n<\/tbody>\n<\/table>","protected":false},"featured_media":12293,"comment_status":"open","ping_status":"closed","template":"","meta":{"inline_featured_image":false},"product_cat":[178,176],"product_tag":[],"class_list":{"0":"post-2898","1":"product","2":"type-product","3":"status-publish","4":"has-post-thumbnail","6":"product_cat-pliable-trottinette-electrique","7":"product_cat-trottinette-electrique","9":"first","10":"instock","11":"sale","12":"taxable","13":"shipping-taxable","14":"purchasable","15":"product-type-simple"},"_links":{"self":[{"href":"https:\/\/mobilobike.com\/fr\/wp-json\/wp\/v2\/product\/2898","targetHints":{"allow":["GET"]}}],"collection":[{"href":"https:\/\/mobilobike.com\/fr\/wp-json\/wp\/v2\/product"}],"about":[{"href":"https:\/\/mobilobike.com\/fr\/wp-json\/wp\/v2\/types\/product"}],"replies":[{"embeddable":true,"href":"https:\/\/mobilobike.com\/fr\/wp-json\/wp\/v2\/comments?post=2898"}],"version-history":[{"count":1,"href":"https:\/\/mobilobike.com\/fr\/wp-json\/wp\/v2\/product\/2898\/revisions"}],"predecessor-version":[{"id":12294,"href":"https:\/\/mobilobike.com\/fr\/wp-json\/wp\/v2\/product\/2898\/revisions\/12294"}],"wp:featuredmedia":[{"embeddable":true,"href":"https:\/\/mobilobike.com\/fr\/wp-json\/wp\/v2\/media\/12293"}],"wp:attachment":[{"href":"https:\/\/mobilobike.com\/fr\/wp-json\/wp\/v2\/media?parent=2898"}],"wp:term":[{"taxonomy":"product_cat","embeddable":true,"href":"https:\/\/mobilobike.com\/fr\/wp-json\/wp\/v2\/product_cat?post=2898"},{"taxonomy":"product_tag","embeddable":true,"href":"https:\/\/mobilobike.com\/fr\/wp-json\/wp\/v2\/product_tag?post=2898"}],"curies":[{"name":"wp","href":"https:\/\/api.w.org\/{rel}","templated":true}]}}