{"id":2900,"date":"2025-02-04T12:46:09","date_gmt":"2025-02-04T12:46:09","guid":{"rendered":"https:\/\/mobilobike.com\/?post_type=product&#038;p=2900"},"modified":"2025-07-08T18:30:52","modified_gmt":"2025-07-08T18:30:52","slug":"beeper-cross","status":"publish","type":"product","link":"https:\/\/mobilobike.com\/fr\/produit\/beeper-cross\/","title":{"rendered":"BEEPER &#8211; Cross"},"content":{"rendered":"<h2>D\u00e9couvrez la Trottinette \u00e9lectrique BEEPER &#8211; Cross<\/h2>\n<p>Amateurs de sensations fortes et de libert\u00e9, la <strong>trottinette \u00e9lectrique BEEPER &#8211; Cross<\/strong> est faite pour vous ! Con\u00e7ue pour les terrains difficiles, elle allie <strong>puissance, autonomie et robustesse<\/strong> pour vous offrir une exp\u00e9rience de glisse in\u00e9gal\u00e9e.<\/p>\n<h3 class=\"a-size-base-plus a-text-bold\">\u00c0 propos de cet article<\/h3>\n<ul class=\"a-unordered-list a-vertical a-spacing-mini\">\n<li class=\"a-spacing-mini\"><span class=\"a-list-item\">BEEPER &#8211; Cross Trottinette \u00e9lectrique Tout Terrain 1000W Batterie Plomb 36V 12Ah FX1000-S<\/span><\/li>\n<li class=\"a-spacing-mini\"><span class=\"a-list-item\">\ud83d\udef4 La TOUT-TERRAIN \ud83d\udef4 La trottinette \u00e9lectrique Beeper FX1000-S est LA trottinette tout-terrain ! Gr\u00e2ce \u00e0 ses pneus gonfl\u00e9s et crant\u00e9s, elle vous am\u00e8nera de partout.<\/span><\/li>\n<li class=\"a-spacing-mini\"><span class=\"a-list-item\">\ud83d\udef4 Moteur HAUTE PERFORMANCE 1000W \ud83d\udef4 Son moteur BRUSH de 1000W peut atteindre une vitesse maximum de 25 km\/h. Sa batterie plomb 36V 12Ah vous permet de parcourir jusqu&rsquo;\u00e0 30km<\/span><\/li>\n<li class=\"a-spacing-mini\"><span class=\"a-list-item\">\ud83d\udef4 ULTRA ROBUSTE \ud83d\udef4 Vous avez d\u00e9j\u00e0 adopt\u00e9 les trottinettes \u00e9lectriques mais recherchez une trottinette avec laquelle braver tous les obstacles ? Ne cherchez plus et optez pour la trottinette \u00e9lectrique off-road Beeper CROSS ! Elle vous permettra de rouler en terrain inaccessible avec une trottinette \u00e9lectrique classique. Ses finitions avec son garde-boue, sa plateforme large et sa transmission par cha\u00eene en fond un produit robuste et fiable !<\/span><\/li>\n<li class=\"a-spacing-mini\"><span class=\"a-list-item\">\ud83d\udef4 GARANTIE 3 ANS \ud83d\udef4 Choisir un produit Beeper, c\u2019est \u00eatre assur\u00e9 d\u2019une garantie de 10 ans sur la structure (cadre de la trottinette), 3 ans sur la m\u00e9canique et l\u2019\u00e9lectronique et 12 mois sur le chargeur et la Batterie ; mais aussi d\u2019un SAV en France avec un stock de pi\u00e8ces d\u00e9tach\u00e9es disponibles imm\u00e9diatement.<\/span><\/li>\n<\/ul>\n<div id=\"productDetails_feature_div\" class=\"celwidget\" data-feature-name=\"productDetails\" data-csa-c-type=\"widget\" data-csa-c-content-id=\"productDetails\" data-csa-c-slot-id=\"productDetails_feature_div\" data-csa-c-asin=\"\" data-csa-c-is-in-initial-active-row=\"false\" data-csa-c-id=\"fpygas-e13cj6-eeg6er-3g6gbg\" data-cel-widget=\"productDetails_feature_div\">\n<div id=\"prodDetails\" class=\"a-section\">\n<div class=\"a-row a-spacing-top-base\">\n<div class=\"a-column a-span6\">\n<div class=\"a-row a-spacing-base\">\n<div class=\"a-row a-expander-container a-expander-extend-container\">\n<div class=\"a-row\">\n<div class=\"a-column a-span6\">\n<h3 class=\"a-size-medium a-spacing-small\">Descriptif technique<\/h3>\n<\/div>\n<\/div>\n<div class=\"a-expander-content a-expander-extend-content\" data-expanded=\"true\">\n<div class=\"a-row a-expander-container a-expander-inline-container\">\n<div class=\"a-expander-content a-expander-section-content a-section-expander-inner\" data-expanded=\"true\">\n<table id=\"productDetails_techSpec_section_1\" class=\"a-keyvalue prodDetTable\" role=\"presentation\">\n<tbody>\n<tr>\n<th class=\"a-color-secondary a-size-base prodDetSectionEntry\">Tranche d&rsquo;\u00e2ge<\/th>\n<td class=\"a-size-base prodDetAttrValue\">\u200eAdulte<\/td>\n<\/tr>\n<tr>\n<th class=\"a-color-secondary a-size-base prodDetSectionEntry\">Type de frein<\/th>\n<td class=\"a-size-base prodDetAttrValue\">\u200eFreinage arri\u00e8re<\/td>\n<\/tr>\n<tr>\n<th class=\"a-color-secondary a-size-base prodDetSectionEntry\">Couleur<\/th>\n<td class=\"a-size-base prodDetAttrValue\">\u200eFX1000-S<\/td>\n<\/tr>\n<tr>\n<th class=\"a-color-secondary a-size-base prodDetSectionEntry\">Taille<\/th>\n<td class=\"a-size-base prodDetAttrValue\">\u200eFX1000-S<\/td>\n<\/tr>\n<tr>\n<th class=\"a-color-secondary a-size-base prodDetSectionEntry\">Style<\/th>\n<td class=\"a-size-base prodDetAttrValue\">\u200eClassique<\/td>\n<\/tr>\n<tr>\n<th class=\"a-color-secondary a-size-base prodDetSectionEntry\">Mat\u00e9riau du cadre<\/th>\n<td class=\"a-size-base prodDetAttrValue\">\u200eM\u00e9tal<\/td>\n<\/tr>\n<tr>\n<th class=\"a-color-secondary a-size-base prodDetSectionEntry\">Type de mat\u00e9riau<\/th>\n<td class=\"a-size-base prodDetAttrValue\">\u200eAluminium<\/td>\n<\/tr>\n<tr>\n<th class=\"a-color-secondary a-size-base prodDetSectionEntry\">Fonctionnalit\u00e9s<\/th>\n<td class=\"a-size-base prodDetAttrValue\">\u200eSelle, Plateforme large<\/td>\n<\/tr>\n<tr>\n<th class=\"a-color-secondary a-size-base prodDetSectionEntry\">Suspension<\/th>\n<td class=\"a-size-base prodDetAttrValue\">\u200eSuspension totale<\/td>\n<\/tr>\n<tr>\n<th class=\"a-color-secondary a-size-base prodDetSectionEntry\">Taille de la roue<\/th>\n<td class=\"a-size-base prodDetAttrValue\">\u200e14 Pouces<\/td>\n<\/tr>\n<tr>\n<th class=\"a-color-secondary a-size-base prodDetSectionEntry\">Composants inclus<\/th>\n<td class=\"a-size-base prodDetAttrValue\">\u200etrottinette \u00e9lectrique, chargeur, notice<\/td>\n<\/tr>\n<tr>\n<th class=\"a-color-secondary a-size-base prodDetSectionEntry\">Piles incluses ?<\/th>\n<td class=\"a-size-base prodDetAttrValue\">\u200eOui<\/td>\n<\/tr>\n<tr>\n<th class=\"a-color-secondary a-size-base prodDetSectionEntry\">Marque<\/th>\n<td class=\"a-size-base prodDetAttrValue\">\u200eBEEPER<\/td>\n<\/tr>\n<tr>\n<th class=\"a-color-secondary a-size-base prodDetSectionEntry\">Capacit\u00e9 maximale de poids<\/th>\n<td class=\"a-size-base prodDetAttrValue\">\u200e120 Kilogrammes<\/td>\n<\/tr>\n<tr>\n<th class=\"a-color-secondary a-size-base prodDetSectionEntry\">Service<\/th>\n<td class=\"a-size-base prodDetAttrValue\">\u200eMixte<\/td>\n<\/tr>\n<tr>\n<th class=\"a-color-secondary a-size-base prodDetSectionEntry\">Fabricant<\/th>\n<td class=\"a-size-base prodDetAttrValue\">\u200eIXIT BEEPER<\/td>\n<\/tr>\n<tr>\n<th class=\"a-color-secondary a-size-base prodDetSectionEntry\">Num\u00e9ro du mod\u00e8le de l&rsquo;article<\/th>\n<td class=\"a-size-base prodDetAttrValue\">\u200eFX1000-S<\/td>\n<\/tr>\n<tr>\n<th class=\"a-color-secondary a-size-base prodDetSectionEntry\">Dimensions du produit (L x l x h)<\/th>\n<td class=\"a-size-base prodDetAttrValue\">\u200e145 x 31 x 120 cm; 45 kilogrammes<\/td>\n<\/tr>\n<tr>\n<th class=\"a-color-secondary a-size-base prodDetSectionEntry\">ASIN<\/th>\n<td class=\"a-size-base prodDetAttrValue\">\u200eB07RD5SDYP<\/td>\n<\/tr>\n<\/tbody>\n<\/table>\n<h3>Pourquoi choisir la BEEPER &#8211; Cross ?<\/h3>\n<ul>\n<li><strong>Moteur puissant :<\/strong> Un moteur de <strong>1000W<\/strong> pour des acc\u00e9l\u00e9rations franches et une vitesse maximale de 50 km\/h.<\/li>\n<li><strong>Batterie longue dur\u00e9e :<\/strong> Profitez d\u2019une autonomie allant jusqu\u2019\u00e0 <strong>30 km<\/strong> pour des trajets sans souci.<\/li>\n<li><strong>Conception tout-terrain :<\/strong> Pneus larges et suspensions renforc\u00e9es pour affronter tous les chemins.<\/li>\n<li><strong>S\u00e9curit\u00e9 optimale :<\/strong> Freins \u00e0 disque avant et arri\u00e8re pour un contr\u00f4le total.<\/li>\n<li><strong>Confort et ergonomie :<\/strong> Guidon ajustable et plateau large pour une conduite stable.<\/li>\n<\/ul>\n<h3>Une trottinette \u00e9lectrique adapt\u00e9e \u00e0 tous les d\u00e9fis<\/h3>\n<p>Que ce soit pour vos d\u00e9placements quotidiens ou pour des escapades en pleine nature, la <strong>BEEPER &#8211; Cross<\/strong> r\u00e9pond \u00e0 toutes vos attentes. Son cadre robuste et son design agressif en font un choix parfait pour les amateurs de sensations fortes.<\/p>\n<\/div>\n<\/div>\n<\/div>\n<\/div>\n<\/div>\n<\/div>\n<\/div>\n<\/div>\n<\/div>\n<h3 id=\"postPurchaseSideSheet_MP_feature_div\" class=\"celwidget\" data-feature-name=\"postPurchaseSideSheet_MP\" data-csa-c-type=\"widget\" data-csa-c-content-id=\"postPurchaseSideSheet_MP\" data-csa-c-slot-id=\"postPurchaseSideSheet_MP_feature_div\" data-csa-c-is-in-initial-active-row=\"false\" data-csa-c-id=\"p24hez-4u2gr1-zf1njc-m69327\" data-cel-widget=\"postPurchaseSideSheet_MP_feature_div\">Contenu du carton<\/h3>\n<div id=\"postPurchaseWhatsInTheBox_MP_feature_div\" class=\"celwidget\" data-feature-name=\"postPurchaseWhatsInTheBox_MP\" data-csa-c-type=\"widget\" data-csa-c-content-id=\"postPurchaseWhatsInTheBox_MP\" data-csa-c-slot-id=\"postPurchaseWhatsInTheBox_MP_feature_div\" data-csa-c-asin=\"\" data-csa-c-is-in-initial-active-row=\"false\" data-csa-c-id=\"vuox30-eb1p27-dhzn5d-jv331u\" data-cel-widget=\"postPurchaseWhatsInTheBox_MP_feature_div\">\n<div id=\"whatsInTheBoxDeck\" class=\"a-section a-spacing-base celwidget\" data-csa-c-id=\"dndtot-yrpq8p-ctlvpi-g7vcnn\" data-cel-widget=\"whatsInTheBoxDeck\">\n<ul>\n<li class=\"postpurchase-included-components-list-item\"><span class=\"a-list-item\">trottinette \u00e9lectrique, chargeur, notice<\/span><\/li>\n<\/ul>\n<h3>Commandez d\u00e8s maintenant votre BEEPER &#8211; Cross<\/h3>\n<p>Ne laissez pas passer l\u2019opportunit\u00e9 de vous offrir la meilleure trottinette \u00e9lectrique tout-terrain. <strong>Stock limit\u00e9<\/strong> \u2013 commandez d\u00e8s aujourd\u2019hui et profitez d\u2019une <strong>livraison rapide<\/strong> !<\/p>\n<\/div>\n<\/div>","protected":false},"excerpt":{"rendered":"<table class=\"a-normal a-spacing-micro\">\n<tbody>\n<tr class=\"a-spacing-small po-brand\">\n<td class=\"a-span3\"><strong><span class=\"a-size-base a-text-bold\">Marque<\/span><\/strong><\/td>\n<td class=\"a-span9\"><span class=\"a-size-base po-break-word\">BEEPER<\/span><\/td>\n<\/tr>\n<tr class=\"a-spacing-small po-color\">\n<td class=\"a-span3\"><strong><span class=\"a-size-base a-text-bold\">Couleur<\/span><\/strong><\/td>\n<td class=\"a-span9\"><span class=\"a-size-base po-break-word\">FX1000-S<\/span><\/td>\n<\/tr>\n<tr class=\"a-spacing-small po-age_range_description\">\n<td class=\"a-span3\"><strong><span class=\"a-size-base a-text-bold\">Tranche d&rsquo;\u00e2ge (description)<\/span><\/strong><\/td>\n<td class=\"a-span9\"><span class=\"a-size-base po-break-word\">Adulte<\/span><\/td>\n<\/tr>\n<tr class=\"a-spacing-small po-special_feature\">\n<td class=\"a-span3\"><strong><span class=\"a-size-base a-text-bold\">Caract\u00e9ristique sp\u00e9ciale<\/span><\/strong><\/td>\n<td class=\"a-span9\"><span class=\"a-size-base po-break-word\">Selle, Plateforme large<\/span><\/td>\n<\/tr>\n<tr class=\"a-spacing-small po-weight_capacity.maximum\">\n<td class=\"a-span3\"><strong><span class=\"a-size-base a-text-bold\">Limite de poids<\/span><\/strong><\/td>\n<td class=\"a-span9\"><span class=\"a-size-base po-break-word\">120 Kilogrammes<\/span><\/td>\n<\/tr>\n<tr class=\"a-spacing-small po-item_length_width_height\">\n<td class=\"a-span3\"><strong><span class=\"a-size-base a-text-bold\">Dimensions du produit<\/span><\/strong><\/td>\n<td class=\"a-span9\"><span class=\"a-size-base po-break-word\">145L x 61l x 120H centim\u00e8tres<\/span><\/td>\n<\/tr>\n<tr class=\"a-spacing-small po-number_of_wheels\">\n<td class=\"a-span3\"><strong><span class=\"a-size-base a-text-bold\">Nombre de roues<\/span><\/strong><\/td>\n<td class=\"a-span9\"><span class=\"a-size-base po-break-word\">2<\/span><\/td>\n<\/tr>\n<tr class=\"a-spacing-small po-model_name\">\n<td class=\"a-span3\"><strong><span class=\"a-size-base a-text-bold\">Nom de mod\u00e8le<\/span><\/strong><\/td>\n<td class=\"a-span9\"><span class=\"a-size-base po-break-word\">Fx1000<\/span><\/td>\n<\/tr>\n<tr class=\"a-spacing-small po-wheel.material\">\n<td class=\"a-span3\"><strong><span class=\"a-size-base a-text-bold\">Mat\u00e9riau de la roue<\/span><\/strong><\/td>\n<td class=\"a-span9\"><span class=\"a-size-base po-break-word\">Caoutchouc synth\u00e9tique<\/span><\/td>\n<\/tr>\n<tr class=\"a-spacing-small po-frame.material\">\n<td class=\"a-span3\"><strong><span class=\"a-size-base a-text-bold\">Mat\u00e9riau du cadre<\/span><\/strong><\/td>\n<td class=\"a-span9\"><span class=\"a-size-base po-break-word\">M\u00e9tal<\/span><\/td>\n<\/tr>\n<\/tbody>\n<\/table>","protected":false},"featured_media":12295,"comment_status":"open","ping_status":"closed","template":"","meta":{"inline_featured_image":false},"product_cat":[178,176],"product_tag":[],"class_list":{"0":"post-2900","1":"product","2":"type-product","3":"status-publish","4":"has-post-thumbnail","6":"product_cat-pliable-trottinette-electrique","7":"product_cat-trottinette-electrique","9":"first","10":"instock","11":"sale","12":"taxable","13":"shipping-taxable","14":"purchasable","15":"product-type-simple"},"_links":{"self":[{"href":"https:\/\/mobilobike.com\/fr\/wp-json\/wp\/v2\/product\/2900","targetHints":{"allow":["GET"]}}],"collection":[{"href":"https:\/\/mobilobike.com\/fr\/wp-json\/wp\/v2\/product"}],"about":[{"href":"https:\/\/mobilobike.com\/fr\/wp-json\/wp\/v2\/types\/product"}],"replies":[{"embeddable":true,"href":"https:\/\/mobilobike.com\/fr\/wp-json\/wp\/v2\/comments?post=2900"}],"version-history":[{"count":1,"href":"https:\/\/mobilobike.com\/fr\/wp-json\/wp\/v2\/product\/2900\/revisions"}],"predecessor-version":[{"id":12296,"href":"https:\/\/mobilobike.com\/fr\/wp-json\/wp\/v2\/product\/2900\/revisions\/12296"}],"wp:featuredmedia":[{"embeddable":true,"href":"https:\/\/mobilobike.com\/fr\/wp-json\/wp\/v2\/media\/12295"}],"wp:attachment":[{"href":"https:\/\/mobilobike.com\/fr\/wp-json\/wp\/v2\/media?parent=2900"}],"wp:term":[{"taxonomy":"product_cat","embeddable":true,"href":"https:\/\/mobilobike.com\/fr\/wp-json\/wp\/v2\/product_cat?post=2900"},{"taxonomy":"product_tag","embeddable":true,"href":"https:\/\/mobilobike.com\/fr\/wp-json\/wp\/v2\/product_tag?post=2900"}],"curies":[{"name":"wp","href":"https:\/\/api.w.org\/{rel}","templated":true}]}}