{"id":2902,"date":"2025-02-04T13:17:00","date_gmt":"2025-02-04T13:17:00","guid":{"rendered":"https:\/\/mobilobike.com\/?post_type=product&#038;p=2902"},"modified":"2025-07-08T18:30:52","modified_gmt":"2025-07-08T18:30:52","slug":"dualtron","status":"publish","type":"product","link":"https:\/\/mobilobike.com\/fr\/produit\/dualtron\/","title":{"rendered":"DUALTRON"},"content":{"rendered":"<h2>Trottinette \u00e9lectrique DUALTRON : Puissance et Performance au Rendez-vous<\/h2>\n<p>D\u00e9couvrez la <strong>trottinette \u00e9lectrique DUALTRON<\/strong>, un mod\u00e8le haut de gamme con\u00e7u pour les amateurs de sensations fortes et de d\u00e9placements rapides. Avec sa puissance impressionnante et son autonomie exceptionnelle, elle est id\u00e9ale pour les trajets urbains et les longues balades.<\/p>\n<h3>Un moteur ultra-performant pour une exp\u00e9rience unique<\/h3>\n<p>La trottinette DUALTRON est \u00e9quip\u00e9e d\u2019un double moteur pouvant atteindre une puissance combin\u00e9e allant jusqu&rsquo;\u00e0 <strong>2500W<\/strong>. Cela vous garantit une acc\u00e9l\u00e9ration fulgurante et une vitesse maximale qui d\u00e9fie la concurrence.<\/p>\n<h3>Une autonomie impressionnante pour aller plus loin<\/h3>\n<p>Gr\u00e2ce \u00e0 sa batterie haute capacit\u00e9, la DUALTRON offre une autonomie pouvant aller jusqu\u2019\u00e0 <strong>125 km<\/strong> selon le mod\u00e8le et les conditions de conduite. Fini le stress de la recharge fr\u00e9quente, profitez pleinement de vos trajets.<\/p>\n<h3>Un confort et une s\u00e9curit\u00e9 in\u00e9gal\u00e9s<\/h3>\n<p>Avec sa suspension avant et arri\u00e8re, la trottinette absorbe efficacement les chocs pour une conduite fluide et agr\u00e9able. De plus, ses freins \u00e0 disque hydrauliques garantissent un freinage optimal, m\u00eame \u00e0 haute vitesse.<\/p>\n<h3 class=\"a-size-base-plus a-text-bold\">\u00c0 propos de cet article<\/h3>\n<ul class=\"a-unordered-list a-vertical a-spacing-mini\">\n<li class=\"a-spacing-mini\"><span class=\"a-list-item\"><strong>2 PUISSANTS MOTEURS<\/strong> : Pour une meilleure stabilisation, les moteur de 2500W sont situ\u00e9s \u00e0 l&rsquo;avant et \u00e0 l&rsquo;arri\u00e8re. La Dualtron Thunder 3 72V \/ 40Ah a plusieurs modes de conduite avec une vitesse allant jusqu&rsquo;\u00e0 25km\/h.<\/span><\/li>\n<li class=\"a-spacing-mini\"><span class=\"a-list-item\"><strong>GRANDE CAPACITE DE LA BATTERIE<\/strong> : La batterie au lithium fournit une puissance \u00e9lev\u00e9e avec une autonomie allant jusqu&rsquo;\u00e0 125km. Profitez d&rsquo;une conduite rapide et amusez-vous sans vous soucier constamment de la charge de la batterie<\/span><\/li>\n<li class=\"a-spacing-mini\"><span class=\"a-list-item\"><strong>BIEN EQUIPEE<\/strong> : Repose-pieds large et confortable, phare lumineux, semelle antid\u00e9rapante, connectivit\u00e9 des applications intelligentes<\/span><\/li>\n<\/ul>\n<div class=\"a-row\">\n<div class=\"a-column a-span6\">\n<h3 class=\"a-size-medium a-spacing-small\">Descriptif technique<\/h3>\n<\/div>\n<\/div>\n<div class=\"a-expander-content a-expander-extend-content\" data-expanded=\"true\">\n<div class=\"a-row a-expander-container a-expander-inline-container\">\n<div class=\"a-expander-content a-expander-section-content a-section-expander-inner\" data-expanded=\"true\">\n<table id=\"productDetails_techSpec_section_1\" class=\"a-keyvalue prodDetTable\" role=\"presentation\">\n<tbody>\n<tr>\n<th class=\"a-color-secondary a-size-base prodDetSectionEntry\">Type de frein<\/th>\n<td class=\"a-size-base prodDetAttrValue\">\u200eFreinage avant, Freinage arri\u00e8re<\/td>\n<\/tr>\n<tr>\n<th class=\"a-color-secondary a-size-base prodDetSectionEntry\">Couleur<\/th>\n<td class=\"a-size-base prodDetAttrValue\">\u200eNoire<\/td>\n<\/tr>\n<tr>\n<th class=\"a-color-secondary a-size-base prodDetSectionEntry\">Taille<\/th>\n<td class=\"a-size-base prodDetAttrValue\">\u200eTaille unique<\/td>\n<\/tr>\n<tr>\n<th class=\"a-color-secondary a-size-base prodDetSectionEntry\">Type de mat\u00e9riau<\/th>\n<td class=\"a-size-base prodDetAttrValue\">\u200eMultimaterials<\/td>\n<\/tr>\n<tr>\n<th class=\"a-color-secondary a-size-base prodDetSectionEntry\">Nombre d&rsquo;\u00e9l\u00e9ments<\/th>\n<td class=\"a-size-base prodDetAttrValue\">\u200e1<\/td>\n<\/tr>\n<tr>\n<th class=\"a-color-secondary a-size-base prodDetSectionEntry\">Fonctionnalit\u00e9s<\/th>\n<td class=\"a-size-base prodDetAttrValue\">\u200eDigital Display, Dual Braking System, Cruise Control, Speedometer, Wide Platform<\/td>\n<\/tr>\n<tr>\n<th class=\"a-color-secondary a-size-base prodDetSectionEntry\">Composants inclus<\/th>\n<td class=\"a-size-base prodDetAttrValue\">\u200eNotice d&rsquo;utilisation, Chargeur secteur<\/td>\n<\/tr>\n<tr>\n<th class=\"a-color-secondary a-size-base prodDetSectionEntry\">Piles incluses ?<\/th>\n<td class=\"a-size-base prodDetAttrValue\">\u200eOui<\/td>\n<\/tr>\n<tr>\n<th class=\"a-color-secondary a-size-base prodDetSectionEntry\">Marque<\/th>\n<td class=\"a-size-base prodDetAttrValue\">\u200eDualtron<\/td>\n<\/tr>\n<tr>\n<th class=\"a-color-secondary a-size-base prodDetSectionEntry\">Capacit\u00e9 maximale de poids<\/th>\n<td class=\"a-size-base prodDetAttrValue\">\u200e120 Kilogrammes<\/td>\n<\/tr>\n<tr>\n<th class=\"a-color-secondary a-size-base prodDetSectionEntry\">Service<\/th>\n<td class=\"a-size-base prodDetAttrValue\">\u200eMixte<\/td>\n<\/tr>\n<tr>\n<th class=\"a-color-secondary a-size-base prodDetSectionEntry\">Fabricant<\/th>\n<td class=\"a-size-base prodDetAttrValue\">\u200eDualtron<\/td>\n<\/tr>\n<tr>\n<th class=\"a-color-secondary a-size-base prodDetSectionEntry\">Dimensions du produit (L x l x h)<\/th>\n<td class=\"a-size-base prodDetAttrValue\">\u200e135,5 x 70 x 127 cm; 48 kilogrammes<\/td>\n<\/tr>\n<tr>\n<th class=\"a-color-secondary a-size-base prodDetSectionEntry\">ASIN<\/th>\n<td class=\"a-size-base prodDetAttrValue\">\u200eB0DPN65NJQ<\/td>\n<\/tr>\n<tr>\n<th class=\"a-color-secondary a-size-base prodDetSectionEntry\">Disponibilit\u00e9 des pi\u00e8ces d\u00e9tach\u00e9es<\/th>\n<td class=\"a-size-base prodDetAttrValue\">\u200e2 Ans<\/td>\n<\/tr>\n<\/tbody>\n<\/table>\n<\/div>\n<\/div>\n<\/div>\n<h3>Pourquoi choisir la trottinette \u00e9lectrique DUALTRON ?<\/h3>\n<ul>\n<li><strong>Puissance exceptionnelle<\/strong> : id\u00e9al pour les amateurs de vitesse.<\/li>\n<li><strong>Grande autonomie<\/strong> : profitez de longues balades sans contrainte.<\/li>\n<li><strong>S\u00e9curit\u00e9 renforc\u00e9e<\/strong> : freinage performant et stabilit\u00e9 accrue.<\/li>\n<li><strong>Design moderne<\/strong> : un look futuriste et robuste.<\/li>\n<\/ul>\n<h3>Commandez votre trottinette \u00e9lectrique DUALTRON d\u00e8s maintenant !<\/h3>\n<p>Ne manquez pas l\u2019occasion de vivre une exp\u00e9rience de conduite unique avec la DUALTRON. Commandez d\u00e8s aujourd\u2019hui et profitez d\u2019une trottinette \u00e9lectrique performante et fiable.<\/p>","protected":false},"excerpt":{"rendered":"<table class=\"a-normal a-spacing-micro\">\n<tbody>\n<tr class=\"a-spacing-small po-brand\">\n<td class=\"a-span3\"><strong><span class=\"a-size-base a-text-bold\">Marque<\/span><\/strong><\/td>\n<td class=\"a-span9\"><span class=\"a-size-base po-break-word\">Dualtron<\/span><\/td>\n<\/tr>\n<tr class=\"a-spacing-small po-color\">\n<td class=\"a-span3\"><strong><span class=\"a-size-base a-text-bold\">Couleur<\/span><\/strong><\/td>\n<td class=\"a-span9\"><span class=\"a-size-base po-break-word\">Noire<\/span><\/td>\n<\/tr>\n<tr class=\"a-spacing-small po-special_feature\">\n<td class=\"a-span3\"><strong><span class=\"a-size-base a-text-bold\">Caract\u00e9ristique sp\u00e9ciale<\/span><\/strong><\/td>\n<td class=\"a-span9\"><span class=\"a-size-base po-break-word\">Digital Display, Dual Braking System, Cruise Control, Speedometer, Wide Platform<\/span><\/td>\n<\/tr>\n<tr class=\"a-spacing-small po-weight_capacity.maximum\">\n<td class=\"a-span3\"><strong><span class=\"a-size-base a-text-bold\">Limite de poids<\/span><\/strong><\/td>\n<td class=\"a-span9\"><span class=\"a-size-base po-break-word\">120 Kilogrammes<\/span><\/td>\n<\/tr>\n<tr class=\"a-spacing-small po-item_length_width_height\">\n<td class=\"a-span3\"><strong><span class=\"a-size-base a-text-bold\">Dimensions du produit<\/span><\/strong><\/td>\n<td class=\"a-span9\"><span class=\"a-size-base po-break-word\">135,5L x 70l x 127H centim\u00e8tres<\/span><\/td>\n<\/tr>\n<tr class=\"a-spacing-small po-number_of_wheels\">\n<td class=\"a-span3\"><strong><span class=\"a-size-base a-text-bold\">Nombre de roues<\/span><\/strong><\/td>\n<td class=\"a-span9\"><span class=\"a-size-base po-break-word\">2<\/span><\/td>\n<\/tr>\n<tr class=\"a-spacing-small po-model_name\">\n<td class=\"a-span3\"><strong><span class=\"a-size-base a-text-bold\">Nom de mod\u00e8le<\/span><\/strong><\/td>\n<td class=\"a-span9\"><span class=\"a-size-base po-break-word\">Thunder 3 72v 40ah<\/span><\/td>\n<\/tr>\n<tr class=\"a-spacing-small po-wheel.material\">\n<td class=\"a-span3\"><strong><span class=\"a-size-base a-text-bold\">Mat\u00e9riau de la roue<\/span><\/strong><\/td>\n<td class=\"a-span9\"><span class=\"a-size-base po-break-word\">Synthetic Rubber<\/span><\/td>\n<\/tr>\n<tr class=\"a-spacing-small po-item_weight\">\n<td class=\"a-span3\"><strong><span class=\"a-size-base a-text-bold\">Poids de l&rsquo;article<\/span><\/strong><\/td>\n<td class=\"a-span9\"><span class=\"a-size-base po-break-word\">48 Kilogrammes<\/span><\/td>\n<\/tr>\n<tr class=\"a-spacing-small po-brake_style\">\n<td class=\"a-span3\"><strong><span class=\"a-size-base a-text-bold\">Style de frein<\/span><\/strong><\/td>\n<td class=\"a-span9\"><span class=\"a-size-base po-break-word\">Freinage avant, Freinage arri\u00e8re<\/span><\/td>\n<\/tr>\n<\/tbody>\n<\/table>","protected":false},"featured_media":12297,"comment_status":"open","ping_status":"closed","template":"","meta":{"inline_featured_image":false},"product_cat":[178,176],"product_tag":[],"class_list":{"0":"post-2902","1":"product","2":"type-product","3":"status-publish","4":"has-post-thumbnail","6":"product_cat-pliable-trottinette-electrique","7":"product_cat-trottinette-electrique","9":"first","10":"instock","11":"sale","12":"taxable","13":"shipping-taxable","14":"purchasable","15":"product-type-simple"},"_links":{"self":[{"href":"https:\/\/mobilobike.com\/fr\/wp-json\/wp\/v2\/product\/2902","targetHints":{"allow":["GET"]}}],"collection":[{"href":"https:\/\/mobilobike.com\/fr\/wp-json\/wp\/v2\/product"}],"about":[{"href":"https:\/\/mobilobike.com\/fr\/wp-json\/wp\/v2\/types\/product"}],"replies":[{"embeddable":true,"href":"https:\/\/mobilobike.com\/fr\/wp-json\/wp\/v2\/comments?post=2902"}],"version-history":[{"count":1,"href":"https:\/\/mobilobike.com\/fr\/wp-json\/wp\/v2\/product\/2902\/revisions"}],"predecessor-version":[{"id":12299,"href":"https:\/\/mobilobike.com\/fr\/wp-json\/wp\/v2\/product\/2902\/revisions\/12299"}],"wp:featuredmedia":[{"embeddable":true,"href":"https:\/\/mobilobike.com\/fr\/wp-json\/wp\/v2\/media\/12297"}],"wp:attachment":[{"href":"https:\/\/mobilobike.com\/fr\/wp-json\/wp\/v2\/media?parent=2902"}],"wp:term":[{"taxonomy":"product_cat","embeddable":true,"href":"https:\/\/mobilobike.com\/fr\/wp-json\/wp\/v2\/product_cat?post=2902"},{"taxonomy":"product_tag","embeddable":true,"href":"https:\/\/mobilobike.com\/fr\/wp-json\/wp\/v2\/product_tag?post=2902"}],"curies":[{"name":"wp","href":"https:\/\/api.w.org\/{rel}","templated":true}]}}