{"id":2906,"date":"2025-02-04T13:42:44","date_gmt":"2025-02-04T13:42:44","guid":{"rendered":"https:\/\/mobilobike.com\/?post_type=product&#038;p=2906"},"modified":"2025-07-08T18:30:53","modified_gmt":"2025-07-08T18:30:53","slug":"trottinette-electrique-beeper","status":"publish","type":"product","link":"https:\/\/mobilobike.com\/fr\/produit\/trottinette-electrique-beeper\/","title":{"rendered":"Trottinette \u00c9lectrique Beeper"},"content":{"rendered":"<h2>D\u00e9couvrez la Trottinette \u00c9lectrique Beeper : Performance et Confort<\/h2>\n<p>Vous cherchez une trottinette \u00e9lectrique fiable, performante et agr\u00e9able \u00e0 conduire ? La <strong>trottinette \u00e9lectrique Beeper<\/strong> est la solution id\u00e9ale pour tous les amoureux de la mobilit\u00e9 urbaine. Con\u00e7ue pour allier puissance et confort, elle vous accompagne partout avec style et efficacit\u00e9.<\/p>\n<h3 class=\"a-size-base-plus a-text-bold\">\u00c0 propos de cet article<\/h3>\n<ul class=\"a-unordered-list a-vertical a-spacing-mini\">\n<li class=\"a-spacing-mini\"><span class=\"a-list-item\">\ud83d\udef4 La Beeper TRAIL est innovante, d\u00e9routante, unique en son genre. L&rsquo;adopter c&rsquo;est casser les codes traditionnels et s&rsquo;ouvrir de nouvelles exp\u00e9riences d&rsquo;utilisations et de sensations.<\/span><\/li>\n<li class=\"a-spacing-mini\"><span class=\"a-list-item\">\ud83d\udef4 Son look SAUVAGE, son option SWAP BATTERY et sa conception STABILITY CONTROL marque une RUPTURE dans la gamme et vous apporte une nouvelle exp\u00e9rience de la trottinette \u00e9lectrique.<\/span><\/li>\n<li class=\"a-spacing-mini\"><span class=\"a-list-item\">\ud83d\udef4Rechargez votre trottinette de partout, sans limites. La batterie de la Beeper TRAIL est 100% amovible La batterie est prot\u00e9g\u00e9e dans un compartiment s\u00e9curis\u00e9 gr\u00e2ce \u00e0 une clef. Vous pouvez en quelques instants d\u00e9solidariser la batterie de votre trottinette pour la recharger ou l&rsquo;\u00e9changer.<\/span><\/li>\n<li class=\"a-spacing-mini\"><span class=\"a-list-item\">\ud83d\udef4 Vous pouvez retirer facilement la batterie de la trottinette et la recharger chez vous, \u00e0 votre bureau, \u00e0 la salle de sport, etc. Vous avez n\u00e9anmoins toujours la possibilit\u00e9 de recharger la batterie directement sur la trottinette.<\/span><\/li>\n<li class=\"a-spacing-mini\"><span class=\"a-list-item\">\ud83d\udef4 Batterie garantie 2 ans Une technologie qui facilite le recyclage Prot\u00e9g\u00e9e contre les projections d&rsquo;eau<\/span><\/li>\n<li class=\"a-spacing-mini\"><span class=\"a-list-item\">\ud83d\udef4Roulez sauvage : Son chassis tubulaire bleu, sa plateforme en V, ses reposes-pieds lat\u00e9raux, sa conduite de face rendent la Beeper TRAIL unique et vous aussi.<\/span><\/li>\n<li class=\"a-spacing-mini\"><span class=\"a-list-item\">\ud83d\udef4Les doubles suspensions avant &amp; arri\u00e8re apportent un confort lors de la conduite ainsi qu&rsquo;un style agressif et tout terrain.<\/span><\/li>\n<\/ul>\n<div class=\"a-row a-expander-container a-expander-inline-container\">\n<div class=\"a-expander-content a-expander-extend-content a-expander-content-expanded\" data-expanded=\"true\">\n<ul class=\"a-unordered-list a-vertical a-spacing-none\">\n<li class=\"a-spacing-mini\"><span class=\"a-list-item\">\ud83d\udef4 Un centre de gravit\u00e9 rabaiss\u00e9 Les reposes pieds de la Beeper TRAIL proches du sol vous apportent une conduite plus confortable, dynamique et s\u00e9curis\u00e9e.<\/span><\/li>\n<li class=\"a-spacing-mini\"><span class=\"a-list-item\">\ud83d\udef4 La Beeper TRAIL se d\u00e9cline en deux versions afin de vous proposer deux autonomies* : Une batterie 48V 10Ah pour une autonomie de 35 km (Ref. FX2000-10) Une batterie 48V 13Ah pour une autonomie de 45 km (Ref. FX2000-13)<\/span><\/li>\n<li class=\"a-spacing-mini\"><span class=\"a-list-item\">\ud83d\udef4Un petit poids \u00e0 partir de 25kg compar\u00e9 aux autres trottinettes du m\u00eame gabarit.<\/span><\/li>\n<\/ul>\n<\/div>\n<\/div>\n<h3>Une Puissance Adapt\u00e9e \u00e0 Tous Vos D\u00e9placements<\/h3>\n<p>Dot\u00e9e d\u2019un moteur performant, la trottinette Beeper vous permet de rouler en toute fluidit\u00e9, m\u00eame sur des terrains l\u00e9g\u00e8rement inclin\u00e9s. Profitez d\u2019une acc\u00e9l\u00e9ration fluide et d\u2019une vitesse optimale pour vos trajets quotidiens.<\/p>\n<h3>Grande Autonomie pour Une Libert\u00e9 Maximale<\/h3>\n<p>Gr\u00e2ce \u00e0 sa batterie longue dur\u00e9e, la <strong>trottinette \u00e9lectrique Beeper<\/strong> vous offre une autonomie \u00e9tendue, vous permettant de parcourir plusieurs kilom\u00e8tres sans souci. Id\u00e9ale pour les trajets domicile-travail ou les balades en ville.<\/p>\n<h3>Un Confort de Conduite In\u00e9gal\u00e9<\/h3>\n<p>\u00c9quip\u00e9e d\u2019un syst\u00e8me de suspension et de roues adapt\u00e9es aux routes urbaines, cette trottinette assure une conduite agr\u00e9able et s\u00e9curis\u00e9e. Son plateau large et son guidon ergonomique garantissent un confort optimal \u00e0 chaque trajet.<\/p>\n<h3>S\u00e9curit\u00e9 et Fiabilit\u00e9 au Rendez-vous<\/h3>\n<p>La s\u00e9curit\u00e9 est primordiale : freinage performant, feux LED avant et arri\u00e8re, structure robuste&#8230; La trottinette Beeper est con\u00e7ue pour vous garantir une conduite sereine, de jour comme de nuit.<\/p>\n<div id=\"productDetails_feature_div\" class=\"celwidget\" data-feature-name=\"productDetails\" data-csa-c-type=\"widget\" data-csa-c-content-id=\"productDetails\" data-csa-c-slot-id=\"productDetails_feature_div\" data-csa-c-asin=\"\" data-csa-c-is-in-initial-active-row=\"false\" data-csa-c-id=\"531vye-tyjtyf-c77m8t-ej657s\" data-cel-widget=\"productDetails_feature_div\">\n<div>\n<div id=\"prodDetails\" class=\"a-section\">\n<div class=\"a-row a-spacing-top-base\">\n<div class=\"a-column a-span6\">\n<div class=\"a-row a-spacing-base\">\n<div class=\"a-row a-expander-container a-expander-extend-container\">\n<div class=\"a-row\">\n<div class=\"a-column a-span6\">\n<h3 class=\"a-size-medium a-spacing-small\">Descriptif technique<\/h3>\n<\/div>\n<\/div>\n<div class=\"a-expander-content a-expander-extend-content\" data-expanded=\"true\">\n<div class=\"a-row a-expander-container a-expander-inline-container\">\n<div class=\"a-expander-content a-expander-section-content a-section-expander-inner\" data-expanded=\"true\">\n<table id=\"productDetails_techSpec_section_1\" class=\"a-keyvalue prodDetTable\" role=\"presentation\">\n<tbody>\n<tr>\n<th class=\"a-color-secondary a-size-base prodDetSectionEntry\">Tranche d&rsquo;\u00e2ge<\/th>\n<td class=\"a-size-base prodDetAttrValue\">\u200eAdulte<\/td>\n<\/tr>\n<tr>\n<th class=\"a-color-secondary a-size-base prodDetSectionEntry\">Type de frein<\/th>\n<td class=\"a-size-base prodDetAttrValue\">\u200eFreinage avant, Freinage arri\u00e8re<\/td>\n<\/tr>\n<tr>\n<th class=\"a-color-secondary a-size-base prodDetSectionEntry\">Couleur<\/th>\n<td class=\"a-size-base prodDetAttrValue\">\u200e10 Ah<\/td>\n<\/tr>\n<tr>\n<th class=\"a-color-secondary a-size-base prodDetSectionEntry\">Taille<\/th>\n<td class=\"a-size-base prodDetAttrValue\">\u200estrandard<\/td>\n<\/tr>\n<tr>\n<th class=\"a-color-secondary a-size-base prodDetSectionEntry\">Equipe<\/th>\n<td class=\"a-size-base prodDetAttrValue\">\u200eAutres \u00e9quipes \u00e9cossaises<\/td>\n<\/tr>\n<tr>\n<th class=\"a-color-secondary a-size-base prodDetSectionEntry\">Mat\u00e9riau du cadre<\/th>\n<td class=\"a-size-base prodDetAttrValue\">\u200eAcier alli\u00e9<\/td>\n<\/tr>\n<tr>\n<th class=\"a-color-secondary a-size-base prodDetSectionEntry\">Type de mat\u00e9riau<\/th>\n<td class=\"a-size-base prodDetAttrValue\">\u200eAluminium, Acier alli\u00e9<\/td>\n<\/tr>\n<tr>\n<th class=\"a-color-secondary a-size-base prodDetSectionEntry\">Nombre d&rsquo;\u00e9l\u00e9ments<\/th>\n<td class=\"a-size-base prodDetAttrValue\">\u200e1<\/td>\n<\/tr>\n<tr>\n<th class=\"a-color-secondary a-size-base prodDetSectionEntry\">Fonctionnalit\u00e9s<\/th>\n<td class=\"a-size-base prodDetAttrValue\">\u200eBatterie rempla\u00e7able, Affichage num\u00e9rique, Pliable, Rechargeable<\/td>\n<\/tr>\n<tr>\n<th class=\"a-color-secondary a-size-base prodDetSectionEntry\">Suspension<\/th>\n<td class=\"a-size-base prodDetAttrValue\">\u200eSuspension totale<\/td>\n<\/tr>\n<tr>\n<th class=\"a-color-secondary a-size-base prodDetSectionEntry\">Taille de la roue<\/th>\n<td class=\"a-size-base prodDetAttrValue\">\u200e10 Pouces<\/td>\n<\/tr>\n<tr>\n<th class=\"a-color-secondary a-size-base prodDetSectionEntry\">Composants inclus<\/th>\n<td class=\"a-size-base prodDetAttrValue\">\u200e1 trottinette \u00e9lectrique, 1 chargeur, 1 manuel d&rsquo;utilisation<\/td>\n<\/tr>\n<tr>\n<th class=\"a-color-secondary a-size-base prodDetSectionEntry\">Piles incluses ?<\/th>\n<td class=\"a-size-base prodDetAttrValue\">\u200eOui<\/td>\n<\/tr>\n<tr>\n<th class=\"a-color-secondary a-size-base prodDetSectionEntry\">Marque<\/th>\n<td class=\"a-size-base prodDetAttrValue\">\u200eBEEPER<\/td>\n<\/tr>\n<tr>\n<th class=\"a-color-secondary a-size-base prodDetSectionEntry\">Capacit\u00e9 maximale de poids<\/th>\n<td class=\"a-size-base prodDetAttrValue\">\u200e120 Kilogrammes<\/td>\n<\/tr>\n<tr>\n<th class=\"a-color-secondary a-size-base prodDetSectionEntry\">Service<\/th>\n<td class=\"a-size-base prodDetAttrValue\">\u200eMixte<\/td>\n<\/tr>\n<tr>\n<th class=\"a-color-secondary a-size-base prodDetSectionEntry\">Fabricant<\/th>\n<td class=\"a-size-base prodDetAttrValue\">\u200eBEEPER<\/td>\n<\/tr>\n<tr>\n<th class=\"a-color-secondary a-size-base prodDetSectionEntry\">Num\u00e9ro du mod\u00e8le de l&rsquo;article<\/th>\n<td class=\"a-size-base prodDetAttrValue\">\u200e5999#IZI#683<\/td>\n<\/tr>\n<tr>\n<th class=\"a-color-secondary a-size-base prodDetSectionEntry\">Dimensions du produit (L x l x h)<\/th>\n<td class=\"a-size-base prodDetAttrValue\">\u200e116 x 63 x 117 cm; 25 kilogrammes<\/td>\n<\/tr>\n<tr>\n<th class=\"a-color-secondary a-size-base prodDetSectionEntry\">ASIN<\/th>\n<td class=\"a-size-base prodDetAttrValue\">\u200eB0CCDRQXNM<\/td>\n<\/tr>\n<\/tbody>\n<\/table>\n<\/div>\n<\/div>\n<\/div>\n<\/div>\n<\/div>\n<div class=\"a-row a-spacing-base\"><\/div>\n<\/div>\n<div class=\"a-column a-span6 a-span-last\">\n<div class=\"a-row a-spacing-base\">\n<div id=\"productDetails_db_sections\" class=\"a-section\"><\/div>\n<\/div>\n<\/div>\n<\/div>\n<\/div>\n<\/div>\n<\/div>\n<h3 id=\"postPurchaseSideSheet_MP_feature_div\" class=\"celwidget\" data-feature-name=\"postPurchaseSideSheet_MP\" data-csa-c-type=\"widget\" data-csa-c-content-id=\"postPurchaseSideSheet_MP\" data-csa-c-slot-id=\"postPurchaseSideSheet_MP_feature_div\" data-csa-c-is-in-initial-active-row=\"false\" data-csa-c-id=\"admsnh-e0tfug-sgfcws-ifdx3m\" data-cel-widget=\"postPurchaseSideSheet_MP_feature_div\">Contenu du carton<\/h3>\n<div id=\"postPurchaseWhatsInTheBox_MP_feature_div\" class=\"celwidget\" data-feature-name=\"postPurchaseWhatsInTheBox_MP\" data-csa-c-type=\"widget\" data-csa-c-content-id=\"postPurchaseWhatsInTheBox_MP\" data-csa-c-slot-id=\"postPurchaseWhatsInTheBox_MP_feature_div\" data-csa-c-asin=\"\" data-csa-c-is-in-initial-active-row=\"false\" data-csa-c-id=\"505nxr-jh10wl-abhjaa-l1vxdc\" data-cel-widget=\"postPurchaseWhatsInTheBox_MP_feature_div\">\n<div id=\"whatsInTheBoxDeck\" class=\"a-section a-spacing-base celwidget\" data-csa-c-id=\"yknjdo-z36369-7ug61e-5v79v5\" data-cel-widget=\"whatsInTheBoxDeck\">\n<ul>\n<li class=\"postpurchase-included-components-list-item\"><span class=\"a-list-item\">1 trottinette \u00e9lectrique, 1 chargeur, 1 manuel d&rsquo;utilisation<\/span><\/li>\n<\/ul>\n<\/div>\n<\/div>\n<h3>Pourquoi Choisir la Trottinette \u00c9lectrique Beeper ?<\/h3>\n<ul>\n<li>Excellente autonomie pour de longs trajets<\/li>\n<li>Moteur puissant et acc\u00e9l\u00e9ration fluide<\/li>\n<li>Confort et stabilit\u00e9 gr\u00e2ce aux suspensions<\/li>\n<li>Design moderne et pratique<\/li>\n<li>S\u00e9curit\u00e9 renforc\u00e9e avec un freinage efficace et des lumi\u00e8res LED<\/li>\n<\/ul>\n<h3>Commandez Votre Trottinette Beeper D\u00e8s Maintenant !<\/h3>\n<p>Ne manquez pas l\u2019opportunit\u00e9 d\u2019adopter un moyen de transport \u00e9cologique, performant et \u00e9conomique. Commandez d\u00e8s aujourd\u2019hui votre <strong>trottinette \u00e9lectrique Beeper<\/strong> et profitez de la libert\u00e9 de d\u00e9placement qu\u2019elle vous offre !<\/p>","protected":false},"excerpt":{"rendered":"<table class=\"a-normal a-spacing-micro\">\n<tbody>\n<tr class=\"a-spacing-small po-brand\">\n<td class=\"a-span3\"><strong><span class=\"a-size-base a-text-bold\">Marque<\/span><\/strong><\/td>\n<td class=\"a-span9\"><span class=\"a-size-base po-break-word\">BEEPER<\/span><\/td>\n<\/tr>\n<tr class=\"a-spacing-small po-color\">\n<td class=\"a-span3\"><strong><span class=\"a-size-base a-text-bold\">Couleur<\/span><\/strong><\/td>\n<td class=\"a-span9\"><span class=\"a-size-base po-break-word\">10 Ah<\/span><\/td>\n<\/tr>\n<tr class=\"a-spacing-small po-age_range_description\">\n<td class=\"a-span3\"><strong><span class=\"a-size-base a-text-bold\">Tranche d&rsquo;\u00e2ge (description)<\/span><\/strong><\/td>\n<td class=\"a-span9\"><span class=\"a-size-base po-break-word\">Adulte<\/span><\/td>\n<\/tr>\n<tr class=\"a-spacing-small po-special_feature\">\n<td class=\"a-span3\"><strong><span class=\"a-size-base a-text-bold\">Caract\u00e9ristique sp\u00e9ciale<\/span><\/strong><\/td>\n<td class=\"a-span9\"><span class=\"a-size-base po-break-word\">Batterie rempla\u00e7able, Affichage num\u00e9rique, Pliable, Rechargeable<\/span><\/td>\n<\/tr>\n<tr class=\"a-spacing-small po-weight_capacity.maximum\">\n<td class=\"a-span3\"><strong><span class=\"a-size-base a-text-bold\">Limite de poids<\/span><\/strong><\/td>\n<td class=\"a-span9\"><span class=\"a-size-base po-break-word\">120 Kilogrammes<\/span><\/td>\n<\/tr>\n<tr class=\"a-spacing-small po-item_length_width_height\">\n<td class=\"a-span3\"><strong><span class=\"a-size-base a-text-bold\">Dimensions du produit<\/span><\/strong><\/td>\n<td class=\"a-span9\"><span class=\"a-size-base po-break-word\">116L x 63l x 117H centim\u00e8tres<\/span><\/td>\n<\/tr>\n<tr class=\"a-spacing-small po-number_of_wheels\">\n<td class=\"a-span3\"><strong><span class=\"a-size-base a-text-bold\">Nombre de roues<\/span><\/strong><\/td>\n<td class=\"a-span9\"><span class=\"a-size-base po-break-word\">2<\/span><\/td>\n<\/tr>\n<tr class=\"a-spacing-small po-model_name\">\n<td class=\"a-span3\"><strong><span class=\"a-size-base a-text-bold\">Nom de mod\u00e8le<\/span><\/strong><\/td>\n<td class=\"a-span9\"><span class=\"a-size-base po-break-word\">Fx2000-10<\/span><\/td>\n<\/tr>\n<tr class=\"a-spacing-small po-wheel.material\">\n<td class=\"a-span3\"><strong><span class=\"a-size-base a-text-bold\">Mat\u00e9riau de la roue<\/span><\/strong><\/td>\n<td class=\"a-span9\"><span class=\"a-size-base po-break-word\">Caoutchouc<\/span><\/td>\n<\/tr>\n<tr class=\"a-spacing-small po-frame.material\">\n<td class=\"a-span3\"><strong><span class=\"a-size-base a-text-bold\">Mat\u00e9riau du cadre<\/span><\/strong><\/td>\n<td class=\"a-span9\"><span class=\"a-size-base po-break-word\">Acier alli\u00e9<\/span><\/td>\n<\/tr>\n<\/tbody>\n<\/table>","protected":false},"featured_media":12300,"comment_status":"open","ping_status":"closed","template":"","meta":{"inline_featured_image":false},"product_cat":[178,176],"product_tag":[],"class_list":{"0":"post-2906","1":"product","2":"type-product","3":"status-publish","4":"has-post-thumbnail","6":"product_cat-pliable-trottinette-electrique","7":"product_cat-trottinette-electrique","9":"first","10":"instock","11":"sale","12":"taxable","13":"shipping-taxable","14":"purchasable","15":"product-type-simple"},"_links":{"self":[{"href":"https:\/\/mobilobike.com\/fr\/wp-json\/wp\/v2\/product\/2906","targetHints":{"allow":["GET"]}}],"collection":[{"href":"https:\/\/mobilobike.com\/fr\/wp-json\/wp\/v2\/product"}],"about":[{"href":"https:\/\/mobilobike.com\/fr\/wp-json\/wp\/v2\/types\/product"}],"replies":[{"embeddable":true,"href":"https:\/\/mobilobike.com\/fr\/wp-json\/wp\/v2\/comments?post=2906"}],"version-history":[{"count":1,"href":"https:\/\/mobilobike.com\/fr\/wp-json\/wp\/v2\/product\/2906\/revisions"}],"predecessor-version":[{"id":12301,"href":"https:\/\/mobilobike.com\/fr\/wp-json\/wp\/v2\/product\/2906\/revisions\/12301"}],"wp:featuredmedia":[{"embeddable":true,"href":"https:\/\/mobilobike.com\/fr\/wp-json\/wp\/v2\/media\/12300"}],"wp:attachment":[{"href":"https:\/\/mobilobike.com\/fr\/wp-json\/wp\/v2\/media?parent=2906"}],"wp:term":[{"taxonomy":"product_cat","embeddable":true,"href":"https:\/\/mobilobike.com\/fr\/wp-json\/wp\/v2\/product_cat?post=2906"},{"taxonomy":"product_tag","embeddable":true,"href":"https:\/\/mobilobike.com\/fr\/wp-json\/wp\/v2\/product_tag?post=2906"}],"curies":[{"name":"wp","href":"https:\/\/api.w.org\/{rel}","templated":true}]}}