{"id":2909,"date":"2025-02-04T15:05:03","date_gmt":"2025-02-04T15:05:03","guid":{"rendered":"https:\/\/mobilobike.com\/?post_type=product&#038;p=2909"},"modified":"2025-07-08T18:30:53","modified_gmt":"2025-07-08T18:30:53","slug":"trotinette-electrique-lynx","status":"publish","type":"product","link":"https:\/\/mobilobike.com\/fr\/produit\/trotinette-electrique-lynx\/","title":{"rendered":"TROTINETTE \u00c9LECTRIQUE LYNX"},"content":{"rendered":"<h2>Trottinette \u00e9lectrique LYNX : Puissance, Autonomie et Design R\u00e9volutionnaire<\/h2>\n<p>D\u00e9couvrez la <strong>trottinette \u00e9lectrique LYNX<\/strong>, un mod\u00e8le con\u00e7u pour les amateurs de vitesse et de confort. Avec son design moderne et ses performances de haut niveau, elle vous offre une exp\u00e9rience de conduite in\u00e9gal\u00e9e.<\/p>\n<h3 class=\"floor-title vtmn-typo_title-4 vtmn-y-0 gt-tablet:vtmn-mt-6 gt-tablet:vtmn-mb-6 title__position--center svelte-kmv775\" tabindex=\"0\" role=\"button\"><span id=\"floor-285bdc5e-2780-440a-998f-d75b25538374\" class=\"svelte-kmv775\" role=\"presentation\">Description<\/span><\/h3>\n<div class=\"floor-content svelte-kmv775\">\n<div class=\"svelte-1uw9j0x\">\n<p>LA TROTINETTE \u00c9LECTRIQUE ITALIEN \u00c0 TROIS ROUES!<br \/>\nPLUS DE S\u00c9CURIT\u00c9<\/p>\n<p>\u2022 Trois grandes roues pour garantir une stabilit\u00e9 et une s\u00e9curit\u00e9 maximales, mais aussi une agilit\u00e9 extr\u00eame.<br \/>\n\u2022 Phare avant, feux de stop arri\u00e8re et indicateurs de direction pour se faire remarquer sous tous les angles.<br \/>\n\u2022 L\u2019intelligence artificielle est incluse pour toujours avec notre Collision Alarm, un syst\u00e8me innovant qui vous avertit en cas de danger ou qui peut vous fournir un r\u00e9troviseur utile.<\/p>\n<p>FACILE \u00c0 UTILISER<\/p>\n<p>\u2022 Batterie amovible de 10 Ah et rechargeable comme un t\u00e9l\u00e9phone.<br \/>\n\u2022 Gr\u00e2ce \u00e0 la poign\u00e9e sp\u00e9ciale, vous pouvez facilement la transporter comme une valise.<\/p>\n<p>DURABLE<\/p>\n<p>\u2022 Mat\u00e9riaux recyclables, de la plateforme en bois au cadre en aluminium.<\/p>\n<p>PLUS CONNECT\u00c9<\/p>\n<p>\u2022 Votre t\u00e9l\u00e9phone devient votre tableau de bord avec l\u2019application \u201cLYNX by TO.TEM\u201d. Elle est connect\u00e9e \u00e0 votre kickscooter et vous permet de le param\u00e9trer et de le contr\u00f4ler.<\/p>\n<h3 class=\"floor-title vtmn-typo_title-4 vtmn-y-0 gt-tablet:vtmn-mt-6 gt-tablet:vtmn-mb-6 title__position--center svelte-kmv775\" tabindex=\"0\" role=\"button\"><span id=\"floor-6bf50735-76de-4fee-891c-011a94c2ce07\" class=\"svelte-kmv775\" role=\"presentation\">Informations techniques<\/span><\/h3>\n<div class=\"floor-content svelte-kmv775\">\n<div class=\"collapse-wrapper svelte-1oe98l6 expandable expanded\">\n<div class=\"content\">\n<div class=\"tech-info vtmn-py-5 svelte-wahzr3\">\n<h3 class=\"vtmn-typo_title-5 vtmn-mt-0 svelte-wahzr3\">vitesse maximum<\/h3>\n<p class=\"vtmn-m-0 vtmn-break-words\">25 km\/h<\/p>\n<\/div>\n<div class=\"tech-info vtmn-py-5 svelte-wahzr3\">\n<h3 class=\"vtmn-typo_title-5 vtmn-mt-0 svelte-wahzr3\">autonomie (en km)<\/h3>\n<p class=\"vtmn-m-0 vtmn-break-words\">jusqu&rsquo;\u00e0 40 km<\/p>\n<\/div>\n<div class=\"tech-info vtmn-py-5 svelte-wahzr3\">\n<h3 class=\"vtmn-typo_title-5 vtmn-mt-0 svelte-wahzr3\">connexion bluetooth<\/h3>\n<p class=\"vtmn-m-0 vtmn-break-words\">avec connexion bluetooth<\/p>\n<\/div>\n<div class=\"tech-info vtmn-py-5 svelte-wahzr3\">\n<h3 class=\"vtmn-typo_title-5 vtmn-mt-0 svelte-wahzr3\">console num\u00e9rique<\/h3>\n<p class=\"vtmn-m-0 vtmn-break-words\">console num\u00e9rique<\/p>\n<\/div>\n<div class=\"tech-info vtmn-py-5 svelte-wahzr3\">\n<h3 class=\"vtmn-typo_title-5 vtmn-mt-0 svelte-wahzr3\">poids (en kg)<\/h3>\n<p class=\"vtmn-m-0 vtmn-break-words\">16 kg<\/p>\n<\/div>\n<div class=\"tech-info vtmn-py-5 svelte-wahzr3\">\n<h3 class=\"vtmn-typo_title-5 vtmn-mt-0 svelte-wahzr3\">puissance (en watts)<\/h3>\n<p class=\"vtmn-m-0 vtmn-break-words\">350 W<\/p>\n<\/div>\n<div class=\"tech-info vtmn-py-5 svelte-wahzr3\">\n<h3 class=\"vtmn-typo_title-5 vtmn-mt-0 svelte-wahzr3\">\u00e9tat<\/h3>\n<p class=\"vtmn-m-0 vtmn-break-words\">neuf<\/p>\n<\/div>\n<div class=\"tech-info vtmn-py-5 svelte-wahzr3\">\n<h3 class=\"vtmn-typo_title-5 vtmn-mt-0 svelte-wahzr3\">nombre de roue<\/h3>\n<p class=\"vtmn-m-0 vtmn-break-words\">3 roues<\/p>\n<\/div>\n<div class=\"tech-info vtmn-py-5 svelte-wahzr3\">\n<h3 class=\"vtmn-typo_title-5 vtmn-mt-0 svelte-wahzr3\">pliable<\/h3>\n<p class=\"vtmn-m-0 vtmn-break-words\">pliable<\/p>\n<\/div>\n<\/div>\n<\/div>\n<\/div>\n<\/div>\n<\/div>\n<h3>Pourquoi choisir la trottinette \u00e9lectrique LYNX ?<\/h3>\n<ul>\n<li><strong>Puissance et vitesse<\/strong> : moteur de 350W pour des sensations fortes.<\/li>\n<li><strong>Grande autonomie<\/strong> : jusqu\u2019\u00e0 40 km d\u2019utilisation.<\/li>\n<li><strong>Confort de conduite<\/strong> : suspensions performantes et pneus tout-terrain.<\/li>\n<li><strong>S\u00e9curit\u00e9 maximale<\/strong> : freinage performant et \u00e9clairage LED.<\/li>\n<li><strong>\u00c9quipement high-tech<\/strong> : \u00e9cran LCD et connectivit\u00e9 intelligente.<\/li>\n<\/ul>\n<h3>Commandez d\u00e8s maintenant votre Trottinette \u00e9lectrique LYNX<\/h3>\n<p>Ne manquez pas l\u2019opportunit\u00e9 de rouler avec l\u2019une des meilleures trottinettes \u00e9lectriques du march\u00e9. <a href=\"https:\/\/mobile-bike.com\/trotinette-electrique-lynx\/\">Commandez d\u00e8s aujourd\u2019hui<\/a> et profitez d\u2019une livraison rapide !<\/p>","protected":false},"excerpt":{"rendered":"<p class=\"vtmn-text-base vtmn-mb-0 vtmn-mt-2\">Scooter innovant au design italien ! Trois roues pour une conduite plus stable ! Plus s\u00fbr gr\u00e2ce \u00e0 la cam\u00e9ra arri\u00e8re post\u00e9rieure avec alerte de collision int\u00e9gr\u00e9e bas\u00e9e sur l&rsquo;intelligence artificielle.<\/p>","protected":false},"featured_media":12302,"comment_status":"open","ping_status":"closed","template":"","meta":{"inline_featured_image":false},"product_cat":[178,176],"product_tag":[],"class_list":{"0":"post-2909","1":"product","2":"type-product","3":"status-publish","4":"has-post-thumbnail","6":"product_cat-pliable-trottinette-electrique","7":"product_cat-trottinette-electrique","9":"first","10":"instock","11":"taxable","12":"shipping-taxable","13":"purchasable","14":"product-type-simple"},"_links":{"self":[{"href":"https:\/\/mobilobike.com\/fr\/wp-json\/wp\/v2\/product\/2909","targetHints":{"allow":["GET"]}}],"collection":[{"href":"https:\/\/mobilobike.com\/fr\/wp-json\/wp\/v2\/product"}],"about":[{"href":"https:\/\/mobilobike.com\/fr\/wp-json\/wp\/v2\/types\/product"}],"replies":[{"embeddable":true,"href":"https:\/\/mobilobike.com\/fr\/wp-json\/wp\/v2\/comments?post=2909"}],"version-history":[{"count":1,"href":"https:\/\/mobilobike.com\/fr\/wp-json\/wp\/v2\/product\/2909\/revisions"}],"predecessor-version":[{"id":12304,"href":"https:\/\/mobilobike.com\/fr\/wp-json\/wp\/v2\/product\/2909\/revisions\/12304"}],"wp:featuredmedia":[{"embeddable":true,"href":"https:\/\/mobilobike.com\/fr\/wp-json\/wp\/v2\/media\/12302"}],"wp:attachment":[{"href":"https:\/\/mobilobike.com\/fr\/wp-json\/wp\/v2\/media?parent=2909"}],"wp:term":[{"taxonomy":"product_cat","embeddable":true,"href":"https:\/\/mobilobike.com\/fr\/wp-json\/wp\/v2\/product_cat?post=2909"},{"taxonomy":"product_tag","embeddable":true,"href":"https:\/\/mobilobike.com\/fr\/wp-json\/wp\/v2\/product_tag?post=2909"}],"curies":[{"name":"wp","href":"https:\/\/api.w.org\/{rel}","templated":true}]}}