{"id":2939,"date":"2025-02-05T12:03:59","date_gmt":"2025-02-05T12:03:59","guid":{"rendered":"https:\/\/mobilobike.com\/?post_type=product&#038;p=2939"},"modified":"2025-07-08T18:31:00","modified_gmt":"2025-07-08T18:31:00","slug":"ducati-corse-e-scooter-pro-iii-r","status":"publish","type":"product","link":"https:\/\/mobilobike.com\/fr\/produit\/ducati-corse-e-scooter-pro-iii-r\/","title":{"rendered":"Ducati Corse E-Scooter Pro-III R"},"content":{"rendered":"<h2>Trottinette \u00e9lectrique Ducati Corse E-Scooter Pro-III R : L\u2019excellence au service de votre mobilit\u00e9<\/h2>\n<p>D\u00e9couvrez la <strong>Ducati Corse E-Scooter Pro-III R<\/strong>, une trottinette \u00e9lectrique d&rsquo;exception con\u00e7ue pour allier <strong>performance, design et technologie de pointe<\/strong>. Que vous soyez un passionn\u00e9 de trottinettes \u00e9lectriques ou un amateur de vitesse et de sensations fortes, ce mod\u00e8le est fait pour vous.<\/p>\n<h3 class=\"floor-title vtmn-typo_title-4 vtmn-y-0 gt-tablet:vtmn-mt-6 gt-tablet:vtmn-mb-6 title__position--center svelte-kmv775\" tabindex=\"0\" role=\"button\"><span id=\"floor-faae5a48-054f-4e72-9138-1930e26ddd4e\" class=\"svelte-kmv775\" role=\"presentation\">Informations techniques<\/span><\/h3>\n<div class=\"floor-content svelte-kmv775\">\n<div class=\"collapse-wrapper svelte-1oe98l6 expandable expanded\">\n<div class=\"content\">\n<div class=\"tech-info vtmn-py-5 svelte-wahzr3\">\n<h3 class=\"vtmn-typo_title-5 vtmn-mt-0 svelte-wahzr3\">antivol<\/h3>\n<p class=\"vtmn-m-0 vtmn-break-words\">sans antivol<\/p>\n<\/div>\n<div class=\"tech-info vtmn-py-5 svelte-wahzr3\">\n<h3 class=\"vtmn-typo_title-5 vtmn-mt-0 svelte-wahzr3\">suspension<\/h3>\n<p class=\"vtmn-m-0 vtmn-break-words\">tout suspendu<\/p>\n<\/div>\n<div class=\"tech-info vtmn-py-5 svelte-wahzr3\">\n<h3 class=\"vtmn-typo_title-5 vtmn-mt-0 svelte-wahzr3\">poids du sportif<\/h3>\n<p class=\"vtmn-m-0 vtmn-break-words\">de 0 \u00e0 100 kg<\/p>\n<\/div>\n<div class=\"tech-info vtmn-py-5 svelte-wahzr3\">\n<h3 class=\"vtmn-typo_title-5 vtmn-mt-0 svelte-wahzr3\">vitesse maximum<\/h3>\n<p class=\"vtmn-m-0 vtmn-break-words\">25 km\/h<\/p>\n<\/div>\n<div class=\"tech-info vtmn-py-5 svelte-wahzr3\">\n<h3 class=\"vtmn-typo_title-5 vtmn-mt-0 svelte-wahzr3\">autonomie (en km)<\/h3>\n<p class=\"vtmn-m-0 vtmn-break-words\">jusqu&rsquo;\u00e0 55 km<\/p>\n<\/div>\n<div class=\"tech-info vtmn-py-5 svelte-wahzr3\">\n<h3 class=\"vtmn-typo_title-5 vtmn-mt-0 svelte-wahzr3\">capacit\u00e9 de la batterie (en Wh)<\/h3>\n<p class=\"vtmn-m-0 vtmn-break-words\">300 \u00e0 399 Wh<\/p>\n<\/div>\n<div class=\"tech-info vtmn-py-5 svelte-wahzr3\">\n<h3 class=\"vtmn-typo_title-5 vtmn-mt-0 svelte-wahzr3\">connexion bluetooth<\/h3>\n<p class=\"vtmn-m-0 vtmn-break-words\">avec connexion bluetooth<\/p>\n<\/div>\n<div class=\"tech-info vtmn-py-5 svelte-wahzr3\">\n<h3 class=\"vtmn-typo_title-5 vtmn-mt-0 svelte-wahzr3\">poids (en kg)<\/h3>\n<p class=\"vtmn-m-0 vtmn-break-words\">21 kg<\/p>\n<\/div>\n<div class=\"tech-info vtmn-py-5 svelte-wahzr3\">\n<h3 class=\"vtmn-typo_title-5 vtmn-mt-0 svelte-wahzr3\">type de distance<\/h3>\n<p class=\"vtmn-m-0 vtmn-break-words\">toutes distances<\/p>\n<\/div>\n<div class=\"tech-info vtmn-py-5 svelte-wahzr3\">\n<h3 class=\"vtmn-typo_title-5 vtmn-mt-0 svelte-wahzr3\">puissance (en watts)<\/h3>\n<p class=\"vtmn-m-0 vtmn-break-words\">350 W<\/p>\n<\/div>\n<div class=\"tech-info vtmn-py-5 svelte-wahzr3\">\n<h3 class=\"vtmn-typo_title-5 vtmn-mt-0 svelte-wahzr3\">\u00e9tat<\/h3>\n<p class=\"vtmn-m-0 vtmn-break-words\">neuf<\/p>\n<\/div>\n<div class=\"tech-info vtmn-py-5 svelte-wahzr3\">\n<h3 class=\"vtmn-typo_title-5 vtmn-mt-0 svelte-wahzr3\">pliable<\/h3>\n<p class=\"vtmn-m-0 vtmn-break-words\">pliable<\/p>\n<\/div>\n<div class=\"tech-info vtmn-py-5 svelte-wahzr3\">\n<h3 class=\"vtmn-typo_title-5 vtmn-mt-0 svelte-wahzr3\">position frein<\/h3>\n<p class=\"vtmn-m-0 vtmn-break-words\">frein avant<\/p>\n<\/div>\n<div class=\"tech-info vtmn-py-5 svelte-wahzr3\">\n<h3 class=\"vtmn-typo_title-5 vtmn-mt-0 svelte-wahzr3\">Garantie<\/h3>\n<p class=\"vtmn-m-0 vtmn-break-words\">24<\/p>\n<\/div>\n<\/div>\n<\/div>\n<\/div>\n<h3>Un design sportif sign\u00e9 Ducati<\/h3>\n<p>Inspir\u00e9e de l\u2019ADN racing de <strong>Ducati<\/strong>, la E-Scooter Pro-III R arbore un design agressif et \u00e9l\u00e9gant avec des finitions premium. Son cadre en alliage d\u2019aluminium allie <strong>l\u00e9g\u00e8ret\u00e9 et robustesse<\/strong>, parfait pour une utilisation quotidienne.<\/p>\n<h3>Un confort et une s\u00e9curit\u00e9 optimis\u00e9s<\/h3>\n<p>Gr\u00e2ce \u00e0 ses <strong>roues 10 pouces<\/strong> avec pneus tubeless et son syst\u00e8me de double suspension, cette trottinette garantit une conduite stable et agr\u00e9able, m\u00eame sur les routes irr\u00e9guli\u00e8res. Son <strong>syst\u00e8me de freinage \u00e0 disque<\/strong> assure un arr\u00eat efficace et s\u00e9curis\u00e9.<\/p>\n<h3>Technologie avanc\u00e9e pour une exp\u00e9rience connect\u00e9e<\/h3>\n<p>La Ducati Corse E-Scooter Pro-III R est \u00e9quip\u00e9e d\u2019un \u00e9cran LCD intuitif permettant de suivre en temps r\u00e9el <strong>la vitesse, l\u2019autonomie et le mode de conduite<\/strong>. De plus, avec la connectivit\u00e9 <strong>Bluetooth<\/strong>, contr\u00f4lez votre trottinette directement depuis votre smartphone.<\/p>\n<h3>Pourquoi choisir la Ducati Corse E-Scooter Pro-III R ?<\/h3>\n<ul>\n<li><strong>Puissance et performance<\/strong> avec un moteur de 350W.<\/li>\n<li><strong>Autonomie longue dur\u00e9e<\/strong> jusqu&rsquo;\u00e0 55 km.<\/li>\n<li><strong>Design sportif<\/strong> et finitions premium Ducati.<\/li>\n<li><strong>Confort et s\u00e9curit\u00e9<\/strong> avec roues tubeless et frein \u00e0 disque.<\/li>\n<li><strong>Technologie embarqu\u00e9e<\/strong> avec \u00e9cran LCD et Bluetooth.<\/li>\n<\/ul>\n<h3>Commandez d\u00e8s maintenant votre trottinette Ducati !<\/h3>\n<p>Offrez-vous la meilleure exp\u00e9rience de mobilit\u00e9 urbaine avec la <strong>Ducati Corse E-Scooter Pro-III R<\/strong>. Ne manquez pas cette opportunit\u00e9, <a href=\"https:\/\/mobile-bike.com\/ducati-corse-e-scooter-pro-iii-r\/\">commandez d\u00e8s maintenant<\/a> et profitez d\u2019une trottinette \u00e9lectrique haut de gamme sign\u00e9e Ducati.<\/p>","protected":false},"excerpt":{"rendered":"<p class=\"vtmn-text-base vtmn-mb-0 vtmn-mt-2\">Vitesse Max 25 Km Pente Max 22% Charge Max 100 Kg Temps de charge 6h Autonomie 55 Km Moteur 500W Brushless, Peak Power 800W Poids Brut 21 Kg<\/p>","protected":false},"featured_media":12329,"comment_status":"open","ping_status":"closed","template":"","meta":{"inline_featured_image":false},"product_cat":[178,176],"product_tag":[],"class_list":{"0":"post-2939","1":"product","2":"type-product","3":"status-publish","4":"has-post-thumbnail","6":"product_cat-pliable-trottinette-electrique","7":"product_cat-trottinette-electrique","9":"first","10":"instock","11":"sale","12":"taxable","13":"shipping-taxable","14":"purchasable","15":"product-type-simple"},"_links":{"self":[{"href":"https:\/\/mobilobike.com\/fr\/wp-json\/wp\/v2\/product\/2939","targetHints":{"allow":["GET"]}}],"collection":[{"href":"https:\/\/mobilobike.com\/fr\/wp-json\/wp\/v2\/product"}],"about":[{"href":"https:\/\/mobilobike.com\/fr\/wp-json\/wp\/v2\/types\/product"}],"replies":[{"embeddable":true,"href":"https:\/\/mobilobike.com\/fr\/wp-json\/wp\/v2\/comments?post=2939"}],"version-history":[{"count":1,"href":"https:\/\/mobilobike.com\/fr\/wp-json\/wp\/v2\/product\/2939\/revisions"}],"predecessor-version":[{"id":12331,"href":"https:\/\/mobilobike.com\/fr\/wp-json\/wp\/v2\/product\/2939\/revisions\/12331"}],"wp:featuredmedia":[{"embeddable":true,"href":"https:\/\/mobilobike.com\/fr\/wp-json\/wp\/v2\/media\/12329"}],"wp:attachment":[{"href":"https:\/\/mobilobike.com\/fr\/wp-json\/wp\/v2\/media?parent=2939"}],"wp:term":[{"taxonomy":"product_cat","embeddable":true,"href":"https:\/\/mobilobike.com\/fr\/wp-json\/wp\/v2\/product_cat?post=2939"},{"taxonomy":"product_tag","embeddable":true,"href":"https:\/\/mobilobike.com\/fr\/wp-json\/wp\/v2\/product_tag?post=2939"}],"curies":[{"name":"wp","href":"https:\/\/api.w.org\/{rel}","templated":true}]}}