{"id":2946,"date":"2025-02-05T13:46:27","date_gmt":"2025-02-05T13:46:27","guid":{"rendered":"https:\/\/mobilobike.com\/?post_type=product&#038;p=2946"},"modified":"2025-07-08T18:31:00","modified_gmt":"2025-07-08T18:31:00","slug":"smartgyro-sg27-389","status":"publish","type":"product","link":"https:\/\/mobilobike.com\/fr\/produit\/smartgyro-sg27-389\/","title":{"rendered":"Smartgyro SG27-389"},"content":{"rendered":"<h2>Pr\u00e9sentation de la Smartgyro SG27-389<\/h2>\n<p>La <strong>trottinette \u00e9lectrique Smartgyro SG27-389<\/strong> est con\u00e7ue pour les passionn\u00e9s de mobilit\u00e9 urbaine \u00e0 la recherche d&rsquo;une solution alliant performance, autonomie et confort. Avec son design moderne et ses caract\u00e9ristiques techniques avanc\u00e9es, elle r\u00e9pond parfaitement aux besoins des utilisateurs exigeants.<\/p>\n<h3>Caract\u00e9ristiques Techniques<\/h3>\n<ul>\n<li><strong>Puissance du moteur :<\/strong> 500 W<\/li>\n<li><strong>Vitesse maximale :<\/strong> 25 km\/h<\/li>\n<li><strong>Autonomie :<\/strong> jusqu&rsquo;\u00e0 50 km<\/li>\n<li><strong>Batterie :<\/strong> 48 V, 13 000 mAh<\/li>\n<li><strong>Roues :<\/strong> pneumatiques de 10 pouces<\/li>\n<li><strong>Poids maximal support\u00e9 :<\/strong> 120 kg<\/li>\n<li><strong>Poids de la trottinette :<\/strong> 21 kg<\/li>\n<li><strong>Suspension :<\/strong> double suspension pour un confort optimal<\/li>\n<li><strong>\u00c9clairage :<\/strong> phare avant LED, feu arri\u00e8re et clignotants<\/li>\n<li><strong>Indice de protection :<\/strong> IPX4 (r\u00e9sistance aux \u00e9claboussures)<\/li>\n<\/ul>\n<h3 class=\"floor-title vtmn-typo_title-4 vtmn-y-0 gt-tablet:vtmn-mt-6 gt-tablet:vtmn-mb-6 title__position--center svelte-kmv775\" tabindex=\"0\" role=\"button\"><span id=\"floor-4346953d-aefe-43d1-aa06-d4564775cf93\" class=\"svelte-kmv775\" role=\"presentation\">Informations techniques<\/span><\/h3>\n<div class=\"floor-content svelte-kmv775\">\n<div class=\"collapse-wrapper svelte-1oe98l6 expandable expanded\">\n<div class=\"content\">\n<div class=\"tech-info vtmn-py-5 svelte-wahzr3\">\n<h3 class=\"vtmn-typo_title-5 vtmn-mt-0 svelte-wahzr3\">type d&rsquo;\u00e9clairage<\/h3>\n<p class=\"vtmn-m-0 vtmn-break-words\">\u00e9clairage de visibilit\u00e9<\/p>\n<\/div>\n<div class=\"tech-info vtmn-py-5 svelte-wahzr3\">\n<h3 class=\"vtmn-typo_title-5 vtmn-mt-0 svelte-wahzr3\">type de commande<\/h3>\n<p class=\"vtmn-m-0 vtmn-break-words\">gachette pouce<\/p>\n<\/div>\n<div class=\"tech-info vtmn-py-5 svelte-wahzr3\">\n<h3 class=\"vtmn-typo_title-5 vtmn-mt-0 svelte-wahzr3\">lieu de pratique<\/h3>\n<p class=\"vtmn-m-0 vtmn-break-words\">ext\u00e9rieur<\/p>\n<\/div>\n<div class=\"tech-info vtmn-py-5 svelte-wahzr3\">\n<h3 class=\"vtmn-typo_title-5 vtmn-mt-0 svelte-wahzr3\">suspension<\/h3>\n<p class=\"vtmn-m-0 vtmn-break-words\">tout suspendu<\/p>\n<\/div>\n<div class=\"tech-info vtmn-py-5 svelte-wahzr3\">\n<h3 class=\"vtmn-typo_title-5 vtmn-mt-0 svelte-wahzr3\">taille de roue<\/h3>\n<p class=\"vtmn-m-0 vtmn-break-words\">10&Prime;<\/p>\n<\/div>\n<div class=\"tech-info vtmn-py-5 svelte-wahzr3\">\n<h3 class=\"vtmn-typo_title-5 vtmn-mt-0 svelte-wahzr3\">poids du sportif<\/h3>\n<p class=\"vtmn-m-0 vtmn-break-words\">poids &lt; 115 kg<\/p>\n<\/div>\n<div class=\"tech-info vtmn-py-5 svelte-wahzr3\">\n<h3 class=\"vtmn-typo_title-5 vtmn-mt-0 svelte-wahzr3\">vitesse maximum<\/h3>\n<p class=\"vtmn-m-0 vtmn-break-words\">25 km\/h<\/p>\n<\/div>\n<div class=\"tech-info vtmn-py-5 svelte-wahzr3\">\n<h3 class=\"vtmn-typo_title-5 vtmn-mt-0 svelte-wahzr3\">autonomie (en km)<\/h3>\n<p class=\"vtmn-m-0 vtmn-break-words\">jusqu&rsquo;\u00e0 50 km<\/p>\n<\/div>\n<div class=\"tech-info vtmn-py-5 svelte-wahzr3\">\n<h3 class=\"vtmn-typo_title-5 vtmn-mt-0 svelte-wahzr3\">capacit\u00e9 de la batterie (en Wh)<\/h3>\n<p class=\"vtmn-m-0 vtmn-break-words\">600 Wh et plus<\/p>\n<\/div>\n<div class=\"tech-info vtmn-py-5 svelte-wahzr3\">\n<h3 class=\"vtmn-typo_title-5 vtmn-mt-0 svelte-wahzr3\">connexion bluetooth<\/h3>\n<p class=\"vtmn-m-0 vtmn-break-words\">avec connexion bluetooth<\/p>\n<\/div>\n<div class=\"tech-info vtmn-py-5 svelte-wahzr3\">\n<h3 class=\"vtmn-typo_title-5 vtmn-mt-0 svelte-wahzr3\">console num\u00e9rique<\/h3>\n<p class=\"vtmn-m-0 vtmn-break-words\">console num\u00e9rique<\/p>\n<\/div>\n<div class=\"tech-info vtmn-py-5 svelte-wahzr3\">\n<h3 class=\"vtmn-typo_title-5 vtmn-mt-0 svelte-wahzr3\">poids (en kg)<\/h3>\n<p class=\"vtmn-m-0 vtmn-break-words\">21 kg<\/p>\n<\/div>\n<div class=\"tech-info vtmn-py-5 svelte-wahzr3\">\n<h3 class=\"vtmn-typo_title-5 vtmn-mt-0 svelte-wahzr3\">type de distance<\/h3>\n<p class=\"vtmn-m-0 vtmn-break-words\">longue distance<\/p>\n<\/div>\n<div class=\"tech-info vtmn-py-5 svelte-wahzr3\">\n<h3 class=\"vtmn-typo_title-5 vtmn-mt-0 svelte-wahzr3\">\u00e9tanch\u00e9it\u00e9 ip<\/h3>\n<p class=\"vtmn-m-0 vtmn-break-words\">IPX4<\/p>\n<\/div>\n<div class=\"tech-info vtmn-py-5 svelte-wahzr3\">\n<h3 class=\"vtmn-typo_title-5 vtmn-mt-0 svelte-wahzr3\">puissance (en watts)<\/h3>\n<p class=\"vtmn-m-0 vtmn-break-words\">800 W<\/p>\n<\/div>\n<div class=\"tech-info vtmn-py-5 svelte-wahzr3\">\n<h3 class=\"vtmn-typo_title-5 vtmn-mt-0 svelte-wahzr3\">\u00e9tat<\/h3>\n<p class=\"vtmn-m-0 vtmn-break-words\">neuf<\/p>\n<\/div>\n<div class=\"tech-info vtmn-py-5 svelte-wahzr3\">\n<h3 class=\"vtmn-typo_title-5 vtmn-mt-0 svelte-wahzr3\">type de roues<\/h3>\n<p class=\"vtmn-m-0 vtmn-break-words\">roues gonflabes<\/p>\n<\/div>\n<div class=\"tech-info vtmn-py-5 svelte-wahzr3\">\n<h3 class=\"vtmn-typo_title-5 vtmn-mt-0 svelte-wahzr3\">type d&rsquo;\u00e9cran<\/h3>\n<p class=\"vtmn-m-0 vtmn-break-words\">LCD<\/p>\n<\/div>\n<div class=\"tech-info vtmn-py-5 svelte-wahzr3\">\n<h3 class=\"vtmn-typo_title-5 vtmn-mt-0 svelte-wahzr3\">nombre de roue<\/h3>\n<p class=\"vtmn-m-0 vtmn-break-words\">2 roues<\/p>\n<\/div>\n<div class=\"tech-info vtmn-py-5 svelte-wahzr3\">\n<h3 class=\"vtmn-typo_title-5 vtmn-mt-0 svelte-wahzr3\">pliable<\/h3>\n<p class=\"vtmn-m-0 vtmn-break-words\">pliable<\/p>\n<\/div>\n<\/div>\n<\/div>\n<\/div>\n<h3>Avantages de la Smartgyro SG27-389<\/h3>\n<p>Cette trottinette se distingue par :<\/p>\n<ul>\n<li>Une <strong>autonomie exceptionnelle<\/strong> permettant de longs trajets sans rechargement fr\u00e9quent.<\/li>\n<li>Un <strong>syst\u00e8me de double suspension<\/strong> assurant une conduite confortable, m\u00eame sur des surfaces irr\u00e9guli\u00e8res.<\/li>\n<li>Des <strong>roues de 10 pouces<\/strong> offrant une meilleure stabilit\u00e9 et une absorption des chocs am\u00e9lior\u00e9e.<\/li>\n<li>Un <strong>syst\u00e8me d&rsquo;\u00e9clairage complet<\/strong> garantissant une visibilit\u00e9 optimale et une s\u00e9curit\u00e9 accrue lors de vos d\u00e9placements nocturnes.<\/li>\n<\/ul>\n<h3>Pourquoi Choisir la Smartgyro SG27-389 ?<\/h3>\n<p>Opter pour la Smartgyro SG27-389, c&rsquo;est choisir une trottinette \u00e9lectrique performante et fiable, id\u00e9ale pour vos trajets quotidiens en ville ou vos balades du week-end. Sa conception robuste et ses fonctionnalit\u00e9s avanc\u00e9es en font un choix judicieux pour tous ceux qui souhaitent allier praticit\u00e9 et plaisir de conduite.<\/p>\n<h3>Conclusion<\/h3>\n<p>La <a href=\"https:\/\/mobile-bike.com\/trottinette-electrique\/\">trottinette<\/a> \u00e9lectrique Smartgyro SG27-389 est une option de choix pour les amateurs de mobilit\u00e9 urbaine souhaitant un v\u00e9hicule performant, confortable et dot\u00e9 d&rsquo;une grande autonomie. N&rsquo;attendez plus pour am\u00e9liorer vos d\u00e9placements quotidiens avec cette trottinette de qualit\u00e9.<\/p>","protected":false},"excerpt":{"rendered":"<p class=\"vtmn-text-base vtmn-mb-0 vtmn-mt-2\">Trottinette \u00c9lectrique Smartgyro SG27-389 500 W 25 km\/h Vert 48 V 13000 mAh<\/p>","protected":false},"featured_media":12332,"comment_status":"open","ping_status":"closed","template":"","meta":{"inline_featured_image":false},"product_cat":[178,176],"product_tag":[],"class_list":{"0":"post-2946","1":"product","2":"type-product","3":"status-publish","4":"has-post-thumbnail","6":"product_cat-pliable-trottinette-electrique","7":"product_cat-trottinette-electrique","9":"first","10":"instock","11":"sale","12":"taxable","13":"shipping-taxable","14":"purchasable","15":"product-type-simple"},"_links":{"self":[{"href":"https:\/\/mobilobike.com\/fr\/wp-json\/wp\/v2\/product\/2946","targetHints":{"allow":["GET"]}}],"collection":[{"href":"https:\/\/mobilobike.com\/fr\/wp-json\/wp\/v2\/product"}],"about":[{"href":"https:\/\/mobilobike.com\/fr\/wp-json\/wp\/v2\/types\/product"}],"replies":[{"embeddable":true,"href":"https:\/\/mobilobike.com\/fr\/wp-json\/wp\/v2\/comments?post=2946"}],"version-history":[{"count":1,"href":"https:\/\/mobilobike.com\/fr\/wp-json\/wp\/v2\/product\/2946\/revisions"}],"predecessor-version":[{"id":12334,"href":"https:\/\/mobilobike.com\/fr\/wp-json\/wp\/v2\/product\/2946\/revisions\/12334"}],"wp:featuredmedia":[{"embeddable":true,"href":"https:\/\/mobilobike.com\/fr\/wp-json\/wp\/v2\/media\/12332"}],"wp:attachment":[{"href":"https:\/\/mobilobike.com\/fr\/wp-json\/wp\/v2\/media?parent=2946"}],"wp:term":[{"taxonomy":"product_cat","embeddable":true,"href":"https:\/\/mobilobike.com\/fr\/wp-json\/wp\/v2\/product_cat?post=2946"},{"taxonomy":"product_tag","embeddable":true,"href":"https:\/\/mobilobike.com\/fr\/wp-json\/wp\/v2\/product_tag?post=2946"}],"curies":[{"name":"wp","href":"https:\/\/api.w.org\/{rel}","templated":true}]}}