{"id":2984,"date":"2025-02-06T10:45:19","date_gmt":"2025-02-06T10:45:19","guid":{"rendered":"https:\/\/mobilobike.com\/?post_type=product&#038;p=2984"},"modified":"2025-07-08T18:31:04","modified_gmt":"2025-07-08T18:31:04","slug":"oxelo-r920e","status":"publish","type":"product","link":"https:\/\/mobilobike.com\/fr\/produit\/oxelo-r920e\/","title":{"rendered":"OXELO R920E"},"content":{"rendered":"<h2>Pr\u00e9sentation de la Trottinette \u00c9lectrique OXELO R920E<\/h2>\n<p>La <strong>trottinette \u00e9lectrique OXELO R920E<\/strong> est con\u00e7ue pour les passionn\u00e9s de mobilit\u00e9 urbaine \u00e0 la recherche d&rsquo;une solution alliant performance, confort et s\u00e9curit\u00e9. Avec ses caract\u00e9ristiques innovantes, elle red\u00e9finit vos trajets quotidiens en ville.<\/p>\n<h3 class=\"floor-title vtmn-typo_title-4 vtmn-y-0 gt-tablet:vtmn-mt-6 gt-tablet:vtmn-mb-6 title__position--center svelte-kmv775\" tabindex=\"0\" role=\"button\"><span id=\"floor-0aeacaf1-a2af-495e-abcf-a1f32381e3d9\" class=\"svelte-kmv775\" role=\"presentation\">Avantages du produit<\/span><\/h3>\n<div class=\"floor-content svelte-kmv775 no-padding\">\n<div class=\"vtmn-flex vtmn-flex-wrap\" role=\"list\">\n<section class=\"benefit vtmn-flex vtmn-justify-center vtmn-items-center vtmn-px-4 vtmn-pt-4 vtmn-pb-6 vtmn-w-full gt-tablet:vtmn-w-2\/5 gt-tablet:vtmn-relative gt-tablet:vtmn-px-0 svelte-1cthpt4\" role=\"listitem\">\n<div class=\"wrapper vtmn-mr-4 svelte-bupr9u\"><img decoding=\"async\" class=\"svelte-11itto\" src=\"https:\/\/contents.mediadecathlon.com\/b81420\/k$6877fc31eddd1a723bca8ee0626fe75a\/sq\/autonomie.jpg?format=auto&amp;f=800x0\" sizes=\"(min-width: 0px) 60px, 100vw\" srcset=\"https:\/\/contents.mediadecathlon.com\/b81420\/k$6877fc31eddd1a723bca8ee0626fe75a\/sq\/autonomie.jpg?format=auto&amp;f=60x60 60w, https:\/\/contents.mediadecathlon.com\/b81420\/k$6877fc31eddd1a723bca8ee0626fe75a\/sq\/autonomie.jpg?format=auto&amp;f=120x120 120w, https:\/\/contents.mediadecathlon.com\/b81420\/k$6877fc31eddd1a723bca8ee0626fe75a\/sq\/autonomie.jpg?format=auto&amp;f=180x180 180w\" alt=\"\" width=\"\" height=\"\" aria-hidden=\"true\" data-broken=\"Image indisponible\" \/><\/div>\n<h3 class=\"item-title review-title vtmn-typo_title-5 vtmn-flex-grow vtmn-order-1 vtmn-m-0 vtmn-text-ellipsis vtmn-overflow-hidden svelte-bupr9u\">autonomie<\/h3>\n<p class=\"vtmn-mt-4 vtmn-mb-0 vtmn-w-full vtmn-order-3 svelte-bupr9u\">Batterie de 345 Wh, pour des trajets jusqu&rsquo;\u00e0 35 km. Vitesse max: 25 Km\/h<\/p>\n<\/section>\n<section class=\"benefit vtmn-flex vtmn-justify-center vtmn-items-center vtmn-px-4 vtmn-pt-4 vtmn-pb-6 vtmn-w-full gt-tablet:vtmn-w-2\/5 gt-tablet:vtmn-relative gt-tablet:vtmn-px-0 svelte-1cthpt4\" role=\"listitem\">\n<div class=\"wrapper vtmn-mr-4 svelte-bupr9u\"><img decoding=\"async\" class=\"svelte-11itto\" src=\"https:\/\/contents.mediadecathlon.com\/b82651\/k$4b1924592d0fbac097edfdf5e7591988\/sq\/puissance.jpg?format=auto&amp;f=800x0\" sizes=\"(min-width: 0px) 60px, 100vw\" srcset=\"https:\/\/contents.mediadecathlon.com\/b82651\/k$4b1924592d0fbac097edfdf5e7591988\/sq\/puissance.jpg?format=auto&amp;f=60x60 60w, https:\/\/contents.mediadecathlon.com\/b82651\/k$4b1924592d0fbac097edfdf5e7591988\/sq\/puissance.jpg?format=auto&amp;f=120x120 120w, https:\/\/contents.mediadecathlon.com\/b82651\/k$4b1924592d0fbac097edfdf5e7591988\/sq\/puissance.jpg?format=auto&amp;f=180x180 180w\" alt=\"\" width=\"\" height=\"\" aria-hidden=\"true\" data-broken=\"Image indisponible\" \/><\/div>\n<h3 class=\"item-title review-title vtmn-typo_title-5 vtmn-flex-grow vtmn-order-1 vtmn-m-0 vtmn-text-ellipsis vtmn-overflow-hidden svelte-bupr9u\">puissance<\/h3>\n<p class=\"vtmn-mt-4 vtmn-mb-0 vtmn-w-full vtmn-order-3 svelte-bupr9u\">Moteur roue arri\u00e8re de 350 W pour monter des pentes jusqu&rsquo; a 15%<\/p>\n<\/section>\n<section class=\"benefit vtmn-flex vtmn-justify-center vtmn-items-center vtmn-px-4 vtmn-pt-4 vtmn-pb-6 vtmn-w-full gt-tablet:vtmn-w-2\/5 gt-tablet:vtmn-relative gt-tablet:vtmn-px-0 svelte-1cthpt4\" role=\"listitem\">\n<div class=\"wrapper vtmn-mr-4 svelte-bupr9u\"><img decoding=\"async\" class=\"svelte-11itto\" src=\"https:\/\/contents.mediadecathlon.com\/b82702\/k$1e99702adf878b91fd849aab68125127\/sq\/amorti.jpg?format=auto&amp;f=800x0\" sizes=\"(min-width: 0px) 60px, 100vw\" srcset=\"https:\/\/contents.mediadecathlon.com\/b82702\/k$1e99702adf878b91fd849aab68125127\/sq\/amorti.jpg?format=auto&amp;f=60x60 60w, https:\/\/contents.mediadecathlon.com\/b82702\/k$1e99702adf878b91fd849aab68125127\/sq\/amorti.jpg?format=auto&amp;f=120x120 120w, https:\/\/contents.mediadecathlon.com\/b82702\/k$1e99702adf878b91fd849aab68125127\/sq\/amorti.jpg?format=auto&amp;f=180x180 180w\" alt=\"\" width=\"\" height=\"\" aria-hidden=\"true\" data-broken=\"Image indisponible\" \/><\/div>\n<h3 class=\"item-title review-title vtmn-typo_title-5 vtmn-flex-grow vtmn-order-1 vtmn-m-0 vtmn-text-ellipsis vtmn-overflow-hidden svelte-bupr9u\">amorti<\/h3>\n<p class=\"vtmn-mt-4 vtmn-mb-0 vtmn-w-full vtmn-order-3 svelte-bupr9u\">Roues increvables alv\u00e9ol\u00e9es pour un maximum de confort et de fiabilit\u00e9<\/p>\n<\/section>\n<section class=\"benefit vtmn-flex vtmn-justify-center vtmn-items-center vtmn-px-4 vtmn-pt-4 vtmn-pb-6 vtmn-w-full gt-tablet:vtmn-w-2\/5 gt-tablet:vtmn-relative gt-tablet:vtmn-px-0 svelte-1cthpt4\" role=\"listitem\">\n<div class=\"wrapper vtmn-mr-4 svelte-bupr9u\"><img decoding=\"async\" class=\"svelte-11itto\" src=\"https:\/\/contents.mediadecathlon.com\/b72606\/k$566d1c4bf08a39381fd921416b935892\/sq\/facilite-dutilisation.jpg?format=auto&amp;f=800x0\" sizes=\"(min-width: 0px) 60px, 100vw\" srcset=\"https:\/\/contents.mediadecathlon.com\/b72606\/k$566d1c4bf08a39381fd921416b935892\/sq\/facilite-dutilisation.jpg?format=auto&amp;f=60x60 60w, https:\/\/contents.mediadecathlon.com\/b72606\/k$566d1c4bf08a39381fd921416b935892\/sq\/facilite-dutilisation.jpg?format=auto&amp;f=120x120 120w, https:\/\/contents.mediadecathlon.com\/b72606\/k$566d1c4bf08a39381fd921416b935892\/sq\/facilite-dutilisation.jpg?format=auto&amp;f=180x180 180w\" alt=\"\" width=\"\" height=\"\" aria-hidden=\"true\" data-broken=\"Image indisponible\" \/><\/div>\n<h3 class=\"item-title review-title vtmn-typo_title-5 vtmn-flex-grow vtmn-order-1 vtmn-m-0 vtmn-text-ellipsis vtmn-overflow-hidden svelte-bupr9u\">facilit\u00e9 d&rsquo;utilisation<\/h3>\n<p class=\"vtmn-mt-4 vtmn-mb-0 vtmn-w-full vtmn-order-3 svelte-bupr9u\">Un \u00e9cran int\u00e9gr\u00e9 indiquant toutes les informations n\u00e9cessaires \u00e0 la conduite.<\/p>\n<\/section>\n<section class=\"benefit vtmn-flex vtmn-justify-center vtmn-items-center vtmn-px-4 vtmn-pt-4 vtmn-pb-6 vtmn-w-full gt-tablet:vtmn-w-2\/5 gt-tablet:vtmn-relative gt-tablet:vtmn-px-0 svelte-1cthpt4\" role=\"listitem\">\n<div class=\"wrapper vtmn-mr-4 svelte-bupr9u\"><img decoding=\"async\" class=\"svelte-11itto\" src=\"https:\/\/contents.mediadecathlon.com\/b72607\/k$1b52f40718179794e388fc7db7fa9002\/sq\/puissance-de-freinage.jpg?format=auto&amp;f=800x0\" sizes=\"(min-width: 0px) 60px, 100vw\" srcset=\"https:\/\/contents.mediadecathlon.com\/b72607\/k$1b52f40718179794e388fc7db7fa9002\/sq\/puissance-de-freinage.jpg?format=auto&amp;f=60x60 60w, https:\/\/contents.mediadecathlon.com\/b72607\/k$1b52f40718179794e388fc7db7fa9002\/sq\/puissance-de-freinage.jpg?format=auto&amp;f=120x120 120w, https:\/\/contents.mediadecathlon.com\/b72607\/k$1b52f40718179794e388fc7db7fa9002\/sq\/puissance-de-freinage.jpg?format=auto&amp;f=180x180 180w\" alt=\"\" width=\"\" height=\"\" aria-hidden=\"true\" data-broken=\"Image indisponible\" \/><\/div>\n<h3 class=\"item-title review-title vtmn-typo_title-5 vtmn-flex-grow vtmn-order-1 vtmn-m-0 vtmn-text-ellipsis vtmn-overflow-hidden svelte-bupr9u\">puissance de freinage<\/h3>\n<p class=\"vtmn-mt-4 vtmn-mb-0 vtmn-w-full vtmn-order-3 svelte-bupr9u\">frein tambour int\u00e9gr\u00e9 dans la roue arri\u00e8re pour garantir votre s\u00e9curit\u00e9<\/p>\n<\/section>\n<section class=\"benefit vtmn-flex vtmn-justify-center vtmn-items-center vtmn-px-4 vtmn-pt-4 vtmn-pb-6 vtmn-w-full gt-tablet:vtmn-w-2\/5 gt-tablet:vtmn-relative gt-tablet:vtmn-px-0 svelte-1cthpt4\" role=\"listitem\">\n<div class=\"wrapper vtmn-mr-4 svelte-bupr9u\"><img decoding=\"async\" class=\"svelte-11itto\" src=\"https:\/\/contents.mediadecathlon.com\/b82694\/k$e06feb2ea41b9670c1bf4067cdfd2ed4\/sq\/poids.jpg?format=auto&amp;f=800x0\" sizes=\"(min-width: 0px) 60px, 100vw\" srcset=\"https:\/\/contents.mediadecathlon.com\/b82694\/k$e06feb2ea41b9670c1bf4067cdfd2ed4\/sq\/poids.jpg?format=auto&amp;f=60x60 60w, https:\/\/contents.mediadecathlon.com\/b82694\/k$e06feb2ea41b9670c1bf4067cdfd2ed4\/sq\/poids.jpg?format=auto&amp;f=120x120 120w, https:\/\/contents.mediadecathlon.com\/b82694\/k$e06feb2ea41b9670c1bf4067cdfd2ed4\/sq\/poids.jpg?format=auto&amp;f=180x180 180w\" alt=\"\" width=\"\" height=\"\" aria-hidden=\"true\" data-broken=\"Image indisponible\" \/><\/div>\n<h3 class=\"item-title review-title vtmn-typo_title-5 vtmn-flex-grow vtmn-order-1 vtmn-m-0 vtmn-text-ellipsis vtmn-overflow-hidden svelte-bupr9u\">poids<\/h3>\n<p class=\"vtmn-mt-4 vtmn-mb-0 vtmn-w-full vtmn-order-3 svelte-bupr9u\">Poids : 14,8 kg.<\/p>\n<\/section>\n<section class=\"benefit vtmn-flex vtmn-justify-center vtmn-items-center vtmn-px-4 vtmn-pt-4 vtmn-pb-6 vtmn-w-full gt-tablet:vtmn-w-2\/5 gt-tablet:vtmn-relative gt-tablet:vtmn-px-0 svelte-1cthpt4\" role=\"listitem\">\n<div class=\"wrapper vtmn-mr-4 svelte-bupr9u\"><img decoding=\"async\" class=\"svelte-11itto\" src=\"https:\/\/contents.mediadecathlon.com\/b82708\/k$b5ea44ef520f112685af7220e9725876\/sq\/etancheite.jpg?format=auto&amp;f=800x0\" sizes=\"(min-width: 0px) 60px, 100vw\" srcset=\"https:\/\/contents.mediadecathlon.com\/b82708\/k$b5ea44ef520f112685af7220e9725876\/sq\/etancheite.jpg?format=auto&amp;f=60x60 60w, https:\/\/contents.mediadecathlon.com\/b82708\/k$b5ea44ef520f112685af7220e9725876\/sq\/etancheite.jpg?format=auto&amp;f=120x120 120w, https:\/\/contents.mediadecathlon.com\/b82708\/k$b5ea44ef520f112685af7220e9725876\/sq\/etancheite.jpg?format=auto&amp;f=180x180 180w\" alt=\"\" width=\"\" height=\"\" aria-hidden=\"true\" data-broken=\"Image indisponible\" \/><\/div>\n<h3 class=\"item-title review-title vtmn-typo_title-5 vtmn-flex-grow vtmn-order-1 vtmn-m-0 vtmn-text-ellipsis vtmn-overflow-hidden svelte-bupr9u\">\u00e9tanch\u00e9it\u00e9<\/h3>\n<p class=\"vtmn-mt-4 vtmn-mb-0 vtmn-w-full vtmn-order-3 svelte-bupr9u\">La trottinette \u00e9lectrique R920E dispose d&rsquo;un indice de protection IPX4<\/p>\n<h3 class=\"floor-title vtmn-typo_title-4 vtmn-y-0 gt-tablet:vtmn-mt-6 gt-tablet:vtmn-mb-6 title__position--center svelte-kmv775\" tabindex=\"0\" role=\"button\"><span id=\"floor-72279cc5-74f5-4204-a200-34f78e789c70\" class=\"svelte-kmv775\" role=\"presentation\">Informations techniques de OXELO R920E<\/span><\/h3>\n<div class=\"floor-content svelte-kmv775\">\n<div class=\"collapse-wrapper svelte-1oe98l6 expandable expanded\">\n<div class=\"content\">\n<div class=\"tech-info vtmn-py-5 svelte-wahzr3\">\n<h3 class=\"vtmn-typo_title-5 vtmn-mt-0 svelte-wahzr3\">Une batterie de qualit\u00e9 pour vous assurer d&rsquo;arriver \u00e0 destination !<\/h3>\n<p class=\"vtmn-m-0 vtmn-break-words\">Pour cette R920E, notre concepteur Nicolas a choisi une batterie 36 V 9,6 Ah et d&rsquo;une capacit\u00e9 de 345 Wh. Elle est constitu\u00e9e de cellules de marque LG, synonymes de fiabilit\u00e9.<br \/>\nTemps de charge : 5h.<\/p>\n<\/div>\n<div class=\"tech-info vtmn-py-5 svelte-wahzr3\">\n<h3 class=\"vtmn-typo_title-5 vtmn-mt-0 svelte-wahzr3\">Quelle distance vais-je donc pouvoir parcourir ?<\/h3>\n<p class=\"vtmn-m-0 vtmn-break-words\">Chaque fabriquant ayant son propre protocole de mesure d&rsquo; autonomie, il est important de regarder la capacit\u00e9 de la batterie en Wh pour comparer les diff\u00e9rents mod\u00e8les.<br \/>\nPlusieurs crit\u00e8res vont influer sur l&rsquo;autonomie : le poids de l&rsquo;utilisateur, la duret\u00e9 des roues, le vent, le d\u00e9nivel\u00e9, la temp\u00e9rature ext\u00e9rieure &#8230;<br \/>\nLa R920E d\u00e9livre une autonomie maximale de 35 km pour un utilisateur de 65kg, sur sol plat, \u00e0 une vitesse constante de 15km\/h en mode ECO.<\/p>\n<\/div>\n<div class=\"tech-info vtmn-py-5 svelte-wahzr3\">\n<h3 class=\"vtmn-typo_title-5 vtmn-mt-0 svelte-wahzr3\">Un moteur Brushless de 350W, pour franchir des pentes jusqu&rsquo;a 15%<\/h3>\n<p class=\"vtmn-m-0 vtmn-break-words\">R\u00e9gis, ing\u00e9nieur produit, a retenu pour la R 920 E un moteur Brushless d&rsquo;une puissance nominale de 350W.<br \/>\nLa puissance maximale d\u00e9livr\u00e9e par ce moteur sera de 430W.<br \/>\nCe sont ces deux crit\u00e8res que vous devez prendre en compte lors du choix de votre trottinette.<br \/>\nVotre trottinette \u00e9lectrique R920E vous permettra de franchir des pentes jusqu&rsquo;\u00e0 15% lors de vos trajets.<\/p>\n<\/div>\n<div class=\"tech-info vtmn-py-5 svelte-wahzr3\">\n<h3 class=\"vtmn-typo_title-5 vtmn-mt-0 svelte-wahzr3\">Roulez sereinement et confortablement gr\u00e2ce aux grandes roues increvables alv\u00e9ol\u00e9es.<\/h3>\n<p class=\"vtmn-m-0 vtmn-break-words\">Aucun risque de crevaison lors de vos trajets en ville gr\u00e2ce aux deux grandes roues pleines increvables et alv\u00e9ol\u00e9es.<br \/>\nLa grande roue avant de 250 mm apporte confort, stabilit\u00e9 et capacit\u00e9 de franchissement. Elle vous facilitera le passage d&rsquo;obstacles comme les bordures et les asp\u00e9rit\u00e9s de la route.<br \/>\nVous pourrez \u00e9galement compter sur sa suspension avant et son grip plateau pour vous assurer un confort optimal lors de vos d\u00e9placements.<\/p>\n<\/div>\n<div class=\"tech-info vtmn-py-5 svelte-wahzr3\">\n<h3 class=\"vtmn-typo_title-5 vtmn-mt-0 svelte-wahzr3\">Suivez les informations de l&rsquo;\u00e9cran de contr\u00f4le en un clin d\u2019\u0153il !<\/h3>\n<p class=\"vtmn-m-0 vtmn-break-words\">Nous avons choisi d&rsquo;int\u00e9grer un \u00e9cran intuitif dans la potence afin que vous puissiez avoir toutes les informations n\u00e9cessaires.<\/p>\n<p>Vous y retrouverez :<br \/>\n&#8211; l&rsquo;heure<br \/>\n&#8211; la vitesse<br \/>\n&#8211; le mode de conduite<br \/>\n&#8211; l\u2019autonomie restante en pourcentage et en km<br \/>\n&#8211; la distance totale parcourue<br \/>\n&#8211; le niveau de charge<\/p>\n<p>Vous disposez \u00e9galement de quatre boutons pour activer l&rsquo;\u00e9clairage, faire d\u00e9filer les informations, changer de mode et allumer ou \u00e9teindre votre trottinette.<\/p>\n<\/div>\n<div class=\"tech-info vtmn-py-5 svelte-wahzr3\">\n<h3 class=\"vtmn-typo_title-5 vtmn-mt-0 svelte-wahzr3\">Maitrisez votre vitesse avec le frein tambour !<\/h3>\n<p class=\"vtmn-m-0 vtmn-break-words\">Vous pouvez compter sur le frein tambour int\u00e9gr\u00e9 dans la roue arri\u00e8re pour garantir votre s\u00e9curit\u00e9. C&rsquo;est un frein m\u00e9canique fiable, progressif et durable, qui demande peu d&rsquo;entretien.<br \/>\nIl est facilement accessible depuis le levier situ\u00e9 sur la poign\u00e9e droite du guidon.<\/p>\n<\/div>\n<div class=\"tech-info vtmn-py-5 svelte-wahzr3\">\n<h3 class=\"vtmn-typo_title-5 vtmn-mt-0 svelte-wahzr3\">Adaptez votre vitesse en fonction de votre parcours !<\/h3>\n<p class=\"vtmn-m-0 vtmn-break-words\">Adaptez-vous facilement \u00e0 votre environnement \u00e0 l&rsquo;aide des quatre modes de vitesse :<\/p>\n<p>&#8211; le mode pi\u00e9ton (WALK) qui permet d&rsquo;aller jusqu\u2019\u00e0 6 km\/h.<br \/>\n&#8211; le mode ECO qui vous emm\u00e8nera jusqu\u2019\u00e0 15 km\/h et qui maximisera votre autonomie.<br \/>\n&#8211; le mode DRIVE pour vous propulser \u00e0 20 km\/h.<br \/>\n&#8211; le mode SPORT pour une vitesse maximale de 25 km\/h.<\/p>\n<p>Le changement de mode va vous permettre de g\u00e9rer votre consommation \u00e9lectrique, et de l&rsquo;ajuster en fonction de la distance \u00e0 parcourir.<\/p>\n<\/div>\n<div class=\"tech-info vtmn-py-5 svelte-wahzr3\">\n<h3 class=\"vtmn-typo_title-5 vtmn-mt-0 svelte-wahzr3\">A quoi sert le QR situ\u00e9 sous la potence ?<\/h3>\n<p class=\"vtmn-m-0 vtmn-break-words\">Ce QR code, nous permettra de rester en contact avec vous apr\u00e8s l&rsquo;achat de votre trottinette.<br \/>\nScannez le pour retrouver toutes les informations et les services associ\u00e9s \u00e0 la R920E (vid\u00e9o unboxing, assurance, SAV &#8230;)<\/p>\n<\/div>\n<div class=\"tech-info vtmn-py-5 svelte-wahzr3\">\n<h3 class=\"vtmn-typo_title-5 vtmn-mt-0 svelte-wahzr3\">Pliez et d\u00e9pliez facilement votre trottinette \u00e9lectrique.<\/h3>\n<p class=\"vtmn-m-0 vtmn-break-words\">Que ce soit chez vous, au bureau ou m\u00eame dans les transports en commun, le double syst\u00e8me de pliage vous permettra d&rsquo;optimiser son encombrement.<br \/>\nUn premier syst\u00e8me de pliage au dessus de la suspension vous permettra de plier votre trottinette en deux. Et enfin, le syst\u00e8me easy handle vous permettra de rabattre les poign\u00e9es rapidement.<\/p>\n<p>Dimensions : 1084x530x1152mm.<br \/>\nDimensions pli\u00e9e : 1084x1800x496mm.<br \/>\nPoids : 15 kg.<\/p>\n<\/div>\n<div class=\"tech-info vtmn-py-5 svelte-wahzr3\">\n<h3 class=\"vtmn-typo_title-5 vtmn-mt-0 svelte-wahzr3\">Assurez votre s\u00e9curit\u00e9 en \u00e9tant visible des autres usagers de la route !<\/h3>\n<p class=\"vtmn-m-0 vtmn-break-words\">Pour assurer votre s\u00e9curit\u00e9, la R920E est \u00e9quip\u00e9e de deux \u00e9clairages:<br \/>\nUne lampe \u00e0 l&rsquo;avant int\u00e9gr\u00e9e dans la potence vous permettra de voir et d&rsquo;\u00eatre vu. Elle d\u00e9veloppe une puissance de 5,5 lux.<br \/>\nUn deuxi\u00e8me \u00e9clairage log\u00e9 dans le garde-boue arri\u00e8re vous permettra d&rsquo;\u00eatre visible, mais aussi de pr\u00e9venir les autres usagers en cas de freinage.<br \/>\nEt enfin, des catadioptres situ\u00e9s \u00e0 l&rsquo;avant, \u00e0 l&rsquo;arri\u00e8re et sur les c\u00f4t\u00e9s vous permettront d&rsquo;am\u00e9liorer votre visibilit\u00e9.<\/p>\n<\/div>\n<div class=\"tech-info vtmn-py-5 svelte-wahzr3\">\n<h3 class=\"vtmn-typo_title-5 vtmn-mt-0 svelte-wahzr3\">Comment entretenir la batterie de la trottinette \u00e9lectrique ?<\/h3>\n<p class=\"vtmn-m-0 vtmn-break-words\">Vous pouvez charger la batterie quand bon vous semble. Il n&rsquo;est pas n\u00e9cessaire d&rsquo;attendre qu&rsquo;elle soit vide pour la recharger.<br \/>\nIl faut d&rsquo;ailleurs \u00e9viter de la stocker vide.<br \/>\nSi vous ne comptez pas utiliser votre trottinette dans les prochaines semaines, nous vous conseillons de la stocker charg\u00e9e \u00e0 70%, et de la recharger tous les 3 mois.<br \/>\nCela permettra d&rsquo;allonger sa dur\u00e9e de vie jusqu&rsquo;\u00e0 500 cycles complets, et d&rsquo;\u00e9viter de la faire tomber en d\u00e9charge profonde et de la rendre inutilisable.<\/p>\n<\/div>\n<div class=\"tech-info vtmn-py-5 svelte-wahzr3\">\n<h3 class=\"vtmn-typo_title-5 vtmn-mt-0 svelte-wahzr3\">Comment entretenir votre trottinette \u00e9lectrique ?<\/h3>\n<p class=\"vtmn-m-0 vtmn-break-words\">Nous vous conseillons de contr\u00f4ler avant et apr\u00e8s chaque sortie l&rsquo;\u00e9tat de votre trottinette, de v\u00e9rifier toute absence de jeu anormal, fissures ou ar\u00eates vives.<br \/>\nLes roues et roulements sont des pi\u00e8ces d&rsquo;usure, pensez \u00e0 les contr\u00f4ler \u00e9galement et \u00e0 les changer si besoin.<\/p>\n<p>Nos ateliers sont \u00e0 votre disposition pour fournir les pi\u00e8ces d\u00e9tach\u00e9es et les prestations n\u00e9cessaires \u00e0 l&rsquo;entretien et \u00e0 la r\u00e9paration de votre produit.<\/p>\n<\/div>\n<div class=\"tech-info vtmn-py-5 svelte-wahzr3\">\n<h3 class=\"vtmn-typo_title-5 vtmn-mt-0 svelte-wahzr3\">Qui con\u00e7oit les produits Oxelo trottinette ?<\/h3>\n<p class=\"vtmn-m-0 vtmn-break-words\">OXELO, c&rsquo;est une \u00e9quipe de passionn\u00e9\u00b7e\u00b7s qui travaille sur le d\u00e9veloppement de produits d\u00e9di\u00e9s \u00e0 l&rsquo;univers de la trottinette. L&rsquo;ensemble de la gamme est con\u00e7ue pour r\u00e9pondre aux attentes d&rsquo;une mobilit\u00e9 douce et dynamique, que vous soyez d\u00e9butant, initi\u00e9, adulte ou enfant, pratiquant occasionnel ou r\u00e9gulier.<br \/>\nNotre objectif : vous permettre de prendre un maximum de plaisir lors de vos d\u00e9placements.<\/p>\n<\/div>\n<div class=\"tech-info vtmn-py-5 svelte-wahzr3\">\n<h3 class=\"vtmn-typo_title-5 vtmn-mt-0 svelte-wahzr3\">Saviez vous que tous les produits Oxelo sont test\u00e9s en laboratoire et en conditions d\u2019usage ?<\/h3>\n<p class=\"vtmn-m-0 vtmn-break-words\">Notre \u00e9quipe de concepteurs travaille en immersion dans notre centre de d\u00e9veloppement et de pratique, bas\u00e9 au Btwin village dans le Nord de la France. Elle recherche en permanence \u00e0 am\u00e9liorer la fiabilit\u00e9, la r\u00e9sistance et le confort de nos trottinettes. Tous nos produits sont con\u00e7us avec des composants dont nous validons la qualit\u00e9. 100% des mod\u00e8les sont test\u00e9s en laboratoire puis en situation r\u00e9elle pendant plusieurs semaines et \u00e9voluent gr\u00e2ce \u00e0 vos avis.<\/p>\n<\/div>\n<div class=\"tech-info vtmn-py-5 svelte-wahzr3\">\n<h3 class=\"vtmn-typo_title-5 vtmn-mt-0 svelte-wahzr3\">Est ce que la R920E peut rouler sous la pluie ?<\/h3>\n<p class=\"vtmn-m-0 vtmn-break-words\">La trottinette \u00e9lectrique R920E dispose d&rsquo;un indice de protection IPX4, cet indice vous informe que votre produit est prot\u00e9g\u00e9 contre les poussi\u00e8res et les \u00e9claboussures comme les flaques d\u2019eau. La pratique sous la pluie est d\u00e9conseill\u00e9e.<\/p>\n<\/div>\n<div class=\"tech-info vtmn-py-5 svelte-wahzr3\">\n<h3 class=\"vtmn-typo_title-5 vtmn-mt-0 svelte-wahzr3\">O\u00f9 faire r\u00e9parer ma trottinette \u00e9lectrique R920E ?<\/h3>\n<p class=\"vtmn-m-0 vtmn-break-words\">Vous pouvez venir faire r\u00e9parer votre trottinette \u00e9lectrique Oxelo dans chaque atelier D\u00e9cathlon.<br \/>\nVous pouvez \u00e9galement retrouver les pi\u00e8ces d\u00e9tach\u00e9es de votre trottinette \u00e9lectrique sur notre site internet.<\/p>\n<\/div>\n<div class=\"tech-info vtmn-py-5 svelte-wahzr3\">\n<h3 class=\"vtmn-typo_title-5 vtmn-mt-0 svelte-wahzr3\">Garantie<\/h3>\n<p class=\"vtmn-m-0 vtmn-break-words\">1 an pour la batterie.<br \/>\n2 ans sauf pi\u00e8ces d&rsquo;usure (roues, roulements, grip, poign\u00e9es, freins).<\/p>\n<\/div>\n<div class=\"tech-info vtmn-py-5 svelte-wahzr3\">\n<h3 class=\"vtmn-typo_title-5 vtmn-mt-0 svelte-wahzr3\">Poids<\/h3>\n<p class=\"vtmn-m-0 vtmn-break-words\">15 kg<\/p>\n<\/div>\n<\/div>\n<\/div>\n<\/div>\n<\/section>\n<\/div>\n<\/div>\n<h3>Pourquoi Choisir la OXELO R920E ?<\/h3>\n<p>La trottinette \u00e9lectrique OXELO R920E est le choix id\u00e9al pour les amateurs de mobilit\u00e9 urbaine souhaitant une solution performante, confortable et s\u00e9curis\u00e9e. Que vous soyez d\u00e9butant ou utilisateur r\u00e9gulier, elle r\u00e9pondra \u00e0 vos attentes pour des d\u00e9placements quotidiens agr\u00e9ables et efficaces.<\/p>\n<p>&nbsp;<\/p>","protected":false},"excerpt":{"rendered":"<p class=\"vtmn-text-base vtmn-mt-2\">\u00a0Une trottinette \u00e9lectrique fiable et r\u00e9sistante, pour votre usage quotidien en ville avec une autonomie jusqu&rsquo;\u00e0 35km.<\/p>\n<p class=\"vtmn-text-base vtmn-mt-2\">Soyez \u00e0 l&rsquo;heure ! La R920E, avec son autonomie de 35 km et sa vitesse max de 25 km\/h, va vous faire red\u00e9couvrir la ville et vous faire oublier les embouteillages !<\/p>","protected":false},"featured_media":12348,"comment_status":"open","ping_status":"closed","template":"","meta":{"inline_featured_image":false},"product_cat":[178,176],"product_tag":[],"class_list":{"0":"post-2984","1":"product","2":"type-product","3":"status-publish","4":"has-post-thumbnail","6":"product_cat-pliable-trottinette-electrique","7":"product_cat-trottinette-electrique","9":"first","10":"instock","11":"taxable","12":"shipping-taxable","13":"purchasable","14":"product-type-simple"},"_links":{"self":[{"href":"https:\/\/mobilobike.com\/fr\/wp-json\/wp\/v2\/product\/2984","targetHints":{"allow":["GET"]}}],"collection":[{"href":"https:\/\/mobilobike.com\/fr\/wp-json\/wp\/v2\/product"}],"about":[{"href":"https:\/\/mobilobike.com\/fr\/wp-json\/wp\/v2\/types\/product"}],"replies":[{"embeddable":true,"href":"https:\/\/mobilobike.com\/fr\/wp-json\/wp\/v2\/comments?post=2984"}],"version-history":[{"count":1,"href":"https:\/\/mobilobike.com\/fr\/wp-json\/wp\/v2\/product\/2984\/revisions"}],"predecessor-version":[{"id":12349,"href":"https:\/\/mobilobike.com\/fr\/wp-json\/wp\/v2\/product\/2984\/revisions\/12349"}],"wp:featuredmedia":[{"embeddable":true,"href":"https:\/\/mobilobike.com\/fr\/wp-json\/wp\/v2\/media\/12348"}],"wp:attachment":[{"href":"https:\/\/mobilobike.com\/fr\/wp-json\/wp\/v2\/media?parent=2984"}],"wp:term":[{"taxonomy":"product_cat","embeddable":true,"href":"https:\/\/mobilobike.com\/fr\/wp-json\/wp\/v2\/product_cat?post=2984"},{"taxonomy":"product_tag","embeddable":true,"href":"https:\/\/mobilobike.com\/fr\/wp-json\/wp\/v2\/product_tag?post=2984"}],"curies":[{"name":"wp","href":"https:\/\/api.w.org\/{rel}","templated":true}]}}