{"id":3014,"date":"2025-02-07T13:46:31","date_gmt":"2025-02-07T13:46:31","guid":{"rendered":"https:\/\/mobilobike.com\/?post_type=product&#038;p=3014"},"modified":"2025-07-08T18:31:09","modified_gmt":"2025-07-08T18:31:09","slug":"artemis","status":"publish","type":"product","link":"https:\/\/mobilobike.com\/fr\/produit\/artemis\/","title":{"rendered":"Artemis"},"content":{"rendered":"<h2 class=\"hover:duration-80 duration-800 mb-2 mt-6 w-fit cursor-pointer text-lg underline decoration-textOff\/25 decoration-1 underline-offset-[5px] hover:text-super hover:decoration-super\/80 hover:underline-offset-[7px] dark:decoration-textOffDark\/30 dark:hover:text-superDark dark:hover:decoration-superDark\/80 transition-all first:mt-3 motion-reduce:transition-none\" data-state=\"closed\">Le Tricycle \u00c9lectrique Artemis<\/h2>\n<p><span class=\"\">Le\u00a0<\/span><span class=\"\"><strong>tricycle \u00e9lectrique Artemis<\/strong><\/span><span class=\"\">\u00a0est bien plus qu\u2019un simple moyen de transport. Con\u00e7u pour offrir une exp\u00e9rience de conduite unique, il allie \u00e9l\u00e9gance, performance et praticit\u00e9. Que vous soyez un amateur de v\u00e9los \u00e9lectriques ou \u00e0 la recherche d\u2019une solution de mobilit\u00e9 stable et confortable, l\u2019Artemis saura r\u00e9pondre \u00e0 vos attentes.<\/span><\/p>\n<h2 class=\"hover:duration-80 duration-800 mb-2 mt-6 w-fit cursor-pointer text-lg underline decoration-textOff\/25 decoration-1 underline-offset-[5px] hover:text-super hover:decoration-super\/80 hover:underline-offset-[7px] dark:decoration-textOffDark\/30 dark:hover:text-superDark dark:hover:decoration-superDark\/80 transition-all first:mt-3 motion-reduce:transition-none\" data-state=\"closed\"><strong>Un Design Neo-R\u00e9tro S\u00e9duisant<\/strong><\/h2>\n<p><span class=\"\">Le tricycle \u00e9lectrique Artemis se distingue par son design\u00a0<\/span><span class=\"\"><strong>neo-r\u00e9tro<\/strong><\/span><span class=\"\">, m\u00e9langeant des lignes modernes et des touches vintage. Disponible en plusieurs coloris (bleu lagon, gris brun et tangerine), il s\u2019int\u00e8gre parfaitement dans un style urbain \u00e9l\u00e9gant tout en restant fonctionnel. Ce look unique attire les regards tout en refl\u00e9tant la qualit\u00e9 de fabrication du cadre robuste et bien pens\u00e9<\/span><span class=\"\"><span class=\"whitespace-nowrap\">.<\/span><\/span><\/p>\n<h2 class=\"hover:duration-80 duration-800 mb-2 mt-6 w-fit cursor-pointer text-lg underline decoration-textOff\/25 decoration-1 underline-offset-[5px] hover:text-super hover:decoration-super\/80 hover:underline-offset-[7px] dark:decoration-textOffDark\/30 dark:hover:text-superDark dark:hover:decoration-superDark\/80 transition-all first:mt-3 motion-reduce:transition-none\" data-state=\"closed\"><strong>Performance et Assistance \u00c9lectrique Optimis\u00e9e<\/strong><\/h2>\n<p><span class=\"\">\u00c9quip\u00e9 d\u2019un moteur sans balai 8Fun de 250 W, l\u2019Artemis offre une assistance au p\u00e9dalage fluide et efficace. Ce moteur \u00ab\u00a0r\u00e9duct\u00e9\u00a0\u00bb \u00e0 mouvement plan\u00e9taire garantit une mont\u00e9e en puissance progressive et un couple multipli\u00e9 par cinq, id\u00e9al pour affronter les pentes ou les vents contraires<\/span><span class=\"\"><span class=\"whitespace-nowrap\">.<\/span><\/span><span class=\"\">\u00a0Gr\u00e2ce \u00e0 ses cinq niveaux d\u2019assistance, vous pouvez adapter votre effort selon vos besoins, que ce soit pour une balade relaxante ou un trajet plus exigeant.<\/span><span class=\"\">L\u2019autonomie varie selon la batterie choisie, allant jusqu\u2019\u00e0\u00a0<\/span><span class=\"\"><strong>45 kilom\u00e8tres<\/strong><\/span><span class=\"\">, ce qui en fait une option parfaite pour les trajets quotidiens ou les longues promenades<\/span><span class=\"\"><span class=\"whitespace-nowrap\">.<\/span><\/span><span class=\"\">\u00a0De plus, son \u00e9cran LCD intuitif permet de surveiller en temps r\u00e9el le niveau de batterie, la vitesse et le mode d\u2019assistance s\u00e9lectionn\u00e9.<\/span><\/p>\n<h2 class=\"hover:duration-80 duration-800 mb-2 mt-6 w-fit cursor-pointer text-lg underline decoration-textOff\/25 decoration-1 underline-offset-[5px] hover:text-super hover:decoration-super\/80 hover:underline-offset-[7px] dark:decoration-textOffDark\/30 dark:hover:text-superDark dark:hover:decoration-superDark\/80 transition-all first:mt-3 motion-reduce:transition-none\" data-state=\"closed\"><strong>Confort et Ergonomie<\/strong><\/h2>\n<p><span class=\"\">Le confort est au c\u0153ur du design de l\u2019Artemis. Avec sa position de conduite droite, ses poign\u00e9es ergonomiques et son si\u00e8ge r\u00e9glable, il offre une exp\u00e9rience agr\u00e9able m\u00eame sur de longues distances. Les pneus ballons absorbent efficacement les chocs pour garantir une conduite douce sur tous types de terrains<\/span><span class=\"\"><span class=\"whitespace-nowrap\">. <\/span><\/span><span class=\"\">Cependant, certains utilisateurs ont not\u00e9 que la selle pourrait \u00eatre plus moelleuse pour un confort optimal lors des trajets prolong\u00e9s. Malgr\u00e9 cela, l\u2019Artemis reste un mod\u00e8le appr\u00e9ci\u00e9 pour sa maniabilit\u00e9 et sa stabilit\u00e9 exceptionnelle<\/span><span class=\"\"><span class=\"whitespace-nowrap\">.<\/span><\/span><\/p>\n<h2 class=\"hover:duration-80 duration-800 mb-2 mt-6 w-fit cursor-pointer text-lg underline decoration-textOff\/25 decoration-1 underline-offset-[5px] hover:text-super hover:decoration-super\/80 hover:underline-offset-[7px] dark:decoration-textOffDark\/30 dark:hover:text-superDark dark:hover:decoration-superDark\/80 transition-all first:mt-3 motion-reduce:transition-none\" data-state=\"closed\"><strong>S\u00e9curit\u00e9 et Stabilit\u00e9<\/strong><\/h2>\n<p><span class=\"\">La conception \u00e0 trois roues assure une stabilit\u00e9 in\u00e9gal\u00e9e, id\u00e9ale pour les personnes ayant des probl\u00e8mes d\u2019\u00e9quilibre ou recherchant une s\u00e9curit\u00e9 accrue sur la route. Contrairement aux v\u00e9los classiques, le tricycle Artemis permet de s\u2019arr\u00eater sans poser les pieds au sol, rendant chaque arr\u00eat plus pratique et s\u00fbr<\/span><span class=\"\"><span class=\"whitespace-nowrap\">.<\/span><\/span><\/p>\n<h2 class=\"hover:duration-80 duration-800 mb-2 mt-6 w-fit cursor-pointer text-lg underline decoration-textOff\/25 decoration-1 underline-offset-[5px] hover:text-super hover:decoration-super\/80 hover:underline-offset-[7px] dark:decoration-textOffDark\/30 dark:hover:text-superDark dark:hover:decoration-superDark\/80 transition-all first:mt-3 motion-reduce:transition-none\" data-state=\"closed\"><strong>Un Mode de Transport \u00c9cologique<\/strong><\/h2>\n<p><span class=\"\">En optant pour le tricycle \u00e9lectrique Artemis, vous r\u00e9duisez votre empreinte carbone tout en adoptant un mode de transport \u00e9conomique. Sans carburant ni \u00e9missions polluantes, il constitue une alternative respectueuse de l\u2019environnement aux v\u00e9hicules motoris\u00e9s traditionnels<\/span><span class=\"\"><span class=\"whitespace-nowrap\">.<\/span><\/span><\/p>\n<p>&nbsp;<\/p>\n<div class=\"highlight card col-6 col-sm-4 col-lg-3\">\n<div class=\"card-block\"><img loading=\"lazy\" decoding=\"async\" class=\"card-img-top\" src=\"https:\/\/www.bikelec.fr\/media\/highlights\/artemis\/motor-central-bafang-triciclo.jpg\" alt=\"Artemis - Moteur Central Bafang\" width=\"300\" height=\"200\" \/><\/p>\n<h3 class=\"card-title\">Moteur Central Bafang<\/h3>\n<p class=\"card-text\">Puissant, durable et extr\u00eamement efficace. Mod\u00e8les M-510 (250W\/95Nm) et M-600 (500W\/120Nm) disponibles. Doux et silencieux, avec toute la puissance dont vous avez besoin pour une conduite en douceur.<\/p>\n<\/div>\n<\/div>\n<div class=\"highlight card col-6 col-sm-4 col-lg-3\">\n<div class=\"card-block\"><img loading=\"lazy\" decoding=\"async\" class=\"card-img-top\" src=\"https:\/\/www.bikelec.fr\/media\/highlights\/artemis\/artemis-battery.jpg\" alt=\"Artemis - Batterie Interne + Batterie Extra en Option\" width=\"300\" height=\"200\" \/><\/p>\n<h3 class=\"card-title\">Batterie Interne + Batterie Extra en Option<\/h3>\n<p class=\"card-text\">Facile \u00e0 retirer ou \u00e0 charger sur place. Fabriqu\u00e9e \u00e0 partir de cellules Samsung. Avec des capacit\u00e9s de 370Wh (36V\/10Ah) \u00e0 1100Wh (36V\/30Ah).<\/p>\n<\/div>\n<\/div>\n<div class=\"highlight card col-6 col-sm-4 col-lg-3\">\n<div class=\"card-block\"><img loading=\"lazy\" decoding=\"async\" class=\"card-img-top\" src=\"https:\/\/www.bikelec.fr\/media\/highlights\/bafang-dp-c10.jpg\" alt=\"Artemis - \u00c9cran Bafang DP C10\" width=\"300\" height=\"200\" \/><\/p>\n<h3 class=\"card-title\">\u00c9cran Bafang DP C10<\/h3>\n<p class=\"card-text\">5 niveaux d&rsquo;assistance au p\u00e9dalage, compteur kilom\u00e9trique, dur\u00e9e et distance du trajet, indicateur de la capacit\u00e9 de la batterie, assistance \u00e0 la marche, contraste \u00e9lev\u00e9, r\u00e9tro\u00e9clairage automatique, port de charge USB.<\/p>\n<\/div>\n<\/div>\n<div class=\"highlight card col-6 col-sm-4 col-lg-3\">\n<div class=\"card-block\"><img loading=\"lazy\" decoding=\"async\" class=\"card-img-top\" src=\"https:\/\/www.bikelec.fr\/media\/highlights\/artemis\/artemis-hydraulic-brake.jpg\" alt=\"Artemis - Freins \u00e0 Disques Hydrauliques\" width=\"300\" height=\"200\" \/><\/p>\n<h3 class=\"card-title\">Freins \u00e0 Disques Hydrauliques<\/h3>\n<p class=\"card-text\">Force de freinage pr\u00e9cise et constante. Des distances d&rsquo;arr\u00eat plus courtes et un meilleur contr\u00f4le dans toutes les conditions m\u00e9t\u00e9orologiques pour vous garder en s\u00e9curit\u00e9.<\/p>\n<\/div>\n<\/div>\n<div class=\"highlight card col-6 col-sm-4 col-lg-3\">\n<div class=\"card-block\"><img loading=\"lazy\" decoding=\"async\" class=\"card-img-top\" src=\"https:\/\/www.bikelec.fr\/media\/highlights\/artemis\/artemis-fat-tyre.jpg\" alt=\"Artemis - Pneus Fat 4\" width=\"300\" height=\"200\" \/><\/p>\n<h3 class=\"card-title\">Pneus Fat 4\u00a0\u00bb<\/h3>\n<p class=\"card-text\">Stabilit\u00e9, confort et traction accrus. Mieux \u00e0 m\u00eame d&rsquo;absorber les vibrations des routes mal rev\u00eatues pour une conduite plus souple.<\/p>\n<\/div>\n<\/div>\n<div class=\"highlight card col-6 col-sm-4 col-lg-3\">\n<div class=\"card-block\"><img loading=\"lazy\" decoding=\"async\" class=\"card-img-top\" src=\"https:\/\/www.bikelec.fr\/media\/highlights\/triciclo-diferencial-2.jpg\" alt=\"Artemis - Diff\u00e9rentiel\" width=\"300\" height=\"200\" \/><\/p>\n<h3 class=\"card-title\">Diff\u00e9rentiel<\/h3>\n<p class=\"card-text\">Permet aux roues arri\u00e8re de tourner \u00e0 des vitesses diff\u00e9rentes lorsque vous faites pivoter votre tricycle, ce qui permet de conserver une direction pr\u00e9cise dans les virages \u00e0 grande vitesse.<\/p>\n<\/div>\n<\/div>\n<div class=\"highlight card col-6 col-sm-4 col-lg-3\">\n<div class=\"card-block\"><img loading=\"lazy\" decoding=\"async\" class=\"card-img-top\" src=\"https:\/\/www.bikelec.fr\/media\/highlights\/artemis\/artemis-low-step-frame.jpg\" alt=\"Artemis - Cadre Lowstep\" width=\"300\" height=\"200\" \/><\/p>\n<h3 class=\"card-title\">Cadre Lowstep<\/h3>\n<p class=\"card-text\">G\u00e9om\u00e9trie ergonomique pour une position de conduite droite et cadre \u00e0 faible hauteur pour faciliter l&rsquo;acc\u00e8s au tricycle. Facile et s\u00fbr \u00e0 monter et \u00e0 conduire.<\/p>\n<\/div>\n<\/div>\n<div class=\"highlight card col-6 col-sm-4 col-lg-3\">\n<div class=\"card-block\"><img loading=\"lazy\" decoding=\"async\" class=\"card-img-top\" src=\"https:\/\/www.bikelec.fr\/media\/highlights\/tricycle-carrier-bag.jpg\" alt=\"Artemis - Sac de transport\" width=\"300\" height=\"200\" \/><\/p>\n<h3 class=\"card-title\">Sac de transport<\/h3>\n<p class=\"card-text\">Facile \u00e0 enlever et \u00e0 remettre en place, il s&rsquo;adapte parfaitement au panier arri\u00e8re et est tr\u00e8s pratique pour transporter des affaires vers et depuis le tricycle.<\/p>\n<\/div>\n<\/div>","protected":false},"excerpt":{"rendered":"<p><span class=\"\">Le\u00a0<\/span><span class=\"\"><strong>tricycle \u00e9lectrique Artemis<\/strong><\/span><span class=\"\">\u00a0est bien plus qu\u2019un simple moyen de transport. Con\u00e7u pour offrir une exp\u00e9rience de conduite unique, il allie \u00e9l\u00e9gance, performance et praticit\u00e9. Que vous soyez un amateur de v\u00e9los \u00e9lectriques ou \u00e0 la recherche d\u2019une solution de mobilit\u00e9 stable et confortable, l\u2019Artemis saura r\u00e9pondre \u00e0 vos attentes.<\/span><\/p>","protected":false},"featured_media":12362,"comment_status":"open","ping_status":"closed","template":"","meta":{"inline_featured_image":false},"product_cat":[179,180,173],"product_tag":[],"class_list":{"0":"post-3014","1":"product","2":"type-product","3":"status-publish","4":"has-post-thumbnail","6":"product_cat-tricycle-electrique","7":"product_cat-tricycle-non-pliable","8":"product_cat-velo-electrique","10":"first","11":"instock","12":"taxable","13":"shipping-taxable","14":"purchasable","15":"product-type-simple"},"_links":{"self":[{"href":"https:\/\/mobilobike.com\/fr\/wp-json\/wp\/v2\/product\/3014","targetHints":{"allow":["GET"]}}],"collection":[{"href":"https:\/\/mobilobike.com\/fr\/wp-json\/wp\/v2\/product"}],"about":[{"href":"https:\/\/mobilobike.com\/fr\/wp-json\/wp\/v2\/types\/product"}],"replies":[{"embeddable":true,"href":"https:\/\/mobilobike.com\/fr\/wp-json\/wp\/v2\/comments?post=3014"}],"version-history":[{"count":1,"href":"https:\/\/mobilobike.com\/fr\/wp-json\/wp\/v2\/product\/3014\/revisions"}],"predecessor-version":[{"id":12363,"href":"https:\/\/mobilobike.com\/fr\/wp-json\/wp\/v2\/product\/3014\/revisions\/12363"}],"wp:featuredmedia":[{"embeddable":true,"href":"https:\/\/mobilobike.com\/fr\/wp-json\/wp\/v2\/media\/12362"}],"wp:attachment":[{"href":"https:\/\/mobilobike.com\/fr\/wp-json\/wp\/v2\/media?parent=3014"}],"wp:term":[{"taxonomy":"product_cat","embeddable":true,"href":"https:\/\/mobilobike.com\/fr\/wp-json\/wp\/v2\/product_cat?post=3014"},{"taxonomy":"product_tag","embeddable":true,"href":"https:\/\/mobilobike.com\/fr\/wp-json\/wp\/v2\/product_tag?post=3014"}],"curies":[{"name":"wp","href":"https:\/\/api.w.org\/{rel}","templated":true}]}}