{"id":3020,"date":"2025-02-07T14:09:56","date_gmt":"2025-02-07T14:09:56","guid":{"rendered":"https:\/\/mobilobike.com\/?post_type=product&#038;p=3020"},"modified":"2025-07-08T18:31:11","modified_gmt":"2025-07-08T18:31:11","slug":"invictus-rs","status":"publish","type":"product","link":"https:\/\/mobilobike.com\/fr\/produit\/invictus-rs\/","title":{"rendered":"Invictus RS"},"content":{"rendered":"<h2 class=\"hover:duration-80 duration-800 mb-2 mt-6 w-fit cursor-pointer text-lg underline decoration-textOff\/25 decoration-1 underline-offset-[5px] hover:text-super hover:decoration-super\/80 hover:underline-offset-[7px] dark:decoration-textOffDark\/30 dark:hover:text-superDark dark:hover:decoration-superDark\/80 transition-all first:mt-3 motion-reduce:transition-none\" data-state=\"closed\">Le Tricycle \u00c9lectrique Invictus RS (48V)<\/h2>\n<p><span class=\"\">Le\u00a0<\/span><span class=\"\"><strong>tricycle \u00e9lectrique Invictus RS (48V)<\/strong><\/span><span class=\"\">\u00a0est bien plus qu\u2019un simple moyen de transport : c\u2019est une solution innovante et performante, con\u00e7ue pour les amateurs de mobilit\u00e9 \u00e9lectrique \u00e0 la recherche de confort, de s\u00e9curit\u00e9 et de polyvalence. D\u00e9couvrez pourquoi ce mod\u00e8le est le choix parfait pour vos trajets quotidiens ou vos escapades.<\/span><\/p>\n<h2 class=\"hover:duration-80 duration-800 mb-2 mt-6 w-fit cursor-pointer text-lg underline decoration-textOff\/25 decoration-1 underline-offset-[5px] hover:text-super hover:decoration-super\/80 hover:underline-offset-[7px] dark:decoration-textOffDark\/30 dark:hover:text-superDark dark:hover:decoration-superDark\/80 transition-all first:mt-3 motion-reduce:transition-none\" data-state=\"closed\"><strong>Un Moteur Puissant et Fiable<\/strong><\/h2>\n<p><span class=\"\">\u00c9quip\u00e9 d\u2019un moteur\u00a0<\/span><span class=\"\"><strong>Bafang de 500W<\/strong><\/span><span class=\"\">\u00a0d\u00e9livrant un couple impressionnant de 80 Nm, l\u2019Invictus RS garantit une assistance fluide et efficace, m\u00eame sur des terrains difficiles. Que vous rouliez en ville ou sur des chemins irr\u00e9guliers, ce tricycle offre une exp\u00e9rience sans effort gr\u00e2ce \u00e0 ses\u00a0<\/span><span class=\"\"><strong>5 niveaux d\u2019assistance au p\u00e9dalage<\/strong><\/span><span class=\"\">, contr\u00f4l\u00e9s via un \u00e9cran LCD intuitif. Vous pouvez \u00e9galement opter pour l&rsquo;acc\u00e9l\u00e9rateur manuel pour un contr\u00f4le encore plus pratique<\/span><span class=\"\"><span class=\"whitespace-nowrap\">.<\/span><\/span><\/p>\n<h2 class=\"hover:duration-80 duration-800 mb-2 mt-6 w-fit cursor-pointer text-lg underline decoration-textOff\/25 decoration-1 underline-offset-[5px] hover:text-super hover:decoration-super\/80 hover:underline-offset-[7px] dark:decoration-textOffDark\/30 dark:hover:text-superDark dark:hover:decoration-superDark\/80 transition-all first:mt-3 motion-reduce:transition-none\" data-state=\"closed\"><strong>Une Batterie Haute Capacit\u00e9 pour Aller Plus Loin<\/strong><\/h2>\n<p><span class=\"\">La batterie\u00a0<\/span><span class=\"\"><strong>Samsung Li-Ion 48V\/20Ah<\/strong><\/span><span class=\"\">\u00a0offre une capacit\u00e9 exceptionnelle de 1040 Wh, permettant une autonomie prolong\u00e9e. Amovible et facile \u00e0 recharger, elle vous accompagne dans tous vos d\u00e9placements sans craindre la panne. Id\u00e9al pour les trajets longs ou les journ\u00e9es bien remplies<\/span><span class=\"\"><span class=\"whitespace-nowrap\">.<\/span><\/span><\/p>\n<h2 class=\"hover:duration-80 duration-800 mb-2 mt-6 w-fit cursor-pointer text-lg underline decoration-textOff\/25 decoration-1 underline-offset-[5px] hover:text-super hover:decoration-super\/80 hover:underline-offset-[7px] dark:decoration-textOffDark\/30 dark:hover:text-superDark dark:hover:decoration-superDark\/80 transition-all first:mt-3 motion-reduce:transition-none\" data-state=\"closed\"><strong>Confort et Stabilit\u00e9 In\u00e9gal\u00e9s<\/strong><\/h2>\n<p><span class=\"\">Avec son cadre en aluminium 6061 robuste et ergonomique, l\u2019Invictus RS est con\u00e7u pour offrir une position de conduite droite et confortable. Les pneus\u00a0<\/span><span class=\"\"><strong>Kenda Fat 4 pouces<\/strong><\/span><span class=\"\">\u00a0assurent une excellente stabilit\u00e9 et absorbent efficacement les vibrations des routes accident\u00e9es. De plus, le diff\u00e9rentiel int\u00e9gr\u00e9 aux roues arri\u00e8re am\u00e9liore la maniabilit\u00e9 dans les virages, garantissant une conduite s\u00fbre et agr\u00e9able<\/span><span class=\"\"><span class=\"whitespace-nowrap\">.<\/span><\/span><\/p>\n<h2 class=\"hover:duration-80 duration-800 mb-2 mt-6 w-fit cursor-pointer text-lg underline decoration-textOff\/25 decoration-1 underline-offset-[5px] hover:text-super hover:decoration-super\/80 hover:underline-offset-[7px] dark:decoration-textOffDark\/30 dark:hover:text-superDark dark:hover:decoration-superDark\/80 transition-all first:mt-3 motion-reduce:transition-none\" data-state=\"closed\"><strong>S\u00e9curit\u00e9 Maximale<\/strong><\/h2>\n<p><span class=\"\">Les freins \u00e0 disque m\u00e9caniques avec signal de coupure garantissent un freinage pr\u00e9cis et fiable, m\u00eame en cas d\u2019urgence. Le syst\u00e8me est compl\u00e9t\u00e9 par des feux LED avant et arri\u00e8re pour une visibilit\u00e9 optimale, quelle que soit la luminosit\u00e9 ambiante. Le tricycle est \u00e9galement \u00e9quip\u00e9 d\u2019un frein de stationnement pratique pour \u00e9viter tout mouvement accidentel lors des arr\u00eats<\/span><span class=\"\"><span class=\"whitespace-nowrap\">.<\/span><\/span><\/p>\n<h2 class=\"hover:duration-80 duration-800 mb-2 mt-6 w-fit cursor-pointer text-lg underline decoration-textOff\/25 decoration-1 underline-offset-[5px] hover:text-super hover:decoration-super\/80 hover:underline-offset-[7px] dark:decoration-textOffDark\/30 dark:hover:text-superDark dark:hover:decoration-superDark\/80 transition-all first:mt-3 motion-reduce:transition-none\" data-state=\"closed\"><strong>Polyvalence et Capacit\u00e9 de Charge Impressionnantes<\/strong><\/h2>\n<p><span class=\"\">Avec une capacit\u00e9 de charge maximale de\u00a0<\/span><span class=\"\"><strong>175 kg<\/strong><\/span><span class=\"\">, ce tricycle est id\u00e9al pour transporter des marchandises ou effectuer vos courses. Son panier arri\u00e8re spacieux (54 cm x 44 cm x 26 cm) peut accueillir tous vos effets personnels ou \u00e9quipements professionnels, faisant du Invictus RS un compagnon parfait pour les particuliers comme pour les entreprises<\/span><span class=\"\"><span class=\"whitespace-nowrap\">.<\/span><\/span><\/p>\n<h2 class=\"hover:duration-80 duration-800 mb-2 mt-6 w-fit cursor-pointer text-lg underline decoration-textOff\/25 decoration-1 underline-offset-[5px] hover:text-super hover:decoration-super\/80 hover:underline-offset-[7px] dark:decoration-textOffDark\/30 dark:hover:text-superDark dark:hover:decoration-superDark\/80 transition-all first:mt-3 motion-reduce:transition-none\" data-state=\"closed\"><strong>Design \u00c9l\u00e9gant et Fonctionnel<\/strong><\/h2>\n<p><span class=\"\">Le design moderne du cadre low-step facilite l&rsquo;acc\u00e8s au tricycle, m\u00eame pour les personnes \u00e0 mobilit\u00e9 r\u00e9duite. Les finitions soign\u00e9es et les composants haut de gamme, tels que la selle en gel suspendue et le guidon r\u00e9glable en hauteur, ajoutent une touche premium \u00e0 ce mod\u00e8le d\u00e9j\u00e0 performant<\/span><span class=\"\"><span class=\"whitespace-nowrap\">.<\/span><\/span><\/p>\n<p>&nbsp;<\/p>\n<h2>Sp\u00e9cifications<\/h2>\n<table id=\"product-attribute-specs-table-1\" class=\"data table additional-attributes\">\n<tbody>\n<tr>\n<th class=\"col label icon\" colspan=\"2\" scope=\"row\">\n<h3 id=\"specs-electric\" class=\"col label\">Syst\u00e8me \u00c9lectrique<\/h3>\n<\/th>\n<\/tr>\n<tr>\n<th class=\"col label\" scope=\"row\">Moteur<\/th>\n<td class=\"col data feature\" data-th=\"Moteur\">Bafang<\/td>\n<\/tr>\n<tr>\n<th class=\"col label\" scope=\"row\">Type de moteur<\/th>\n<td class=\"col data feature\" data-th=\"Type de moteur\">Avant<\/td>\n<\/tr>\n<tr>\n<th class=\"col label\" scope=\"row\">Puissance du moteur<\/th>\n<td class=\"col data feature\" data-th=\"Puissance du moteur\">500W (80Nm)<\/td>\n<\/tr>\n<tr>\n<th class=\"col label\" scope=\"row\">Type de batterie<\/th>\n<td class=\"col data feature\" data-th=\"Type de batterie\">Li-Ion<\/td>\n<\/tr>\n<tr>\n<th class=\"col label\" scope=\"row\">Capacit\u00e9 de la batterie<\/th>\n<td class=\"col data feature\" data-th=\"Capacit\u00e9 de la batterie\">1040Wh (48V\/20Ah)<\/td>\n<\/tr>\n<tr>\n<th class=\"col label\" scope=\"row\">Marque de la batterie<\/th>\n<td class=\"col data feature\" data-th=\"Marque de la batterie\">Samsung<\/td>\n<\/tr>\n<tr>\n<th class=\"col label\" scope=\"row\">Voltage de batterie<\/th>\n<td class=\"col data feature\" data-th=\"Voltage de batterie\">48V<\/td>\n<\/tr>\n<tr>\n<th class=\"col label\" scope=\"row\">Console digitale<\/th>\n<td class=\"col data feature\" data-th=\"Console digitale\">LCD num\u00e9rique C300s (5 vitesses)<\/td>\n<\/tr>\n<tr>\n<th class=\"col label\" scope=\"row\">Acc\u00e9l\u00e9rateur<\/th>\n<td class=\"col data feature\" data-th=\"Acc\u00e9l\u00e9rateur\">En option<\/td>\n<\/tr>\n<tr>\n<th class=\"col label icon\" colspan=\"2\" scope=\"row\">\n<h3 id=\"specs-cuadro\" class=\"col label\">Cadre<\/h3>\n<\/th>\n<\/tr>\n<tr>\n<th class=\"col label\" scope=\"row\">Mat\u00e9riel du cadre<\/th>\n<td class=\"col data feature\" data-th=\"Mat\u00e9riel du cadre\">Aluminium 6061<\/td>\n<\/tr>\n<tr>\n<th class=\"col label icon\" colspan=\"2\" scope=\"row\">\n<h3 id=\"specs-cambios\" class=\"col label\">Transmission<\/h3>\n<\/th>\n<\/tr>\n<tr>\n<th class=\"col label\" scope=\"row\">Vitesses<\/th>\n<td class=\"col data feature\" data-th=\"Vitesses\">7 Vitesses<\/td>\n<\/tr>\n<tr>\n<th class=\"col label\" scope=\"row\">D\u00e9railleur<\/th>\n<td class=\"col data feature\" data-th=\"D\u00e9railleur\">Shimano Tourney<\/td>\n<\/tr>\n<tr>\n<th class=\"col label\" scope=\"row\">Levier de vitesse<\/th>\n<td class=\"col data feature\" data-th=\"Levier de vitesse\">Shimano M315<\/td>\n<\/tr>\n<tr>\n<th class=\"col label\" scope=\"row\">Manivelle \/ Plateau<\/th>\n<td class=\"col data feature\" data-th=\"Manivelle \/ Plateau\">48T<\/td>\n<\/tr>\n<tr>\n<th class=\"col label\" scope=\"row\">Cassette<\/th>\n<td class=\"col data feature\" data-th=\"Cassette\">14-28T<\/td>\n<\/tr>\n<tr>\n<th class=\"col label\" scope=\"row\">Cha\u00eene<\/th>\n<td class=\"col data feature\" data-th=\"Cha\u00eene\">KMC<\/td>\n<\/tr>\n<tr>\n<th class=\"col label icon\" colspan=\"2\" scope=\"row\">\n<h3 id=\"specs-frenos\" class=\"col label\">Freins<\/h3>\n<\/th>\n<\/tr>\n<tr>\n<th class=\"col label\" scope=\"row\">Freins<\/th>\n<td class=\"col data feature\" data-th=\"Freins\">M\u00e9caniques avec coupure du signal<\/td>\n<\/tr>\n<tr>\n<th class=\"col label\" scope=\"row\">Manette de frein<\/th>\n<td class=\"col data feature\" data-th=\"Manette de frein\">Avec arr\u00eat de stationnement<\/td>\n<\/tr>\n<tr>\n<th class=\"col label\" scope=\"row\">Disques<\/th>\n<td class=\"col data feature\" data-th=\"Disques\">3x160mm<\/td>\n<\/tr>\n<\/tbody>\n<\/table>\n<table id=\"product-attribute-specs-table-2\" class=\"data table additional-attributes\">\n<tbody>\n<tr>\n<th class=\"col label icon\" colspan=\"2\" scope=\"row\">\n<h3 id=\"specs-ruedas\" class=\"col label\">Roues<\/h3>\n<\/th>\n<\/tr>\n<tr>\n<th class=\"col label\" scope=\"row\">Roues<\/th>\n<td class=\"col data feature\" data-th=\"Roues\">20&Prime;<\/td>\n<\/tr>\n<tr>\n<th class=\"col label\" scope=\"row\">Jantes<\/th>\n<td class=\"col data feature\" data-th=\"Jantes\">Aluminium \u00e0 double paroi<\/td>\n<\/tr>\n<tr>\n<th class=\"col label\" scope=\"row\">Pneus<\/th>\n<td class=\"col data feature\" data-th=\"Pneus\">Kenda 20&Prime; x 4,0&Prime;  Kenda 24&Prime; x 4,0&Prime;<\/td>\n<\/tr>\n<tr>\n<th class=\"col label\" scope=\"row\">Rayons<\/th>\n<td class=\"col data feature\" data-th=\"Rayons\">Acier au carbone avec t\u00eates renforc\u00e9es de cuivre<\/td>\n<\/tr>\n<tr>\n<th class=\"col label icon\" colspan=\"2\" scope=\"row\">\n<h3 id=\"specs-manillar-sillin\" class=\"col label\">Guidon et Selle<\/h3>\n<\/th>\n<\/tr>\n<tr>\n<th class=\"col label\" scope=\"row\">Potence<\/th>\n<td class=\"col data feature\" data-th=\"Potence\">1&Prime;1\/8 r\u00e9glable en hauteur<\/td>\n<\/tr>\n<tr>\n<th class=\"col label\" scope=\"row\">Guidon<\/th>\n<td class=\"col data feature\" data-th=\"Guidon\">Cruiser Noir \/\/ Droit Riserbar<\/td>\n<\/tr>\n<tr>\n<th class=\"col label\" scope=\"row\">Jeu de direction<\/th>\n<td class=\"col data feature\" data-th=\"Jeu de direction\">1&Prime;1\/8<\/td>\n<\/tr>\n<tr>\n<th class=\"col label\" scope=\"row\">Selle<\/th>\n<td class=\"col data feature\" data-th=\"Selle\">Gel Cruiser<\/td>\n<\/tr>\n<tr>\n<th class=\"col label\" scope=\"row\">Tige de selle<\/th>\n<td class=\"col data feature\" data-th=\"Tige de selle\">Offroad &#8211; Promax suspension MTB \/ Cruiser &#8211; Promax suspension<\/td>\n<\/tr>\n<tr>\n<th class=\"col label icon\" colspan=\"2\" scope=\"row\">\n<h3 id=\"specs-accesorios\" class=\"col label\">Accessoires<\/h3>\n<\/th>\n<\/tr>\n<tr>\n<th class=\"col label\" scope=\"row\">Feu avant<\/th>\n<td class=\"col data feature\" data-th=\"Feu avant\">LED<\/td>\n<\/tr>\n<tr>\n<th class=\"col label\" scope=\"row\">Feu arri\u00e8re<\/th>\n<td class=\"col data feature\" data-th=\"Feu arri\u00e8re\">LED<\/td>\n<\/tr>\n<tr>\n<th class=\"col label\" scope=\"row\">P\u00e9dales<\/th>\n<td class=\"col data feature\" data-th=\"P\u00e9dales\">Wellgo Platform MTB<\/td>\n<\/tr>\n<tr>\n<th class=\"col label icon\" colspan=\"2\" scope=\"row\">\n<h3 id=\"specs-medidas\" class=\"col label\">Dimensions et Poids<\/h3>\n<\/th>\n<\/tr>\n<tr>\n<th class=\"col label\" scope=\"row\">Hauteur<\/th>\n<td class=\"col data feature\" data-th=\"Hauteur\">110 cm.<\/td>\n<\/tr>\n<tr>\n<th class=\"col label\" scope=\"row\">Longueur<\/th>\n<td class=\"col data feature\" data-th=\"Longueur\">190 cm.<\/td>\n<\/tr>\n<tr>\n<th class=\"col label\" scope=\"row\">Largeur<\/th>\n<td class=\"col data feature\" data-th=\"Largeur\">80 cm.<\/td>\n<\/tr>\n<tr>\n<th class=\"col label\" scope=\"row\">Hauteur du guidon<\/th>\n<td class=\"col data feature\" data-th=\"Hauteur du guidon\">Min: 116 cm \/ Max: 122 cm<\/td>\n<\/tr>\n<tr>\n<th class=\"col label\" scope=\"row\">Hauteur de selle<\/th>\n<td class=\"col data feature\" data-th=\"Hauteur de selle\">Min: 84 cm \/ Max: 90 cm<\/td>\n<\/tr>\n<tr>\n<th class=\"col label\" scope=\"row\">Autres<\/th>\n<td class=\"col data feature\" data-th=\"Autres\">Rear Basket: L 54 cm x W 44 cm x H 26 cm<\/td>\n<\/tr>\n<tr>\n<th class=\"col label\" scope=\"row\">Charge maximale<\/th>\n<td class=\"col data feature\" data-th=\"Charge maximale\">175 Kg.<\/td>\n<\/tr>\n<\/tbody>\n<\/table>","protected":false},"excerpt":{"rendered":"<p><span class=\"\">Le\u00a0<\/span><span class=\"\"><strong>tricycle \u00e9lectrique Invictus RS (48V)<\/strong><\/span><span class=\"\"> est bien plus qu\u2019un simple moyen de transport : c\u2019est une solution innovante et performante, con\u00e7ue pour les amateurs de mobilit\u00e9 \u00e9lectrique \u00e0 la recherche de confort, de s\u00e9curit\u00e9 et de polyvalence.\u00a0<\/span><\/p>","protected":false},"featured_media":12368,"comment_status":"open","ping_status":"closed","template":"","meta":{"inline_featured_image":false},"product_cat":[179,180,173],"product_tag":[],"class_list":{"0":"post-3020","1":"product","2":"type-product","3":"status-publish","4":"has-post-thumbnail","6":"product_cat-tricycle-electrique","7":"product_cat-tricycle-non-pliable","8":"product_cat-velo-electrique","10":"first","11":"instock","12":"taxable","13":"shipping-taxable","14":"purchasable","15":"product-type-simple"},"_links":{"self":[{"href":"https:\/\/mobilobike.com\/fr\/wp-json\/wp\/v2\/product\/3020","targetHints":{"allow":["GET"]}}],"collection":[{"href":"https:\/\/mobilobike.com\/fr\/wp-json\/wp\/v2\/product"}],"about":[{"href":"https:\/\/mobilobike.com\/fr\/wp-json\/wp\/v2\/types\/product"}],"replies":[{"embeddable":true,"href":"https:\/\/mobilobike.com\/fr\/wp-json\/wp\/v2\/comments?post=3020"}],"version-history":[{"count":1,"href":"https:\/\/mobilobike.com\/fr\/wp-json\/wp\/v2\/product\/3020\/revisions"}],"predecessor-version":[{"id":12369,"href":"https:\/\/mobilobike.com\/fr\/wp-json\/wp\/v2\/product\/3020\/revisions\/12369"}],"wp:featuredmedia":[{"embeddable":true,"href":"https:\/\/mobilobike.com\/fr\/wp-json\/wp\/v2\/media\/12368"}],"wp:attachment":[{"href":"https:\/\/mobilobike.com\/fr\/wp-json\/wp\/v2\/media?parent=3020"}],"wp:term":[{"taxonomy":"product_cat","embeddable":true,"href":"https:\/\/mobilobike.com\/fr\/wp-json\/wp\/v2\/product_cat?post=3020"},{"taxonomy":"product_tag","embeddable":true,"href":"https:\/\/mobilobike.com\/fr\/wp-json\/wp\/v2\/product_tag?post=3020"}],"curies":[{"name":"wp","href":"https:\/\/api.w.org\/{rel}","templated":true}]}}