{"id":3022,"date":"2025-02-07T14:16:26","date_gmt":"2025-02-07T14:16:26","guid":{"rendered":"https:\/\/mobilobike.com\/?post_type=product&#038;p=3022"},"modified":"2025-08-15T14:39:34","modified_gmt":"2025-08-15T14:39:34","slug":"pandora-cargo-bike","status":"publish","type":"product","link":"https:\/\/mobilobike.com\/fr\/produit\/pandora-cargo-bike\/","title":{"rendered":"Pandora Cargo Bike"},"content":{"rendered":"<h2 class=\"hover:duration-80 duration-800 mb-2 mt-6 w-fit cursor-pointer text-lg underline decoration-textOff\/25 decoration-1 underline-offset-[5px] hover:text-super hover:decoration-super\/80 hover:underline-offset-[7px] dark:decoration-textOffDark\/30 dark:hover:text-superDark dark:hover:decoration-superDark\/80 transition-all first:mt-3 motion-reduce:transition-none\" data-state=\"closed\">Le Tricycle \u00c9lectrique Pandora Cargo Bike<\/h2>\n<p><span class=\"\">Le\u00a0<\/span><span class=\"\"><strong>Pandora Cargo Bike<\/strong><\/span><span class=\"\">\u00a0est bien plus qu\u2019un simple tricycle \u00e9lectrique : c\u2019est une solution de mobilit\u00e9 innovante, \u00e9cologique et polyvalente, con\u00e7ue pour r\u00e9pondre aux besoins des particuliers et des professionnels. Avec son design robuste et ses performances optimales, ce triporteur est l\u2019alli\u00e9 id\u00e9al pour transporter charges lourdes, familles ou marchandises en toute simplicit\u00e9. D\u00e9couvrez pourquoi le Pandora Cargo Bike est le choix parfait pour les amoureux des tricycles \u00e9lectriques.<\/span><\/p>\n<h2 class=\"hover:duration-80 duration-800 mb-2 mt-6 w-fit cursor-pointer text-lg underline decoration-textOff\/25 decoration-1 underline-offset-[5px] hover:text-super hover:decoration-super\/80 hover:underline-offset-[7px] dark:decoration-textOffDark\/30 dark:hover:text-superDark dark:hover:decoration-superDark\/80 transition-all first:mt-3 motion-reduce:transition-none\" data-state=\"closed\"><strong>Un Design Robuste et Ergonomique<\/strong><\/h2>\n<p><span class=\"\">Le Pandora Cargo Bike se distingue par sa conception soign\u00e9e et fonctionnelle. \u00c9quip\u00e9 de\u00a0<\/span><span class=\"\"><strong>trois roues stables<\/strong><\/span><span class=\"\">, il offre une maniabilit\u00e9 exceptionnelle, m\u00eame avec des charges importantes. Sa structure robuste permet de transporter jusqu\u2019\u00e0 300 kg, que ce soit pour des marchandises volumineuses ou plusieurs passagers. Gr\u00e2ce \u00e0 son centre de gravit\u00e9 bas, ce tricycle garantit une stabilit\u00e9 optimale, m\u00eame dans les virages serr\u00e9s ou sur des terrains irr\u00e9guliers<\/span><span class=\"\"><span class=\"whitespace-nowrap\">. <\/span><\/span><span class=\"\">Son\u00a0<\/span><span class=\"\"><strong>espace de chargement spacieux<\/strong><\/span><span class=\"\">\u00a0est id\u00e9al pour les familles nombreuses ou les professionnels du transport. Vous pouvez ais\u00e9ment y installer des enfants, des courses ou du mat\u00e9riel professionnel. De plus, ses finitions haut de gamme et son design moderne en font un v\u00e9hicule aussi esth\u00e9tique que pratique<\/span><span class=\"\"><span class=\"whitespace-nowrap\">.<\/span><\/span><\/p>\n<h2 class=\"hover:duration-80 duration-800 mb-2 mt-6 w-fit cursor-pointer text-lg underline decoration-textOff\/25 decoration-1 underline-offset-[5px] hover:text-super hover:decoration-super\/80 hover:underline-offset-[7px] dark:decoration-textOffDark\/30 dark:hover:text-superDark dark:hover:decoration-superDark\/80 transition-all first:mt-3 motion-reduce:transition-none\" data-state=\"closed\"><strong>Performance et Assistance \u00c9lectrique<\/strong><\/h2>\n<p><span class=\"\">Le Pandora Cargo Bike est \u00e9quip\u00e9 d\u2019un moteur \u00e9lectrique puissant qui facilite vos d\u00e9placements, m\u00eame sur de longues distances ou en mont\u00e9e. Avec une assistance \u00e9lectrique intuitive, p\u00e9daler devient un jeu d\u2019enfant, m\u00eame lorsque le tricycle est charg\u00e9 au maximum. Ce mod\u00e8le est dot\u00e9 d\u2019une batterie longue dur\u00e9e qui garantit une autonomie suffisante pour vos trajets quotidiens<\/span><span class=\"\"><span class=\"whitespace-nowrap\">. <\/span><\/span><span class=\"\">Gr\u00e2ce \u00e0 ses\u00a0<\/span><span class=\"\"><strong>8 vitesses Shimano Altus<\/strong><\/span><span class=\"\">, il s\u2019adapte facilement \u00e0 tous les types de terrains, qu\u2019il s\u2019agisse de routes urbaines ou de chemins plus exigeants. Ce syst\u00e8me de transmission performant assure une conduite fluide et confortable en toutes circonstances<\/span><span class=\"\"><span class=\"whitespace-nowrap\">.<\/span><\/span><\/p>\n<h2 class=\"hover:duration-80 duration-800 mb-2 mt-6 w-fit cursor-pointer text-lg underline decoration-textOff\/25 decoration-1 underline-offset-[5px] hover:text-super hover:decoration-super\/80 hover:underline-offset-[7px] dark:decoration-textOffDark\/30 dark:hover:text-superDark dark:hover:decoration-superDark\/80 transition-all first:mt-3 motion-reduce:transition-none\" data-state=\"closed\"><strong>Un V\u00e9hicule Polyvalent pour Tous Vos Besoins<\/strong><\/h2>\n<p><span class=\"\">Le Pandora Cargo Bike est con\u00e7u pour s\u2019adapter \u00e0 toutes les situations :<\/span><\/p>\n<ul class=\"marker:text-textOff list-disc pl-8\">\n<li><span class=\"hover:duration-80 duration-800 cursor-pointer underline decoration-textOff\/25 decoration-1 underline-offset-[4px] hover:text-super hover:decoration-super\/80 hover:underline-offset-[6px] dark:decoration-textOffDark\/30 dark:hover:text-superDark dark:hover:decoration-superDark\/80 transition-all first:mt-3 motion-reduce:transition-none\" data-state=\"closed\"><strong>Usage familial<\/strong><\/span><span class=\"\">\u00a0: Transportez vos enfants en toute s\u00e9curit\u00e9 gr\u00e2ce \u00e0 ses si\u00e8ges confortables et stables. Id\u00e9al pour les trajets scolaires ou les balades en famille.<\/span><\/li>\n<li><span class=\"hover:duration-80 duration-800 cursor-pointer underline decoration-textOff\/25 decoration-1 underline-offset-[4px] hover:text-super hover:decoration-super\/80 hover:underline-offset-[6px] dark:decoration-textOffDark\/30 dark:hover:text-superDark dark:hover:decoration-superDark\/80 transition-all first:mt-3 motion-reduce:transition-none\" data-state=\"closed\"><strong>Usage professionnel<\/strong><\/span><span class=\"\">\u00a0: Parfait pour les livraisons en ville ou le transport de mat\u00e9riel gr\u00e2ce \u00e0 sa grande capacit\u00e9 de charge.<\/span><\/li>\n<li><span class=\"hover:duration-80 duration-800 cursor-pointer underline decoration-textOff\/25 decoration-1 underline-offset-[4px] hover:text-super hover:decoration-super\/80 hover:underline-offset-[6px] dark:decoration-textOffDark\/30 dark:hover:text-superDark dark:hover:decoration-superDark\/80 transition-all first:mt-3 motion-reduce:transition-none\" data-state=\"closed\"><strong>\u00c9cologique<\/strong><\/span><span class=\"\">\u00a0: En optant pour ce tricycle \u00e9lectrique, vous r\u00e9duisez votre empreinte carbone tout en profitant d\u2019un moyen de transport \u00e9conomique et durable<\/span><span class=\"\"><span class=\"whitespace-nowrap\">.<\/span><\/span><\/li>\n<\/ul>\n<h2 class=\"hover:duration-80 duration-800 mb-2 mt-6 w-fit cursor-pointer text-lg underline decoration-textOff\/25 decoration-1 underline-offset-[5px] hover:text-super hover:decoration-super\/80 hover:underline-offset-[7px] dark:decoration-textOffDark\/30 dark:hover:text-superDark dark:hover:decoration-superDark\/80 transition-all first:mt-3 motion-reduce:transition-none\" data-state=\"closed\"><strong>Confort et S\u00e9curit\u00e9<\/strong><\/h2>\n<p><span class=\"\">Chaque d\u00e9tail du Pandora Cargo Bike a \u00e9t\u00e9 pens\u00e9 pour offrir une exp\u00e9rience utilisateur optimale :<\/span><\/p>\n<ul class=\"marker:text-textOff list-disc pl-8\">\n<li><span class=\"hover:duration-80 duration-800 cursor-pointer underline decoration-textOff\/25 decoration-1 underline-offset-[4px] hover:text-super hover:decoration-super\/80 hover:underline-offset-[6px] dark:decoration-textOffDark\/30 dark:hover:text-superDark dark:hover:decoration-superDark\/80 transition-all first:mt-3 motion-reduce:transition-none\" data-state=\"closed\"><strong>Freins performants<\/strong><\/span><span class=\"\">\u00a0: Syst\u00e8me de freinage fiable garantissant un arr\u00eat rapide et s\u00e9curis\u00e9.<\/span><\/li>\n<li><span class=\"hover:duration-80 duration-800 cursor-pointer underline decoration-textOff\/25 decoration-1 underline-offset-[4px] hover:text-super hover:decoration-super\/80 hover:underline-offset-[6px] dark:decoration-textOffDark\/30 dark:hover:text-superDark dark:hover:decoration-superDark\/80 transition-all first:mt-3 motion-reduce:transition-none\" data-state=\"closed\"><strong>Guidon ergonomique<\/strong><\/span><span class=\"\">\u00a0: Pour une prise en main facile et agr\u00e9able.<\/span><\/li>\n<li><span class=\"hover:duration-80 duration-800 cursor-pointer underline decoration-textOff\/25 decoration-1 underline-offset-[4px] hover:text-super hover:decoration-super\/80 hover:underline-offset-[6px] dark:decoration-textOffDark\/30 dark:hover:text-superDark dark:hover:decoration-superDark\/80 transition-all first:mt-3 motion-reduce:transition-none\" data-state=\"closed\"><strong>Pneus renforc\u00e9s<\/strong><\/span><span class=\"\">\u00a0: Assurent une excellente adh\u00e9rence sur tous types de surfaces.<\/span><\/li>\n<li><span class=\"hover:duration-80 duration-800 cursor-pointer underline decoration-textOff\/25 decoration-1 underline-offset-[4px] hover:text-super hover:decoration-super\/80 hover:underline-offset-[6px] dark:decoration-textOffDark\/30 dark:hover:text-superDark dark:hover:decoration-superDark\/80 transition-all first:mt-3 motion-reduce:transition-none\" data-state=\"closed\"><strong>\u00c9clairage LED int\u00e9gr\u00e9<\/strong><\/span><span class=\"\">\u00a0: Pour une visibilit\u00e9 maximale lors des trajets nocturnes<\/span><span class=\"\"><span class=\"whitespace-nowrap\">.<\/span><\/span><\/li>\n<\/ul>\n<h2>Sp\u00e9cifications<\/h2>\n<table id=\"product-attribute-specs-table-1\" class=\"data table additional-attributes\">\n<tbody>\n<tr>\n<th class=\"col label icon\" colspan=\"2\" scope=\"row\">\n<h3 id=\"specs-electric\" class=\"col label\">Syst\u00e8me \u00c9lectrique<\/h3>\n<\/th>\n<\/tr>\n<tr>\n<th class=\"col label\" scope=\"row\">Moteur<\/th>\n<td class=\"col data feature\" data-th=\"Moteur\">Bafang<\/td>\n<\/tr>\n<tr>\n<th class=\"col label\" scope=\"row\">Type de moteur<\/th>\n<td class=\"col data feature\" data-th=\"Type de moteur\">Arri\u00e8re<\/td>\n<\/tr>\n<tr>\n<th class=\"col label\" scope=\"row\">Puissance du moteur<\/th>\n<td class=\"col data feature\" data-th=\"Puissance du moteur\">250W (45Nm) \/ 500W (80Nm)<\/td>\n<\/tr>\n<tr>\n<th class=\"col label\" scope=\"row\">Type de batterie<\/th>\n<td class=\"col data feature\" data-th=\"Type de batterie\">Li-Ion<\/td>\n<\/tr>\n<tr>\n<th class=\"col label\" scope=\"row\">Capacit\u00e9 de la batterie<\/th>\n<td class=\"col data feature\" data-th=\"Capacit\u00e9 de la batterie\">415Wh (36V\/11,2Ah) \/ 575Wh (36V\/15,6Ah) \/ 775Wh (36V\/21Ah) \/ 905Wh (36V\/24,5Ah)<\/td>\n<\/tr>\n<tr>\n<th class=\"col label\" scope=\"row\">Marque de la batterie<\/th>\n<td class=\"col data feature\" data-th=\"Marque de la batterie\">Samsung<\/td>\n<\/tr>\n<tr>\n<th class=\"col label\" scope=\"row\">Voltage de batterie<\/th>\n<td class=\"col data feature\" data-th=\"Voltage de batterie\">36V<\/td>\n<\/tr>\n<tr>\n<th class=\"col label\" scope=\"row\">Console digitale<\/th>\n<td class=\"col data feature\" data-th=\"Console digitale\">LCD Digital 450u (5 vitesses) \/ LCD Couleur 850C (9 vitesses)<\/td>\n<\/tr>\n<tr>\n<th class=\"col label\" scope=\"row\">Acc\u00e9l\u00e9rateur<\/th>\n<td class=\"col data feature\" data-th=\"Acc\u00e9l\u00e9rateur\">En option<\/td>\n<\/tr>\n<tr>\n<th class=\"col label icon\" colspan=\"2\" scope=\"row\">\n<h3 id=\"specs-cuadro\" class=\"col label\">Cadre<\/h3>\n<\/th>\n<\/tr>\n<tr>\n<th class=\"col label\" scope=\"row\">Mat\u00e9riel du cadre<\/th>\n<td class=\"col data feature\" data-th=\"Mat\u00e9riel du cadre\">Aluminium 6061<\/td>\n<\/tr>\n<tr>\n<th class=\"col label icon\" colspan=\"2\" scope=\"row\">\n<h3 id=\"specs-cambios\" class=\"col label\">Transmission<\/h3>\n<\/th>\n<\/tr>\n<tr>\n<th class=\"col label\" scope=\"row\">Vitesses<\/th>\n<td class=\"col data feature\" data-th=\"Vitesses\">8 Vitesses<\/td>\n<\/tr>\n<tr>\n<th class=\"col label\" scope=\"row\">D\u00e9railleur<\/th>\n<td class=\"col data feature\" data-th=\"D\u00e9railleur\">Shimano Altus<\/td>\n<\/tr>\n<tr>\n<th class=\"col label\" scope=\"row\">Levier de vitesse<\/th>\n<td class=\"col data feature\" data-th=\"Levier de vitesse\">Shimano M315<\/td>\n<\/tr>\n<tr>\n<th class=\"col label\" scope=\"row\">Manivelle \/ Plateau<\/th>\n<td class=\"col data feature\" data-th=\"Manivelle \/ Plateau\">48T<\/td>\n<\/tr>\n<tr>\n<th class=\"col label\" scope=\"row\">Cassette<\/th>\n<td class=\"col data feature\" data-th=\"Cassette\">11-34T<\/td>\n<\/tr>\n<tr>\n<th class=\"col label\" scope=\"row\">Cha\u00eene<\/th>\n<td class=\"col data feature\" data-th=\"Cha\u00eene\">KMC<\/td>\n<\/tr>\n<\/tbody>\n<\/table>\n<table id=\"product-attribute-specs-table-2\" class=\"data table additional-attributes\">\n<tbody>\n<tr>\n<th class=\"col label icon\" colspan=\"2\" scope=\"row\">\n<h3 id=\"specs-frenos\" class=\"col label\">Freins<\/h3>\n<\/th>\n<\/tr>\n<tr>\n<th class=\"col label\" scope=\"row\">Freins<\/th>\n<td class=\"col data feature\" data-th=\"Freins\">Shimano MT200<\/td>\n<\/tr>\n<tr>\n<th class=\"col label\" scope=\"row\">Manette de frein<\/th>\n<td class=\"col data feature\" data-th=\"Manette de frein\">Shimano BL-MT200<\/td>\n<\/tr>\n<tr>\n<th class=\"col label\" scope=\"row\">Disques<\/th>\n<td class=\"col data feature\" data-th=\"Disques\">160 mm  180 mm<\/td>\n<\/tr>\n<tr>\n<th class=\"col label icon\" colspan=\"2\" scope=\"row\">\n<h3 id=\"specs-ruedas\" class=\"col label\">Roues<\/h3>\n<\/th>\n<\/tr>\n<tr>\n<th class=\"col label\" scope=\"row\">Roues<\/th>\n<td class=\"col data feature\" data-th=\"Roues\">24&Prime;<\/td>\n<\/tr>\n<tr>\n<th class=\"col label\" scope=\"row\">Jantes<\/th>\n<td class=\"col data feature\" data-th=\"Jantes\">Aluminium \u00e0 double paroi<\/td>\n<\/tr>\n<tr>\n<th class=\"col label\" scope=\"row\">Pneus<\/th>\n<td class=\"col data feature\" data-th=\"Pneus\">Kenda 20&Prime; x 4,0&Prime;  Kenda 24&Prime; x 4,0&Prime;<\/td>\n<\/tr>\n<tr>\n<th class=\"col label\" scope=\"row\">Rayons<\/th>\n<td class=\"col data feature\" data-th=\"Rayons\">Acier au carbone avec t\u00eates renforc\u00e9es de cuivre<\/td>\n<\/tr>\n<tr>\n<th class=\"col label\" scope=\"row\">Moyeu avant<\/th>\n<td class=\"col data feature\" data-th=\"Moyeu avant\">Quando<\/td>\n<\/tr>\n<tr>\n<th class=\"col label icon\" colspan=\"2\" scope=\"row\">\n<h3 id=\"specs-manillar-sillin\" class=\"col label\">Guidon et Selle<\/h3>\n<\/th>\n<\/tr>\n<tr>\n<th class=\"col label\" scope=\"row\">Potence<\/th>\n<td class=\"col data feature\" data-th=\"Potence\">1&Prime;1\/8 Ahead 31,8mm R\u00e9glable en hauteur et en angle de 0\u00ba \u00e0 60\u00ba.<\/td>\n<\/tr>\n<tr>\n<th class=\"col label\" scope=\"row\">Guidon<\/th>\n<td class=\"col data feature\" data-th=\"Guidon\">Ville\/Confort double hauteur<\/td>\n<\/tr>\n<tr>\n<th class=\"col label\" scope=\"row\">Jeu de direction<\/th>\n<td class=\"col data feature\" data-th=\"Jeu de direction\">1&Prime;1\/8<\/td>\n<\/tr>\n<tr>\n<th class=\"col label\" scope=\"row\">Selle<\/th>\n<td class=\"col data feature\" data-th=\"Selle\">BLK spring<\/td>\n<\/tr>\n<tr>\n<th class=\"col label\" scope=\"row\">Tige de selle<\/th>\n<td class=\"col data feature\" data-th=\"Tige de selle\">Promax suspension<\/td>\n<\/tr>\n<tr>\n<th class=\"col label icon\" colspan=\"2\" scope=\"row\">\n<h3 id=\"specs-accesorios\" class=\"col label\">Accessoires<\/h3>\n<\/th>\n<\/tr>\n<tr>\n<th class=\"col label\" scope=\"row\">Feu avant<\/th>\n<td class=\"col data feature\" data-th=\"Feu avant\">LED<\/td>\n<\/tr>\n<tr>\n<th class=\"col label\" scope=\"row\">Feu arri\u00e8re<\/th>\n<td class=\"col data feature\" data-th=\"Feu arri\u00e8re\">LED<\/td>\n<\/tr>\n<tr>\n<th class=\"col label\" scope=\"row\">P\u00e9dales<\/th>\n<td class=\"col data feature\" data-th=\"P\u00e9dales\">Wellgo Platform City<\/td>\n<\/tr>\n<tr>\n<th class=\"col label\" scope=\"row\">Garde-boue<\/th>\n<td class=\"col data feature\" data-th=\"Garde-boue\">M\u00e9tal<\/td>\n<\/tr>\n<tr>\n<th class=\"col label\" scope=\"row\">B\u00e9quille<\/th>\n<td class=\"col data feature\" data-th=\"B\u00e9quille\">B\u00e9quille double<\/td>\n<\/tr>\n<\/tbody>\n<\/table>","protected":false},"excerpt":{"rendered":"<p><span class=\"\">Le\u00a0<\/span><span class=\"\"><strong>Pandora Cargo Bike<\/strong><\/span><span class=\"\">\u00a0est bien plus qu\u2019un simple tricycle \u00e9lectrique : c\u2019est une solution de mobilit\u00e9 innovante, \u00e9cologique et polyvalente, con\u00e7ue pour r\u00e9pondre aux besoins des particuliers et des professionnels. Avec son design robuste et ses performances optimales, ce triporteur est l\u2019alli\u00e9 id\u00e9al pour transporter charges lourdes, familles ou marchandises en toute simplicit\u00e9.<\/span><\/p>","protected":false},"featured_media":12370,"comment_status":"open","ping_status":"closed","template":"","meta":{"inline_featured_image":false},"product_cat":[179,180,173],"product_tag":[],"class_list":{"0":"post-3022","1":"product","2":"type-product","3":"status-publish","4":"has-post-thumbnail","6":"product_cat-tricycle-electrique","7":"product_cat-tricycle-non-pliable","8":"product_cat-velo-electrique","10":"first","11":"instock","12":"taxable","13":"shipping-taxable","14":"purchasable","15":"product-type-simple"},"_links":{"self":[{"href":"https:\/\/mobilobike.com\/fr\/wp-json\/wp\/v2\/product\/3022","targetHints":{"allow":["GET"]}}],"collection":[{"href":"https:\/\/mobilobike.com\/fr\/wp-json\/wp\/v2\/product"}],"about":[{"href":"https:\/\/mobilobike.com\/fr\/wp-json\/wp\/v2\/types\/product"}],"replies":[{"embeddable":true,"href":"https:\/\/mobilobike.com\/fr\/wp-json\/wp\/v2\/comments?post=3022"}],"version-history":[{"count":1,"href":"https:\/\/mobilobike.com\/fr\/wp-json\/wp\/v2\/product\/3022\/revisions"}],"predecessor-version":[{"id":12371,"href":"https:\/\/mobilobike.com\/fr\/wp-json\/wp\/v2\/product\/3022\/revisions\/12371"}],"wp:featuredmedia":[{"embeddable":true,"href":"https:\/\/mobilobike.com\/fr\/wp-json\/wp\/v2\/media\/12370"}],"wp:attachment":[{"href":"https:\/\/mobilobike.com\/fr\/wp-json\/wp\/v2\/media?parent=3022"}],"wp:term":[{"taxonomy":"product_cat","embeddable":true,"href":"https:\/\/mobilobike.com\/fr\/wp-json\/wp\/v2\/product_cat?post=3022"},{"taxonomy":"product_tag","embeddable":true,"href":"https:\/\/mobilobike.com\/fr\/wp-json\/wp\/v2\/product_tag?post=3022"}],"curies":[{"name":"wp","href":"https:\/\/api.w.org\/{rel}","templated":true}]}}