{"id":3028,"date":"2025-02-08T15:36:25","date_gmt":"2025-02-08T15:36:25","guid":{"rendered":"https:\/\/mobilobike.com\/?post_type=product&#038;p=3028"},"modified":"2025-07-08T18:31:15","modified_gmt":"2025-07-08T18:31:15","slug":"pure-advance","status":"publish","type":"product","link":"https:\/\/mobilobike.com\/fr\/produit\/pure-advance\/","title":{"rendered":"Pure Advance+"},"content":{"rendered":"<h2 class=\"floor-title vtmn-typo_title-4 vtmn-y-0 gt-tablet:vtmn-mt-6 gt-tablet:vtmn-mb-6 title__position--center svelte-kmv775\" tabindex=\"0\" role=\"button\"><span id=\"floor-cc4aea51-8a38-4939-9383-de245a28aaa6\" class=\"svelte-kmv775\" role=\"presentation\">Description<\/span><\/h2>\n<div class=\"floor-content svelte-kmv775\">\n<div class=\"svelte-1uw9j0x\">\n<p>La Pure Advance+ \u00e0 l&rsquo;autonomie plus longue associe une position de conduite naturelle bien droite, avec des performances hors du commun. Le tout dans un design gain de place, pour un produit final technologiquement tr\u00e8s avanc\u00e9.<\/p>\n<p>Toujours l\u00e0 quand vous en avez besoin. Hors de la vue quand vous ne vous en servez pas. La Advance+ s&rsquo;int\u00e8gre parfaitement dans votre vie comme dans votre int\u00e9rieur.<\/p>\n<p><strong>Adoptez une nouvelle posture.<\/strong><\/p>\n<p>Notre vision de la conduite se veut innovante afin de vous offrir une stabilit\u00e9 incomparable, tout en contr\u00f4le. En position naturelle, face \u00e0 la route, vous \u00eates en mesure de profiter de l&rsquo;exp\u00e9rience de conduite la plus souple qui soit. Dans tous vos d\u00e9placements.<\/p>\n<p><strong>Prenez le dessus sur les c\u00f4tes. Hyper facilement.<\/strong><\/p>\n<p>Acc\u00e9l\u00e9ration dynamique et capacit\u00e9 \u00e0 monter les c\u00f4tes font de la Advance+ et de son puissant moteur de 710W (en pointe) le meilleur choix pour ceux qui recherchent la performance. Le tout second\u00e9 par des batteries de la plus grande qualit\u00e9, pour vous offrir jusqu&rsquo;\u00e0 50\u00a0km d&rsquo;autonomie.<\/p>\n<p><strong>Compact\u00a0=\u00a0facile \u00e0 bouger et \u00e0 ranger.<\/strong><\/p>\n<p>La Pure Advance+ offre un format ultra-compact, sp\u00e9cialement pens\u00e9 pour ceux qui ont besoin d&rsquo;une trottinette peu encombrante. Son design ultra-fin trouvera facilement sa place dans votre couloir, sans g\u00eaner le passage.<\/p>\n<p><strong>Chaque d\u00e9tail compte.<\/strong><\/p>\n<p>Chez Pure, nous \u00e9levons les normes de s\u00e9curit\u00e9 car nous sommes engag\u00e9s pour la s\u00e9curit\u00e9 des conducteurs. Nos trottinettes sont \u00e9quip\u00e9es des fonctionnalit\u00e9s et des \u00e9quipements de s\u00e9curit\u00e9 les plus exigeants. Cela signifie un conducteur bien stable, des clignotants pr\u00e9sents sur les c\u00f4t\u00e9s et \u00e0 l&rsquo;arri\u00e8re, un guidon stabilis\u00e9 et r\u00e9actif, un feu avant puissant de 150 lumens, un feu stop arri\u00e8re et un double syst\u00e8me de freinage s\u00fbr d&rsquo;une fiabilit\u00e9 extr\u00eame.<\/p>\n<p>*D\u00e9pend du poids du conducteur, des c\u00f4tes gravies, de l&rsquo;\u00e9tat de la route et du temps qu&rsquo;il fait.<\/p>\n<h2 class=\"floor-title vtmn-typo_title-4 vtmn-y-0 gt-tablet:vtmn-mt-6 gt-tablet:vtmn-mb-6 title__position--center svelte-kmv775\" tabindex=\"0\" role=\"button\"><span id=\"floor-4efea2fe-7aa7-4c48-b88f-1084e894b0cf\" class=\"svelte-kmv775\" role=\"presentation\">Informations techniques<\/span><\/h2>\n<div class=\"floor-content svelte-kmv775\">\n<div class=\"collapse-wrapper svelte-1oe98l6 expandable expanded\">\n<div class=\"content\">\n<div class=\"tech-info vtmn-py-5 svelte-wahzr3\">\n<h3 class=\"vtmn-typo_title-5 vtmn-mt-0 svelte-wahzr3\">type d&rsquo;\u00e9clairage<\/h3>\n<p class=\"vtmn-m-0 vtmn-break-words\">fixe et clignotant<\/p>\n<\/div>\n<div class=\"tech-info vtmn-py-5 svelte-wahzr3\">\n<h3 class=\"vtmn-typo_title-5 vtmn-mt-0 svelte-wahzr3\">antivol<\/h3>\n<p class=\"vtmn-m-0 vtmn-break-words\">avec antivol<\/p>\n<\/div>\n<div class=\"tech-info vtmn-py-5 svelte-wahzr3\">\n<h3 class=\"vtmn-typo_title-5 vtmn-mt-0 svelte-wahzr3\">type de commande<\/h3>\n<p class=\"vtmn-m-0 vtmn-break-words\">\u00e0 gachette<\/p>\n<\/div>\n<div class=\"tech-info vtmn-py-5 svelte-wahzr3\">\n<h3 class=\"vtmn-typo_title-5 vtmn-mt-0 svelte-wahzr3\">lieu de pratique<\/h3>\n<p class=\"vtmn-m-0 vtmn-break-words\">ext\u00e9rieur<\/p>\n<\/div>\n<div class=\"tech-info vtmn-py-5 svelte-wahzr3\">\n<h3 class=\"vtmn-typo_title-5 vtmn-mt-0 svelte-wahzr3\">suspension<\/h3>\n<p class=\"vtmn-m-0 vtmn-break-words\">rigide<\/p>\n<\/div>\n<div class=\"tech-info vtmn-py-5 svelte-wahzr3\">\n<h3 class=\"vtmn-typo_title-5 vtmn-mt-0 svelte-wahzr3\">type de freins<\/h3>\n<p class=\"vtmn-m-0 vtmn-break-words\">frein \u00e9lectronique<\/p>\n<\/div>\n<div class=\"tech-info vtmn-py-5 svelte-wahzr3\">\n<h3 class=\"vtmn-typo_title-5 vtmn-mt-0 svelte-wahzr3\">taille de roue<\/h3>\n<p class=\"vtmn-m-0 vtmn-break-words\">10&Prime;<\/p>\n<\/div>\n<div class=\"tech-info vtmn-py-5 svelte-wahzr3\">\n<h3 class=\"vtmn-typo_title-5 vtmn-mt-0 svelte-wahzr3\">poids du sportif<\/h3>\n<p class=\"vtmn-m-0 vtmn-break-words\">poids &lt; 120 kg<\/p>\n<\/div>\n<div class=\"tech-info vtmn-py-5 svelte-wahzr3\">\n<h3 class=\"vtmn-typo_title-5 vtmn-mt-0 svelte-wahzr3\">vitesse maximum<\/h3>\n<p class=\"vtmn-m-0 vtmn-break-words\">25 km\/h<\/p>\n<\/div>\n<div class=\"tech-info vtmn-py-5 svelte-wahzr3\">\n<h3 class=\"vtmn-typo_title-5 vtmn-mt-0 svelte-wahzr3\">b\u00e9quille<\/h3>\n<p class=\"vtmn-m-0 vtmn-break-words\">avec b\u00e9quille<\/p>\n<\/div>\n<div class=\"tech-info vtmn-py-5 svelte-wahzr3\">\n<h3 class=\"vtmn-typo_title-5 vtmn-mt-0 svelte-wahzr3\">autonomie (en km)<\/h3>\n<p class=\"vtmn-m-0 vtmn-break-words\">jusqu&rsquo;\u00e0 50 km<\/p>\n<\/div>\n<div class=\"tech-info vtmn-py-5 svelte-wahzr3\">\n<h3 class=\"vtmn-typo_title-5 vtmn-mt-0 svelte-wahzr3\">capacit\u00e9 de la batterie (en Wh)<\/h3>\n<p class=\"vtmn-m-0 vtmn-break-words\">400 \u00e0 499 Wh<\/p>\n<\/div>\n<div class=\"tech-info vtmn-py-5 svelte-wahzr3\">\n<h3 class=\"vtmn-typo_title-5 vtmn-mt-0 svelte-wahzr3\">connexion bluetooth<\/h3>\n<p class=\"vtmn-m-0 vtmn-break-words\">avec connexion bluetooth<\/p>\n<\/div>\n<div class=\"tech-info vtmn-py-5 svelte-wahzr3\">\n<h3 class=\"vtmn-typo_title-5 vtmn-mt-0 svelte-wahzr3\">console num\u00e9rique<\/h3>\n<p class=\"vtmn-m-0 vtmn-break-words\">console num\u00e9rique<\/p>\n<\/div>\n<div class=\"tech-info vtmn-py-5 svelte-wahzr3\">\n<h3 class=\"vtmn-typo_title-5 vtmn-mt-0 svelte-wahzr3\">poids (en kg)<\/h3>\n<p class=\"vtmn-m-0 vtmn-break-words\">16 kg<\/p>\n<\/div>\n<div class=\"tech-info vtmn-py-5 svelte-wahzr3\">\n<h3 class=\"vtmn-typo_title-5 vtmn-mt-0 svelte-wahzr3\">type de distance<\/h3>\n<p class=\"vtmn-m-0 vtmn-break-words\">toutes distances<\/p>\n<\/div>\n<div class=\"tech-info vtmn-py-5 svelte-wahzr3\">\n<h3 class=\"vtmn-typo_title-5 vtmn-mt-0 svelte-wahzr3\">\u00e9tanch\u00e9it\u00e9 ip<\/h3>\n<p class=\"vtmn-m-0 vtmn-break-words\">IP65<\/p>\n<\/div>\n<div class=\"tech-info vtmn-py-5 svelte-wahzr3\">\n<h3 class=\"vtmn-typo_title-5 vtmn-mt-0 svelte-wahzr3\">puissance (en watts)<\/h3>\n<p class=\"vtmn-m-0 vtmn-break-words\">500 W<\/p>\n<\/div>\n<div class=\"tech-info vtmn-py-5 svelte-wahzr3\">\n<h3 class=\"vtmn-typo_title-5 vtmn-mt-0 svelte-wahzr3\">\u00e9tat<\/h3>\n<p class=\"vtmn-m-0 vtmn-break-words\">neuf<\/p>\n<\/div>\n<div class=\"tech-info vtmn-py-5 svelte-wahzr3\">\n<h3 class=\"vtmn-typo_title-5 vtmn-mt-0 svelte-wahzr3\">type de roues<\/h3>\n<p class=\"vtmn-m-0 vtmn-break-words\">roues gonflabes<\/p>\n<\/div>\n<div class=\"tech-info vtmn-py-5 svelte-wahzr3\">\n<h3 class=\"vtmn-typo_title-5 vtmn-mt-0 svelte-wahzr3\">type d&rsquo;\u00e9cran<\/h3>\n<p class=\"vtmn-m-0 vtmn-break-words\">LCD<\/p>\n<\/div>\n<div class=\"tech-info vtmn-py-5 svelte-wahzr3\">\n<h3 class=\"vtmn-typo_title-5 vtmn-mt-0 svelte-wahzr3\">nombre de roue<\/h3>\n<p class=\"vtmn-m-0 vtmn-break-words\">2 roues<\/p>\n<\/div>\n<div class=\"tech-info vtmn-py-5 svelte-wahzr3\">\n<h3 class=\"vtmn-typo_title-5 vtmn-mt-0 svelte-wahzr3\">pliable<\/h3>\n<p class=\"vtmn-m-0 vtmn-break-words\">pliable<\/p>\n<\/div>\n<div class=\"tech-info vtmn-py-5 svelte-wahzr3\">\n<h3 class=\"vtmn-typo_title-5 vtmn-mt-0 svelte-wahzr3\">position frein<\/h3>\n<p class=\"vtmn-m-0 vtmn-break-words\">frein avant<\/p>\n<\/div>\n<\/div>\n<\/div>\n<\/div>\n<\/div>\n<\/div>","protected":false},"excerpt":{"rendered":"<p class=\"vtmn-text-base vtmn-mb-0 vtmn-mt-2\">Trottinette \u00e9lectrique Pure Advance+ &#8211; La position de conduite ultime. Plus de stabilit\u00e9. 70% plus fine. Autonomie 50 km.<\/p>","protected":false},"featured_media":12375,"comment_status":"open","ping_status":"closed","template":"","meta":{"inline_featured_image":false},"product_cat":[178,176],"product_tag":[],"class_list":{"0":"post-3028","1":"product","2":"type-product","3":"status-publish","4":"has-post-thumbnail","6":"product_cat-pliable-trottinette-electrique","7":"product_cat-trottinette-electrique","9":"first","10":"instock","11":"taxable","12":"shipping-taxable","13":"purchasable","14":"product-type-simple"},"_links":{"self":[{"href":"https:\/\/mobilobike.com\/fr\/wp-json\/wp\/v2\/product\/3028","targetHints":{"allow":["GET"]}}],"collection":[{"href":"https:\/\/mobilobike.com\/fr\/wp-json\/wp\/v2\/product"}],"about":[{"href":"https:\/\/mobilobike.com\/fr\/wp-json\/wp\/v2\/types\/product"}],"replies":[{"embeddable":true,"href":"https:\/\/mobilobike.com\/fr\/wp-json\/wp\/v2\/comments?post=3028"}],"version-history":[{"count":1,"href":"https:\/\/mobilobike.com\/fr\/wp-json\/wp\/v2\/product\/3028\/revisions"}],"predecessor-version":[{"id":12376,"href":"https:\/\/mobilobike.com\/fr\/wp-json\/wp\/v2\/product\/3028\/revisions\/12376"}],"wp:featuredmedia":[{"embeddable":true,"href":"https:\/\/mobilobike.com\/fr\/wp-json\/wp\/v2\/media\/12375"}],"wp:attachment":[{"href":"https:\/\/mobilobike.com\/fr\/wp-json\/wp\/v2\/media?parent=3028"}],"wp:term":[{"taxonomy":"product_cat","embeddable":true,"href":"https:\/\/mobilobike.com\/fr\/wp-json\/wp\/v2\/product_cat?post=3028"},{"taxonomy":"product_tag","embeddable":true,"href":"https:\/\/mobilobike.com\/fr\/wp-json\/wp\/v2\/product_tag?post=3028"}],"curies":[{"name":"wp","href":"https:\/\/api.w.org\/{rel}","templated":true}]}}