{"id":3030,"date":"2025-02-08T15:46:34","date_gmt":"2025-02-08T15:46:34","guid":{"rendered":"https:\/\/mobilobike.com\/?post_type=product&#038;p=3030"},"modified":"2025-07-08T18:31:15","modified_gmt":"2025-07-08T18:31:15","slug":"urbanglide-ride-65","status":"publish","type":"product","link":"https:\/\/mobilobike.com\/fr\/produit\/urbanglide-ride-65\/","title":{"rendered":"UrbanGlide Ride 65+"},"content":{"rendered":"<h2 class=\"floor-title vtmn-typo_title-4 vtmn-y-0 gt-tablet:vtmn-mt-6 gt-tablet:vtmn-mb-6 title__position--center svelte-kmv775\" tabindex=\"0\" role=\"button\"><span id=\"floor-ba255b99-6fc3-4951-9a29-95d834ea5053\" class=\"svelte-kmv775\" role=\"presentation\">Description<\/span><\/h2>\n<div class=\"floor-content svelte-kmv775\">\n<div class=\"svelte-1uw9j0x\">\n<p><strong>La trottinette UrbanGlide Ride 65+<\/strong>\u00a0est une trottinette avec un poids plume de moins de 8 kg. Sa prise en main facilit\u00e9e et son design sobre et \u00e9l\u00e9gant, font de cette trottinette un moyen de transport adapt\u00e9 \u00e0 tous les \u00e2ges et qui peut \u00eatre utilis\u00e9 en toutes circonstances.<\/p>\n<p><strong>Dot\u00e9 d&rsquo;un \u00e9cran LED<\/strong>\u00a0indiquant la vitesse et le niveau de charge et d&rsquo;un syst\u00e8me de pliage, elle peut parcourir jusqu&rsquo;\u00e0 15 km.<\/p>\n<p><strong>Caract\u00e9ristiques:<\/strong><\/p>\n<ul>\n<li>Vitesse max : 25 km\/h<\/li>\n<li>Roues increvabes de 6,5&Prime;<\/li>\n<li>Poids du produit : 7,3 kg<\/li>\n<li>Autonomie : jusqu&rsquo;\u00e0 10 km<\/li>\n<li>Puissance moteur : 250W<\/li>\n<li>Poids max utilisateur : 100kg<\/li>\n<li>Temps de charge : 3h<\/li>\n<li>Batterie : 4Ah 36V<\/li>\n<li>B\u00e9quille<\/li>\n<li>LED avant et arri\u00e8re<\/li>\n<li>Pliage facile<\/li>\n<li>Ecran indiquant la vitesse et le niveau de charge<\/li>\n<li>Grip antid\u00e9rapant<\/li>\n<\/ul>\n<h2 class=\"floor-title vtmn-typo_title-4 vtmn-y-0 gt-tablet:vtmn-mt-6 gt-tablet:vtmn-mb-6 title__position--center svelte-kmv775\" tabindex=\"0\" role=\"button\"><span id=\"floor-bc35f5bd-e077-41d0-9652-db19ade7237b\" class=\"svelte-kmv775\" role=\"presentation\">Informations techniques<\/span><\/h2>\n<div class=\"floor-content svelte-kmv775\">\n<div class=\"collapse-wrapper svelte-1oe98l6\">\n<div class=\"content\">\n<div class=\"tech-info vtmn-py-5 svelte-wahzr3\">\n<h3 class=\"vtmn-typo_title-5 vtmn-mt-0 svelte-wahzr3\">autonomie (en km)<\/h3>\n<p class=\"vtmn-m-0 vtmn-break-words\">jusqu&rsquo;\u00e0 10 km<\/p>\n<\/div>\n<div class=\"tech-info vtmn-py-5 svelte-wahzr3\">\n<h3 class=\"vtmn-typo_title-5 vtmn-mt-0 svelte-wahzr3\">puissance (en watts)<\/h3>\n<p class=\"vtmn-m-0 vtmn-break-words\">250 W<\/p>\n<\/div>\n<\/div>\n<\/div>\n<\/div>\n<\/div>\n<\/div>","protected":false},"excerpt":{"rendered":"<p class=\"vtmn-text-base vtmn-mb-0 vtmn-mt-2\">Une fusion parfaite entre esth\u00e9tique et technologie. La mobilit\u00e9 urbaine n&rsquo;a jamais \u00e9t\u00e9 aussi facile et accessible. Son poids de seulement 7,3 kg en fait le meilleur choix pour la ville.<\/p>","protected":false},"featured_media":12377,"comment_status":"open","ping_status":"closed","template":"","meta":{"inline_featured_image":false},"product_cat":[178,176],"product_tag":[],"class_list":{"0":"post-3030","1":"product","2":"type-product","3":"status-publish","4":"has-post-thumbnail","6":"product_cat-pliable-trottinette-electrique","7":"product_cat-trottinette-electrique","9":"first","10":"instock","11":"taxable","12":"shipping-taxable","13":"purchasable","14":"product-type-simple"},"_links":{"self":[{"href":"https:\/\/mobilobike.com\/fr\/wp-json\/wp\/v2\/product\/3030","targetHints":{"allow":["GET"]}}],"collection":[{"href":"https:\/\/mobilobike.com\/fr\/wp-json\/wp\/v2\/product"}],"about":[{"href":"https:\/\/mobilobike.com\/fr\/wp-json\/wp\/v2\/types\/product"}],"replies":[{"embeddable":true,"href":"https:\/\/mobilobike.com\/fr\/wp-json\/wp\/v2\/comments?post=3030"}],"version-history":[{"count":1,"href":"https:\/\/mobilobike.com\/fr\/wp-json\/wp\/v2\/product\/3030\/revisions"}],"predecessor-version":[{"id":12379,"href":"https:\/\/mobilobike.com\/fr\/wp-json\/wp\/v2\/product\/3030\/revisions\/12379"}],"wp:featuredmedia":[{"embeddable":true,"href":"https:\/\/mobilobike.com\/fr\/wp-json\/wp\/v2\/media\/12377"}],"wp:attachment":[{"href":"https:\/\/mobilobike.com\/fr\/wp-json\/wp\/v2\/media?parent=3030"}],"wp:term":[{"taxonomy":"product_cat","embeddable":true,"href":"https:\/\/mobilobike.com\/fr\/wp-json\/wp\/v2\/product_cat?post=3030"},{"taxonomy":"product_tag","embeddable":true,"href":"https:\/\/mobilobike.com\/fr\/wp-json\/wp\/v2\/product_tag?post=3030"}],"curies":[{"name":"wp","href":"https:\/\/api.w.org\/{rel}","templated":true}]}}