{"id":3033,"date":"2025-02-08T15:55:41","date_gmt":"2025-02-08T15:55:41","guid":{"rendered":"https:\/\/mobilobike.com\/?post_type=product&#038;p=3033"},"modified":"2025-07-08T18:31:16","modified_gmt":"2025-07-08T18:31:16","slug":"rcb-d7-pro","status":"publish","type":"product","link":"https:\/\/mobilobike.com\/fr\/produit\/rcb-d7-pro\/","title":{"rendered":"RCB-D7 PRO"},"content":{"rendered":"<h2 class=\"floor-title vtmn-typo_title-4 vtmn-y-0 gt-tablet:vtmn-mt-6 gt-tablet:vtmn-mb-6 title__position--center svelte-kmv775\" tabindex=\"0\" role=\"button\"><span id=\"floor-e4663860-071c-4268-88f9-125a38eeada7\" class=\"svelte-kmv775\" role=\"presentation\">Description<\/span><\/h2>\n<div class=\"floor-content svelte-kmv775\">\n<div class=\"svelte-1uw9j0x\">\n<p><strong>Capacit\u00e9 de Batterie Puissante<\/strong><br \/>\n\u00c9quip\u00e9e d&rsquo;une batterie haute capacit\u00e9 de 27AH,<br \/>\nla trottinette \u00e9lectrique pour adulte RCB D7 assure une autonomie allant jusqu&rsquo;\u00e0 90-110KM.<br \/>\n(Influenc\u00e9e par le poids de l&rsquo;utilisateur, les conditions de la route et la m\u00e9t\u00e9o.)<br \/>\nSon moteur de 500W permet d&rsquo;atteindre une vitesse maximale de 25KM\/H,<br \/>\net la charge maximale est de 150KG. Convient aux besoins de diff\u00e9rents utilisateurs<br \/>\n<strong>Conduite s\u00fbre<\/strong><br \/>\nLe Trottinette \u00e9lectrique D7 est \u00e9quip\u00e9 d&rsquo;un syst\u00e8me de freinage intelligent :<br \/>\nfreins \u00e0 disque avant et arri\u00e8re + frein \u00e9lectronique.<br \/>\nEt un excellent syst\u00e8me d&rsquo;\u00e9clairage : phare avant, feu arri\u00e8re et clignotants et conception de l&rsquo;\u00e9clairage corporel etc.<br \/>\npour garantir votre s\u00e9curit\u00e9 de conduite.<br \/>\n<strong>Pneus Haute Performance<\/strong><br \/>\nAntid\u00e9flagrant + Auto-r\u00e9parant+ Antid\u00e9rapant et r\u00e9sistant \u00e0 l&rsquo;usure.<br \/>\nRCB D7 Trottinette \u00e9lectrique \u00e9quip\u00e9 de pneus haute performance de 10 pouces,<br \/>\nvous offrir une conduite s\u00fbre et confortable<br \/>\n<strong>Double Freins &amp; Double Suspension<\/strong><br \/>\nGr\u00e2ce \u00e0 son syst\u00e8me de freinage double et sa double suspension,<br \/>\ncette trottinette \u00e9lectrique garantit un trajet s\u00fbr et fluide, m\u00eame sur des terrains irr\u00e9guliers.<br \/>\nLes pneus de 10 pouces, r\u00e9sistants aux crevaisons, offrent \u00e9galement une excellente adh\u00e9rence.<br \/>\n<strong>Application et Large \u00c9cran LED<\/strong><br \/>\nLa trottinette \u00e9lectrique RCB D7 est contr\u00f4l\u00e9e via une application et dispose d&rsquo;un large \u00e9cran LED<br \/>\nqui donne un acc\u00e8s clair au contr\u00f4le de croisi\u00e8re,<br \/>\nau mode de vitesse, \u00e0 l&rsquo;autonomie de la batterie, aux donn\u00e9es de trajet,<br \/>\naux phares, aux codes d&rsquo;erreur et plus encore.<br \/>\n<strong>Trottinette Pliable D7<\/strong><br \/>\nLes dimensions du produit sont de 120.8 x 60 x 139.5 cm,<br \/>\navec trois hauteurs ajustables. Une fois pli\u00e9e, elle mesure 120.8 x 24 x 55 cm et p\u00e8se 28.8kg (63.4 LBS),<br \/>\nce qui la rend facile \u00e0 ranger et \u00e0 transporter.<br \/>\nParam\u00e8tres du Trottinette :<br \/>\nPoids net : 28,8 kg<br \/>\nPoids brut : 33,9 kg<br \/>\nPuissance du moteur : 500W<br \/>\nCapacit\u00e9 de la batterie : 27 Ah<br \/>\nAutonomie : 90-110 km<br \/>\nTemps de charge : 7-9 heures<br \/>\nModes de vitesse : 10 km\/h, 15 km\/h, 25 km\/h<br \/>\nCapacit\u00e9 maximale de charge : 150 kg<br \/>\nSp\u00e9cifications du chargeur : 54,6V 3A<br \/>\nTaille des pneus : 10 pouces<\/p>\n<h2 class=\"floor-title vtmn-typo_title-4 vtmn-y-0 gt-tablet:vtmn-mt-6 gt-tablet:vtmn-mb-6 title__position--center svelte-kmv775\" tabindex=\"0\" role=\"button\"><span id=\"floor-67817c1a-4668-4620-8f18-5c6c9b256bc8\" class=\"svelte-kmv775\" role=\"presentation\">Informations techniques<\/span><\/h2>\n<div class=\"floor-content svelte-kmv775\">\n<div class=\"collapse-wrapper svelte-1oe98l6 expandable expanded\">\n<div class=\"content\">\n<div class=\"tech-info vtmn-py-5 svelte-wahzr3\">\n<h3 class=\"vtmn-typo_title-5 vtmn-mt-0 svelte-wahzr3\">suspension<\/h3>\n<p class=\"vtmn-m-0 vtmn-break-words\">rigide<\/p>\n<\/div>\n<div class=\"tech-info vtmn-py-5 svelte-wahzr3\">\n<h3 class=\"vtmn-typo_title-5 vtmn-mt-0 svelte-wahzr3\">type de freins<\/h3>\n<p class=\"vtmn-m-0 vtmn-break-words\">freins \u00e0 disque hydraulique avant et \u00e0 r\u00e9trop\u00e9dalage arri\u00e8re<\/p>\n<\/div>\n<div class=\"tech-info vtmn-py-5 svelte-wahzr3\">\n<h3 class=\"vtmn-typo_title-5 vtmn-mt-0 svelte-wahzr3\">taille de roue<\/h3>\n<p class=\"vtmn-m-0 vtmn-break-words\">10&Prime;<\/p>\n<\/div>\n<div class=\"tech-info vtmn-py-5 svelte-wahzr3\">\n<h3 class=\"vtmn-typo_title-5 vtmn-mt-0 svelte-wahzr3\">vitesse maximum<\/h3>\n<p class=\"vtmn-m-0 vtmn-break-words\">25 km\/h<\/p>\n<\/div>\n<div class=\"tech-info vtmn-py-5 svelte-wahzr3\">\n<h3 class=\"vtmn-typo_title-5 vtmn-mt-0 svelte-wahzr3\">b\u00e9quille<\/h3>\n<p class=\"vtmn-m-0 vtmn-break-words\">avec b\u00e9quille<\/p>\n<\/div>\n<div class=\"tech-info vtmn-py-5 svelte-wahzr3\">\n<h3 class=\"vtmn-typo_title-5 vtmn-mt-0 svelte-wahzr3\">autonomie (en km)<\/h3>\n<p class=\"vtmn-m-0 vtmn-break-words\">jusqu&rsquo;\u00e0 110 km<\/p>\n<\/div>\n<div class=\"tech-info vtmn-py-5 svelte-wahzr3\">\n<h3 class=\"vtmn-typo_title-5 vtmn-mt-0 svelte-wahzr3\">connexion bluetooth<\/h3>\n<p class=\"vtmn-m-0 vtmn-break-words\">avec connexion bluetooth<\/p>\n<\/div>\n<div class=\"tech-info vtmn-py-5 svelte-wahzr3\">\n<h3 class=\"vtmn-typo_title-5 vtmn-mt-0 svelte-wahzr3\">console num\u00e9rique<\/h3>\n<p class=\"vtmn-m-0 vtmn-break-words\">console num\u00e9rique<\/p>\n<\/div>\n<div class=\"tech-info vtmn-py-5 svelte-wahzr3\">\n<h3 class=\"vtmn-typo_title-5 vtmn-mt-0 svelte-wahzr3\">poids (en kg)<\/h3>\n<p class=\"vtmn-m-0 vtmn-break-words\">28,8 kg<\/p>\n<\/div>\n<div class=\"tech-info vtmn-py-5 svelte-wahzr3\">\n<h3 class=\"vtmn-typo_title-5 vtmn-mt-0 svelte-wahzr3\">\u00e9tanch\u00e9it\u00e9 ip<\/h3>\n<p class=\"vtmn-m-0 vtmn-break-words\">IP54<\/p>\n<\/div>\n<div class=\"tech-info vtmn-py-5 svelte-wahzr3\">\n<h3 class=\"vtmn-typo_title-5 vtmn-mt-0 svelte-wahzr3\">\u00e9tat<\/h3>\n<p class=\"vtmn-m-0 vtmn-break-words\">neuf<\/p>\n<\/div>\n<div class=\"tech-info vtmn-py-5 svelte-wahzr3\">\n<h3 class=\"vtmn-typo_title-5 vtmn-mt-0 svelte-wahzr3\">type de roues<\/h3>\n<p class=\"vtmn-m-0 vtmn-break-words\">roues pleines<\/p>\n<\/div>\n<div class=\"tech-info vtmn-py-5 svelte-wahzr3\">\n<h3 class=\"vtmn-typo_title-5 vtmn-mt-0 svelte-wahzr3\">type d&rsquo;\u00e9cran<\/h3>\n<p class=\"vtmn-m-0 vtmn-break-words\">LCD<\/p>\n<\/div>\n<div class=\"tech-info vtmn-py-5 svelte-wahzr3\">\n<h3 class=\"vtmn-typo_title-5 vtmn-mt-0 svelte-wahzr3\">nombre de roue<\/h3>\n<p class=\"vtmn-m-0 vtmn-break-words\">2 roues<\/p>\n<\/div>\n<div class=\"tech-info vtmn-py-5 svelte-wahzr3\">\n<h3 class=\"vtmn-typo_title-5 vtmn-mt-0 svelte-wahzr3\">pliable<\/h3>\n<p class=\"vtmn-m-0 vtmn-break-words\">pliable<\/p>\n<\/div>\n<div class=\"tech-info vtmn-py-5 svelte-wahzr3\">\n<h3 class=\"vtmn-typo_title-5 vtmn-mt-0 svelte-wahzr3\">Garantie<\/h3>\n<p class=\"vtmn-m-0 vtmn-break-words\">2 ans<\/p>\n<\/div>\n<\/div>\n<\/div>\n<\/div>\n<\/div>\n<\/div>","protected":false},"excerpt":{"rendered":"<p class=\"vtmn-text-base vtmn-mb-0 vtmn-mt-2\">La trottinette \u00e9lectrique pour adultes RCB D7 est \u00e9quip\u00e9e d&rsquo;une batterie haute capacit\u00e9 de 27 Ah, offrant une autonomie de 90 \u00e0 110 km, et d&rsquo;un moteur de 500 W.<\/p>","protected":false},"featured_media":12380,"comment_status":"open","ping_status":"closed","template":"","meta":{"inline_featured_image":false},"product_cat":[178,176],"product_tag":[],"class_list":{"0":"post-3033","1":"product","2":"type-product","3":"status-publish","4":"has-post-thumbnail","6":"product_cat-pliable-trottinette-electrique","7":"product_cat-trottinette-electrique","9":"first","10":"instock","11":"sale","12":"taxable","13":"shipping-taxable","14":"purchasable","15":"product-type-simple"},"_links":{"self":[{"href":"https:\/\/mobilobike.com\/fr\/wp-json\/wp\/v2\/product\/3033","targetHints":{"allow":["GET"]}}],"collection":[{"href":"https:\/\/mobilobike.com\/fr\/wp-json\/wp\/v2\/product"}],"about":[{"href":"https:\/\/mobilobike.com\/fr\/wp-json\/wp\/v2\/types\/product"}],"replies":[{"embeddable":true,"href":"https:\/\/mobilobike.com\/fr\/wp-json\/wp\/v2\/comments?post=3033"}],"version-history":[{"count":1,"href":"https:\/\/mobilobike.com\/fr\/wp-json\/wp\/v2\/product\/3033\/revisions"}],"predecessor-version":[{"id":12382,"href":"https:\/\/mobilobike.com\/fr\/wp-json\/wp\/v2\/product\/3033\/revisions\/12382"}],"wp:featuredmedia":[{"embeddable":true,"href":"https:\/\/mobilobike.com\/fr\/wp-json\/wp\/v2\/media\/12380"}],"wp:attachment":[{"href":"https:\/\/mobilobike.com\/fr\/wp-json\/wp\/v2\/media?parent=3033"}],"wp:term":[{"taxonomy":"product_cat","embeddable":true,"href":"https:\/\/mobilobike.com\/fr\/wp-json\/wp\/v2\/product_cat?post=3033"},{"taxonomy":"product_tag","embeddable":true,"href":"https:\/\/mobilobike.com\/fr\/wp-json\/wp\/v2\/product_tag?post=3033"}],"curies":[{"name":"wp","href":"https:\/\/api.w.org\/{rel}","templated":true}]}}