{"id":3043,"date":"2025-02-08T16:25:40","date_gmt":"2025-02-08T16:25:40","guid":{"rendered":"https:\/\/mobilobike.com\/?post_type=product&#038;p=3043"},"modified":"2025-07-08T18:31:17","modified_gmt":"2025-07-08T18:31:17","slug":"urbanglide-160-city","status":"publish","type":"product","link":"https:\/\/mobilobike.com\/fr\/produit\/urbanglide-160-city\/","title":{"rendered":"Urbanglide 160 City"},"content":{"rendered":"<h2 class=\"floor-title vtmn-typo_title-4 vtmn-y-0 gt-tablet:vtmn-mt-6 gt-tablet:vtmn-mb-6 title__position--center svelte-kmv775\" tabindex=\"0\" role=\"button\"><span id=\"floor-60673ba9-bafb-4f41-b542-22116c73648e\" class=\"svelte-kmv775\" role=\"presentation\">Description<\/span><\/h2>\n<div class=\"floor-content svelte-kmv775\">\n<div class=\"svelte-1uw9j0x\">\n<p>Trottinette \u00c9lectrique 160 City &#8211; Performance et Confort Urbain<br \/>\nLa 160 City est la trottinette id\u00e9ale pour vos trajets urbains, alliant performance, confort et praticit\u00e9. Con\u00e7ue pour les citadins, elle vous permet de vous d\u00e9placer rapidement et en toute s\u00e9curit\u00e9.<br \/>\nCaract\u00e9ristiques principales :<\/p>\n<p>Vitesse maximale : 25 km\/h<br \/>\nAutonomie jusqu&rsquo;\u00e0 35 km gr\u00e2ce \u00e0 sa batterie 10 Ah<br \/>\nMoteur puissant de 350W (500W max), avec moteur arri\u00e8re pour une meilleure stabilit\u00e9<br \/>\nTemps de recharge rapide : environ 5 heures<br \/>\nFreins \u00e0 disque x2 pour un freinage fiable et efficace<br \/>\nPneus de 16\u00a0\u00bb avec chambre \u00e0 air, offrant confort et adh\u00e9rence<br \/>\nDegr\u00e9 de pente jusqu&rsquo;\u00e0 10\u00b0, id\u00e9al pour la ville<br \/>\nIndice de protection IPX4 pour une utilisation sous la pluie<br \/>\nCharge maximale : 120 kg<br \/>\nPoids : 23 kg, facile \u00e0 transporter<\/p>\n<p>Con\u00e7ue pour la ville<br \/>\nL\u00e9g\u00e8re, compacte et robuste, la 160 City est parfaitement adapt\u00e9e \u00e0 la mobilit\u00e9 urbaine. Son moteur puissant et son syst\u00e8me de freinage performant garantissent une conduite fluide, m\u00eame sur des pentes mod\u00e9r\u00e9es. Avec une recharge rapide et une grande autonomie, vous profitez de tous les avantages d&rsquo;une trottinette \u00e9lectrique pour vos d\u00e9placements quotidiens.<\/p>\n<p>Optez pour la 160 City : l&rsquo;alliance parfaite de la performance, du confort et de la praticit\u00e9 en ville !<\/p>\n<\/div>\n<h2 class=\"floor-title vtmn-typo_title-4 vtmn-y-0 gt-tablet:vtmn-mt-6 gt-tablet:vtmn-mb-6 title__position--center svelte-kmv775\" tabindex=\"0\" role=\"button\"><span id=\"floor-2e529016-2328-4020-adfb-db2fe95ae61a\" class=\"svelte-kmv775\" role=\"presentation\">Informations techniques<\/span><\/h2>\n<div class=\"floor-content svelte-kmv775\">\n<div class=\"collapse-wrapper svelte-1oe98l6 expandable expanded\">\n<div class=\"content\">\n<div class=\"tech-info vtmn-py-5 svelte-wahzr3\">\n<h3 class=\"vtmn-typo_title-5 vtmn-mt-0 svelte-wahzr3\">type d&rsquo;\u00e9clairage<\/h3>\n<p class=\"vtmn-m-0 vtmn-break-words\">\u00e9clairage 2 en 1<\/p>\n<\/div>\n<div class=\"tech-info vtmn-py-5 svelte-wahzr3\">\n<h3 class=\"vtmn-typo_title-5 vtmn-mt-0 svelte-wahzr3\">antivol<\/h3>\n<p class=\"vtmn-m-0 vtmn-break-words\">sans antivol<\/p>\n<\/div>\n<div class=\"tech-info vtmn-py-5 svelte-wahzr3\">\n<h3 class=\"vtmn-typo_title-5 vtmn-mt-0 svelte-wahzr3\">type de commande<\/h3>\n<p class=\"vtmn-m-0 vtmn-break-words\">gachette pouce<\/p>\n<\/div>\n<div class=\"tech-info vtmn-py-5 svelte-wahzr3\">\n<h3 class=\"vtmn-typo_title-5 vtmn-mt-0 svelte-wahzr3\">lieu de pratique<\/h3>\n<p class=\"vtmn-m-0 vtmn-break-words\">ext\u00e9rieur<\/p>\n<\/div>\n<div class=\"tech-info vtmn-py-5 svelte-wahzr3\">\n<h3 class=\"vtmn-typo_title-5 vtmn-mt-0 svelte-wahzr3\">type de freins<\/h3>\n<p class=\"vtmn-m-0 vtmn-break-words\">freins disque m\u00e9caniques avant et freins \u00e0 disque arri\u00e8re<\/p>\n<\/div>\n<div class=\"tech-info vtmn-py-5 svelte-wahzr3\">\n<h3 class=\"vtmn-typo_title-5 vtmn-mt-0 svelte-wahzr3\">taille de roue<\/h3>\n<p class=\"vtmn-m-0 vtmn-break-words\">16&Prime;<\/p>\n<\/div>\n<div class=\"tech-info vtmn-py-5 svelte-wahzr3\">\n<h3 class=\"vtmn-typo_title-5 vtmn-mt-0 svelte-wahzr3\">poids du sportif<\/h3>\n<p class=\"vtmn-m-0 vtmn-break-words\">de 60 \u00e0 120 kg<\/p>\n<\/div>\n<div class=\"tech-info vtmn-py-5 svelte-wahzr3\">\n<h3 class=\"vtmn-typo_title-5 vtmn-mt-0 svelte-wahzr3\">vitesse maximum<\/h3>\n<p class=\"vtmn-m-0 vtmn-break-words\">25 km\/h<\/p>\n<\/div>\n<div class=\"tech-info vtmn-py-5 svelte-wahzr3\">\n<h3 class=\"vtmn-typo_title-5 vtmn-mt-0 svelte-wahzr3\">b\u00e9quille<\/h3>\n<p class=\"vtmn-m-0 vtmn-break-words\">avec b\u00e9quille<\/p>\n<\/div>\n<div class=\"tech-info vtmn-py-5 svelte-wahzr3\">\n<h3 class=\"vtmn-typo_title-5 vtmn-mt-0 svelte-wahzr3\">autonomie (en km)<\/h3>\n<p class=\"vtmn-m-0 vtmn-break-words\">jusqu&rsquo;\u00e0 35 km<\/p>\n<\/div>\n<div class=\"tech-info vtmn-py-5 svelte-wahzr3\">\n<h3 class=\"vtmn-typo_title-5 vtmn-mt-0 svelte-wahzr3\">capacit\u00e9 de la batterie (en Wh)<\/h3>\n<p class=\"vtmn-m-0 vtmn-break-words\">300 \u00e0 399 Wh<\/p>\n<\/div>\n<div class=\"tech-info vtmn-py-5 svelte-wahzr3\">\n<h3 class=\"vtmn-typo_title-5 vtmn-mt-0 svelte-wahzr3\">connexion bluetooth<\/h3>\n<p class=\"vtmn-m-0 vtmn-break-words\">sans connexion bluetooth<\/p>\n<\/div>\n<div class=\"tech-info vtmn-py-5 svelte-wahzr3\">\n<h3 class=\"vtmn-typo_title-5 vtmn-mt-0 svelte-wahzr3\">console num\u00e9rique<\/h3>\n<p class=\"vtmn-m-0 vtmn-break-words\">console num\u00e9rique<\/p>\n<\/div>\n<div class=\"tech-info vtmn-py-5 svelte-wahzr3\">\n<h3 class=\"vtmn-typo_title-5 vtmn-mt-0 svelte-wahzr3\">poids (en kg)<\/h3>\n<p class=\"vtmn-m-0 vtmn-break-words\">21 kg<\/p>\n<\/div>\n<div class=\"tech-info vtmn-py-5 svelte-wahzr3\">\n<h3 class=\"vtmn-typo_title-5 vtmn-mt-0 svelte-wahzr3\">type de distance<\/h3>\n<p class=\"vtmn-m-0 vtmn-break-words\">toutes distances<\/p>\n<\/div>\n<div class=\"tech-info vtmn-py-5 svelte-wahzr3\">\n<h3 class=\"vtmn-typo_title-5 vtmn-mt-0 svelte-wahzr3\">\u00e9tanch\u00e9it\u00e9 ip<\/h3>\n<p class=\"vtmn-m-0 vtmn-break-words\">IPX4<\/p>\n<\/div>\n<div class=\"tech-info vtmn-py-5 svelte-wahzr3\">\n<h3 class=\"vtmn-typo_title-5 vtmn-mt-0 svelte-wahzr3\">puissance (en watts)<\/h3>\n<p class=\"vtmn-m-0 vtmn-break-words\">600 W<\/p>\n<\/div>\n<div class=\"tech-info vtmn-py-5 svelte-wahzr3\">\n<h3 class=\"vtmn-typo_title-5 vtmn-mt-0 svelte-wahzr3\">\u00e9tat<\/h3>\n<p class=\"vtmn-m-0 vtmn-break-words\">neuf<\/p>\n<\/div>\n<div class=\"tech-info vtmn-py-5 svelte-wahzr3\">\n<h3 class=\"vtmn-typo_title-5 vtmn-mt-0 svelte-wahzr3\">type de roues<\/h3>\n<p class=\"vtmn-m-0 vtmn-break-words\">roues gonflabes<\/p>\n<\/div>\n<div class=\"tech-info vtmn-py-5 svelte-wahzr3\">\n<h3 class=\"vtmn-typo_title-5 vtmn-mt-0 svelte-wahzr3\">type d&rsquo;\u00e9cran<\/h3>\n<p class=\"vtmn-m-0 vtmn-break-words\">LCD<\/p>\n<\/div>\n<div class=\"tech-info vtmn-py-5 svelte-wahzr3\">\n<h3 class=\"vtmn-typo_title-5 vtmn-mt-0 svelte-wahzr3\">nombre de roue<\/h3>\n<p class=\"vtmn-m-0 vtmn-break-words\">2 roues<\/p>\n<\/div>\n<div class=\"tech-info vtmn-py-5 svelte-wahzr3\">\n<h3 class=\"vtmn-typo_title-5 vtmn-mt-0 svelte-wahzr3\">pliable<\/h3>\n<p class=\"vtmn-m-0 vtmn-break-words\">pliable<\/p>\n<\/div>\n<div class=\"tech-info vtmn-py-5 svelte-wahzr3\">\n<h3 class=\"vtmn-typo_title-5 vtmn-mt-0 svelte-wahzr3\">position frein<\/h3>\n<p class=\"vtmn-m-0 vtmn-break-words\">au guidon<\/p>\n<\/div>\n<\/div>\n<\/div>\n<\/div>\n<\/div>","protected":false},"excerpt":{"rendered":"<p class=\"vtmn-text-base vtmn-mb-0 vtmn-mt-2\">D\u00e9couvrez le confort et la polyvalence lors de vos d\u00e9placements quotidiens avec nos roues de 16 pouces. La compagne parfaite pour des aventures agr\u00e9ables.<\/p>","protected":false},"featured_media":12383,"comment_status":"open","ping_status":"closed","template":"","meta":{"inline_featured_image":false},"product_cat":[178,176],"product_tag":[],"class_list":{"0":"post-3043","1":"product","2":"type-product","3":"status-publish","4":"has-post-thumbnail","6":"product_cat-pliable-trottinette-electrique","7":"product_cat-trottinette-electrique","9":"first","10":"instock","11":"taxable","12":"shipping-taxable","13":"purchasable","14":"product-type-simple"},"_links":{"self":[{"href":"https:\/\/mobilobike.com\/fr\/wp-json\/wp\/v2\/product\/3043","targetHints":{"allow":["GET"]}}],"collection":[{"href":"https:\/\/mobilobike.com\/fr\/wp-json\/wp\/v2\/product"}],"about":[{"href":"https:\/\/mobilobike.com\/fr\/wp-json\/wp\/v2\/types\/product"}],"replies":[{"embeddable":true,"href":"https:\/\/mobilobike.com\/fr\/wp-json\/wp\/v2\/comments?post=3043"}],"version-history":[{"count":1,"href":"https:\/\/mobilobike.com\/fr\/wp-json\/wp\/v2\/product\/3043\/revisions"}],"predecessor-version":[{"id":12385,"href":"https:\/\/mobilobike.com\/fr\/wp-json\/wp\/v2\/product\/3043\/revisions\/12385"}],"wp:featuredmedia":[{"embeddable":true,"href":"https:\/\/mobilobike.com\/fr\/wp-json\/wp\/v2\/media\/12383"}],"wp:attachment":[{"href":"https:\/\/mobilobike.com\/fr\/wp-json\/wp\/v2\/media?parent=3043"}],"wp:term":[{"taxonomy":"product_cat","embeddable":true,"href":"https:\/\/mobilobike.com\/fr\/wp-json\/wp\/v2\/product_cat?post=3043"},{"taxonomy":"product_tag","embeddable":true,"href":"https:\/\/mobilobike.com\/fr\/wp-json\/wp\/v2\/product_tag?post=3043"}],"curies":[{"name":"wp","href":"https:\/\/api.w.org\/{rel}","templated":true}]}}