{"id":3046,"date":"2025-02-08T16:38:39","date_gmt":"2025-02-08T16:38:39","guid":{"rendered":"https:\/\/mobilobike.com\/?post_type=product&#038;p=3046"},"modified":"2025-07-08T18:31:17","modified_gmt":"2025-07-08T18:31:17","slug":"urbanglide-ecross-pro-max-2x2","status":"publish","type":"product","link":"https:\/\/mobilobike.com\/fr\/produit\/urbanglide-ecross-pro-max-2x2\/","title":{"rendered":"URBANGLIDE eCross PRO MAX 2X2"},"content":{"rendered":"<h2 class=\"floor-title vtmn-typo_title-4 vtmn-y-0 gt-tablet:vtmn-mt-6 gt-tablet:vtmn-mb-6 title__position--center svelte-kmv775\" tabindex=\"0\" role=\"button\"><span id=\"floor-8dc185ce-6e79-47dc-abce-ef725400c666\" class=\"svelte-kmv775\" role=\"presentation\">Description<\/span><\/h2>\n<div class=\"floor-content svelte-kmv775\">\n<div class=\"svelte-1uw9j0x\">\n<p>La UrbanGlide Ecross Pro MAX 2X2 est une trottinette \u00e9lectrique haute performance con\u00e7ue pour les trajets rapides et exigeants. Avec deux moteurs de 800W, elle assure une acc\u00e9l\u00e9ration puissante et peut gravir des pentes jusqu&rsquo;\u00e0 20\u00b0. Sa batterie 48V 18Ah offre une autonomie allant jusqu&rsquo;\u00e0 60 km, pour des d\u00e9placements prolong\u00e9s.<br \/>\nCaract\u00e9ristiques cl\u00e9s :<\/p>\n<p>Puissance et Maniabilit\u00e9 : Double moteur 800W et roues de 10 pouces pour une stabilit\u00e9 optimale sur tous types de terrains.<br \/>\nConfort : Six suspensions (4 avant, 2 arri\u00e8re) absorbent efficacement les chocs. Le large plateau avec repose-pied et guidon r\u00e9glable offre un confort prolong\u00e9.<br \/>\nS\u00e9curit\u00e9 avanc\u00e9e : Freins \u00e0 disque avant et arri\u00e8re pour une ma\u00eetrise rapide de l&rsquo;allure, \u00e9clairage LED puissant, 4 clignotants, poign\u00e9es antid\u00e9rapantes et garde-boues avant et arri\u00e8re.<br \/>\nPratique et ergonomique : Syst\u00e8me de pliage rapide avec poign\u00e9es rabattables et guidon t\u00e9lescopique. Poids net de 27 kg pour faciliter le transport.<\/p>\n<p>Sp\u00e9cifications Techniques :<\/p>\n<p>Vitesse max : 25 km\/h<br \/>\nAutonomie : jusqu&rsquo;\u00e0 60 km<br \/>\nTemps de charge : 5 h<br \/>\nDimensions (ouvert) : 120 x 60,5 x 106 cm ; (ferm\u00e9) : 120 x 24,5 x 43 cm<br \/>\nCharge max : 120 kg<\/p>\n<h2 class=\"floor-title vtmn-typo_title-4 vtmn-y-0 gt-tablet:vtmn-mt-6 gt-tablet:vtmn-mb-6 title__position--center svelte-kmv775\" tabindex=\"0\" role=\"button\"><span id=\"floor-c877a1c5-8acb-4c39-b9c1-ef6753526580\" class=\"svelte-kmv775\" role=\"presentation\">Informations techniques<\/span><\/h2>\n<div class=\"floor-content svelte-kmv775\">\n<div class=\"collapse-wrapper svelte-1oe98l6\">\n<div class=\"content\">\n<div class=\"tech-info vtmn-py-5 svelte-wahzr3\">\n<h3 class=\"vtmn-typo_title-5 vtmn-mt-0 svelte-wahzr3\">vitesse maximum<\/h3>\n<p class=\"vtmn-m-0 vtmn-break-words\">25 km\/h<\/p>\n<\/div>\n<div class=\"tech-info vtmn-py-5 svelte-wahzr3\">\n<h3 class=\"vtmn-typo_title-5 vtmn-mt-0 svelte-wahzr3\">autonomie (en km)<\/h3>\n<p class=\"vtmn-m-0 vtmn-break-words\">jusqu&rsquo;\u00e0 50 km<\/p>\n<\/div>\n<div class=\"tech-info vtmn-py-5 svelte-wahzr3\">\n<h3 class=\"vtmn-typo_title-5 vtmn-mt-0 svelte-wahzr3\">puissance (en watts)<\/h3>\n<p class=\"vtmn-m-0 vtmn-break-words\">1600 W<\/p>\n<\/div>\n<\/div>\n<\/div>\n<\/div>\n<p>&nbsp;<\/p>\n<\/div>\n<\/div>","protected":false},"excerpt":{"rendered":"<p class=\"vtmn-text-base vtmn-mb-0 vtmn-mt-2\">Dominez tous les terrains avec l&rsquo;URBANGLIDE eCross PRO MAX 2X2 : puissance, performance et libert\u00e9 sans limites !<\/p>","protected":false},"featured_media":12386,"comment_status":"open","ping_status":"closed","template":"","meta":{"inline_featured_image":false},"product_cat":[178,176],"product_tag":[],"class_list":{"0":"post-3046","1":"product","2":"type-product","3":"status-publish","4":"has-post-thumbnail","6":"product_cat-pliable-trottinette-electrique","7":"product_cat-trottinette-electrique","9":"first","10":"instock","11":"sale","12":"taxable","13":"shipping-taxable","14":"purchasable","15":"product-type-simple"},"_links":{"self":[{"href":"https:\/\/mobilobike.com\/fr\/wp-json\/wp\/v2\/product\/3046","targetHints":{"allow":["GET"]}}],"collection":[{"href":"https:\/\/mobilobike.com\/fr\/wp-json\/wp\/v2\/product"}],"about":[{"href":"https:\/\/mobilobike.com\/fr\/wp-json\/wp\/v2\/types\/product"}],"replies":[{"embeddable":true,"href":"https:\/\/mobilobike.com\/fr\/wp-json\/wp\/v2\/comments?post=3046"}],"version-history":[{"count":1,"href":"https:\/\/mobilobike.com\/fr\/wp-json\/wp\/v2\/product\/3046\/revisions"}],"predecessor-version":[{"id":12387,"href":"https:\/\/mobilobike.com\/fr\/wp-json\/wp\/v2\/product\/3046\/revisions\/12387"}],"wp:featuredmedia":[{"embeddable":true,"href":"https:\/\/mobilobike.com\/fr\/wp-json\/wp\/v2\/media\/12386"}],"wp:attachment":[{"href":"https:\/\/mobilobike.com\/fr\/wp-json\/wp\/v2\/media?parent=3046"}],"wp:term":[{"taxonomy":"product_cat","embeddable":true,"href":"https:\/\/mobilobike.com\/fr\/wp-json\/wp\/v2\/product_cat?post=3046"},{"taxonomy":"product_tag","embeddable":true,"href":"https:\/\/mobilobike.com\/fr\/wp-json\/wp\/v2\/product_tag?post=3046"}],"curies":[{"name":"wp","href":"https:\/\/api.w.org\/{rel}","templated":true}]}}