{"id":3048,"date":"2025-02-08T16:51:57","date_gmt":"2025-02-08T16:51:57","guid":{"rendered":"https:\/\/mobilobike.com\/?post_type=product&#038;p=3048"},"modified":"2025-07-08T18:31:17","modified_gmt":"2025-07-08T18:31:17","slug":"ninebot-segway-g30e-ii-max","status":"publish","type":"product","link":"https:\/\/mobilobike.com\/fr\/produit\/ninebot-segway-g30e-ii-max\/","title":{"rendered":"Ninebot Segway G30E II Max"},"content":{"rendered":"<h2 class=\"floor-title vtmn-typo_title-4 vtmn-y-0 gt-tablet:vtmn-mt-6 gt-tablet:vtmn-mb-6 title__position--center svelte-kmv775\" tabindex=\"0\" role=\"button\"><span id=\"floor-cbb3b301-f310-48a2-86a7-9d846f784c9b\" class=\"svelte-kmv775\" role=\"presentation\">Avantages du produit<\/span><\/h2>\n<div class=\"floor-content svelte-kmv775 no-padding\">\n<div class=\"vtmn-flex vtmn-flex-wrap\" role=\"list\">\n<section class=\"benefit vtmn-flex vtmn-justify-center vtmn-items-center vtmn-px-4 vtmn-pt-4 vtmn-pb-6 vtmn-w-full gt-tablet:vtmn-w-2\/5 gt-tablet:vtmn-relative gt-tablet:vtmn-px-0 svelte-1cthpt4\" role=\"listitem\">\n<div class=\"wrapper vtmn-mr-4 svelte-bupr9u\"><img decoding=\"async\" class=\"svelte-11itto\" src=\"https:\/\/contents.mediadecathlon.com\/b81420\/k$6877fc31eddd1a723bca8ee0626fe75a\/sq\/autonomie.jpg?format=auto&amp;f=800x0\" sizes=\"(min-width: 0px) 60px, 100vw\" srcset=\"https:\/\/contents.mediadecathlon.com\/b81420\/k$6877fc31eddd1a723bca8ee0626fe75a\/sq\/autonomie.jpg?format=auto&amp;f=60x60 60w, https:\/\/contents.mediadecathlon.com\/b81420\/k$6877fc31eddd1a723bca8ee0626fe75a\/sq\/autonomie.jpg?format=auto&amp;f=120x120 120w, https:\/\/contents.mediadecathlon.com\/b81420\/k$6877fc31eddd1a723bca8ee0626fe75a\/sq\/autonomie.jpg?format=auto&amp;f=180x180 180w\" alt=\"\" width=\"\" height=\"\" aria-hidden=\"true\" data-broken=\"Image indisponible\" \/><\/div>\n<h3 class=\"item-title review-title vtmn-typo_title-5 vtmn-flex-grow vtmn-order-1 vtmn-m-0 vtmn-text-ellipsis vtmn-overflow-hidden svelte-bupr9u\">autonomie<\/h3>\n<p class=\"vtmn-mt-4 vtmn-mb-0 vtmn-w-full vtmn-order-3 svelte-bupr9u\">Autonomie jusqu\u2019\u00e0 65 km Vitesse max de 25 km\/h<\/p>\n<\/section>\n<section class=\"benefit vtmn-flex vtmn-justify-center vtmn-items-center vtmn-px-4 vtmn-pt-4 vtmn-pb-6 vtmn-w-full gt-tablet:vtmn-w-2\/5 gt-tablet:vtmn-relative gt-tablet:vtmn-px-0 svelte-1cthpt4\" role=\"listitem\">\n<div class=\"wrapper vtmn-mr-4 svelte-bupr9u\"><img decoding=\"async\" class=\"svelte-11itto\" src=\"https:\/\/contents.mediadecathlon.com\/b82651\/k$4b1924592d0fbac097edfdf5e7591988\/sq\/puissance.jpg?format=auto&amp;f=800x0\" sizes=\"(min-width: 0px) 60px, 100vw\" srcset=\"https:\/\/contents.mediadecathlon.com\/b82651\/k$4b1924592d0fbac097edfdf5e7591988\/sq\/puissance.jpg?format=auto&amp;f=60x60 60w, https:\/\/contents.mediadecathlon.com\/b82651\/k$4b1924592d0fbac097edfdf5e7591988\/sq\/puissance.jpg?format=auto&amp;f=120x120 120w, https:\/\/contents.mediadecathlon.com\/b82651\/k$4b1924592d0fbac097edfdf5e7591988\/sq\/puissance.jpg?format=auto&amp;f=180x180 180w\" alt=\"\" width=\"\" height=\"\" aria-hidden=\"true\" data-broken=\"Image indisponible\" \/><\/div>\n<h3 class=\"item-title review-title vtmn-typo_title-5 vtmn-flex-grow vtmn-order-1 vtmn-m-0 vtmn-text-ellipsis vtmn-overflow-hidden svelte-bupr9u\">puissance<\/h3>\n<p class=\"vtmn-mt-4 vtmn-mb-0 vtmn-w-full vtmn-order-3 svelte-bupr9u\">Roue moteur avant de 350W Angle de mont\u00e9e de 20 %<\/p>\n<\/section>\n<section class=\"benefit vtmn-flex vtmn-justify-center vtmn-items-center vtmn-px-4 vtmn-pt-4 vtmn-pb-6 vtmn-w-full gt-tablet:vtmn-w-2\/5 gt-tablet:vtmn-relative gt-tablet:vtmn-px-0 svelte-1cthpt4\" role=\"listitem\">\n<div class=\"wrapper vtmn-mr-4 svelte-bupr9u\"><img decoding=\"async\" class=\"svelte-11itto\" src=\"https:\/\/contents.mediadecathlon.com\/b82702\/k$1e99702adf878b91fd849aab68125127\/sq\/amorti.jpg?format=auto&amp;f=800x0\" sizes=\"(min-width: 0px) 60px, 100vw\" srcset=\"https:\/\/contents.mediadecathlon.com\/b82702\/k$1e99702adf878b91fd849aab68125127\/sq\/amorti.jpg?format=auto&amp;f=60x60 60w, https:\/\/contents.mediadecathlon.com\/b82702\/k$1e99702adf878b91fd849aab68125127\/sq\/amorti.jpg?format=auto&amp;f=120x120 120w, https:\/\/contents.mediadecathlon.com\/b82702\/k$1e99702adf878b91fd849aab68125127\/sq\/amorti.jpg?format=auto&amp;f=180x180 180w\" alt=\"\" width=\"\" height=\"\" aria-hidden=\"true\" data-broken=\"Image indisponible\" \/><\/div>\n<h3 class=\"item-title review-title vtmn-typo_title-5 vtmn-flex-grow vtmn-order-1 vtmn-m-0 vtmn-text-ellipsis vtmn-overflow-hidden svelte-bupr9u\">amorti<\/h3>\n<p class=\"vtmn-mt-4 vtmn-mb-0 vtmn-w-full vtmn-order-3 svelte-bupr9u\">Roues de 10 pouces \u00e9quip\u00e9es de pneus ultra-r\u00e9sistants anti-crevaison<\/p>\n<\/section>\n<section class=\"benefit vtmn-flex vtmn-justify-center vtmn-items-center vtmn-px-4 vtmn-pt-4 vtmn-pb-6 vtmn-w-full gt-tablet:vtmn-w-2\/5 gt-tablet:vtmn-relative gt-tablet:vtmn-px-0 svelte-1cthpt4\" role=\"listitem\">\n<div class=\"wrapper vtmn-mr-4 svelte-bupr9u\"><img decoding=\"async\" class=\"svelte-11itto\" src=\"https:\/\/contents.mediadecathlon.com\/b72606\/k$566d1c4bf08a39381fd921416b935892\/sq\/facilite-dutilisation.jpg?format=auto&amp;f=800x0\" sizes=\"(min-width: 0px) 60px, 100vw\" srcset=\"https:\/\/contents.mediadecathlon.com\/b72606\/k$566d1c4bf08a39381fd921416b935892\/sq\/facilite-dutilisation.jpg?format=auto&amp;f=60x60 60w, https:\/\/contents.mediadecathlon.com\/b72606\/k$566d1c4bf08a39381fd921416b935892\/sq\/facilite-dutilisation.jpg?format=auto&amp;f=120x120 120w, https:\/\/contents.mediadecathlon.com\/b72606\/k$566d1c4bf08a39381fd921416b935892\/sq\/facilite-dutilisation.jpg?format=auto&amp;f=180x180 180w\" alt=\"\" width=\"\" height=\"\" aria-hidden=\"true\" data-broken=\"Image indisponible\" \/><\/div>\n<h3 class=\"item-title review-title vtmn-typo_title-5 vtmn-flex-grow vtmn-order-1 vtmn-m-0 vtmn-text-ellipsis vtmn-overflow-hidden svelte-bupr9u\">facilit\u00e9 d&rsquo;utilisation<\/h3>\n<p class=\"vtmn-mt-4 vtmn-mb-0 vtmn-w-full vtmn-order-3 svelte-bupr9u\">3 modes de conduite &#8211; Indicateur de vitesse &#8211; T\u00e9moin de charge<\/p>\n<\/section>\n<section class=\"benefit vtmn-flex vtmn-justify-center vtmn-items-center vtmn-px-4 vtmn-pt-4 vtmn-pb-6 vtmn-w-full gt-tablet:vtmn-w-2\/5 gt-tablet:vtmn-relative gt-tablet:vtmn-px-0 svelte-1cthpt4\" role=\"listitem\">\n<div class=\"wrapper vtmn-mr-4 svelte-bupr9u\"><img decoding=\"async\" class=\"svelte-11itto\" src=\"https:\/\/contents.mediadecathlon.com\/b72607\/k$1b52f40718179794e388fc7db7fa9002\/sq\/puissance-de-freinage.jpg?format=auto&amp;f=800x0\" sizes=\"(min-width: 0px) 60px, 100vw\" srcset=\"https:\/\/contents.mediadecathlon.com\/b72607\/k$1b52f40718179794e388fc7db7fa9002\/sq\/puissance-de-freinage.jpg?format=auto&amp;f=60x60 60w, https:\/\/contents.mediadecathlon.com\/b72607\/k$1b52f40718179794e388fc7db7fa9002\/sq\/puissance-de-freinage.jpg?format=auto&amp;f=120x120 120w, https:\/\/contents.mediadecathlon.com\/b72607\/k$1b52f40718179794e388fc7db7fa9002\/sq\/puissance-de-freinage.jpg?format=auto&amp;f=180x180 180w\" alt=\"\" width=\"\" height=\"\" aria-hidden=\"true\" data-broken=\"Image indisponible\" \/><\/div>\n<h3 class=\"item-title review-title vtmn-typo_title-5 vtmn-flex-grow vtmn-order-1 vtmn-m-0 vtmn-text-ellipsis vtmn-overflow-hidden svelte-bupr9u\">puissance de freinage<\/h3>\n<p class=\"vtmn-mt-4 vtmn-mb-0 vtmn-w-full vtmn-order-3 svelte-bupr9u\">Syst\u00e8me \u00e0 double freinage &#8211; Frein tambour avant et frein moteu<\/p>\n<\/section>\n<section class=\"benefit vtmn-flex vtmn-justify-center vtmn-items-center vtmn-px-4 vtmn-pt-4 vtmn-pb-6 vtmn-w-full gt-tablet:vtmn-w-2\/5 gt-tablet:vtmn-relative gt-tablet:vtmn-px-0 svelte-1cthpt4\" role=\"listitem\">\n<div class=\"wrapper vtmn-mr-4 svelte-bupr9u\"><img decoding=\"async\" class=\"svelte-11itto\" src=\"https:\/\/contents.mediadecathlon.com\/b82694\/k$e06feb2ea41b9670c1bf4067cdfd2ed4\/sq\/poids.jpg?format=auto&amp;f=800x0\" sizes=\"(min-width: 0px) 60px, 100vw\" srcset=\"https:\/\/contents.mediadecathlon.com\/b82694\/k$e06feb2ea41b9670c1bf4067cdfd2ed4\/sq\/poids.jpg?format=auto&amp;f=60x60 60w, https:\/\/contents.mediadecathlon.com\/b82694\/k$e06feb2ea41b9670c1bf4067cdfd2ed4\/sq\/poids.jpg?format=auto&amp;f=120x120 120w, https:\/\/contents.mediadecathlon.com\/b82694\/k$e06feb2ea41b9670c1bf4067cdfd2ed4\/sq\/poids.jpg?format=auto&amp;f=180x180 180w\" alt=\"\" width=\"\" height=\"\" aria-hidden=\"true\" data-broken=\"Image indisponible\" \/><\/div>\n<h3 class=\"item-title review-title vtmn-typo_title-5 vtmn-flex-grow vtmn-order-1 vtmn-m-0 vtmn-text-ellipsis vtmn-overflow-hidden svelte-bupr9u\">poids<\/h3>\n<p class=\"vtmn-mt-4 vtmn-mb-0 vtmn-w-full vtmn-order-3 svelte-bupr9u\">19.9kg<\/p>\n<\/section>\n<section class=\"benefit vtmn-flex vtmn-justify-center vtmn-items-center vtmn-px-4 vtmn-pt-4 vtmn-pb-6 vtmn-w-full gt-tablet:vtmn-w-2\/5 gt-tablet:vtmn-relative gt-tablet:vtmn-px-0 svelte-1cthpt4\" role=\"listitem\">\n<div class=\"wrapper vtmn-mr-4 svelte-bupr9u\"><img decoding=\"async\" class=\"svelte-11itto\" src=\"https:\/\/contents.mediadecathlon.com\/b82678\/k$7f4b4cbef7240cc6aa12b14f8080e710\/sq\/connectivite.jpg?format=auto&amp;f=800x0\" sizes=\"(min-width: 0px) 60px, 100vw\" srcset=\"https:\/\/contents.mediadecathlon.com\/b82678\/k$7f4b4cbef7240cc6aa12b14f8080e710\/sq\/connectivite.jpg?format=auto&amp;f=60x60 60w, https:\/\/contents.mediadecathlon.com\/b82678\/k$7f4b4cbef7240cc6aa12b14f8080e710\/sq\/connectivite.jpg?format=auto&amp;f=120x120 120w, https:\/\/contents.mediadecathlon.com\/b82678\/k$7f4b4cbef7240cc6aa12b14f8080e710\/sq\/connectivite.jpg?format=auto&amp;f=180x180 180w\" alt=\"\" width=\"\" height=\"\" aria-hidden=\"true\" data-broken=\"Image indisponible\" \/><\/div>\n<h3 class=\"item-title review-title vtmn-typo_title-5 vtmn-flex-grow vtmn-order-1 vtmn-m-0 vtmn-text-ellipsis vtmn-overflow-hidden svelte-bupr9u\">connectivit\u00e9<\/h3>\n<p class=\"vtmn-mt-4 vtmn-mb-0 vtmn-w-full vtmn-order-3 svelte-bupr9u\">Connectable en Bluetooth<\/p>\n<\/section>\n<section class=\"benefit vtmn-flex vtmn-justify-center vtmn-items-center vtmn-px-4 vtmn-pt-4 vtmn-pb-6 vtmn-w-full gt-tablet:vtmn-w-2\/5 gt-tablet:vtmn-relative gt-tablet:vtmn-px-0 svelte-1cthpt4\" role=\"listitem\">\n<div class=\"wrapper vtmn-mr-4 svelte-bupr9u\"><img decoding=\"async\" class=\"svelte-11itto\" src=\"https:\/\/contents.mediadecathlon.com\/b82708\/k$b5ea44ef520f112685af7220e9725876\/sq\/etancheite.jpg?format=auto&amp;f=800x0\" sizes=\"(min-width: 0px) 60px, 100vw\" srcset=\"https:\/\/contents.mediadecathlon.com\/b82708\/k$b5ea44ef520f112685af7220e9725876\/sq\/etancheite.jpg?format=auto&amp;f=60x60 60w, https:\/\/contents.mediadecathlon.com\/b82708\/k$b5ea44ef520f112685af7220e9725876\/sq\/etancheite.jpg?format=auto&amp;f=120x120 120w, https:\/\/contents.mediadecathlon.com\/b82708\/k$b5ea44ef520f112685af7220e9725876\/sq\/etancheite.jpg?format=auto&amp;f=180x180 180w\" alt=\"\" width=\"\" height=\"\" aria-hidden=\"true\" data-broken=\"Image indisponible\" \/><\/div>\n<h3 class=\"item-title review-title vtmn-typo_title-5 vtmn-flex-grow vtmn-order-1 vtmn-m-0 vtmn-text-ellipsis vtmn-overflow-hidden svelte-bupr9u\">\u00e9tanch\u00e9it\u00e9<\/h3>\n<p class=\"vtmn-mt-4 vtmn-mb-0 vtmn-w-full vtmn-order-3 svelte-bupr9u\">IPX5 pour l\u2019ensemble du produit IPX7 pour les composants principaux<\/p>\n<\/section>\n<\/div>\n<\/div>\n<h3 class=\"floor-title vtmn-typo_title-4 vtmn-y-0 gt-tablet:vtmn-mt-6 gt-tablet:vtmn-mb-6 title__position--center svelte-kmv775\" tabindex=\"0\" role=\"button\"><span id=\"floor-199bd7da-71ec-4015-9c5c-153daac30142\" class=\"svelte-kmv775\" role=\"presentation\">Informations techniques<\/span><\/h3>\n<div class=\"floor-content svelte-kmv775\">\n<div class=\"collapse-wrapper svelte-1oe98l6 expandable expanded\">\n<div class=\"content\">\n<div class=\"tech-info vtmn-py-5 svelte-wahzr3\">\n<h3 class=\"vtmn-typo_title-5 vtmn-mt-0 svelte-wahzr3\">Comment entretenir votre trottinette Ninebot ?<\/h3>\n<p class=\"vtmn-m-0 vtmn-break-words\">Nous vous conseillons de contr\u00f4ler avant et apr\u00e8s chaque sortie l&rsquo;\u00e9tat de votre trottinette et toute absence de jeu anormal, fissures ou ar\u00eates vives.<br \/>\nLes roues et roulements sont des pi\u00e8ces d&rsquo;usure, pensez \u00e0 les contr\u00f4ler \u00e9galement et les changer si besoin.<br \/>\nPensez \u00e0 recharger votre trottinette apr\u00e8s chaque utilisation.<br \/>\nLors d&rsquo;une longue p\u00e9riode sans utilisation, votre trottinette peut tomber en d\u00e9charge profonde. Pour \u00e9viter cela, rechargez la une fois tous les trois mois pour l&rsquo;entretenir.<\/p>\n<\/div>\n<div class=\"tech-info vtmn-py-5 svelte-wahzr3\">\n<h3 class=\"vtmn-typo_title-5 vtmn-mt-0 svelte-wahzr3\">Adoptez les bons gestes pour le service apr\u00e8s-vente<\/h3>\n<p class=\"vtmn-m-0 vtmn-break-words\">Pour assurer la qualit\u00e9 du service apr\u00e8s-vente, nous vous recommandons de conserver le carton d&#8217;emballage, les \u00e9l\u00e9ments de calage, vos accessoires et votre ticket de caisse pour simplifier la proc\u00e9dure de votre trottinette Ninebot<\/p>\n<\/div>\n<div class=\"tech-info vtmn-py-5 svelte-wahzr3\">\n<h3 class=\"vtmn-typo_title-5 vtmn-mt-0 svelte-wahzr3\">Consignes de s\u00e9curit\u00e9<\/h3>\n<p class=\"vtmn-m-0 vtmn-break-words\">Avant toute utilisation, veuillez prendre connaissance de la r\u00e9glementation locale en vigueur, et la respecter.<br \/>\nIl convient de porter un casque pour la pratique de la trottinette \u00e9lectrique.<\/p>\n<\/div>\n<div class=\"tech-info vtmn-py-5 svelte-wahzr3\">\n<h3 class=\"vtmn-typo_title-5 vtmn-mt-0 svelte-wahzr3\">Batterie\/Moteur<\/h3>\n<p class=\"vtmn-m-0 vtmn-break-words\">Batterie Samsung Lithium de 36 V de 15,3 Amp\u00e8res\/heure, d&rsquo;un poids de 1,1kg.<br \/>\nTemps de charge : 6 heures (pour une recharge compl\u00e8te de la batterie)<br \/>\nBatterie et chargeur fournis avec votre trottinette Ninebot.<\/p>\n<\/div>\n<div class=\"tech-info vtmn-py-5 svelte-wahzr3\">\n<h3 class=\"vtmn-typo_title-5 vtmn-mt-0 svelte-wahzr3\">Pneus<\/h3>\n<p class=\"vtmn-m-0 vtmn-break-words\">Pneus tubeless (sans chambre \u00e0 air) absorbeurs de chocs, pneus qui prot\u00e8gent des crevaisons gr\u00e2ce \u00e0 un ing\u00e9nieux syst\u00e8me de gel qui r\u00e9sorbe les fuites d&rsquo;air.<br \/>\nPneus avant et arri\u00e8re de 10 pouces et couche de gomme suppl\u00e9mentaire permettant de r\u00e9duire les risques de crevaisons.<\/p>\n<\/div>\n<div class=\"tech-info vtmn-py-5 svelte-wahzr3\">\n<h3 class=\"vtmn-typo_title-5 vtmn-mt-0 svelte-wahzr3\">Taille et poids de l&rsquo;utilisateur<\/h3>\n<p class=\"vtmn-m-0 vtmn-break-words\">La trottinette Ninebot MAX G30 r\u00e9siste \u00e0 une charge maximale de 100kg.<\/p>\n<\/div>\n<div class=\"tech-info vtmn-py-5 svelte-wahzr3\">\n<h3 class=\"vtmn-typo_title-5 vtmn-mt-0 svelte-wahzr3\">Dimensions de la trottinette \u00e9lectrique Ninebot MAX G30E II<\/h3>\n<p class=\"vtmn-m-0 vtmn-break-words\">Dimension du guidon (deck) : 17 cm<br \/>\nLongueur de la trottinette : 65 cm<\/p>\n<\/div>\n<div class=\"tech-info vtmn-py-5 svelte-wahzr3\">\n<h3 class=\"vtmn-typo_title-5 vtmn-mt-0 svelte-wahzr3\">A quelle vitesse peut aller la trottinette \u00e9lectrique Ninebot MAX G30E II ?<\/h3>\n<p class=\"vtmn-m-0 vtmn-break-words\">La trottinette Ninebot MAX G30E II dispose de 3 modes de vitesses :<br \/>\n&#8211; mode \u00e9conomie d&rsquo;\u00e9nergie<br \/>\n&#8211; mode normale<br \/>\n&#8211; mode sport<\/p>\n<\/div>\n<div class=\"tech-info vtmn-py-5 svelte-wahzr3\">\n<h3 class=\"vtmn-typo_title-5 vtmn-mt-0 svelte-wahzr3\">Garantie<\/h3>\n<p class=\"vtmn-m-0 vtmn-break-words\">2<\/p>\n<\/div>\n<\/div>\n<\/div>\n<\/div>","protected":false},"excerpt":{"rendered":"<p class=\"vtmn-text-base vtmn-mt-2\">Une trottinette \u00e9lectrique id\u00e9alement con\u00e7ue pour vos d\u00e9placements avec un confort et une s\u00e9curit\u00e9 optimale \u00e0 une vitesse max de 25 km\/h.<\/p>","protected":false},"featured_media":12388,"comment_status":"open","ping_status":"closed","template":"","meta":{"inline_featured_image":false},"product_cat":[178,176],"product_tag":[],"class_list":{"0":"post-3048","1":"product","2":"type-product","3":"status-publish","4":"has-post-thumbnail","6":"product_cat-pliable-trottinette-electrique","7":"product_cat-trottinette-electrique","9":"first","10":"instock","11":"sale","12":"taxable","13":"shipping-taxable","14":"purchasable","15":"product-type-simple"},"_links":{"self":[{"href":"https:\/\/mobilobike.com\/fr\/wp-json\/wp\/v2\/product\/3048","targetHints":{"allow":["GET"]}}],"collection":[{"href":"https:\/\/mobilobike.com\/fr\/wp-json\/wp\/v2\/product"}],"about":[{"href":"https:\/\/mobilobike.com\/fr\/wp-json\/wp\/v2\/types\/product"}],"replies":[{"embeddable":true,"href":"https:\/\/mobilobike.com\/fr\/wp-json\/wp\/v2\/comments?post=3048"}],"version-history":[{"count":1,"href":"https:\/\/mobilobike.com\/fr\/wp-json\/wp\/v2\/product\/3048\/revisions"}],"predecessor-version":[{"id":12389,"href":"https:\/\/mobilobike.com\/fr\/wp-json\/wp\/v2\/product\/3048\/revisions\/12389"}],"wp:featuredmedia":[{"embeddable":true,"href":"https:\/\/mobilobike.com\/fr\/wp-json\/wp\/v2\/media\/12388"}],"wp:attachment":[{"href":"https:\/\/mobilobike.com\/fr\/wp-json\/wp\/v2\/media?parent=3048"}],"wp:term":[{"taxonomy":"product_cat","embeddable":true,"href":"https:\/\/mobilobike.com\/fr\/wp-json\/wp\/v2\/product_cat?post=3048"},{"taxonomy":"product_tag","embeddable":true,"href":"https:\/\/mobilobike.com\/fr\/wp-json\/wp\/v2\/product_tag?post=3048"}],"curies":[{"name":"wp","href":"https:\/\/api.w.org\/{rel}","templated":true}]}}