{"id":3051,"date":"2025-02-08T16:59:34","date_gmt":"2025-02-08T16:59:34","guid":{"rendered":"https:\/\/mobilobike.com\/?post_type=product&#038;p=3051"},"modified":"2025-07-08T18:31:18","modified_gmt":"2025-07-08T18:31:18","slug":"urbanglide-all-road-4","status":"publish","type":"product","link":"https:\/\/mobilobike.com\/fr\/produit\/urbanglide-all-road-4\/","title":{"rendered":"Urbanglide All Road 4"},"content":{"rendered":"<h2 class=\"floor-title vtmn-typo_title-4 vtmn-y-0 gt-tablet:vtmn-mt-6 gt-tablet:vtmn-mb-6 title__position--center svelte-kmv775\" tabindex=\"0\" role=\"button\"><span id=\"floor-217567c8-aaaf-4573-893e-14e9b233356b\" class=\"svelte-kmv775\" role=\"presentation\">Description<\/span><\/h2>\n<div class=\"floor-content svelte-kmv775\">\n<div class=\"svelte-1uw9j0x\">\n<p>D\u00e9couvrez la trottinette \u00e9lectrique tout-terrain URBANGLIDE ALL ROAD 4, une puissante machine con\u00e7ue pour les utilisateurs avanc\u00e9s \u00e0 la recherche d&rsquo;une exp\u00e9rience de conduite ultime. Dot\u00e9e de deux moteurs de 1200W chacun, soit une puissance totale de 2400W, cette trottinette \u00e9lectrique offre des performances exceptionnelles sur tous les terrains, y compris des pentes allant jusqu&rsquo;\u00e0 45 degr\u00e9s.<\/p>\n<p>Sa batterie 25Ah 60V d&rsquo;une capacit\u00e9 de 1500Wh vous offrira jusqu&rsquo;\u00e0 100Km d&rsquo;autonomie. La URBANGLIDE ALL ROAD 4 est non seulement puissante, mais aussi durable, garantissant des heures de plaisir ininterrompu.<\/p>\n<p>Les 4 suspensions int\u00e9gr\u00e9es assurent une conduite lisse, m\u00eame sur les surfaces les plus accident\u00e9es. Les roues imposantes de 11 pouces offrent une adh\u00e9rence exceptionnelle, tandis que la vitesse est limit\u00e9e \u00e0 25 km\/h pour garantir une conduite s\u00fbre et ma\u00eetris\u00e9e.<\/p>\n<p>\u00c9quip\u00e9e d&rsquo;une gamme de fonctionnalit\u00e9s avanc\u00e9es, cette trottinette \u00e9lectrique pr\u00e9sente une interface utilisateur moderne avec un \u00e9cran int\u00e9gr\u00e9. Consultez la vitesse, l&rsquo;\u00e9tat de la batterie et l&rsquo;autonomie en temps r\u00e9el gr\u00e2ce \u00e0 l&rsquo;\u00e9cran intuitif. De plus, la URBANGLIDE ALL ROAD 4 est pliable pour une portabilit\u00e9 optimale et est \u00e9quip\u00e9e de freins \u00e9lectroniques pour une s\u00e9curit\u00e9 accrue.<\/p>\n<p>Optez pour la URBANGLIDE ALL ROAD 4, le choix id\u00e9al pour les aventuriers urbains \u00e0 la recherche de performances, d&rsquo;autonomie, de polyvalence et de fonctionnalit\u00e9s avanc\u00e9es. Commandez d\u00e8s maintenant et explorez la ville avec style et puissance. Vivez l&rsquo;aventure \u00e9lectrique avec URBANGLIDE !<\/p>\n<p>Sp\u00e9cifications:<\/p>\n<p>Poids utilisateur 180Kg<br \/>\nVitesse maximale 25km\/h<br \/>\nParcours m\u00e1ximum Jusqu&rsquo;\u00e0 100km*<br \/>\nPente maximale 45\u00ba<br \/>\nPoids net 46Kg<br \/>\nMati\u00e8re Aluminium<br \/>\nTaille des roues 11&Prime;<br \/>\nTaille produit ferm\u00e9 136x36x57cm<br \/>\nMoteur 1200w x2<br \/>\nBatterie 60V 25Ah<\/p>\n<p>*L&rsquo;autonomie indiqu\u00e9e varie en fonction du poids de l&rsquo;utilisateur, de la vitesse, de la pente, du vent de face et de la temp\u00e9rature.<br \/>\nRESTRICTION D&rsquo;USAGE : Ne convient pas pour l&rsquo;acrobatie et les sauts<\/p>\n<h3 class=\"floor-title vtmn-typo_title-4 vtmn-y-0 gt-tablet:vtmn-mt-6 gt-tablet:vtmn-mb-6 title__position--center svelte-kmv775\" tabindex=\"0\" role=\"button\"><span id=\"floor-49890d36-abb9-4d19-8bc0-7cef41b5f466\" class=\"svelte-kmv775\" role=\"presentation\">Informations techniques<\/span><\/h3>\n<div class=\"floor-content svelte-kmv775\">\n<div class=\"collapse-wrapper svelte-1oe98l6 expandable expanded\">\n<div class=\"content\">\n<div class=\"tech-info vtmn-py-5 svelte-wahzr3\">\n<h3 class=\"vtmn-typo_title-5 vtmn-mt-0 svelte-wahzr3\">type d&rsquo;\u00e9clairage<\/h3>\n<p class=\"vtmn-m-0 vtmn-break-words\">\u00e9clairage 2 en 1<\/p>\n<\/div>\n<div class=\"tech-info vtmn-py-5 svelte-wahzr3\">\n<h3 class=\"vtmn-typo_title-5 vtmn-mt-0 svelte-wahzr3\">antivol<\/h3>\n<p class=\"vtmn-m-0 vtmn-break-words\">sans antivol<\/p>\n<\/div>\n<div class=\"tech-info vtmn-py-5 svelte-wahzr3\">\n<h3 class=\"vtmn-typo_title-5 vtmn-mt-0 svelte-wahzr3\">type de commande<\/h3>\n<p class=\"vtmn-m-0 vtmn-break-words\">gachette pouce<\/p>\n<\/div>\n<div class=\"tech-info vtmn-py-5 svelte-wahzr3\">\n<h3 class=\"vtmn-typo_title-5 vtmn-mt-0 svelte-wahzr3\">type de freins<\/h3>\n<p class=\"vtmn-m-0 vtmn-break-words\">frein \u00e9lectronique<\/p>\n<\/div>\n<div class=\"tech-info vtmn-py-5 svelte-wahzr3\">\n<h3 class=\"vtmn-typo_title-5 vtmn-mt-0 svelte-wahzr3\">taille de roue<\/h3>\n<p class=\"vtmn-m-0 vtmn-break-words\">11&Prime;<\/p>\n<\/div>\n<div class=\"tech-info vtmn-py-5 svelte-wahzr3\">\n<h3 class=\"vtmn-typo_title-5 vtmn-mt-0 svelte-wahzr3\">poids du sportif<\/h3>\n<p class=\"vtmn-m-0 vtmn-break-words\">poids &lt; 180 kg<\/p>\n<\/div>\n<div class=\"tech-info vtmn-py-5 svelte-wahzr3\">\n<h3 class=\"vtmn-typo_title-5 vtmn-mt-0 svelte-wahzr3\">vitesse maximum<\/h3>\n<p class=\"vtmn-m-0 vtmn-break-words\">25 km\/h<\/p>\n<\/div>\n<div class=\"tech-info vtmn-py-5 svelte-wahzr3\">\n<h3 class=\"vtmn-typo_title-5 vtmn-mt-0 svelte-wahzr3\">b\u00e9quille<\/h3>\n<p class=\"vtmn-m-0 vtmn-break-words\">avec b\u00e9quille<\/p>\n<\/div>\n<div class=\"tech-info vtmn-py-5 svelte-wahzr3\">\n<h3 class=\"vtmn-typo_title-5 vtmn-mt-0 svelte-wahzr3\">autonomie (en km)<\/h3>\n<p class=\"vtmn-m-0 vtmn-break-words\">jusqu&rsquo;\u00e0 100 km<\/p>\n<\/div>\n<div class=\"tech-info vtmn-py-5 svelte-wahzr3\">\n<h3 class=\"vtmn-typo_title-5 vtmn-mt-0 svelte-wahzr3\">connexion bluetooth<\/h3>\n<p class=\"vtmn-m-0 vtmn-break-words\">sans connexion bluetooth<\/p>\n<\/div>\n<div class=\"tech-info vtmn-py-5 svelte-wahzr3\">\n<h3 class=\"vtmn-typo_title-5 vtmn-mt-0 svelte-wahzr3\">console num\u00e9rique<\/h3>\n<p class=\"vtmn-m-0 vtmn-break-words\">console num\u00e9rique<\/p>\n<\/div>\n<div class=\"tech-info vtmn-py-5 svelte-wahzr3\">\n<h3 class=\"vtmn-typo_title-5 vtmn-mt-0 svelte-wahzr3\">poids (en kg)<\/h3>\n<p class=\"vtmn-m-0 vtmn-break-words\">46 kg<\/p>\n<\/div>\n<div class=\"tech-info vtmn-py-5 svelte-wahzr3\">\n<h3 class=\"vtmn-typo_title-5 vtmn-mt-0 svelte-wahzr3\">type de distance<\/h3>\n<p class=\"vtmn-m-0 vtmn-break-words\">toutes distances<\/p>\n<\/div>\n<div class=\"tech-info vtmn-py-5 svelte-wahzr3\">\n<h3 class=\"vtmn-typo_title-5 vtmn-mt-0 svelte-wahzr3\">\u00e9tanch\u00e9it\u00e9 ip<\/h3>\n<p class=\"vtmn-m-0 vtmn-break-words\">IPX4<\/p>\n<\/div>\n<div class=\"tech-info vtmn-py-5 svelte-wahzr3\">\n<h3 class=\"vtmn-typo_title-5 vtmn-mt-0 svelte-wahzr3\">puissance (en watts)<\/h3>\n<p class=\"vtmn-m-0 vtmn-break-words\">2500 W<\/p>\n<\/div>\n<div class=\"tech-info vtmn-py-5 svelte-wahzr3\">\n<h3 class=\"vtmn-typo_title-5 vtmn-mt-0 svelte-wahzr3\">\u00e9tat<\/h3>\n<p class=\"vtmn-m-0 vtmn-break-words\">neuf<\/p>\n<\/div>\n<div class=\"tech-info vtmn-py-5 svelte-wahzr3\">\n<h3 class=\"vtmn-typo_title-5 vtmn-mt-0 svelte-wahzr3\">type de roues<\/h3>\n<p class=\"vtmn-m-0 vtmn-break-words\">roues gonflabes<\/p>\n<\/div>\n<div class=\"tech-info vtmn-py-5 svelte-wahzr3\">\n<h3 class=\"vtmn-typo_title-5 vtmn-mt-0 svelte-wahzr3\">type d&rsquo;\u00e9cran<\/h3>\n<p class=\"vtmn-m-0 vtmn-break-words\">LCD<\/p>\n<\/div>\n<div class=\"tech-info vtmn-py-5 svelte-wahzr3\">\n<h3 class=\"vtmn-typo_title-5 vtmn-mt-0 svelte-wahzr3\">nombre de roue<\/h3>\n<p class=\"vtmn-m-0 vtmn-break-words\">2 roues<\/p>\n<\/div>\n<div class=\"tech-info vtmn-py-5 svelte-wahzr3\">\n<h3 class=\"vtmn-typo_title-5 vtmn-mt-0 svelte-wahzr3\">pliable<\/h3>\n<p class=\"vtmn-m-0 vtmn-break-words\">pliable<\/p>\n<\/div>\n<\/div>\n<\/div>\n<\/div>\n<\/div>\n<\/div>","protected":false},"excerpt":{"rendered":"<p>Description D\u00e9couvrez la trottinette \u00e9lectrique tout-terrain URBANGLIDE ALL ROAD 4, une puissante machine con\u00e7ue pour les utilisateurs avanc\u00e9s \u00e0 la recherche d&rsquo;une exp\u00e9rience de conduite ultime. Dot\u00e9e de deux moteurs de 1200W chacun, soit une puissance totale de 2400W, cette trottinette \u00e9lectrique offre des performances exceptionnelles sur tous les terrains, y compris des pentes allant [&hellip;]<\/p>","protected":false},"featured_media":12390,"comment_status":"open","ping_status":"closed","template":"","meta":{"inline_featured_image":false},"product_cat":[178,176],"product_tag":[],"class_list":{"0":"post-3051","1":"product","2":"type-product","3":"status-publish","4":"has-post-thumbnail","6":"product_cat-pliable-trottinette-electrique","7":"product_cat-trottinette-electrique","9":"first","10":"instock","11":"sale","12":"taxable","13":"shipping-taxable","14":"purchasable","15":"product-type-simple"},"_links":{"self":[{"href":"https:\/\/mobilobike.com\/fr\/wp-json\/wp\/v2\/product\/3051","targetHints":{"allow":["GET"]}}],"collection":[{"href":"https:\/\/mobilobike.com\/fr\/wp-json\/wp\/v2\/product"}],"about":[{"href":"https:\/\/mobilobike.com\/fr\/wp-json\/wp\/v2\/types\/product"}],"replies":[{"embeddable":true,"href":"https:\/\/mobilobike.com\/fr\/wp-json\/wp\/v2\/comments?post=3051"}],"version-history":[{"count":1,"href":"https:\/\/mobilobike.com\/fr\/wp-json\/wp\/v2\/product\/3051\/revisions"}],"predecessor-version":[{"id":12391,"href":"https:\/\/mobilobike.com\/fr\/wp-json\/wp\/v2\/product\/3051\/revisions\/12391"}],"wp:featuredmedia":[{"embeddable":true,"href":"https:\/\/mobilobike.com\/fr\/wp-json\/wp\/v2\/media\/12390"}],"wp:attachment":[{"href":"https:\/\/mobilobike.com\/fr\/wp-json\/wp\/v2\/media?parent=3051"}],"wp:term":[{"taxonomy":"product_cat","embeddable":true,"href":"https:\/\/mobilobike.com\/fr\/wp-json\/wp\/v2\/product_cat?post=3051"},{"taxonomy":"product_tag","embeddable":true,"href":"https:\/\/mobilobike.com\/fr\/wp-json\/wp\/v2\/product_tag?post=3051"}],"curies":[{"name":"wp","href":"https:\/\/api.w.org\/{rel}","templated":true}]}}