{"id":3053,"date":"2025-02-08T17:10:48","date_gmt":"2025-02-08T17:10:48","guid":{"rendered":"https:\/\/mobilobike.com\/?post_type=product&#038;p=3053"},"modified":"2025-07-08T18:31:18","modified_gmt":"2025-07-08T18:31:18","slug":"urbanglide-e-cross-pro-lite-2","status":"publish","type":"product","link":"https:\/\/mobilobike.com\/fr\/produit\/urbanglide-e-cross-pro-lite-2\/","title":{"rendered":"Urbanglide E-Cross Pro Lite 2"},"content":{"rendered":"<h2 class=\"floor-title vtmn-typo_title-4 vtmn-y-0 gt-tablet:vtmn-mt-6 gt-tablet:vtmn-mb-6 title__position--center svelte-kmv775\" tabindex=\"0\" role=\"button\"><span id=\"floor-d65bcea9-ea12-4b93-a48e-a655024dfe8b\" class=\"svelte-kmv775\" role=\"presentation\">Description<\/span><\/h2>\n<div class=\"floor-content svelte-kmv775\">\n<div class=\"svelte-1uw9j0x\">\n<p>La trottinette UrbanGlide eCross Pro Lite 2 est la version all\u00e9g\u00e9e de la gamme eCross, sp\u00e9cialement con\u00e7ue pour les d\u00e9placements urbains alliant performance, confort et praticit\u00e9. \u00c9quip\u00e9e d&rsquo;un moteur puissant de 800W et d&rsquo;une batterie de 48V 10Ah, elle permet de parcourir jusqu&rsquo;\u00e0 40 km en toute autonomie. Gr\u00e2ce \u00e0 son poids all\u00e9g\u00e9 et son syst\u00e8me de pliage rapide, elle est id\u00e9ale pour les trajets quotidiens en ville.<br \/>\nCaract\u00e9ristiques principales :<\/p>\n<p>Autonomie : jusqu&rsquo;\u00e0 40 km<br \/>\nVitesse max : brid\u00e9e \u00e0 25 km\/h pour respecter la l\u00e9gislation<br \/>\nMoteur : 800 W, offrant une propulsion puissante et fluide<br \/>\nBatterie : Lithium 48V 10Ah, avec une charge optimis\u00e9e pour les longs trajets<\/p>\n<p>Confort de conduite :<\/p>\n<p>Double suspension avant pour une absorption optimale des chocs<br \/>\nRoues de 10 pouces avec pneus gonflables tout-terrain, offrant une excellente adh\u00e9rence<br \/>\nPlateau large et grip antid\u00e9rapant pour une position stable et s\u00e9curis\u00e9e<\/p>\n<p>S\u00e9curit\u00e9 et visibilit\u00e9 :<\/p>\n<p>Frein \u00e0 disque arri\u00e8re pour un freinage r\u00e9actif et s\u00e9curis\u00e9<br \/>\nVisibilit\u00e9 accrue :<\/p>\n<p>Phare LED avant et feu stop arri\u00e8re<br \/>\nR\u00e9flecteurs lat\u00e9raux pour une meilleure visibilit\u00e9 nocturne<\/p>\n<p>Ergonomie et praticit\u00e9 :<\/p>\n<p>Syst\u00e8me de pliage rapide pour un transport et un rangement facilit\u00e9s<br \/>\nPoids net : 23 kg, avec une charge maximale de 120 kg<\/p>\n<p>Conforme au Code de la route, l&rsquo;eCross Pro Lite 2 est pens\u00e9e pour les utilisateurs souhaitant un moyen de transport urbain efficace et sans encombre. Non adapt\u00e9e aux acrobaties ou aux sauts, elle reste le choix id\u00e9al pour des d\u00e9placements quotidiens confortables et s\u00fbrs.<\/p>\n<h3 class=\"floor-title vtmn-typo_title-4 vtmn-y-0 gt-tablet:vtmn-mt-6 gt-tablet:vtmn-mb-6 title__position--center svelte-kmv775\" tabindex=\"0\" role=\"button\"><span id=\"floor-db064d1e-171e-4253-9710-bdd6388f24dd\" class=\"svelte-kmv775\" role=\"presentation\">Informations techniques<\/span><\/h3>\n<div class=\"floor-content svelte-kmv775\">\n<div class=\"collapse-wrapper svelte-1oe98l6\">\n<div class=\"content\">\n<div class=\"tech-info vtmn-py-5 svelte-wahzr3\">\n<h3 class=\"vtmn-typo_title-5 vtmn-mt-0 svelte-wahzr3\">puissance (en watts)<\/h3>\n<p class=\"vtmn-m-0 vtmn-break-words\">800 W<\/p>\n<\/div>\n<\/div>\n<\/div>\n<\/div>\n<\/div>\n<\/div>","protected":false},"excerpt":{"rendered":"<p class=\"vtmn-text-base vtmn-mb-0 vtmn-mt-2\">La trottinette \u00e9lectrique tout-terrain compacte et puissante pour vos trajets urbains et aventures en plein air.<\/p>","protected":false},"featured_media":12392,"comment_status":"open","ping_status":"closed","template":"","meta":{"inline_featured_image":false},"product_cat":[178,176],"product_tag":[],"class_list":{"0":"post-3053","1":"product","2":"type-product","3":"status-publish","4":"has-post-thumbnail","6":"product_cat-pliable-trottinette-electrique","7":"product_cat-trottinette-electrique","9":"first","10":"instock","11":"sale","12":"taxable","13":"shipping-taxable","14":"purchasable","15":"product-type-simple"},"_links":{"self":[{"href":"https:\/\/mobilobike.com\/fr\/wp-json\/wp\/v2\/product\/3053","targetHints":{"allow":["GET"]}}],"collection":[{"href":"https:\/\/mobilobike.com\/fr\/wp-json\/wp\/v2\/product"}],"about":[{"href":"https:\/\/mobilobike.com\/fr\/wp-json\/wp\/v2\/types\/product"}],"replies":[{"embeddable":true,"href":"https:\/\/mobilobike.com\/fr\/wp-json\/wp\/v2\/comments?post=3053"}],"version-history":[{"count":1,"href":"https:\/\/mobilobike.com\/fr\/wp-json\/wp\/v2\/product\/3053\/revisions"}],"predecessor-version":[{"id":12393,"href":"https:\/\/mobilobike.com\/fr\/wp-json\/wp\/v2\/product\/3053\/revisions\/12393"}],"wp:featuredmedia":[{"embeddable":true,"href":"https:\/\/mobilobike.com\/fr\/wp-json\/wp\/v2\/media\/12392"}],"wp:attachment":[{"href":"https:\/\/mobilobike.com\/fr\/wp-json\/wp\/v2\/media?parent=3053"}],"wp:term":[{"taxonomy":"product_cat","embeddable":true,"href":"https:\/\/mobilobike.com\/fr\/wp-json\/wp\/v2\/product_cat?post=3053"},{"taxonomy":"product_tag","embeddable":true,"href":"https:\/\/mobilobike.com\/fr\/wp-json\/wp\/v2\/product_tag?post=3053"}],"curies":[{"name":"wp","href":"https:\/\/api.w.org\/{rel}","templated":true}]}}