{"id":3054,"date":"2025-02-08T17:17:37","date_gmt":"2025-02-08T17:17:37","guid":{"rendered":"https:\/\/mobilobike.com\/?post_type=product&#038;p=3054"},"modified":"2025-07-08T18:31:19","modified_gmt":"2025-07-08T18:31:19","slug":"jorvik-elite-jet-e","status":"publish","type":"product","link":"https:\/\/mobilobike.com\/fr\/produit\/jorvik-elite-jet-e\/","title":{"rendered":"Jorvik Elite JET-E"},"content":{"rendered":"<h2 class=\"hover:duration-80 duration-800 mb-2 mt-6 w-fit cursor-pointer text-lg underline decoration-textOff\/25 decoration-1 underline-offset-[5px] hover:text-super hover:decoration-super\/80 hover:underline-offset-[7px] dark:decoration-textOffDark\/30 dark:hover:text-superDark dark:hover:decoration-superDark\/80 transition-all first:mt-3 motion-reduce:transition-none\" data-state=\"closed\">Le Tricycle \u00c9lectrique Pliant Jorvik Elite JET-E<\/h2>\n<p><span class=\"\">Le\u00a0<\/span><span class=\"\"><strong>Jorvik Elite JET-E<\/strong><\/span><span class=\"\">, tricycle \u00e9lectrique pliant haut de gamme, combine innovation, praticit\u00e9 et performance pour r\u00e9pondre aux besoins des amateurs de mobilit\u00e9 \u00e9lectrique. Con\u00e7u pour offrir une exp\u00e9rience unique, ce mod\u00e8le s\u2019adresse \u00e0 ceux qui recherchent confort, s\u00e9curit\u00e9 et polyvalence dans leurs d\u00e9placements quotidiens ou leurs escapades en plein air.<\/span><\/p>\n<h2 class=\"hover:duration-80 duration-800 mb-2 mt-6 w-fit cursor-pointer text-lg underline decoration-textOff\/25 decoration-1 underline-offset-[5px] hover:text-super hover:decoration-super\/80 hover:underline-offset-[7px] dark:decoration-textOffDark\/30 dark:hover:text-superDark dark:hover:decoration-superDark\/80 transition-all first:mt-3 motion-reduce:transition-none\" data-state=\"closed\"><strong>Pourquoi choisir le Jorvik Elite JET-E ?<\/strong><\/h2>\n<h2 class=\"hover:duration-80 duration-800 mb-2 mt-6 w-fit cursor-pointer text-lg underline decoration-textOff\/25 decoration-1 underline-offset-[5px] hover:text-super hover:decoration-super\/80 hover:underline-offset-[7px] dark:decoration-textOffDark\/30 dark:hover:text-superDark dark:hover:decoration-superDark\/80 transition-all first:mt-3 motion-reduce:transition-none\" data-state=\"closed\"><strong>1. Une Mobilit\u00e9 Pratique et Compacte<\/strong><\/h2>\n<p><span class=\"\">Le Jorvik Elite JET-E est enti\u00e8rement pliable, ce qui facilite son transport et son rangement. Une fois pli\u00e9, il peut \u00eatre ais\u00e9ment gliss\u00e9 dans le coffre d\u2019une voiture ou rang\u00e9 dans un espace r\u00e9duit, comme un appartement ou un garage. Cette caract\u00e9ristique en fait un choix id\u00e9al pour les citadins ou les voyageurs souhaitant emmener leur tricycle partout avec eux<\/span><span class=\"\"><span class=\"whitespace-nowrap\">.<\/span><\/span><\/p>\n<h2 class=\"hover:duration-80 duration-800 mb-2 mt-6 w-fit cursor-pointer text-lg underline decoration-textOff\/25 decoration-1 underline-offset-[5px] hover:text-super hover:decoration-super\/80 hover:underline-offset-[7px] dark:decoration-textOffDark\/30 dark:hover:text-superDark dark:hover:decoration-superDark\/80 transition-all first:mt-3 motion-reduce:transition-none\" data-state=\"closed\"><strong>2. Une Assistance \u00c9lectrique Performante<\/strong><\/h2>\n<p><span class=\"\">\u00c9quip\u00e9 d\u2019un moteur puissant et d\u2019une batterie longue dur\u00e9e, le JET-E permet de parcourir de longues distances sans effort. Vous pouvez choisir parmi plusieurs niveaux d\u2019assistance \u00e9lectrique, adapt\u00e9s \u00e0 vos besoins, que ce soit pour affronter des pentes raides ou pour des balades tranquilles en ville. Avec une autonomie impressionnante, ce tricycle est parfait pour les trajets quotidiens ou les aventures prolong\u00e9es<\/span><span class=\"\"><span class=\"whitespace-nowrap\">.<\/span><\/span><\/p>\n<h2 class=\"hover:duration-80 duration-800 mb-2 mt-6 w-fit cursor-pointer text-lg underline decoration-textOff\/25 decoration-1 underline-offset-[5px] hover:text-super hover:decoration-super\/80 hover:underline-offset-[7px] dark:decoration-textOffDark\/30 dark:hover:text-superDark dark:hover:decoration-superDark\/80 transition-all first:mt-3 motion-reduce:transition-none\" data-state=\"closed\"><strong>3. Confort et S\u00e9curit\u00e9 Accrus<\/strong><\/h2>\n<p><span class=\"\">La conception \u00e0 trois roues du Jorvik Elite JET-E garantit une stabilit\u00e9 optimale, id\u00e9ale pour les personnes ayant des difficult\u00e9s avec les v\u00e9los traditionnels. Son cadre bas facilite l\u2019acc\u00e8s, tandis que la selle et le guidon r\u00e9glables s\u2019adaptent \u00e0 toutes les morphologies. Les freins hydrauliques assurent une ma\u00eetrise totale m\u00eame sur des terrains vari\u00e9s, renfor\u00e7ant la s\u00e9curit\u00e9 du cycliste<\/span><span class=\"\"><span class=\"whitespace-nowrap\">.<\/span><\/span><\/p>\n<h2 class=\"hover:duration-80 duration-800 mb-2 mt-6 w-fit cursor-pointer text-lg underline decoration-textOff\/25 decoration-1 underline-offset-[5px] hover:text-super hover:decoration-super\/80 hover:underline-offset-[7px] dark:decoration-textOffDark\/30 dark:hover:text-superDark dark:hover:decoration-superDark\/80 transition-all first:mt-3 motion-reduce:transition-none\" data-state=\"closed\"><strong>Caract\u00e9ristiques Techniques Cl\u00e9s<\/strong><\/h2>\n<div class=\"w-full overflow-x-auto md:max-w-[90vw] border-borderMain\/50 ring-borderMain\/50 divide-borderMain\/50 dark:divide-borderMainDark\/50  dark:ring-borderMainDark\/50 dark:border-borderMainDark\/50 bg-transparent\">\n<table class=\"border-borderMain dark:border-borderMainDark my-[1em] w-full table-auto border\">\n<thead class=\"bg-offset dark:bg-offsetDark\">\n<tr>\n<th class=\"px-sm py-sm break-normal align-top\"><strong>Caract\u00e9ristiques<\/strong><\/th>\n<th class=\"px-sm py-sm break-normal align-top\"><strong>D\u00e9tails<\/strong><\/th>\n<\/tr>\n<\/thead>\n<tbody>\n<tr>\n<td class=\"border-borderMain px-sm dark:border-borderMainDark min-w-[48px] break-normal border\"><strong>Type<\/strong><\/td>\n<td class=\"border-borderMain px-sm dark:border-borderMainDark min-w-[48px] break-normal border\">Tricycle \u00e9lectrique pliant<\/td>\n<\/tr>\n<tr>\n<td class=\"border-borderMain px-sm dark:border-borderMainDark min-w-[48px] break-normal border\"><strong>Moteur<\/strong><\/td>\n<td class=\"border-borderMain px-sm dark:border-borderMainDark min-w-[48px] break-normal border\">Puissant moteur central<\/td>\n<\/tr>\n<tr>\n<td class=\"border-borderMain px-sm dark:border-borderMainDark min-w-[48px] break-normal border\"><strong>Batterie<\/strong><\/td>\n<td class=\"border-borderMain px-sm dark:border-borderMainDark min-w-[48px] break-normal border\">Double batterie amovible<\/td>\n<\/tr>\n<tr>\n<td class=\"border-borderMain px-sm dark:border-borderMainDark min-w-[48px] break-normal border\"><strong>Autonomie<\/strong><\/td>\n<td class=\"border-borderMain px-sm dark:border-borderMainDark min-w-[48px] break-normal border\">Jusqu\u2019\u00e0 40-50 km par charge<\/td>\n<\/tr>\n<tr>\n<td class=\"border-borderMain px-sm dark:border-borderMainDark min-w-[48px] break-normal border\"><strong>Poids<\/strong><\/td>\n<td class=\"border-borderMain px-sm dark:border-borderMainDark min-w-[48px] break-normal border\">Environ 30 kg<\/td>\n<\/tr>\n<tr>\n<td class=\"border-borderMain px-sm dark:border-borderMainDark min-w-[48px] break-normal border\"><strong>Freins<\/strong><\/td>\n<td class=\"border-borderMain px-sm dark:border-borderMainDark min-w-[48px] break-normal border\">Freins hydrauliques<\/td>\n<\/tr>\n<tr>\n<td class=\"border-borderMain px-sm dark:border-borderMainDark min-w-[48px] break-normal border\"><strong>Accessoires disponibles<\/strong><\/td>\n<td class=\"border-borderMain px-sm dark:border-borderMainDark min-w-[48px] break-normal border\">Panier, r\u00e9troviseur, antivol<\/td>\n<\/tr>\n<\/tbody>\n<\/table>\n<div class=\"py-xs -mt-[0.5em] flex justify-end\">\n<div>\n<div class=\"flex items-center min-w-0 font-medium gap-1 justify-center gap-sm\">\n<div class=\"flex items-center justify-center size-3.5\"><\/div>\n<\/div>\n<\/div>\n<\/div>\n<\/div>\n<h2 class=\"hover:duration-80 duration-800 mb-2 mt-6 w-fit cursor-pointer text-lg underline decoration-textOff\/25 decoration-1 underline-offset-[5px] hover:text-super hover:decoration-super\/80 hover:underline-offset-[7px] dark:decoration-textOffDark\/30 dark:hover:text-superDark dark:hover:decoration-superDark\/80 transition-all first:mt-3 motion-reduce:transition-none\" data-state=\"closed\"><strong>Avantages du Jorvik Elite JET-E<\/strong><\/h2>\n<ol class=\"marker:text-textOff list-decimal pl-8\">\n<li><span class=\"hover:duration-80 duration-800 cursor-pointer underline decoration-textOff\/25 decoration-1 underline-offset-[4px] hover:text-super hover:decoration-super\/80 hover:underline-offset-[6px] dark:decoration-textOffDark\/30 dark:hover:text-superDark dark:hover:decoration-superDark\/80 transition-all first:mt-3 motion-reduce:transition-none\" data-state=\"closed\"><strong>Polyvalence d\u2019utilisation<\/strong><\/span><span class=\"\">\u00a0: Que vous soyez en ville ou sur des chemins de campagne, le JET-E s\u2019adapte \u00e0 tous les environnements gr\u00e2ce \u00e0 ses suspensions robustes et ses pneus r\u00e9sistants.<\/span><\/li>\n<li><span class=\"hover:duration-80 duration-800 cursor-pointer underline decoration-textOff\/25 decoration-1 underline-offset-[4px] hover:text-super hover:decoration-super\/80 hover:underline-offset-[6px] dark:decoration-textOffDark\/30 dark:hover:text-superDark dark:hover:decoration-superDark\/80 transition-all first:mt-3 motion-reduce:transition-none\" data-state=\"closed\"><strong>\u00c9coresponsabilit\u00e9<\/strong><\/span><span class=\"\">\u00a0: En tant que v\u00e9hicule \u00e9lectrique, il contribue \u00e0 r\u00e9duire votre empreinte carbone tout en offrant une alternative \u00e9conomique aux transports motoris\u00e9s traditionnels<\/span><span class=\"\"><span class=\"whitespace-nowrap\">.<\/span><\/span><\/li>\n<li><span class=\"hover:duration-80 duration-800 cursor-pointer underline decoration-textOff\/25 decoration-1 underline-offset-[4px] hover:text-super hover:decoration-super\/80 hover:underline-offset-[6px] dark:decoration-textOffDark\/30 dark:hover:text-superDark dark:hover:decoration-superDark\/80 transition-all first:mt-3 motion-reduce:transition-none\" data-state=\"closed\"><strong>Adaptabilit\u00e9 universelle<\/strong><\/span><span class=\"\">\u00a0: Gr\u00e2ce \u00e0 ses r\u00e9glages personnalisables et sa conception ergonomique, il convient aussi bien aux adultes qu\u2019aux seniors recherchant une solution de mobilit\u00e9 confortable<\/span><span class=\"\"><span class=\"whitespace-nowrap\">.<\/span><\/span><\/li>\n<li><span class=\"hover:duration-80 duration-800 cursor-pointer underline decoration-textOff\/25 decoration-1 underline-offset-[4px] hover:text-super hover:decoration-super\/80 hover:underline-offset-[6px] dark:decoration-textOffDark\/30 dark:hover:text-superDark dark:hover:decoration-superDark\/80 transition-all first:mt-3 motion-reduce:transition-none\" data-state=\"closed\"><strong>Facilit\u00e9 d\u2019entretien<\/strong><\/span><span class=\"\">\u00a0: Les pi\u00e8ces d\u00e9tach\u00e9es de qualit\u00e9 sup\u00e9rieure garantissent durabilit\u00e9 et simplicit\u00e9 de maintenance.<\/span><\/li>\n<\/ol>\n<p>&nbsp;<\/p>\n<div id=\"shopify-section-template--23570242928970__tricycle_components_tXBFmr\" class=\"shopify-section\">\n<section class=\"o-section o-section--large-top o-section--large-bottom u-bg-lighter\">\n<div class=\"l-constrained l-wide\">\n<h2 class=\"t-alpha\">Composants<\/h2>\n<div class=\"js-product-specs\" data-product=\"538\">\n<div class=\"l-grid l-grid--large l-grid--spaced\">\n<div class=\"w-1-1-xs w-1-2-sm w-1-3-md\">\n<div class=\"c-product-component\">\n<h3 class=\"c-product-component__title\">Cadre<\/h3>\n<div class=\"c-product-component__content\">\n<div class=\"c-product-component__content\">\n<p><strong>Cadre<br \/>\n<\/strong>Cadre en alliage pliable \u00e0 d\u00e9gagement rapide<strong><br \/>\n<\/strong><\/p>\n<p><strong>Suspension<\/strong><br \/>\nSuspension avant MOZO<\/p>\n<p><strong>Rangement<\/strong><br \/>\nPaniers avant et arri\u00e8re<\/p>\n<\/div>\n<\/div>\n<\/div>\n<\/div>\n<div class=\"w-1-1-xs w-1-2-sm w-1-3-md\">\n<div class=\"c-product-component\">\n<h3 class=\"c-product-component__title\">Transmission<\/h3>\n<div class=\"c-product-component__content\">\n<div class=\"c-product-component__content\">\n<p><strong>Moteur<\/strong><br \/>\nMoteur avant sans brosse Bafang 250w<\/p>\n<p><strong>Vitesses<\/strong><br \/>\nMoyeu d&rsquo;engrenage Shimano NEXUS 3 vitesses<\/p>\n<p><strong>Batterie<\/strong><br \/>\nBatterie 36V lithium-ion LG\/Samsung 16Ah antivol verrouillable<\/p>\n<p><strong>Levier de vitesse<\/strong><br \/>\nChangeur de vitesse par rotation Shimano<\/p>\n<\/div>\n<\/div>\n<\/div>\n<\/div>\n<div class=\"w-1-1-xs w-1-2-sm w-1-3-md\">\n<div class=\"c-product-component\">\n<h3 class=\"c-product-component__title\">P\u00e9dales de frein<\/h3>\n<div class=\"c-product-component__content\">\n<div class=\"c-product-component__content\">\n<p><strong>P\u00e9dales de frein<\/strong><br \/>\nFreins \u00e0 disque Tektro avec disques sur deux roues<\/p>\n<\/div>\n<\/div>\n<\/div>\n<\/div>\n<div class=\"w-1-1-xs w-1-2-sm w-1-3-md\">\n<div class=\"c-product-component\">\n<h3 class=\"c-product-component__title\">Roues<\/h3>\n<div class=\"c-product-component__content\">\n<div class=\"c-product-component__content\">\n<p><strong>Avant<\/strong><br \/>\nRoues \u00e0 double rayons en alliage l\u00e9ger<\/p>\n<p><strong>Arri\u00e8re<\/strong><br \/>\nRoues \u00e0 double rayons en alliage l\u00e9ger<\/p>\n<p><strong>Pneus<\/strong><br \/>\nPneus anti-crevaison r\u00e9sistant avec bande r\u00e9fl\u00e9chissante argent\u00e9e CST\/Kenda<\/p>\n<\/div>\n<\/div>\n<\/div>\n<\/div>\n<div class=\"w-1-1-xs w-1-2-sm w-1-3-md\">\n<div class=\"c-product-component\">\n<h3 class=\"c-product-component__title\">Cockpit<\/h3>\n<div class=\"c-product-component__content\">\n<div class=\"c-product-component__content\">\n<p><strong>Selle<\/strong><br \/>\nSelle confortable<\/p>\n<p><strong>Guidon<\/strong><br \/>\nGuidon Promax en alliage aluminium<\/p>\n<p><strong>Support de la selle<\/strong><br \/>\nSupport de selle Promax \u00e0 fixation rapide<\/p>\n<p><strong>Tiges de p\u00e9dales<\/strong><br \/>\nPotence de guidon ajustable<\/p>\n<p><strong>\u00c9cran<\/strong><br \/>\n\u00c9cran LCD couleurs Bafang C961<\/p>\n<\/div>\n<\/div>\n<\/div>\n<\/div>\n<div class=\"w-1-1-xs w-1-2-sm w-1-3-md\">\n<div class=\"c-product-component\">\n<h3 class=\"c-product-component__title\">Accessoires<\/h3>\n<div class=\"c-product-component__content\">\n<div class=\"c-product-component__content\">\n<p><strong>Phares<\/strong><br \/>\nFeux avant et arri\u00e8re c\u00e2bl\u00e9s avec feu de freinage arri\u00e8re<\/p>\n<\/div>\n<\/div>\n<\/div>\n<\/div>\n<\/div>\n<\/div>\n<\/div>\n<\/section>\n<\/div>\n<div id=\"shopify-section-template--23570242928970__tricycle_dimensions_LYVQQV\" class=\"shopify-section\">\n<section class=\"o-section o-section--large-top o-section--large-bottom u-bg-white\">\n<div class=\"l-constrained l-wide\">\n<h2 class=\"t-alpha\">Dimensions<\/h2>\n<div>\n<div class=\"c-size-videos\">\n<div class=\"c-size-videos__tabs\" data-initial-size=\"20\">\n<div id=\"20\" class=\"c-size-videos__tab js-tabs-item is-active\" data-target=\"wheel-size-20\" data-tab-id=\"20\">Taille des roues: 20&Prime;<\/div>\n<div id=\"24\" class=\"c-size-videos__tab js-tabs-item\" data-target=\"wheel-size-24\" data-tab-id=\"24\">Taille des roues: 24&Prime;<\/div>\n<\/div>\n<div class=\"c-size-videos__panes\">\n<div class=\"c-tabs__content js-tabs-content is-active\" data-content=\"wheel-size-20\">\n<div class=\"l-grid l-grid--large l-grid--spaced l-grid--justify-space-between\">\n<div class=\"w-1-1-xs w-1-2-lg w-4-9-xl\">\n<div class=\"c-size-videos__items u-aspect-ratio-16-9-xs\">\n<div class=\"c-size-videos__item js-size-video-item\" data-size=\"tall\">\n<div class=\"c-video\">\n<div class=\"c-video__poster u-lazyload js-size-video is-loaded\" data-bgset=\"https:\/\/img.youtube.com\/vi\/\/maxresdefault.jpg\"><\/div>\n<\/div>\n<\/div>\n<\/div>\n<div class=\"c-size-video__sizes\">\n<div class=\"w-1-1-xs u-mgn-t-s-xs\">\n<p class=\"t-small js-wheel-size-text\" data-wheel-size=\"20\">Notre roue 20 pouces est tr\u00e8s populaire aupr\u00e8s des cyclistes de tous niveaux. Gr\u00e2ce \u00e0 sa taille compacte et \u00e0 son cadre plus bas, il est facile de monter et de descendre de la selle, de man\u0153uvrer en ville et de le ranger soigneusement \u00e0 la maison.<\/p>\n<div class=\"t-small t-italic\">Tous les tricycles sont \u00e9quip\u00e9s d&rsquo;un guidon et d&rsquo;une selle r\u00e9glables pour vous permettre d&rsquo;\u00eatre parfaitement confortable.<\/div>\n<\/div>\n<\/div>\n<\/div>\n<div class=\"w-1-1-xs w-1-2-lg w-4-9-xl\">\n<div class=\"u-mgn-t-m-lg l-small u-align-center\">\n<div class=\"u-lazyload u-aspect-ratio-3-2-xs u-bg-contain is-loaded\" data-bgset=\"\/\/jorviktricycles.fr\/cdn\/shop\/t\/5\/assets\/tricycle-diagram-desktop.png?v=139601107348339992701728558637\"><\/div>\n<div class=\"t-small u-mgn-v-m-xs\"><strong>All Jorvik Tricycle handlebars and saddles are height adjustable to accommodate most sizes.<\/strong><\/div>\n<div id=\"49151707513162-size-guide\" class=\"c-product-specs js-product-specs\" data-product=\"49151707513162\">\n<table>\n<tbody>\n<tr>\n<th>(A) Longueur<\/th>\n<td>169cm<\/td>\n<\/tr>\n<tr>\n<th>(B) Longueur une fois pli\u00e9<\/th>\n<td>101cm<\/td>\n<\/tr>\n<tr>\n<th>(C) Longueur lorsque la roue avant tourne<\/th>\n<td>147cm<\/td>\n<\/tr>\n<tr>\n<th>(D) Hauteur du sol \u00e0 l&rsquo;enjambement<\/th>\n<td>35cm<\/td>\n<\/tr>\n<tr>\n<th>(E) Du sol au si\u00e8ge au point le plus haut<\/th>\n<td>104cm<\/td>\n<\/tr>\n<tr>\n<th>(F) Du sol au si\u00e8ge au point le plus bas<\/th>\n<td>84cm<\/td>\n<\/tr>\n<tr>\n<th>(G) Du bas de la fourche au haut du tube de direction (avec la roue retir\u00e9e)<\/th>\n<td>57cm<\/td>\n<\/tr>\n<tr>\n<th>(H) Du sol au sommet du tube de direction<\/th>\n<td>77cm<\/td>\n<\/tr>\n<tr>\n<th>Largeur de la roue arri\u00e8re<\/th>\n<td>75cm<\/td>\n<\/tr>\n<tr>\n<th>Du sol au guidon au point le plus bas<\/th>\n<td>103cm<\/td>\n<\/tr>\n<tr>\n<th>Floor to handlebars at highest point<\/th>\n<td>113cm<\/td>\n<\/tr>\n<tr>\n<th>Poids<\/th>\n<td>33.6kg<\/td>\n<\/tr>\n<tr>\n<th>Poids maximum de l&rsquo;utilisateur<\/th>\n<td>120kg<\/td>\n<\/tr>\n<tr>\n<th>Entrejambe minimum<\/th>\n<td>71cm<\/td>\n<\/tr>\n<tr>\n<th>Diam\u00e8tre de la tige de selle<\/th>\n<td>27.2mm<\/td>\n<\/tr>\n<\/tbody>\n<\/table>\n<\/div>\n<\/div>\n<\/div>\n<\/div>\n<\/div>\n<\/div>\n<\/div>\n<\/div>\n<\/div>\n<\/section>\n<\/div>","protected":false},"excerpt":{"rendered":"<p><span class=\"\">Le\u00a0<\/span><span class=\"\"><strong>Jorvik Elite JET-E est un <\/strong><\/span><span class=\"\">\u00a0tricycle \u00e9lectrique pliant haut de gamme qui combine innovation, praticit\u00e9 et performance pour r\u00e9pondre aux besoins des amateurs de mobilit\u00e9 \u00e9lectrique. Con\u00e7u pour offrir une exp\u00e9rience unique, ce mod\u00e8le s\u2019adresse \u00e0 ceux qui recherchent confort, s\u00e9curit\u00e9 et polyvalence dans leurs d\u00e9placements quotidiens ou leurs escapades en plein air.<\/span><\/p>","protected":false},"featured_media":12394,"comment_status":"open","ping_status":"closed","template":"","meta":{"inline_featured_image":false},"product_cat":[179,181,173],"product_tag":[],"class_list":{"0":"post-3054","1":"product","2":"type-product","3":"status-publish","4":"has-post-thumbnail","6":"product_cat-tricycle-electrique","7":"product_cat-tricycle-pliable","8":"product_cat-velo-electrique","10":"first","11":"instock","12":"taxable","13":"shipping-taxable","14":"purchasable","15":"product-type-simple"},"_links":{"self":[{"href":"https:\/\/mobilobike.com\/fr\/wp-json\/wp\/v2\/product\/3054","targetHints":{"allow":["GET"]}}],"collection":[{"href":"https:\/\/mobilobike.com\/fr\/wp-json\/wp\/v2\/product"}],"about":[{"href":"https:\/\/mobilobike.com\/fr\/wp-json\/wp\/v2\/types\/product"}],"replies":[{"embeddable":true,"href":"https:\/\/mobilobike.com\/fr\/wp-json\/wp\/v2\/comments?post=3054"}],"version-history":[{"count":1,"href":"https:\/\/mobilobike.com\/fr\/wp-json\/wp\/v2\/product\/3054\/revisions"}],"predecessor-version":[{"id":12395,"href":"https:\/\/mobilobike.com\/fr\/wp-json\/wp\/v2\/product\/3054\/revisions\/12395"}],"wp:featuredmedia":[{"embeddable":true,"href":"https:\/\/mobilobike.com\/fr\/wp-json\/wp\/v2\/media\/12394"}],"wp:attachment":[{"href":"https:\/\/mobilobike.com\/fr\/wp-json\/wp\/v2\/media?parent=3054"}],"wp:term":[{"taxonomy":"product_cat","embeddable":true,"href":"https:\/\/mobilobike.com\/fr\/wp-json\/wp\/v2\/product_cat?post=3054"},{"taxonomy":"product_tag","embeddable":true,"href":"https:\/\/mobilobike.com\/fr\/wp-json\/wp\/v2\/product_tag?post=3054"}],"curies":[{"name":"wp","href":"https:\/\/api.w.org\/{rel}","templated":true}]}}