{"id":3062,"date":"2025-02-08T17:32:36","date_gmt":"2025-02-08T17:32:36","guid":{"rendered":"https:\/\/mobilobike.com\/?post_type=product&#038;p=3062"},"modified":"2025-07-08T18:31:21","modified_gmt":"2025-07-08T18:31:21","slug":"lamborghini-alext-verte","status":"publish","type":"product","link":"https:\/\/mobilobike.com\/fr\/produit\/lamborghini-alext-verte\/","title":{"rendered":"Lamborghini ALEXT Verte"},"content":{"rendered":"<div id=\"MarketplaceProductDescription-c796bc48ce0427bde8f1f9690ae2565e18ef92a0\" class=\"floor container-small floor--expanded container svelte-kmv775\">\n<h2 class=\"floor-title vtmn-typo_title-4 vtmn-y-0 gt-tablet:vtmn-mt-6 gt-tablet:vtmn-mb-6 title__position--center svelte-kmv775\" tabindex=\"0\" role=\"button\"><span id=\"floor-c66dde02-25fd-4342-9dbd-7f62caa404f2\" class=\"svelte-kmv775\" role=\"presentation\">Description<\/span><\/h2>\n<div class=\"floor-content svelte-kmv775\">\n<div class=\"svelte-1uw9j0x\">\n<p>La trottinette \u00e9lectrique\u00a0<strong>Lamborghini ALEXT<\/strong>\u00a0est \u00e9quip\u00e9 d\u2019un moteur brushless de 500W, offrant une technologie extr\u00eamement silencieuse qui n\u00e9cessite un entretien minimal, avec un tr\u00e8s faible niveau d\u2019usure et d\u2019excellentes performances \u00e0 diff\u00e9rentes vitesses.<br \/>\nLes roues tubeless sont sans crevaison; combin\u00e9s aux suspensions avant et arri\u00e8re, ils absorbent les vibrations et amortissent les irr\u00e9gularit\u00e9s de la surface de la route. L\u2019e-scooter est \u00e9quip\u00e9 d\u2019un frein \u00e0 disque avant, d\u2019un double frein \u00e9lectronique et \u00e0 disque arri\u00e8re et de clignotants sur le guidon pour am\u00e9liorer la s\u00e9curit\u00e9. ALeXT est pris en charge par une application utilisateur, gr\u00e2ce \u00e0 laquelle il est possible de surveiller les donn\u00e9es d\u2019utilisation du v\u00e9hicule, de d\u00e9finir les param\u00e8tres de croisi\u00e8re et d\u2019ajuster les lumi\u00e8res.<\/p>\n<p>\u2714\ufe0fCHASSIS : Acier &amp; Aluminim<br \/>\n\u2714\ufe0fVITESSE : L1 : \u2264 6km\/h \/ L2 : \u2264 15km\/h \/ L3 : \u2264 20km\/h \/ L4 : \u2264 25km\/h (vitesse max)<br \/>\n\u2714\ufe0fFREINS : Frein \u00e0 disque avant et arri\u00e8re &amp; double frein \u00e9lectronique<br \/>\n\u2714\ufe0fPNEUS : 11&Prime; tubeless<br \/>\n\u2714\ufe0fNIVEAU DE PROTECTION : IPX4<br \/>\n\u2714\ufe0fDUREE DE CHARGE : Environ 7 heures<br \/>\n\u2714\ufe0fAUTONOMIE : Jusqu&rsquo;\u00e0 40 Km<br \/>\n\u2714\ufe0fMOTEUR : 500W Brushless, 900W Max<br \/>\n\u2714\ufe0fBATTERIE : 48V 12.5Ah 600Wh<br \/>\n\u2714\ufe0fPOIDS : 30,6 kg<br \/>\n\u2714\ufe0fCHARGE MAXIMUM : 120 kg<\/p>\n<\/div>\n<\/div>\n<\/div>\n<div id=\"ProductFunctionalities-8898de662bbe615edc8d3982473eeb394d01021f\" class=\"floor product-functionalities-floor vtmn-max-w-lg vtmn-max-w-full floor--expanded container svelte-kmv775\">\n<h2 class=\"floor-title vtmn-typo_title-4 vtmn-y-0 gt-tablet:vtmn-mt-6 gt-tablet:vtmn-mb-6 title__position--center svelte-kmv775\" tabindex=\"0\" role=\"button\"><span id=\"floor-e30a2288-8c4d-434a-a383-48587be50299\" class=\"svelte-kmv775\" role=\"presentation\">Informations techniques<\/span><\/h2>\n<div class=\"floor-content svelte-kmv775\">\n<div class=\"collapse-wrapper svelte-1oe98l6 expandable expanded\">\n<div class=\"content\">\n<div class=\"tech-info vtmn-py-5 svelte-wahzr3\">\n<h3 class=\"vtmn-typo_title-5 vtmn-mt-0 svelte-wahzr3\">type de pliage<\/h3>\n<p class=\"vtmn-m-0 vtmn-break-words\">pliage classique<\/p>\n<\/div>\n<div class=\"tech-info vtmn-py-5 svelte-wahzr3\">\n<h3 class=\"vtmn-typo_title-5 vtmn-mt-0 svelte-wahzr3\">type de terrain<\/h3>\n<p class=\"vtmn-m-0 vtmn-break-words\">tous terrains<\/p>\n<\/div>\n<div class=\"tech-info vtmn-py-5 svelte-wahzr3\">\n<h3 class=\"vtmn-typo_title-5 vtmn-mt-0 svelte-wahzr3\">suspension<\/h3>\n<p class=\"vtmn-m-0 vtmn-break-words\">tout suspendu<\/p>\n<\/div>\n<div class=\"tech-info vtmn-py-5 svelte-wahzr3\">\n<h3 class=\"vtmn-typo_title-5 vtmn-mt-0 svelte-wahzr3\">assistance \u00e9lectrique<\/h3>\n<p class=\"vtmn-m-0 vtmn-break-words\">avec assistance \u00e9lectrique<\/p>\n<\/div>\n<div class=\"tech-info vtmn-py-5 svelte-wahzr3\">\n<h3 class=\"vtmn-typo_title-5 vtmn-mt-0 svelte-wahzr3\">vitesse maximum<\/h3>\n<p class=\"vtmn-m-0 vtmn-break-words\">25 km\/h<\/p>\n<\/div>\n<div class=\"tech-info vtmn-py-5 svelte-wahzr3\">\n<h3 class=\"vtmn-typo_title-5 vtmn-mt-0 svelte-wahzr3\">largeur (en cm)<\/h3>\n<p class=\"vtmn-m-0 vtmn-break-words\">49 cm<\/p>\n<\/div>\n<div class=\"tech-info vtmn-py-5 svelte-wahzr3\">\n<h3 class=\"vtmn-typo_title-5 vtmn-mt-0 svelte-wahzr3\">fr\u00e9quence<\/h3>\n<p class=\"vtmn-m-0 vtmn-break-words\">r\u00e9gulier<\/p>\n<\/div>\n<div class=\"tech-info vtmn-py-5 svelte-wahzr3\">\n<h3 class=\"vtmn-typo_title-5 vtmn-mt-0 svelte-wahzr3\">autonomie (en km)<\/h3>\n<p class=\"vtmn-m-0 vtmn-break-words\">35 \u00e0 50 km<\/p>\n<\/div>\n<div class=\"tech-info vtmn-py-5 svelte-wahzr3\">\n<h3 class=\"vtmn-typo_title-5 vtmn-mt-0 svelte-wahzr3\">charge maximale<\/h3>\n<p class=\"vtmn-m-0 vtmn-break-words\">120 kg<\/p>\n<\/div>\n<div class=\"tech-info vtmn-py-5 svelte-wahzr3\">\n<h3 class=\"vtmn-typo_title-5 vtmn-mt-0 svelte-wahzr3\">hauteur (en cm)<\/h3>\n<p class=\"vtmn-m-0 vtmn-break-words\">135 cm<\/p>\n<\/div>\n<div class=\"tech-info vtmn-py-5 svelte-wahzr3\">\n<h3 class=\"vtmn-typo_title-5 vtmn-mt-0 svelte-wahzr3\">longueur (en cm)<\/h3>\n<p class=\"vtmn-m-0 vtmn-break-words\">126 cm<\/p>\n<\/div>\n<div class=\"tech-info vtmn-py-5 svelte-wahzr3\">\n<h3 class=\"vtmn-typo_title-5 vtmn-mt-0 svelte-wahzr3\">poids (en kg)<\/h3>\n<p class=\"vtmn-m-0 vtmn-break-words\">30 kg<\/p>\n<\/div>\n<div class=\"tech-info vtmn-py-5 svelte-wahzr3\">\n<h3 class=\"vtmn-typo_title-5 vtmn-mt-0 svelte-wahzr3\">type de distance<\/h3>\n<p class=\"vtmn-m-0 vtmn-break-words\">moyenne distance<\/p>\n<\/div>\n<div class=\"tech-info vtmn-py-5 svelte-wahzr3\">\n<h3 class=\"vtmn-typo_title-5 vtmn-mt-0 svelte-wahzr3\">\u00e9tanch\u00e9it\u00e9 ip<\/h3>\n<p class=\"vtmn-m-0 vtmn-break-words\">IPX4<\/p>\n<\/div>\n<div class=\"tech-info vtmn-py-5 svelte-wahzr3\">\n<h3 class=\"vtmn-typo_title-5 vtmn-mt-0 svelte-wahzr3\">puissance (en watts)<\/h3>\n<p class=\"vtmn-m-0 vtmn-break-words\">500 W<\/p>\n<\/div>\n<div class=\"tech-info vtmn-py-5 svelte-wahzr3\">\n<h3 class=\"vtmn-typo_title-5 vtmn-mt-0 svelte-wahzr3\">\u00e9tat<\/h3>\n<p class=\"vtmn-m-0 vtmn-break-words\">neuf<\/p>\n<\/div>\n<div class=\"tech-info vtmn-py-5 svelte-wahzr3\">\n<h3 class=\"vtmn-typo_title-5 vtmn-mt-0 svelte-wahzr3\">type de roues<\/h3>\n<p class=\"vtmn-m-0 vtmn-break-words\">roues gonflabes<\/p>\n<\/div>\n<div class=\"tech-info vtmn-py-5 svelte-wahzr3\">\n<h3 class=\"vtmn-typo_title-5 vtmn-mt-0 svelte-wahzr3\">nombre de roue<\/h3>\n<p class=\"vtmn-m-0 vtmn-break-words\">2 roues<\/p>\n<\/div>\n<div class=\"tech-info vtmn-py-5 svelte-wahzr3\">\n<h3 class=\"vtmn-typo_title-5 vtmn-mt-0 svelte-wahzr3\">position frein<\/h3>\n<p class=\"vtmn-m-0 vtmn-break-words\">frein arri\u00e8re<\/p>\n<\/div>\n<\/div>\n<\/div>\n<\/div>\n<\/div>","protected":false},"excerpt":{"rendered":"<p class=\"vtmn-text-base vtmn-mb-0 vtmn-mt-2\">La Lamborghini ALEXT est \u00e9quip\u00e9 d&rsquo;une technologie extr\u00eamement silencieuse qui n\u00e9cessite un entretien minimal, avec un tr\u00e8s faible niveau d\u2019usure et d\u2019excellentes performances \u00e0 diff\u00e9rentes vitesses.<\/p>","protected":false},"featured_media":12402,"comment_status":"open","ping_status":"closed","template":"","meta":{"inline_featured_image":false},"product_cat":[178,176],"product_tag":[],"class_list":{"0":"post-3062","1":"product","2":"type-product","3":"status-publish","4":"has-post-thumbnail","6":"product_cat-pliable-trottinette-electrique","7":"product_cat-trottinette-electrique","9":"first","10":"instock","11":"sale","12":"taxable","13":"shipping-taxable","14":"purchasable","15":"product-type-simple"},"_links":{"self":[{"href":"https:\/\/mobilobike.com\/fr\/wp-json\/wp\/v2\/product\/3062","targetHints":{"allow":["GET"]}}],"collection":[{"href":"https:\/\/mobilobike.com\/fr\/wp-json\/wp\/v2\/product"}],"about":[{"href":"https:\/\/mobilobike.com\/fr\/wp-json\/wp\/v2\/types\/product"}],"replies":[{"embeddable":true,"href":"https:\/\/mobilobike.com\/fr\/wp-json\/wp\/v2\/comments?post=3062"}],"version-history":[{"count":1,"href":"https:\/\/mobilobike.com\/fr\/wp-json\/wp\/v2\/product\/3062\/revisions"}],"predecessor-version":[{"id":12403,"href":"https:\/\/mobilobike.com\/fr\/wp-json\/wp\/v2\/product\/3062\/revisions\/12403"}],"wp:featuredmedia":[{"embeddable":true,"href":"https:\/\/mobilobike.com\/fr\/wp-json\/wp\/v2\/media\/12402"}],"wp:attachment":[{"href":"https:\/\/mobilobike.com\/fr\/wp-json\/wp\/v2\/media?parent=3062"}],"wp:term":[{"taxonomy":"product_cat","embeddable":true,"href":"https:\/\/mobilobike.com\/fr\/wp-json\/wp\/v2\/product_cat?post=3062"},{"taxonomy":"product_tag","embeddable":true,"href":"https:\/\/mobilobike.com\/fr\/wp-json\/wp\/v2\/product_tag?post=3062"}],"curies":[{"name":"wp","href":"https:\/\/api.w.org\/{rel}","templated":true}]}}