{"id":3072,"date":"2025-02-08T18:30:47","date_gmt":"2025-02-08T18:30:47","guid":{"rendered":"https:\/\/mobilobike.com\/?post_type=product&#038;p=3072"},"modified":"2025-07-08T18:31:22","modified_gmt":"2025-07-08T18:31:22","slug":"eovolt-morning","status":"publish","type":"product","link":"https:\/\/mobilobike.com\/fr\/produit\/eovolt-morning\/","title":{"rendered":"Eovolt Morning"},"content":{"rendered":"<h2 class=\"hover:duration-80 duration-800 mb-2 mt-6 w-fit cursor-pointer text-lg underline decoration-textOff\/25 decoration-1 underline-offset-[5px] hover:text-super hover:decoration-super\/80 hover:underline-offset-[7px] dark:decoration-textOffDark\/30 dark:hover:text-superDark dark:hover:decoration-superDark\/80 transition-all first:mt-3 motion-reduce:transition-none\" data-state=\"closed\">Le V\u00e9lo \u00e9lectrique pliant Eovolt Morning<\/h2>\n<p><span class=\"\">Le\u00a0<\/span><span class=\"\"><strong>v\u00e9lo \u00e9lectrique pliant Eovolt Morning<\/strong><\/span><span class=\"\">\u00a0est le compagnon id\u00e9al pour les citadins, les voyageurs et les amateurs de mobilit\u00e9 pratique. Con\u00e7u pour allier performance, design et compacit\u00e9, ce v\u00e9lo r\u00e9volutionne vos d\u00e9placements quotidiens tout en offrant une exp\u00e9rience de conduite agr\u00e9able et \u00e9cologique.<\/span><\/p>\n<h2 class=\"hover:duration-80 duration-800 mb-2 mt-6 w-fit cursor-pointer text-lg underline decoration-textOff\/25 decoration-1 underline-offset-[5px] hover:text-super hover:decoration-super\/80 hover:underline-offset-[7px] dark:decoration-textOffDark\/30 dark:hover:text-superDark dark:hover:decoration-superDark\/80 transition-all first:mt-3 motion-reduce:transition-none\" data-state=\"closed\"><strong>Un design compact et l\u00e9ger pour une mobilit\u00e9 sans limites<\/strong><\/h2>\n<p><span class=\"\">Avec un poids plume de seulement\u00a0<\/span><span class=\"\"><strong>16,5 kg<\/strong><\/span><span class=\"\">, le Eovolt Morning est l\u2019un des v\u00e9los \u00e9lectriques pliants les plus l\u00e9gers du march\u00e9. Son cadre en aluminium robuste garantit une parfaite combinaison entre l\u00e9g\u00e8ret\u00e9 et durabilit\u00e9. Une fois pli\u00e9, il ne mesure que\u00a0<\/span><span class=\"\"><strong>58 x 71 x 40 cm<\/strong><\/span><span class=\"\">, ce qui permet de le ranger facilement dans un appartement, un bureau ou m\u00eame un coffre de voiture. Gr\u00e2ce \u00e0 la technologie\u00a0<\/span><span class=\"\"><strong>Fold&amp;Go<\/strong><\/span><span class=\"\">, il se plie en moins de 10 secondes et peut \u00eatre d\u00e9plac\u00e9 ais\u00e9ment, m\u00eame dans les transports en commun.<\/span><\/p>\n<h2 class=\"hover:duration-80 duration-800 mb-2 mt-6 w-fit cursor-pointer text-lg underline decoration-textOff\/25 decoration-1 underline-offset-[5px] hover:text-super hover:decoration-super\/80 hover:underline-offset-[7px] dark:decoration-textOffDark\/30 dark:hover:text-superDark dark:hover:decoration-superDark\/80 transition-all first:mt-3 motion-reduce:transition-none\" data-state=\"closed\"><strong>Performance et assistance \u00e9lectrique optimales<\/strong><\/h2>\n<p><span class=\"\">\u00c9quip\u00e9 d\u2019un moteur\u00a0<\/span><span class=\"\"><strong>Brushless 36V 250W<\/strong><\/span><span class=\"\">\u00a0situ\u00e9 sur la roue arri\u00e8re, le Eovolt Morning offre une assistance \u00e9lectrique fluide et puissante. Avec ses\u00a0<\/span><span class=\"\"><strong>5 niveaux d\u2019assistance<\/strong><\/span><span class=\"\">\u00a0et un couple moteur de\u00a0<\/span><span class=\"\"><strong>40 Nm<\/strong><\/span><span class=\"\">, il vous propulse jusqu\u2019\u00e0 une vitesse maximale de\u00a0<\/span><span class=\"\"><strong>25 km\/h<\/strong><\/span><span class=\"\">, m\u00eame sur des terrains inclin\u00e9s. La batterie lithium-ion LG int\u00e9gr\u00e9e dans la tige de selle est non seulement discr\u00e8te mais aussi performante, offrant une autonomie allant jusqu\u2019\u00e0\u00a0<\/span><span class=\"\"><strong>60 km<\/strong><\/span><span class=\"\">\u00a0avec un temps de recharge rapide de seulement 3 \u00e0 4 heures.<\/span><\/p>\n<h2 class=\"hover:duration-80 duration-800 mb-2 mt-6 w-fit cursor-pointer text-lg underline decoration-textOff\/25 decoration-1 underline-offset-[5px] hover:text-super hover:decoration-super\/80 hover:underline-offset-[7px] dark:decoration-textOffDark\/30 dark:hover:text-superDark dark:hover:decoration-superDark\/80 transition-all first:mt-3 motion-reduce:transition-none\" data-state=\"closed\"><strong>Confort et s\u00e9curit\u00e9 au rendez-vous<\/strong><\/h2>\n<p><span class=\"\">Le Eovolt Morning est con\u00e7u pour garantir un confort optimal lors de vos trajets urbains ou vos balades. Sa selle ergonomique premium et ses pneus anti-crevaison de\u00a0<\/span><span class=\"\"><strong>16 pouces<\/strong><\/span><span class=\"\">\u00a0assurent une conduite stable et agr\u00e9able. C\u00f4t\u00e9 s\u00e9curit\u00e9, il est \u00e9quip\u00e9 de freins \u00e0 disques hydrauliques puissants pour un freinage efficace quelles que soient les conditions m\u00e9t\u00e9orologiques. De plus, ses \u00e9clairages avant et arri\u00e8re int\u00e9gr\u00e9s \u00e0 la batterie renforcent votre visibilit\u00e9 sur la route.<\/span><\/p>\n<h2 class=\"hover:duration-80 duration-800 mb-2 mt-6 w-fit cursor-pointer text-lg underline decoration-textOff\/25 decoration-1 underline-offset-[5px] hover:text-super hover:decoration-super\/80 hover:underline-offset-[7px] dark:decoration-textOffDark\/30 dark:hover:text-superDark dark:hover:decoration-superDark\/80 transition-all first:mt-3 motion-reduce:transition-none\" data-state=\"closed\"><strong>Polyvalence et praticit\u00e9 pour tous vos besoins<\/strong><\/h2>\n<p><span class=\"\">Que vous soyez un adepte du v\u00e9lotaf ou un voyageur en camping-car ou bateau, le Eovolt Morning s\u2019adapte \u00e0 toutes les situations gr\u00e2ce \u00e0 sa conception compacte et polyvalente. Il est parfait pour les trajets urbains, les escapades nature ou encore les d\u00e9placements intermodaux (train, m\u00e9tro, etc.). Son \u00e9cran multifonction int\u00e9gr\u00e9 permet de suivre facilement votre vitesse, la distance parcourue ou encore l\u2019\u00e9tat de charge de la batterie. Un port USB pratique vous permet m\u00eame de recharger votre smartphone en d\u00e9placement.<\/span><\/p>\n<h2 class=\"hover:duration-80 duration-800 mb-2 mt-6 w-fit cursor-pointer text-lg underline decoration-textOff\/25 decoration-1 underline-offset-[5px] hover:text-super hover:decoration-super\/80 hover:underline-offset-[7px] dark:decoration-textOffDark\/30 dark:hover:text-superDark dark:hover:decoration-superDark\/80 transition-all first:mt-3 motion-reduce:transition-none\" data-state=\"closed\"><strong>Pourquoi choisir le Eovolt Morning ?<\/strong><\/h2>\n<ul class=\"marker:text-textOff list-disc pl-8\">\n<li><span class=\"hover:duration-80 duration-800 cursor-pointer underline decoration-textOff\/25 decoration-1 underline-offset-[4px] hover:text-super hover:decoration-super\/80 hover:underline-offset-[6px] dark:decoration-textOffDark\/30 dark:hover:text-superDark dark:hover:decoration-superDark\/80 transition-all first:mt-3 motion-reduce:transition-none\" data-state=\"closed\"><strong>L\u00e9ger et compact<\/strong><\/span><span class=\"\">\u00a0: Id\u00e9al pour les espaces restreints.<\/span><\/li>\n<li><span class=\"hover:duration-80 duration-800 cursor-pointer underline decoration-textOff\/25 decoration-1 underline-offset-[4px] hover:text-super hover:decoration-super\/80 hover:underline-offset-[6px] dark:decoration-textOffDark\/30 dark:hover:text-superDark dark:hover:decoration-superDark\/80 transition-all first:mt-3 motion-reduce:transition-none\" data-state=\"closed\"><strong>Performances \u00e9lectriques<\/strong><\/span><span class=\"\">\u00a0: Jusqu\u2019\u00e0 60 km d\u2019autonomie.<\/span><\/li>\n<li><span class=\"hover:duration-80 duration-800 cursor-pointer underline decoration-textOff\/25 decoration-1 underline-offset-[4px] hover:text-super hover:decoration-super\/80 hover:underline-offset-[6px] dark:decoration-textOffDark\/30 dark:hover:text-superDark dark:hover:decoration-superDark\/80 transition-all first:mt-3 motion-reduce:transition-none\" data-state=\"closed\"><strong>S\u00e9curit\u00e9 renforc\u00e9e<\/strong><\/span><span class=\"\">\u00a0: Freins hydrauliques et \u00e9clairages int\u00e9gr\u00e9s.<\/span><\/li>\n<li><span class=\"hover:duration-80 duration-800 cursor-pointer underline decoration-textOff\/25 decoration-1 underline-offset-[4px] hover:text-super hover:decoration-super\/80 hover:underline-offset-[6px] dark:decoration-textOffDark\/30 dark:hover:text-superDark dark:hover:decoration-superDark\/80 transition-all first:mt-3 motion-reduce:transition-none\" data-state=\"closed\"><strong>Facile \u00e0 transporter<\/strong><\/span><span class=\"\">\u00a0: Pliable en 10 secondes avec syst\u00e8me Fold&amp;Go.<\/span><\/li>\n<li><span class=\"hover:duration-80 duration-800 cursor-pointer underline decoration-textOff\/25 decoration-1 underline-offset-[4px] hover:text-super hover:decoration-super\/80 hover:underline-offset-[6px] dark:decoration-textOffDark\/30 dark:hover:text-superDark dark:hover:decoration-superDark\/80 transition-all first:mt-3 motion-reduce:transition-none\" data-state=\"closed\"><strong>\u00c9cologique<\/strong><\/span><span class=\"\">\u00a0: Une alternative durable aux v\u00e9hicules motoris\u00e9s.<\/span><\/li>\n<\/ul>\n<p><button class=\"read-more\" type=\"button\" data-toggle=\"collapse\" data-target=\"#caracteristiques\" aria-expanded=\"true\" aria-controls=\"caracteristiques\"><span class=\"h2\">Caract\u00e9ristiques<\/span><\/button><\/p>\n<div id=\"caracteristiques\" class=\"caracteristiques collapse in\">\n<dl class=\"table-data-sheet\">\n<dt>Forme du cadre<\/dt>\n<dd>\n<div class=\"scrollable\">Enjambement bas<\/div>\n<\/dd>\n<dt>Mat\u00e9riau du cadre<\/dt>\n<dd>\n<div class=\"scrollable\">Aluminium<\/div>\n<\/dd>\n<dt>Cadre<\/dt>\n<dd>\n<div class=\"scrollable\">Aluminium smooth weldings<\/div>\n<\/dd>\n<dt>Emplacement moteur<\/dt>\n<dd>\n<div class=\"scrollable\">Roue arri\u00e8re<\/div>\n<\/dd>\n<dt>Marque du moteur<\/dt>\n<dd>\n<div class=\"scrollable\">Eovolt<\/div>\n<\/dd>\n<dt>Moteur<\/dt>\n<dd>\n<div class=\"scrollable\">Eovolt Brushless &#8211; 250 W \/ 36 V &#8211; assistance jusqu&rsquo;\u00e0 25 km\/h &#8211; couple max 40 Nm<\/div>\n<\/dd>\n<dt>Couple moteur (Nm)<\/dt>\n<dd>\n<div class=\"scrollable\">40 Nm<\/div>\n<\/dd>\n<dt>Emplacement batterie<\/dt>\n<dd>\n<div class=\"scrollable\">Tige de selle<\/div>\n<\/dd>\n<dt>Batterie<\/dt>\n<dd>\n<div class=\"scrollable\">LG &#8211; 36 V \/ 6,4 Ah &#8211; amovible, int\u00e9gr\u00e9e \u00e0 la tige de selle et prot\u00e9g\u00e9e par le collier de selle verrouillable &#8211; temps de charge 3-4 heures<\/div>\n<\/dd>\n<dt>Console<\/dt>\n<dd>\n<div class=\"scrollable\">\u00c9cran LCD<\/div>\n<\/dd>\n<dt>Transmission<\/dt>\n<dd>\n<div class=\"scrollable\">D\u00e9railleur externe<\/div>\n<\/dd>\n<dt>Nombre de vitesses<\/dt>\n<dd>\n<div class=\"scrollable\">4<\/div>\n<\/dd>\n<dt>P\u00e9dalier<\/dt>\n<dd>\n<div class=\"scrollable\">Avec capteur de couple<\/div>\n<\/dd>\n<dt>P\u00e9dales<\/dt>\n<dd>\n<div class=\"scrollable\">Pliables<\/div>\n<\/dd>\n<dt>Freins<\/dt>\n<dd>\n<div class=\"scrollable\">Freins \u00e0 disque hydrauliques &#8211; disque 160 mm<\/div>\n<\/dd>\n<dt>Taille de roues<\/dt>\n<dd>\n<div class=\"scrollable\">16\u00a0\u00bb<\/div>\n<\/dd>\n<dt>Roues<\/dt>\n<dd>\n<div class=\"scrollable\">Jante aluminium<\/div>\n<\/dd>\n<dt>Pneus<\/dt>\n<dd>\n<div class=\"scrollable\">CST, 16&Prime; x 2.125&Prime;, flanc r\u00e9fl\u00e9chissant<\/div>\n<\/dd>\n<dt>Cintre<\/dt>\n<dd>\n<div class=\"scrollable\">Droit<\/div>\n<\/dd>\n<dt>Potence<\/dt>\n<dd>\n<div class=\"scrollable\">Tige de direction repliable et r\u00e9glable en hauteur<\/div>\n<\/dd>\n<dt>Tige de selle<\/dt>\n<dd>\n<div class=\"scrollable\">Avec collier de selle antivol<\/div>\n<\/dd>\n<dt>Phare avant<\/dt>\n<dd>\n<div class=\"scrollable\">Directionnel &#8211; aliment\u00e9 par la batterie<\/div>\n<\/dd>\n<dt>Phare arri\u00e8re<\/dt>\n<dd>\n<div class=\"scrollable\">Spanninga Presto-Guard &#8211; pile<\/div>\n<\/dd>\n<dt>B\u00e9quille<\/dt>\n<dd>\n<div class=\"scrollable\">Arri\u00e8re<\/div>\n<\/dd>\n<dt>Garde-boue<\/dt>\n<dd>\n<div class=\"scrollable\">Avec<\/div>\n<\/dd>\n<dt>Dimensions v\u00e9lo pli\u00e9<\/dt>\n<dd>\n<div class=\"scrollable\">58 x 75 x 40 cm<\/div>\n<\/dd>\n<dt>Garantie cadre<\/dt>\n<dd>\n<div class=\"scrollable\">5 ans<\/div>\n<\/dd>\n<dt>Garantie pi\u00e8ces<\/dt>\n<dd>\n<div class=\"scrollable\">2 ans<\/div>\n<\/dd>\n<dt>Capacit\u00e9 de charge<\/dt>\n<dd>\n<div class=\"scrollable\">PTAC 105 kg (poids v\u00e9lo + cycliste + \u00e9quipement)<\/div>\n<\/dd>\n<dt>Poids<\/dt>\n<dd>\n<div class=\"scrollable\">16,5 kg<\/div>\n<\/dd>\n<dt>Origine<\/dt>\n<dd>\n<div class=\"scrollable\">Assembl\u00e9 en France<\/div>\n<\/dd>\n<\/dl>\n<\/div>","protected":false},"excerpt":{"rendered":"<p><span class=\"\">Le\u00a0<\/span><span class=\"\"><strong>v\u00e9lo \u00e9lectrique pliant Eovolt Morning<\/strong><\/span><span class=\"\">\u00a0est le compagnon id\u00e9al pour les citadins, les voyageurs et les amateurs de mobilit\u00e9 pratique. Con\u00e7u pour allier performance, design et compacit\u00e9, ce v\u00e9lo r\u00e9volutionne vos d\u00e9placements quotidiens tout en offrant une exp\u00e9rience de conduite agr\u00e9able et \u00e9cologique.<\/span><\/p>","protected":false},"featured_media":12410,"comment_status":"open","ping_status":"closed","template":"","meta":{"inline_featured_image":false},"product_cat":[175,173],"product_tag":[],"class_list":{"0":"post-3072","1":"product","2":"type-product","3":"status-publish","4":"has-post-thumbnail","6":"product_cat-pliable","7":"product_cat-velo-electrique","9":"first","10":"instock","11":"taxable","12":"shipping-taxable","13":"purchasable","14":"product-type-simple"},"_links":{"self":[{"href":"https:\/\/mobilobike.com\/fr\/wp-json\/wp\/v2\/product\/3072","targetHints":{"allow":["GET"]}}],"collection":[{"href":"https:\/\/mobilobike.com\/fr\/wp-json\/wp\/v2\/product"}],"about":[{"href":"https:\/\/mobilobike.com\/fr\/wp-json\/wp\/v2\/types\/product"}],"replies":[{"embeddable":true,"href":"https:\/\/mobilobike.com\/fr\/wp-json\/wp\/v2\/comments?post=3072"}],"version-history":[{"count":1,"href":"https:\/\/mobilobike.com\/fr\/wp-json\/wp\/v2\/product\/3072\/revisions"}],"predecessor-version":[{"id":12411,"href":"https:\/\/mobilobike.com\/fr\/wp-json\/wp\/v2\/product\/3072\/revisions\/12411"}],"wp:featuredmedia":[{"embeddable":true,"href":"https:\/\/mobilobike.com\/fr\/wp-json\/wp\/v2\/media\/12410"}],"wp:attachment":[{"href":"https:\/\/mobilobike.com\/fr\/wp-json\/wp\/v2\/media?parent=3072"}],"wp:term":[{"taxonomy":"product_cat","embeddable":true,"href":"https:\/\/mobilobike.com\/fr\/wp-json\/wp\/v2\/product_cat?post=3072"},{"taxonomy":"product_tag","embeddable":true,"href":"https:\/\/mobilobike.com\/fr\/wp-json\/wp\/v2\/product_tag?post=3072"}],"curies":[{"name":"wp","href":"https:\/\/api.w.org\/{rel}","templated":true}]}}