{"id":3074,"date":"2025-02-08T23:22:14","date_gmt":"2025-02-08T23:22:14","guid":{"rendered":"https:\/\/mobilobike.com\/?post_type=product&#038;p=3074"},"modified":"2025-07-08T18:31:23","modified_gmt":"2025-07-08T18:31:23","slug":"benno-boost-10d-evo-5","status":"publish","type":"product","link":"https:\/\/mobilobike.com\/fr\/produit\/benno-boost-10d-evo-5\/","title":{"rendered":"Benno Boost 10D EVO 5"},"content":{"rendered":"<h2 class=\"hover:duration-80 duration-800 mb-2 mt-6 w-fit cursor-pointer text-lg underline decoration-textOff\/25 decoration-1 underline-offset-[5px] hover:text-super hover:decoration-super\/80 hover:underline-offset-[7px] dark:decoration-textOffDark\/30 dark:hover:text-superDark dark:hover:decoration-superDark\/80 transition-all first:mt-3 motion-reduce:transition-none\" data-state=\"closed\">Le V\u00e9lo \u00c9lectrique Longtail Benno Boost 10D EVO 5<\/h2>\n<p><span class=\"\">D\u00e9couvrez le\u00a0<\/span><span class=\"\"><strong>Benno Boost 10D EVO 5 &#8211; Easy On<\/strong><\/span><span class=\"\">, un v\u00e9lo \u00e9lectrique longtail qui red\u00e9finit la mobilit\u00e9 urbaine et le transport du quotidien. Con\u00e7u pour les amoureux des v\u00e9los \u00e9lectriques, ce mod\u00e8le allie puissance, polyvalence et confort pour r\u00e9pondre \u00e0 tous vos besoins, qu\u2019il s\u2019agisse de transporter des charges lourdes, de parcourir de longues distances ou simplement de profiter d\u2019une balade en toute s\u00e9r\u00e9nit\u00e9.<\/span><\/p>\n<h2 class=\"hover:duration-80 duration-800 mb-2 mt-6 w-fit cursor-pointer text-lg underline decoration-textOff\/25 decoration-1 underline-offset-[5px] hover:text-super hover:decoration-super\/80 hover:underline-offset-[7px] dark:decoration-textOffDark\/30 dark:hover:text-superDark dark:hover:decoration-superDark\/80 transition-all first:mt-3 motion-reduce:transition-none\" data-state=\"closed\"><strong>Un V\u00e9lo Cargo Polyvalent et Puissant<\/strong><\/h2>\n<p><span class=\"\">Le Benno Boost 10D EVO 5 se distingue par son moteur \u00e9lectrique\u00a0<\/span><span class=\"\"><strong>Bosch Performance<\/strong><\/span><span class=\"\">\u00a0de 250W avec un couple impressionnant de 65Nm, garantissant une assistance fluide et puissante jusqu\u2019\u00e0 25 km\/h. Que vous affrontiez des mont\u00e9es raides ou que vous transportiez des charges importantes, ce v\u00e9lo est con\u00e7u pour relever tous les d\u00e9fis. Gr\u00e2ce \u00e0 sa batterie\u00a0<\/span><span class=\"\"><strong>Bosch PowerPack 500Wh<\/strong><\/span><span class=\"\">, il offre une autonomie allant jusqu\u2019\u00e0\u00a0<\/span><span class=\"\"><strong>135 km<\/strong><\/span><span class=\"\">, id\u00e9ale pour les trajets quotidiens comme pour les aventures prolong\u00e9es<\/span><span class=\"\"><span class=\"whitespace-nowrap\">.<\/span><\/span><\/p>\n<h2 class=\"hover:duration-80 duration-800 mb-2 mt-6 w-fit cursor-pointer text-lg underline decoration-textOff\/25 decoration-1 underline-offset-[5px] hover:text-super hover:decoration-super\/80 hover:underline-offset-[7px] dark:decoration-textOffDark\/30 dark:hover:text-superDark dark:hover:decoration-superDark\/80 transition-all first:mt-3 motion-reduce:transition-none\" data-state=\"closed\"><strong>Capacit\u00e9 de Charge Exceptionnelle<\/strong><\/h2>\n<p><span class=\"\">Avec son design longtail robuste et son cadre en aluminium renforc\u00e9, le Benno Boost peut transporter jusqu\u2019\u00e0\u00a0<\/span><span class=\"\"><strong>180 kg<\/strong><\/span><span class=\"\">, dont\u00a0<\/span><span class=\"\"><strong>80 kg sur le porte-bagages arri\u00e8re<\/strong><\/span><span class=\"\">. Ce v\u00e9lo est parfait pour transporter vos courses, vos enfants ou m\u00eame du mat\u00e9riel professionnel. Son centre de gravit\u00e9 bas garantit une stabilit\u00e9 optimale, m\u00eame \u00e0 pleine charge, tandis que sa maniabilit\u00e9 reste exemplaire gr\u00e2ce \u00e0 sa g\u00e9om\u00e9trie compacte<\/span><span class=\"\"><span class=\"whitespace-nowrap\">.<\/span><\/span><\/p>\n<h2 class=\"hover:duration-80 duration-800 mb-2 mt-6 w-fit cursor-pointer text-lg underline decoration-textOff\/25 decoration-1 underline-offset-[5px] hover:text-super hover:decoration-super\/80 hover:underline-offset-[7px] dark:decoration-textOffDark\/30 dark:hover:text-superDark dark:hover:decoration-superDark\/80 transition-all first:mt-3 motion-reduce:transition-none\" data-state=\"closed\"><strong>Confort et S\u00e9curit\u00e9 au Rendez-vous<\/strong><\/h2>\n<p><span class=\"\">Le Benno Boost 10D EVO 5 est \u00e9quip\u00e9 de composants haut de gamme pour un confort et une s\u00e9curit\u00e9 in\u00e9gal\u00e9s :<\/span><\/p>\n<ul class=\"marker:text-textOff list-disc pl-8\">\n<li><span class=\"hover:duration-80 duration-800 cursor-pointer underline decoration-textOff\/25 decoration-1 underline-offset-[4px] hover:text-super hover:decoration-super\/80 hover:underline-offset-[6px] dark:decoration-textOffDark\/30 dark:hover:text-superDark dark:hover:decoration-superDark\/80 transition-all first:mt-3 motion-reduce:transition-none\" data-state=\"closed\"><strong>Freins hydrauliques Magura MT30<\/strong><\/span><span class=\"\">\u00a0: freinage puissant et pr\u00e9cis en toutes conditions.<\/span><\/li>\n<li><span class=\"hover:duration-80 duration-800 cursor-pointer underline decoration-textOff\/25 decoration-1 underline-offset-[4px] hover:text-super hover:decoration-super\/80 hover:underline-offset-[6px] dark:decoration-textOffDark\/30 dark:hover:text-superDark dark:hover:decoration-superDark\/80 transition-all first:mt-3 motion-reduce:transition-none\" data-state=\"closed\"><strong>Pneus Benno Dual Sport (24&Prime;x2.6&Prime;)<\/strong><\/span><span class=\"\">\u00a0: r\u00e9sistants aux crevaisons et adapt\u00e9s aux charges lourdes.<\/span><\/li>\n<li><span class=\"hover:duration-80 duration-800 cursor-pointer underline decoration-textOff\/25 decoration-1 underline-offset-[4px] hover:text-super hover:decoration-super\/80 hover:underline-offset-[6px] dark:decoration-textOffDark\/30 dark:hover:text-superDark dark:hover:decoration-superDark\/80 transition-all first:mt-3 motion-reduce:transition-none\" data-state=\"closed\"><strong>\u00c9clairage Supernova Mini 2<\/strong><\/span><span class=\"\">\u00a0\u00e0 l\u2019avant et Supernova E3 \u00e0 l\u2019arri\u00e8re : visibilit\u00e9 accrue pour rouler en toute s\u00e9curit\u00e9, m\u00eame la nuit<\/span><span class=\"\"><span class=\"whitespace-nowrap\">.<\/span><\/span><\/li>\n<\/ul>\n<p><span class=\"\">Son poste de conduite ergonomique avec guidon large et selle confortable assure une position naturelle, limitant la fatigue sur les longues distances. De plus, le v\u00e9lo est compatible avec une large gamme d\u2019accessoires (si\u00e8ges enfants, sacoches, paniers), ce qui le rend personnalisable selon vos besoins<\/span><span class=\"\"><span class=\"whitespace-nowrap\">.<\/span><\/span><\/p>\n<h2 class=\"hover:duration-80 duration-800 mb-2 mt-6 w-fit cursor-pointer text-lg underline decoration-textOff\/25 decoration-1 underline-offset-[5px] hover:text-super hover:decoration-super\/80 hover:underline-offset-[7px] dark:decoration-textOffDark\/30 dark:hover:text-superDark dark:hover:decoration-superDark\/80 transition-all first:mt-3 motion-reduce:transition-none\" data-state=\"closed\"><strong>Un Design \u00c9l\u00e9gant et Fonctionnel<\/strong><\/h2>\n<p><span class=\"\">Sous ses airs de beach cruiser moderne, le Benno Boost arbore un style \u00e9l\u00e9gant tout en restant incroyablement fonctionnel. Sa conception modulaire permet d\u2019adapter le v\u00e9lo \u00e0 diff\u00e9rentes utilisations gr\u00e2ce \u00e0 un syst\u00e8me intelligent de racks interchangeables. Avec ses finitions soign\u00e9es et ses couleurs vari\u00e9es (gris fonc\u00e9, bleu ou vert), il s\u2019int\u00e8gre parfaitement dans un environnement urbain ou rural<\/span><span class=\"\"><span class=\"whitespace-nowrap\">.\u00a0<\/span><\/span><\/p>\n<p>&nbsp;<\/p>\n<h2>Specifications<\/h2>\n<div class=\"tab-content\">\n<div id=\"tp-product-specification-tab\" class=\"tab-pane fade active show\" role=\"tabpanel\">\n<section id=\"product_full_spec\" class=\"container border-0\">\n<div class=\"row pt-2 pb-4 m-0\">\n<div id=\"product_specifications\" class=\"col-12 col-lg-8 offset-lg-2\">\n<table class=\"table mb-0 border\">\n<tbody>\n<tr class=\"shadow-sm text-bg-light\">\n<th class=\"text-start\" colspan=\"2\">G\u00e9n\u00e9ral<\/th>\n<\/tr>\n<tr>\n<td>Marque<\/td>\n<td>Benno<\/td>\n<\/tr>\n<tr>\n<td>Ann\u00e9e Mod\u00e8le<\/td>\n<td>2022<\/td>\n<\/tr>\n<tr>\n<td>Type d&rsquo;utilisation<\/td>\n<td>V\u00e9lo cargo<\/td>\n<\/tr>\n<tr>\n<td>Taille<\/td>\n<td>Unique<\/td>\n<\/tr>\n<tr>\n<td>Cadre<\/td>\n<td>Aluminum T6061<\/td>\n<\/tr>\n<tr class=\"shadow-sm text-bg-light\">\n<th class=\"text-start\" colspan=\"2\">Partie Electrique<\/th>\n<\/tr>\n<tr>\n<td>Capacit\u00e9 batterie<\/td>\n<td>500 Wh<\/td>\n<\/tr>\n<tr>\n<td>Moteur<\/td>\n<td>Bosch Performance 65Nm<\/td>\n<\/tr>\n<tr>\n<td>Console<\/td>\n<td>Bosch Purion<\/td>\n<\/tr>\n<tr>\n<td>Chargeur (en Ah)<\/td>\n<td>2A<\/td>\n<\/tr>\n<tr>\n<td>Batterie<\/td>\n<td>Bosch PowerPack 500Wh<\/td>\n<\/tr>\n<tr>\n<td>Norme CE<\/td>\n<td>V.A.E 25km\/h &#8211; 250W &#8211; EN 15194,\u00a0V.A.E 25km\/h &#8211; 250W &#8211; EN 15194<\/td>\n<\/tr>\n<tr class=\"shadow-sm text-bg-light\">\n<th class=\"text-start\" colspan=\"2\">Suspension<\/th>\n<\/tr>\n<tr>\n<td>Type de suspension<\/td>\n<td>Rigide<\/td>\n<\/tr>\n<tr>\n<td>Fourche<\/td>\n<td>Rigide en aluminium<\/td>\n<\/tr>\n<tr class=\"shadow-sm text-bg-light\">\n<th class=\"text-start\" colspan=\"2\">Transmission<\/th>\n<\/tr>\n<tr>\n<td>Type de transmission<\/td>\n<td>D\u00e9railleur<\/td>\n<\/tr>\n<tr>\n<td>Nombres de rapports<\/td>\n<td>10 vitesses<\/td>\n<\/tr>\n<tr>\n<td>Transmission<\/td>\n<td>Shimano Deore M6000 10 vitesses<\/td>\n<\/tr>\n<tr>\n<td>Plateau \/ Pignon<\/td>\n<td>48 dents<\/td>\n<\/tr>\n<tr>\n<td>Cassette<\/td>\n<td>Shimano CS-M4100, 11-42T, 10-Speed<\/td>\n<\/tr>\n<tr>\n<td>Chaine<\/td>\n<td>Taya e-DECA-101, 150 Links<\/td>\n<\/tr>\n<tr class=\"shadow-sm text-bg-light\">\n<th class=\"text-start\" colspan=\"2\">Freinage<\/th>\n<\/tr>\n<tr>\n<td>Type de freinage<\/td>\n<td>A disque hydraulique<\/td>\n<\/tr>\n<tr>\n<td>Freins<\/td>\n<td>Magura MT30 &#8211; 4 pistons &#8211; 180\/180<\/td>\n<\/tr>\n<tr class=\"shadow-sm text-bg-light\">\n<th class=\"text-start\" colspan=\"2\">Roues<\/th>\n<\/tr>\n<tr>\n<td>Pneus<\/td>\n<td>Benno Dual Sport (24&Prime;x2.6&Prime;), puncture resistant, 60 TPI<\/td>\n<\/tr>\n<tr class=\"shadow-sm text-bg-light\">\n<th class=\"text-start\" colspan=\"2\">Uncategorized<\/th>\n<\/tr>\n<tr>\n<td>Couleur<\/td>\n<td>Gris\u00a0or\u00a0Bleu\u00a0or\u00a0Gris fonc\u00e9\u00a0or\u00a0Vert<\/td>\n<\/tr>\n<\/tbody>\n<\/table>\n<\/div>\n<\/div>\n<\/section>\n<\/div>\n<\/div>","protected":false},"excerpt":{"rendered":"<p><span class=\"\">Le <\/span><span class=\"\"><strong>Benno Boost 10D EVO 5 &#8211; Easy On est <\/strong><\/span><span class=\"\">un v\u00e9lo \u00e9lectrique longtail qui red\u00e9finit la mobilit\u00e9 urbaine et le transport du quotidien. Con\u00e7u pour les amoureux des v\u00e9los \u00e9lectriques, ce mod\u00e8le allie puissance, polyvalence et confort pour r\u00e9pondre \u00e0 tous vos besoins, qu\u2019il s\u2019agisse de transporter des charges lourdes, de parcourir de longues distances ou simplement de profiter d\u2019une balade en toute s\u00e9r\u00e9nit\u00e9.<\/span><\/p>","protected":false},"featured_media":12412,"comment_status":"open","ping_status":"closed","template":"","meta":{"inline_featured_image":false},"product_cat":[174,173],"product_tag":[],"class_list":{"0":"post-3074","1":"product","2":"type-product","3":"status-publish","4":"has-post-thumbnail","6":"product_cat-non-pliable","7":"product_cat-velo-electrique","9":"first","10":"instock","11":"taxable","12":"shipping-taxable","13":"purchasable","14":"product-type-simple"},"_links":{"self":[{"href":"https:\/\/mobilobike.com\/fr\/wp-json\/wp\/v2\/product\/3074","targetHints":{"allow":["GET"]}}],"collection":[{"href":"https:\/\/mobilobike.com\/fr\/wp-json\/wp\/v2\/product"}],"about":[{"href":"https:\/\/mobilobike.com\/fr\/wp-json\/wp\/v2\/types\/product"}],"replies":[{"embeddable":true,"href":"https:\/\/mobilobike.com\/fr\/wp-json\/wp\/v2\/comments?post=3074"}],"version-history":[{"count":1,"href":"https:\/\/mobilobike.com\/fr\/wp-json\/wp\/v2\/product\/3074\/revisions"}],"predecessor-version":[{"id":12413,"href":"https:\/\/mobilobike.com\/fr\/wp-json\/wp\/v2\/product\/3074\/revisions\/12413"}],"wp:featuredmedia":[{"embeddable":true,"href":"https:\/\/mobilobike.com\/fr\/wp-json\/wp\/v2\/media\/12412"}],"wp:attachment":[{"href":"https:\/\/mobilobike.com\/fr\/wp-json\/wp\/v2\/media?parent=3074"}],"wp:term":[{"taxonomy":"product_cat","embeddable":true,"href":"https:\/\/mobilobike.com\/fr\/wp-json\/wp\/v2\/product_cat?post=3074"},{"taxonomy":"product_tag","embeddable":true,"href":"https:\/\/mobilobike.com\/fr\/wp-json\/wp\/v2\/product_tag?post=3074"}],"curies":[{"name":"wp","href":"https:\/\/api.w.org\/{rel}","templated":true}]}}