{"id":3096,"date":"2025-02-09T18:26:04","date_gmt":"2025-02-09T18:26:04","guid":{"rendered":"https:\/\/mobilobike.com\/?post_type=product&#038;p=3096"},"modified":"2025-07-08T18:31:26","modified_gmt":"2025-07-08T18:31:26","slug":"jeep-sentinel","status":"publish","type":"product","link":"https:\/\/mobilobike.com\/fr\/produit\/jeep-sentinel\/","title":{"rendered":"JEEP Sentinel"},"content":{"rendered":"<h2 class=\"floor-title vtmn-typo_title-4 vtmn-y-0 gt-tablet:vtmn-mt-6 gt-tablet:vtmn-mb-6 title__position--center svelte-kmv775\" tabindex=\"0\" role=\"button\"><span id=\"floor-18b726b7-c853-476c-b6db-06d3b5663280\" class=\"svelte-kmv775\" role=\"presentation\">Description<\/span><\/h2>\n<div class=\"floor-content svelte-kmv775\">\n<div class=\"svelte-1uw9j0x\">\n<h3>TROTTINETTE \u00c9LECTRIQUE JEEP SENTINEL<\/h3>\n<p>Jeep vous pr\u00e9sente son mod\u00e8le SENTINEL! Robuste, la SENTINEL est une trottinette urbaine qui dispose d&rsquo;un puissant moteur allant jusqu&rsquo;\u00e0 515 watts et offrant une autonomie jusqu&rsquo;\u00e0 25 kilom\u00e8tres. Jeep l&rsquo;a \u00e9videmment dot\u00e9 de suspension avant et arri\u00e8re renforc\u00e9e avec des pneus de 8,5 pouces dot\u00e9 de chambre \u00e0 air.<\/p>\n<p>ROBUSTE COMME UNE JEEP&#8230;<br \/>\nLa trottinette \u00e9lectrique SENTINEL garde toutes les promesses JEEP avec des pneus dot\u00e9 de chambre \u00e0 air, une structure renforc\u00e9e et des suspensions \u00e0 toutes \u00e9preuves.<\/p>\n<p>UNE LONGUE AUTONOMIE<br \/>\nLa Jeep Sentinel offre une autonomie de 25 kilom\u00e8tres gr\u00e2ce \u00e0 son moteur de 350 watts poussant jusqu&rsquo;\u00e0 515 combin\u00e9 \u00e0 une batterie de 36V, 7.5Ah, 270Wh. Au dessus de la moyenne, cette autonomie est id\u00e9ale pour les d\u00e9placements et permet de faire plusieurs sorties sans avoir \u00e0 la recharger.<\/p>\n<p>PRATIQUE POUR TOUS LES TERRAINS DE JEU<br \/>\nJEEP a gard\u00e9 les fonctionnalit\u00e9s essentielles d&rsquo;une trottinette et notamment le cadre pliable. Le cadre en alliage de magn\u00e9sium permet \u00e0 la SENTINEL de combiner portabilit\u00e9 et solidit\u00e9.<\/p>\n<p>MODERNE AU SERVICE DE LA MAITRISE<br \/>\nDisposez d&rsquo;un v\u00e9ritable tableau de bord gr\u00e2ce \u00e0 l&rsquo;\u00e9cran Led qui permet d&rsquo;avoir sous les yeux les informations de vitesses, du mode s\u00e9lectionn\u00e9, du niveau de batterie et des kilom\u00e8tres parcourus.<\/p>\n<p>\u2714\ufe0fCADRE : Alliage de magn\u00e9sium<br \/>\n\u2714\ufe0fMOTEUR : 350W sans balais, 515 Max<br \/>\n\u2714\ufe0fBATTERIE : 36V, 7.5Ah, 270Wh<br \/>\n\u2714\ufe0fROUES : 8,5\u201d, chambre \u00e0 air<br \/>\n\u2714\ufe0fFREINS : Doubles freins: disque \u00e0 l\u2019arri\u00e8re et \u00e9lectrique \u00e0 l\u2019avant<br \/>\n\u2714\ufe0fAFFICHEUR : \u00c9cran LED<br \/>\n\u2714\ufe0fSUSPENSIONS : avant et arri\u00e8re<br \/>\n\u2714\ufe0fAUTONOMIE : jusqu&rsquo;\u00e0 25km (sous r\u00e9serve de variations en fonction du poids du conducteur, des conditions routi\u00e8res, de la temp\u00e9rature, etc.)<br \/>\n\u2714\ufe0fCHARGE MAX : 100kg<br \/>\n\u2714\ufe0fTEMPS DE CHARGE : environ 5 heures<br \/>\n\u2714\ufe0fVITESSE : L1: &lt;= 6km\/h | L2:&lt;= 15km\/h | L3: &lt;= 20km\/h | L4: &lt;= 25km\/h (vitesse maximale)<br \/>\n\u2714\ufe0fPOIDS NET : 12,9kg<br \/>\n\u2714\ufe0fCLIGNOTANTS : OUI<\/p>\n<\/div>\n<h3 class=\"floor-title vtmn-typo_title-4 vtmn-y-0 gt-tablet:vtmn-mt-6 gt-tablet:vtmn-mb-6 title__position--center svelte-kmv775\" tabindex=\"0\" role=\"button\"><span id=\"floor-b2cae25a-0950-484e-9978-92fd585cf948\" class=\"svelte-kmv775\" role=\"presentation\">Informations techniques<\/span><\/h3>\n<div class=\"floor-content svelte-kmv775\">\n<div class=\"collapse-wrapper svelte-1oe98l6 expandable expanded\">\n<div class=\"content\">\n<div class=\"tech-info vtmn-py-5 svelte-wahzr3\">\n<h3 class=\"vtmn-typo_title-5 vtmn-mt-0 svelte-wahzr3\">type de pliage<\/h3>\n<p class=\"vtmn-m-0 vtmn-break-words\">pliage classique<\/p>\n<\/div>\n<div class=\"tech-info vtmn-py-5 svelte-wahzr3\">\n<h3 class=\"vtmn-typo_title-5 vtmn-mt-0 svelte-wahzr3\">type de terrain<\/h3>\n<p class=\"vtmn-m-0 vtmn-break-words\">tous terrains<\/p>\n<\/div>\n<div class=\"tech-info vtmn-py-5 svelte-wahzr3\">\n<h3 class=\"vtmn-typo_title-5 vtmn-mt-0 svelte-wahzr3\">suspension<\/h3>\n<p class=\"vtmn-m-0 vtmn-break-words\">avec suspension<\/p>\n<\/div>\n<div class=\"tech-info vtmn-py-5 svelte-wahzr3\">\n<h3 class=\"vtmn-typo_title-5 vtmn-mt-0 svelte-wahzr3\">assistance \u00e9lectrique<\/h3>\n<p class=\"vtmn-m-0 vtmn-break-words\">avec assistance \u00e9lectrique<\/p>\n<\/div>\n<div class=\"tech-info vtmn-py-5 svelte-wahzr3\">\n<h3 class=\"vtmn-typo_title-5 vtmn-mt-0 svelte-wahzr3\">vitesse maximum<\/h3>\n<p class=\"vtmn-m-0 vtmn-break-words\">25 km\/h<\/p>\n<\/div>\n<div class=\"tech-info vtmn-py-5 svelte-wahzr3\">\n<h3 class=\"vtmn-typo_title-5 vtmn-mt-0 svelte-wahzr3\">largeur (en cm)<\/h3>\n<p class=\"vtmn-m-0 vtmn-break-words\">48 cm<\/p>\n<\/div>\n<div class=\"tech-info vtmn-py-5 svelte-wahzr3\">\n<h3 class=\"vtmn-typo_title-5 vtmn-mt-0 svelte-wahzr3\">fr\u00e9quence<\/h3>\n<p class=\"vtmn-m-0 vtmn-break-words\">r\u00e9gulier<\/p>\n<\/div>\n<div class=\"tech-info vtmn-py-5 svelte-wahzr3\">\n<h3 class=\"vtmn-typo_title-5 vtmn-mt-0 svelte-wahzr3\">autonomie (en km)<\/h3>\n<p class=\"vtmn-m-0 vtmn-break-words\">15 \u00e0 25 km<\/p>\n<\/div>\n<div class=\"tech-info vtmn-py-5 svelte-wahzr3\">\n<h3 class=\"vtmn-typo_title-5 vtmn-mt-0 svelte-wahzr3\">charge maximale<\/h3>\n<p class=\"vtmn-m-0 vtmn-break-words\">100 kg<\/p>\n<\/div>\n<div class=\"tech-info vtmn-py-5 svelte-wahzr3\">\n<h3 class=\"vtmn-typo_title-5 vtmn-mt-0 svelte-wahzr3\">hauteur (en cm)<\/h3>\n<p class=\"vtmn-m-0 vtmn-break-words\">119 cm<\/p>\n<\/div>\n<div class=\"tech-info vtmn-py-5 svelte-wahzr3\">\n<h3 class=\"vtmn-typo_title-5 vtmn-mt-0 svelte-wahzr3\">longueur (en cm)<\/h3>\n<p class=\"vtmn-m-0 vtmn-break-words\">106 cm<\/p>\n<\/div>\n<div class=\"tech-info vtmn-py-5 svelte-wahzr3\">\n<h3 class=\"vtmn-typo_title-5 vtmn-mt-0 svelte-wahzr3\">poids (en kg)<\/h3>\n<p class=\"vtmn-m-0 vtmn-break-words\">15 kg<\/p>\n<\/div>\n<div class=\"tech-info vtmn-py-5 svelte-wahzr3\">\n<h3 class=\"vtmn-typo_title-5 vtmn-mt-0 svelte-wahzr3\">type de distance<\/h3>\n<p class=\"vtmn-m-0 vtmn-break-words\">moyenne distance<\/p>\n<\/div>\n<div class=\"tech-info vtmn-py-5 svelte-wahzr3\">\n<h3 class=\"vtmn-typo_title-5 vtmn-mt-0 svelte-wahzr3\">\u00e9tanch\u00e9it\u00e9 ip<\/h3>\n<p class=\"vtmn-m-0 vtmn-break-words\">IPX4<\/p>\n<\/div>\n<div class=\"tech-info vtmn-py-5 svelte-wahzr3\">\n<h3 class=\"vtmn-typo_title-5 vtmn-mt-0 svelte-wahzr3\">puissance (en watts)<\/h3>\n<p class=\"vtmn-m-0 vtmn-break-words\">350 W<\/p>\n<\/div>\n<div class=\"tech-info vtmn-py-5 svelte-wahzr3\">\n<h3 class=\"vtmn-typo_title-5 vtmn-mt-0 svelte-wahzr3\">\u00e9tat<\/h3>\n<p class=\"vtmn-m-0 vtmn-break-words\">neuf<\/p>\n<\/div>\n<div class=\"tech-info vtmn-py-5 svelte-wahzr3\">\n<h3 class=\"vtmn-typo_title-5 vtmn-mt-0 svelte-wahzr3\">type de roues<\/h3>\n<p class=\"vtmn-m-0 vtmn-break-words\">roues pleines<\/p>\n<\/div>\n<div class=\"tech-info vtmn-py-5 svelte-wahzr3\">\n<h3 class=\"vtmn-typo_title-5 vtmn-mt-0 svelte-wahzr3\">nombre de roue<\/h3>\n<p class=\"vtmn-m-0 vtmn-break-words\">2 roues<\/p>\n<\/div>\n<div class=\"tech-info vtmn-py-5 svelte-wahzr3\">\n<h3 class=\"vtmn-typo_title-5 vtmn-mt-0 svelte-wahzr3\">position frein<\/h3>\n<p class=\"vtmn-m-0 vtmn-break-words\">frein avant<\/p>\n<\/div>\n<\/div>\n<\/div>\n<\/div>\n<\/div>","protected":false},"excerpt":{"rendered":"<p class=\"vtmn-text-base vtmn-mb-0 vtmn-mt-2\">Depuis 80 ans, la marque Jeep est indissociable de la libert\u00e9, de l&rsquo;aventure, de l&rsquo;authenticit\u00e9 et de la passion.<\/p>","protected":false},"featured_media":12426,"comment_status":"open","ping_status":"closed","template":"","meta":{"inline_featured_image":false},"product_cat":[178,176],"product_tag":[],"class_list":{"0":"post-3096","1":"product","2":"type-product","3":"status-publish","4":"has-post-thumbnail","6":"product_cat-pliable-trottinette-electrique","7":"product_cat-trottinette-electrique","9":"first","10":"instock","11":"sale","12":"taxable","13":"shipping-taxable","14":"purchasable","15":"product-type-simple"},"_links":{"self":[{"href":"https:\/\/mobilobike.com\/fr\/wp-json\/wp\/v2\/product\/3096","targetHints":{"allow":["GET"]}}],"collection":[{"href":"https:\/\/mobilobike.com\/fr\/wp-json\/wp\/v2\/product"}],"about":[{"href":"https:\/\/mobilobike.com\/fr\/wp-json\/wp\/v2\/types\/product"}],"replies":[{"embeddable":true,"href":"https:\/\/mobilobike.com\/fr\/wp-json\/wp\/v2\/comments?post=3096"}],"version-history":[{"count":1,"href":"https:\/\/mobilobike.com\/fr\/wp-json\/wp\/v2\/product\/3096\/revisions"}],"predecessor-version":[{"id":12427,"href":"https:\/\/mobilobike.com\/fr\/wp-json\/wp\/v2\/product\/3096\/revisions\/12427"}],"wp:featuredmedia":[{"embeddable":true,"href":"https:\/\/mobilobike.com\/fr\/wp-json\/wp\/v2\/media\/12426"}],"wp:attachment":[{"href":"https:\/\/mobilobike.com\/fr\/wp-json\/wp\/v2\/media?parent=3096"}],"wp:term":[{"taxonomy":"product_cat","embeddable":true,"href":"https:\/\/mobilobike.com\/fr\/wp-json\/wp\/v2\/product_cat?post=3096"},{"taxonomy":"product_tag","embeddable":true,"href":"https:\/\/mobilobike.com\/fr\/wp-json\/wp\/v2\/product_tag?post=3096"}],"curies":[{"name":"wp","href":"https:\/\/api.w.org\/{rel}","templated":true}]}}