{"id":3099,"date":"2025-02-09T18:33:31","date_gmt":"2025-02-09T18:33:31","guid":{"rendered":"https:\/\/mobilobike.com\/?post_type=product&#038;p=3099"},"modified":"2025-07-08T18:31:26","modified_gmt":"2025-07-08T18:31:26","slug":"xiaomi-4-pro-max-fr","status":"publish","type":"product","link":"https:\/\/mobilobike.com\/fr\/produit\/xiaomi-4-pro-max-fr\/","title":{"rendered":"Xiaomi 4 Pro Max FR"},"content":{"rendered":"<h2 class=\"floor-title vtmn-typo_title-4 vtmn-y-0 gt-tablet:vtmn-mt-6 gt-tablet:vtmn-mb-6 title__position--center svelte-kmv775\" tabindex=\"0\" role=\"button\"><span id=\"floor-54fc2ec9-d0ac-4cf5-93a4-77066ea2c131\" class=\"svelte-kmv775\" role=\"presentation\">Description de la Xiaomi 4 Pro Max FR<\/span><\/h2>\n<div class=\"floor-content svelte-kmv775\">\n<div class=\"svelte-1uw9j0x\">\n<p>Grande autonomie de 60 km<br \/>\nQu&rsquo;il s&rsquo;agisse de trajets quotidiens, d&rsquo;excursions pour les vacances ou de d\u00e9placements en zone urbaine, il n&rsquo;est pas n\u00e9cessaire de charger fr\u00e9quemment le v\u00e9hicule. Plus besoin de s&rsquo;inqui\u00e9ter pour l&rsquo;autonomie.<\/p>\n<p>Suspensions<br \/>\nGr\u00e2ce \u00e0 la suspension \u00e0 double cylindre, la Xiaomi 4 Pro Max FR absorbe et disperse mieux les forces d&rsquo;impact, offrant ainsi une conduite confortable m\u00eame sur des surfaces irr\u00e9guli\u00e8res. Cette suspension r\u00e9duit \u00e9galement l&rsquo;effet des diff\u00e9rentes conditions routi\u00e8res sur les pneus, ce qui contribue en d\u00e9finitive \u00e0 prolonger la dur\u00e9e de vie de la trottinette.<\/p>\n<p>Rechargez rapidement et poursuivez votre trajet<\/p>\n<p>Id\u00e9al pour votre emploi du temps. Finis les interminables temps de charge : chargez-la compl\u00e8tement en seulement 3 heures<\/p>\n<p>Puissance de 960 W &#8211; Plaisir et maniabilit\u00e9 &#8211; Mont\u00e9e des pentes jusqu&rsquo;\u00e0 22%.<br \/>\nAutonomie jusqu&rsquo;\u00e0 60 km &#8211; Couvre de longues distances.<br \/>\nDesign \u00e9pur\u00e9 et pratique &#8211; Pliage facile en 3 secondes.<br \/>\nDouble suspension avant hybride &#8211; R\u00e9duit les vibrations et assure une conduite confortable.<\/p>\n<h3 class=\"floor-title vtmn-typo_title-4 vtmn-y-0 gt-tablet:vtmn-mt-6 gt-tablet:vtmn-mb-6 title__position--center svelte-kmv775\" tabindex=\"0\" role=\"button\"><span id=\"floor-332b5210-8217-4e7e-845b-929af8b72525\" class=\"svelte-kmv775\" role=\"presentation\">Informations techniques de la Xiaomi 4 Pro Max FR<\/span><\/h3>\n<div class=\"floor-content svelte-kmv775\">\n<div class=\"collapse-wrapper svelte-1oe98l6 expandable expanded\">\n<div class=\"content\">\n<div class=\"tech-info vtmn-py-5 svelte-wahzr3\">\n<h3 class=\"vtmn-typo_title-5 vtmn-mt-0 svelte-wahzr3\">type d&rsquo;\u00e9clairage<\/h3>\n<p class=\"vtmn-m-0 vtmn-break-words\">avec \u00e9clairage<\/p>\n<\/div>\n<div class=\"tech-info vtmn-py-5 svelte-wahzr3\">\n<h3 class=\"vtmn-typo_title-5 vtmn-mt-0 svelte-wahzr3\">antivol<\/h3>\n<p class=\"vtmn-m-0 vtmn-break-words\">avec antivol<\/p>\n<\/div>\n<div class=\"tech-info vtmn-py-5 svelte-wahzr3\">\n<h3 class=\"vtmn-typo_title-5 vtmn-mt-0 svelte-wahzr3\">lieu de pratique<\/h3>\n<p class=\"vtmn-m-0 vtmn-break-words\">ext\u00e9rieur<\/p>\n<\/div>\n<div class=\"tech-info vtmn-py-5 svelte-wahzr3\">\n<h3 class=\"vtmn-typo_title-5 vtmn-mt-0 svelte-wahzr3\">b\u00e9quille<\/h3>\n<p class=\"vtmn-m-0 vtmn-break-words\">avec b\u00e9quille<\/p>\n<\/div>\n<div class=\"tech-info vtmn-py-5 svelte-wahzr3\">\n<h3 class=\"vtmn-typo_title-5 vtmn-mt-0 svelte-wahzr3\">p\u00e9riodicit\u00e9<\/h3>\n<p class=\"vtmn-m-0 vtmn-break-words\">tous les jours<\/p>\n<\/div>\n<div class=\"tech-info vtmn-py-5 svelte-wahzr3\">\n<h3 class=\"vtmn-typo_title-5 vtmn-mt-0 svelte-wahzr3\">niveau de pratique<\/h3>\n<p class=\"vtmn-m-0 vtmn-break-words\">tous niveaux<\/p>\n<\/div>\n<div class=\"tech-info vtmn-py-5 svelte-wahzr3\">\n<h3 class=\"vtmn-typo_title-5 vtmn-mt-0 svelte-wahzr3\">\u00e9tat<\/h3>\n<p class=\"vtmn-m-0 vtmn-break-words\">neuf<\/p>\n<\/div>\n<div class=\"tech-info vtmn-py-5 svelte-wahzr3\">\n<h3 class=\"vtmn-typo_title-5 vtmn-mt-0 svelte-wahzr3\">nombre de roue<\/h3>\n<p class=\"vtmn-m-0 vtmn-break-words\">2 roues<\/p>\n<\/div>\n<div class=\"tech-info vtmn-py-5 svelte-wahzr3\">\n<h3 class=\"vtmn-typo_title-5 vtmn-mt-0 svelte-wahzr3\">pliable<\/h3>\n<p class=\"vtmn-m-0 vtmn-break-words\">pliable<\/p>\n<\/div>\n<div class=\"tech-info vtmn-py-5 svelte-wahzr3\">\n<h3 class=\"vtmn-typo_title-5 vtmn-mt-0 svelte-wahzr3\">position frein<\/h3>\n<p class=\"vtmn-m-0 vtmn-break-words\">au guidon<\/p>\n<\/div>\n<\/div>\n<\/div>\n<\/div>\n<\/div>\n<\/div>","protected":false},"excerpt":{"rendered":"<p class=\"vtmn-text-base vtmn-mb-0 vtmn-mt-2\">Une exp\u00e9rience de conduite fluide gr\u00e2ce \u00e0 la suspension avant \u00e0 double cylindre.<\/p>","protected":false},"featured_media":12428,"comment_status":"open","ping_status":"closed","template":"","meta":{"inline_featured_image":false},"product_cat":[182],"product_tag":[],"class_list":{"0":"post-3099","1":"product","2":"type-product","3":"status-publish","4":"has-post-thumbnail","6":"product_cat-non-classe","8":"first","9":"instock","10":"sale","11":"taxable","12":"shipping-taxable","13":"purchasable","14":"product-type-simple"},"_links":{"self":[{"href":"https:\/\/mobilobike.com\/fr\/wp-json\/wp\/v2\/product\/3099","targetHints":{"allow":["GET"]}}],"collection":[{"href":"https:\/\/mobilobike.com\/fr\/wp-json\/wp\/v2\/product"}],"about":[{"href":"https:\/\/mobilobike.com\/fr\/wp-json\/wp\/v2\/types\/product"}],"replies":[{"embeddable":true,"href":"https:\/\/mobilobike.com\/fr\/wp-json\/wp\/v2\/comments?post=3099"}],"version-history":[{"count":1,"href":"https:\/\/mobilobike.com\/fr\/wp-json\/wp\/v2\/product\/3099\/revisions"}],"predecessor-version":[{"id":12429,"href":"https:\/\/mobilobike.com\/fr\/wp-json\/wp\/v2\/product\/3099\/revisions\/12429"}],"wp:featuredmedia":[{"embeddable":true,"href":"https:\/\/mobilobike.com\/fr\/wp-json\/wp\/v2\/media\/12428"}],"wp:attachment":[{"href":"https:\/\/mobilobike.com\/fr\/wp-json\/wp\/v2\/media?parent=3099"}],"wp:term":[{"taxonomy":"product_cat","embeddable":true,"href":"https:\/\/mobilobike.com\/fr\/wp-json\/wp\/v2\/product_cat?post=3099"},{"taxonomy":"product_tag","embeddable":true,"href":"https:\/\/mobilobike.com\/fr\/wp-json\/wp\/v2\/product_tag?post=3099"}],"curies":[{"name":"wp","href":"https:\/\/api.w.org\/{rel}","templated":true}]}}