{"id":3101,"date":"2025-02-09T18:38:26","date_gmt":"2025-02-09T18:38:26","guid":{"rendered":"https:\/\/mobilobike.com\/?post_type=product&#038;p=3101"},"modified":"2025-07-08T18:31:27","modified_gmt":"2025-07-08T18:31:27","slug":"evercross-ev10k-max","status":"publish","type":"product","link":"https:\/\/mobilobike.com\/fr\/produit\/evercross-ev10k-max\/","title":{"rendered":"EVERCROSS EV10K MAX"},"content":{"rendered":"<h2 class=\"floor-title vtmn-typo_title-4 vtmn-y-0 gt-tablet:vtmn-mt-6 gt-tablet:vtmn-mb-6 title__position--center svelte-kmv775\" tabindex=\"0\" role=\"button\"><span id=\"floor-f845d67c-fe1c-4efd-a703-1ff8e949f189\" class=\"svelte-kmv775\" role=\"presentation\">Description<\/span><\/h2>\n<div class=\"floor-content svelte-kmv775\">\n<div class=\"svelte-1uw9j0x\">\n<p><strong>D\u00c9MARRAGES NON Z\u00c9RO :<\/strong>\u00a0\u00c9quip\u00e9 d\u2019une fonction de d\u00e9marrage s\u00fbr non nul pour \u00e9viter les contacts accidentels. Une fois allum\u00e9, ce scooter \u00e9lectrique EV10K MAX doit parcourir au moins 5 km\/h (3 MPH) pour activer le moteur.<\/p>\n<p><strong>SCOOTER \u00c9LECTRIQUE AVEC HOMOLOGATION ROUTI\u00c8RE (ABE) :<\/strong>\u00a0Notre scooter \u00e9lectrique, \u00e9quip\u00e9 d&rsquo;un puissant moteur sans balais de 400 W et d&rsquo;une batterie 36 V 15,6 Ah de haute qualit\u00e9, a id\u00e9alement une autonomie maximale de 45 \u00e0 55 km et peut atteindre jusqu&rsquo;\u00e0 20 km\/h. (Les donn\u00e9es ci-dessus peuvent varier en fonction des conditions de conduite, du poids du cycliste, du climat et d&rsquo;un entretien appropri\u00e9.)<\/p>\n<p><strong>\u00c9cran LED et connexion \u00e0 l&rsquo;application :<\/strong>\u00a0avec l&rsquo;\u00e9cran LED et l&rsquo;application \u00ab EVERCROSS PRO \u00bb, vous pouvez suivre vos 3 vitesses (10\/15\/20 KM\/H), la distance et l&rsquo;autonomie de la batterie en temps r\u00e9el. L&rsquo;application vous permet \u00e9galement de verrouiller et d\u00e9verrouiller le scooter \u00e9lectrique.<\/p>\n<p><strong>DOUBLE SYST\u00c8ME DE FREINAGE :<\/strong>\u00a0Le scooter \u00e9lectrique dispose d&rsquo;un double syst\u00e8me de freinage, la poign\u00e9e de frein contr\u00f4le le frein E-ABS et le frein \u00e0 tambour. Gr\u00e2ce \u00e0 la fiabilit\u00e9 et \u00e0 la forte puissance de freinage des doubles freins, les cyclistes peuvent rouler \u00e0 des vitesses \u00e9lev\u00e9es en toute s\u00e9r\u00e9nit\u00e9.<\/p>\n<p><strong>PRATIQUE &amp; CONFORTABLE :<\/strong>\u00a0Avec des pneus de 10 pouces, une fourche avant et un amortisseur \u00e0 double ressort ainsi que des p\u00e9dales \u00e9largies de 170 mm, la trottinette \u00e9lectrique vous offre une conduite douce et confortable. Et le phare LED haute luminosit\u00e9 + le feu arri\u00e8re + les r\u00e9flecteurs lat\u00e9raux + le rappel du klaxon vous garantissent de rester visible lorsque vous conduisez la nuit.<\/p>\n<ul>\n<li>Mod\u00e8le : EV10KMAX ABE(18,2Ah)<\/li>\n<li>Couleur\uff1aGris Jaune<\/li>\n<li>Podis net: 20,5kg<\/li>\n<li>Batterie: 36V\/18,2Ah<\/li>\n<li>Moteur\uff1a400W<\/li>\n<li>Charge max : 150KG<\/li>\n<li>Dimension du produit : 123.4<em>45.6<\/em>122.7cm<\/li>\n<li>Pneu : 10 pouces<\/li>\n<li>Syst\u00e8me d\u2019amortissement: avant et arri\u00e8re<\/li>\n<li>Pente max par charge: 10\u00b0-15\u00b0<\/li>\n<li>L\u2019autonomie maximum: 44-45KM (pour l\u2019utilisateur 75kg)<\/li>\n<li>Vitesse max avec limite: 20KM\/H<\/li>\n<li>3 niveaux de vitesse: 10KM\/H; 15KM\/H; 20KM\/H<\/li>\n<\/ul>\n<p><strong>El\u00e9ments livr\u00e9s:<\/strong><\/p>\n<p>1x Trottinette \u00e9lectrique<\/p>\n<p>1x Adaptateur de charge<\/p>\n<p>1x Trousse \u00e0 outils<\/p>\n<p>1x Manuel d\u2019utilisation<\/p>\n<p>**ATTENTION:\u00a0**<\/p>\n<ul>\n<li>En cas de freinage brusque, vous risquez de vous blesser gravement en raison d&rsquo;une perte de traction et de chutes.<\/li>\n<li>Veuillez maintenir une vitesse appropriee et faire attention aux dangers potentiels<\/li>\n<\/ul>\n<h2 class=\"floor-title vtmn-typo_title-4 vtmn-y-0 gt-tablet:vtmn-mt-6 gt-tablet:vtmn-mb-6 title__position--center svelte-kmv775\" tabindex=\"0\" role=\"button\"><span id=\"floor-b1913ac9-c888-42e3-8bb4-54a0af33b14b\" class=\"svelte-kmv775\" role=\"presentation\">Informations techniques<\/span><\/h2>\n<div class=\"floor-content svelte-kmv775\">\n<div class=\"collapse-wrapper svelte-1oe98l6 expandable expanded\">\n<div class=\"content\">\n<div class=\"tech-info vtmn-py-5 svelte-wahzr3\">\n<h3 class=\"vtmn-typo_title-5 vtmn-mt-0 svelte-wahzr3\">antivol<\/h3>\n<p class=\"vtmn-m-0 vtmn-break-words\">avec antivol<\/p>\n<\/div>\n<div class=\"tech-info vtmn-py-5 svelte-wahzr3\">\n<h3 class=\"vtmn-typo_title-5 vtmn-mt-0 svelte-wahzr3\">suspension<\/h3>\n<p class=\"vtmn-m-0 vtmn-break-words\">tout suspendu<\/p>\n<\/div>\n<div class=\"tech-info vtmn-py-5 svelte-wahzr3\">\n<h3 class=\"vtmn-typo_title-5 vtmn-mt-0 svelte-wahzr3\">poids du sportif<\/h3>\n<p class=\"vtmn-m-0 vtmn-break-words\">poids &lt; 120 kg<\/p>\n<\/div>\n<div class=\"tech-info vtmn-py-5 svelte-wahzr3\">\n<h3 class=\"vtmn-typo_title-5 vtmn-mt-0 svelte-wahzr3\">vitesse maximum<\/h3>\n<p class=\"vtmn-m-0 vtmn-break-words\">20 km\/h<\/p>\n<\/div>\n<div class=\"tech-info vtmn-py-5 svelte-wahzr3\">\n<h3 class=\"vtmn-typo_title-5 vtmn-mt-0 svelte-wahzr3\">b\u00e9quille<\/h3>\n<p class=\"vtmn-m-0 vtmn-break-words\">avec b\u00e9quille<\/p>\n<\/div>\n<div class=\"tech-info vtmn-py-5 svelte-wahzr3\">\n<h3 class=\"vtmn-typo_title-5 vtmn-mt-0 svelte-wahzr3\">autonomie (en km)<\/h3>\n<p class=\"vtmn-m-0 vtmn-break-words\">jusqu&rsquo;\u00e0 55 km<\/p>\n<\/div>\n<div class=\"tech-info vtmn-py-5 svelte-wahzr3\">\n<h3 class=\"vtmn-typo_title-5 vtmn-mt-0 svelte-wahzr3\">connexion bluetooth<\/h3>\n<p class=\"vtmn-m-0 vtmn-break-words\">avec connexion bluetooth<\/p>\n<\/div>\n<div class=\"tech-info vtmn-py-5 svelte-wahzr3\">\n<h3 class=\"vtmn-typo_title-5 vtmn-mt-0 svelte-wahzr3\">poids (en kg)<\/h3>\n<p class=\"vtmn-m-0 vtmn-break-words\">20,5 kg<\/p>\n<\/div>\n<div class=\"tech-info vtmn-py-5 svelte-wahzr3\">\n<h3 class=\"vtmn-typo_title-5 vtmn-mt-0 svelte-wahzr3\">niveau de pratique<\/h3>\n<p class=\"vtmn-m-0 vtmn-break-words\">tous niveaux<\/p>\n<\/div>\n<div class=\"tech-info vtmn-py-5 svelte-wahzr3\">\n<h3 class=\"vtmn-typo_title-5 vtmn-mt-0 svelte-wahzr3\">puissance (en watts)<\/h3>\n<p class=\"vtmn-m-0 vtmn-break-words\">400 W<\/p>\n<\/div>\n<div class=\"tech-info vtmn-py-5 svelte-wahzr3\">\n<h3 class=\"vtmn-typo_title-5 vtmn-mt-0 svelte-wahzr3\">\u00e9tat<\/h3>\n<p class=\"vtmn-m-0 vtmn-break-words\">neuf<\/p>\n<\/div>\n<div class=\"tech-info vtmn-py-5 svelte-wahzr3\">\n<h3 class=\"vtmn-typo_title-5 vtmn-mt-0 svelte-wahzr3\">type de roues<\/h3>\n<p class=\"vtmn-m-0 vtmn-break-words\">roues pleines<\/p>\n<\/div>\n<div class=\"tech-info vtmn-py-5 svelte-wahzr3\">\n<h3 class=\"vtmn-typo_title-5 vtmn-mt-0 svelte-wahzr3\">nombre de roue<\/h3>\n<p class=\"vtmn-m-0 vtmn-break-words\">2 roues<\/p>\n<\/div>\n<div class=\"tech-info vtmn-py-5 svelte-wahzr3\">\n<h3 class=\"vtmn-typo_title-5 vtmn-mt-0 svelte-wahzr3\">pliable<\/h3>\n<p class=\"vtmn-m-0 vtmn-break-words\">pliable<\/p>\n<\/div>\n<\/div>\n<\/div>\n<\/div>\n<\/div>\n<\/div>","protected":false},"excerpt":{"rendered":"<p class=\"vtmn-text-base vtmn-mb-0 vtmn-mt-2\">EVERCROSS EV10KM E-Scooter avec homologation routi\u00e8re (ABE)<\/p>","protected":false},"featured_media":12430,"comment_status":"open","ping_status":"closed","template":"","meta":{"inline_featured_image":false},"product_cat":[178,176],"product_tag":[],"class_list":{"0":"post-3101","1":"product","2":"type-product","3":"status-publish","4":"has-post-thumbnail","6":"product_cat-pliable-trottinette-electrique","7":"product_cat-trottinette-electrique","9":"first","10":"instock","11":"taxable","12":"shipping-taxable","13":"purchasable","14":"product-type-simple"},"_links":{"self":[{"href":"https:\/\/mobilobike.com\/fr\/wp-json\/wp\/v2\/product\/3101","targetHints":{"allow":["GET"]}}],"collection":[{"href":"https:\/\/mobilobike.com\/fr\/wp-json\/wp\/v2\/product"}],"about":[{"href":"https:\/\/mobilobike.com\/fr\/wp-json\/wp\/v2\/types\/product"}],"replies":[{"embeddable":true,"href":"https:\/\/mobilobike.com\/fr\/wp-json\/wp\/v2\/comments?post=3101"}],"version-history":[{"count":1,"href":"https:\/\/mobilobike.com\/fr\/wp-json\/wp\/v2\/product\/3101\/revisions"}],"predecessor-version":[{"id":12431,"href":"https:\/\/mobilobike.com\/fr\/wp-json\/wp\/v2\/product\/3101\/revisions\/12431"}],"wp:featuredmedia":[{"embeddable":true,"href":"https:\/\/mobilobike.com\/fr\/wp-json\/wp\/v2\/media\/12430"}],"wp:attachment":[{"href":"https:\/\/mobilobike.com\/fr\/wp-json\/wp\/v2\/media?parent=3101"}],"wp:term":[{"taxonomy":"product_cat","embeddable":true,"href":"https:\/\/mobilobike.com\/fr\/wp-json\/wp\/v2\/product_cat?post=3101"},{"taxonomy":"product_tag","embeddable":true,"href":"https:\/\/mobilobike.com\/fr\/wp-json\/wp\/v2\/product_tag?post=3101"}],"curies":[{"name":"wp","href":"https:\/\/api.w.org\/{rel}","templated":true}]}}