{"id":3103,"date":"2025-02-11T08:14:25","date_gmt":"2025-02-11T08:14:25","guid":{"rendered":"https:\/\/mobilobike.com\/?post_type=product&#038;p=3103"},"modified":"2025-07-08T18:31:27","modified_gmt":"2025-07-08T18:31:27","slug":"compact-isy-s8-f","status":"publish","type":"product","link":"https:\/\/mobilobike.com\/fr\/produit\/compact-isy-s8-f\/","title":{"rendered":"compact I:SY S8 F"},"content":{"rendered":"<h2 class=\"hover:duration-80 duration-800 mb-2 mt-6 w-fit cursor-pointer text-lg underline decoration-textOff\/25 decoration-1 underline-offset-[5px] hover:text-super hover:decoration-super\/80 hover:underline-offset-[7px] dark:decoration-textOffDark\/30 dark:hover:text-superDark dark:hover:decoration-superDark\/80 transition-all first:mt-3 motion-reduce:transition-none\" data-state=\"closed\">Le V\u00e9lo \u00e9lectrique compact I:SY S8 F<\/h2>\n<p><span class=\"hover:duration-80 duration-800 cursor-pointer underline decoration-textOff\/25 decoration-1 underline-offset-[4px] hover:text-super hover:decoration-super\/80 hover:underline-offset-[6px] dark:decoration-textOffDark\/30 dark:hover:text-superDark dark:hover:decoration-superDark\/80 transition-all first:mt-3 motion-reduce:transition-none\" data-state=\"closed\"><strong>D\u00e9couvrez le v\u00e9lo \u00e9lectrique compact I:SY S8 F : l\u2019alliance parfaite entre performance, praticit\u00e9 et design.<\/strong><\/span><span class=\"\">\u00a0Ce mod\u00e8le innovant, con\u00e7u pour les amoureux de la mobilit\u00e9 urbaine et des escapades en plein air, est bien plus qu\u2019un simple v\u00e9lo \u00e9lectrique. Avec son format compact, ses technologies avanc\u00e9es et son confort in\u00e9gal\u00e9, il r\u00e9pond aux besoins des citadins exigeants et des passionn\u00e9s de v\u00e9los \u00e9lectriques.<\/span><\/p>\n<h2 class=\"hover:duration-80 duration-800 mb-2 mt-6 w-fit cursor-pointer text-lg underline decoration-textOff\/25 decoration-1 underline-offset-[5px] hover:text-super hover:decoration-super\/80 hover:underline-offset-[7px] dark:decoration-textOffDark\/30 dark:hover:text-superDark dark:hover:decoration-superDark\/80 transition-all first:mt-3 motion-reduce:transition-none\" data-state=\"closed\"><strong>Un concentr\u00e9 de technologie pour une conduite optimale<\/strong><\/h2>\n<p><span class=\"\">Le v\u00e9lo \u00e9lectrique I:SY S8 F est \u00e9quip\u00e9 d\u2019un moteur\u00a0<\/span><span class=\"\"><strong>Bosch Active Plus<\/strong><\/span><span class=\"\">\u00a0offrant un couple de 50 Nm, id\u00e9al pour des d\u00e9marrages rapides et des mont\u00e9es sans effort. Associ\u00e9 \u00e0 une batterie performante de\u00a0<\/span><span class=\"\"><strong>400 Wh ou 500 Wh<\/strong><\/span><span class=\"\">, il garantit une autonomie confortable pour vos trajets quotidiens ou vos balades prolong\u00e9es. Gr\u00e2ce \u00e0 la console\u00a0<\/span><span class=\"\"><strong>Bosch Purion<\/strong><\/span><span class=\"\">, vous g\u00e9rez facilement l\u2019assistance \u00e9lectrique et acc\u00e9dez \u00e0 toutes les informations essentielles (vitesse, autonomie restante, etc.) <\/span><span class=\"\"><span class=\"whitespace-nowrap\">. <\/span><\/span><span class=\"\">La transmission int\u00e9gr\u00e9e dans le moyeu avec le syst\u00e8me\u00a0<\/span><span class=\"\"><strong>Shimano Nexus 8 vitesses<\/strong><\/span><span class=\"\">\u00a0assure une fluidit\u00e9 exceptionnelle lors des changements de vitesse, tout en n\u00e9cessitant peu d\u2019entretien. De plus, les freins \u00e0 disque hydrauliques garantissent un freinage puissant et s\u00e9curis\u00e9 dans toutes les conditions<\/span><span class=\"\"><span class=\"whitespace-nowrap\">.<\/span><\/span><\/p>\n<h2 class=\"hover:duration-80 duration-800 mb-2 mt-6 w-fit cursor-pointer text-lg underline decoration-textOff\/25 decoration-1 underline-offset-[5px] hover:text-super hover:decoration-super\/80 hover:underline-offset-[7px] dark:decoration-textOffDark\/30 dark:hover:text-superDark dark:hover:decoration-superDark\/80 transition-all first:mt-3 motion-reduce:transition-none\" data-state=\"closed\"><strong>Un design compact et pratique<\/strong><\/h2>\n<p><span class=\"\">Avec ses roues de 20 pouces, le I:SY S8 F se distingue par sa\u00a0<\/span><span class=\"\"><strong>compacit\u00e9<\/strong><\/span><span class=\"\">\u00a0sans compromettre la stabilit\u00e9 ni la rigidit\u00e9. Ce v\u00e9lo est con\u00e7u pour s\u2019adapter aux espaces restreints : il se range facilement dans un appartement, un camping-car ou m\u00eame dans un coffre de voiture. Id\u00e9al pour les citadins ou les voyageurs en qu\u00eate de praticit\u00e9, il combine un format r\u00e9duit avec une capacit\u00e9 de charge impressionnante allant jusqu\u2019\u00e0\u00a0<\/span><span class=\"\"><strong>140 kg<\/strong><\/span><span class=\"\"><span class=\"whitespace-nowrap\">. <\/span><\/span><span class=\"\">Sa conception ergonomique offre une position de conduite confortable, m\u00eame sur de longues distances. La potence r\u00e9glable et la selle ajustable permettent d\u2019adapter le v\u00e9lo \u00e0 votre morphologie pour une exp\u00e9rience personnalis\u00e9e<\/span><span class=\"\"><span class=\"whitespace-nowrap\">.<\/span><\/span><\/p>\n<h2 class=\"hover:duration-80 duration-800 mb-2 mt-6 w-fit cursor-pointer text-lg underline decoration-textOff\/25 decoration-1 underline-offset-[5px] hover:text-super hover:decoration-super\/80 hover:underline-offset-[7px] dark:decoration-textOffDark\/30 dark:hover:text-superDark dark:hover:decoration-superDark\/80 transition-all first:mt-3 motion-reduce:transition-none\" data-state=\"closed\"><strong>Pourquoi choisir le I:SY S8 F ?<\/strong><\/h2>\n<h2 class=\"hover:duration-80 duration-800 mb-2 mt-6 w-fit cursor-pointer text-lg underline decoration-textOff\/25 decoration-1 underline-offset-[5px] hover:text-super hover:decoration-super\/80 hover:underline-offset-[7px] dark:decoration-textOffDark\/30 dark:hover:text-superDark dark:hover:decoration-superDark\/80 transition-all first:mt-3 motion-reduce:transition-none\" data-state=\"closed\"><strong>1. Une maniabilit\u00e9 exceptionnelle<\/strong><\/h2>\n<p><span class=\"\">Gr\u00e2ce \u00e0 son centre de gravit\u00e9 abaiss\u00e9 et sa r\u00e9partition optimale des masses, ce v\u00e9lo offre une maniabilit\u00e9 remarquable. Il se faufile ais\u00e9ment dans les rues anim\u00e9es ou les chemins \u00e9troits tout en restant stable et agr\u00e9able \u00e0 conduire<\/span><span class=\"\"><span class=\"whitespace-nowrap\">.<\/span><\/span><\/p>\n<h2 class=\"hover:duration-80 duration-800 mb-2 mt-6 w-fit cursor-pointer text-lg underline decoration-textOff\/25 decoration-1 underline-offset-[5px] hover:text-super hover:decoration-super\/80 hover:underline-offset-[7px] dark:decoration-textOffDark\/30 dark:hover:text-superDark dark:hover:decoration-superDark\/80 transition-all first:mt-3 motion-reduce:transition-none\" data-state=\"closed\"><strong>2. Un mode de vie actif et \u00e9cologique<\/strong><\/h2>\n<p><span class=\"\">En optant pour le I:SY S8 F, vous adoptez un moyen de transport respectueux de l\u2019environnement. Ce v\u00e9lo \u00e9lectrique r\u00e9duit votre empreinte carbone tout en favorisant un mode de vie actif et sain<\/span><span class=\"\"><span class=\"whitespace-nowrap\">.<\/span><\/span><\/p>\n<h2 class=\"hover:duration-80 duration-800 mb-2 mt-6 w-fit cursor-pointer text-lg underline decoration-textOff\/25 decoration-1 underline-offset-[5px] hover:text-super hover:decoration-super\/80 hover:underline-offset-[7px] dark:decoration-textOffDark\/30 dark:hover:text-superDark dark:hover:decoration-superDark\/80 transition-all first:mt-3 motion-reduce:transition-none\" data-state=\"closed\"><strong>3. Une polyvalence \u00e0 toute \u00e9preuve<\/strong><\/h2>\n<p><span class=\"\">Que ce soit pour vos trajets domicile-travail, vos courses en ville ou vos escapades du week-end, ce mod\u00e8le compact s\u2019adapte \u00e0 toutes vos envies. Ajoutez-y des accessoires comme un porte-bagages avant ou un cadenas int\u00e9gr\u00e9 pour encore plus de praticit\u00e9<\/span><span class=\"\"><span class=\"whitespace-nowrap\">.<\/span><\/span><\/p>\n<p>&nbsp;<\/p>\n<h2>\u00a0Sp\u00e9cifications<\/h2>\n<div class=\"tab-content\">\n<div id=\"tp-product-specification-tab\" class=\"tab-pane fade active show\" role=\"tabpanel\">\n<section id=\"product_full_spec\" class=\"container border-0\">\n<div class=\"row pt-2 pb-4 m-0\">\n<div id=\"product_specifications\" class=\"col-12 col-lg-8 offset-lg-2\">\n<table class=\"table mb-0 border\">\n<tbody>\n<tr class=\"shadow-sm text-bg-light\">\n<th class=\"text-start\" colspan=\"2\">G\u00e9n\u00e9ral<\/th>\n<\/tr>\n<tr>\n<td>Marque<\/td>\n<td>i:SY<\/td>\n<\/tr>\n<tr>\n<td>Ann\u00e9e Mod\u00e8le<\/td>\n<td>2022<\/td>\n<\/tr>\n<tr>\n<td>Type d&rsquo;utilisation<\/td>\n<td>Compact &amp; Pliant<\/td>\n<\/tr>\n<tr class=\"shadow-sm text-bg-light\">\n<th class=\"text-start\" colspan=\"2\">Partie Electrique<\/th>\n<\/tr>\n<tr>\n<td>Capacit\u00e9 batterie<\/td>\n<td>400 Wh\u00a0or\u00a0500 Wh<\/td>\n<\/tr>\n<tr>\n<td>Moteur<\/td>\n<td>Bosch Active Plus 50Nm<\/td>\n<\/tr>\n<tr>\n<td>Console<\/td>\n<td>Bosch Purion<\/td>\n<\/tr>\n<tr>\n<td>Norme CE<\/td>\n<td>V.A.E 25km\/h &#8211; 250W &#8211; EN 15194<\/td>\n<\/tr>\n<tr class=\"shadow-sm text-bg-light\">\n<th class=\"text-start\" colspan=\"2\">Transmission<\/th>\n<\/tr>\n<tr>\n<td>Type de transmission<\/td>\n<td>Int\u00e9gr\u00e9e dans le moyeu<\/td>\n<\/tr>\n<tr>\n<td>Transmission<\/td>\n<td>Shimano nexus 8 vitesses<\/td>\n<\/tr>\n<tr class=\"shadow-sm text-bg-light\">\n<th class=\"text-start\" colspan=\"2\">Freinage<\/th>\n<\/tr>\n<tr>\n<td>Type de freinage<\/td>\n<td>A disque hydraulique<\/td>\n<\/tr>\n<tr class=\"shadow-sm text-bg-light\">\n<th class=\"text-start\" colspan=\"2\">Uncategorized<\/th>\n<\/tr>\n<tr>\n<td>Couleur<\/td>\n<td>Noir\u00a0or\u00a0Rouge\u00a0or\u00a0Vert<\/td>\n<\/tr>\n<\/tbody>\n<\/table>\n<\/div>\n<\/div>\n<\/section>\n<\/div>\n<\/div>","protected":false},"excerpt":{"rendered":"<p><span class=\"hover:duration-80 duration-800 cursor-pointer underline decoration-textOff\/25 decoration-1 underline-offset-[4px] hover:text-super hover:decoration-super\/80 hover:underline-offset-[6px] dark:decoration-textOffDark\/30 dark:hover:text-superDark dark:hover:decoration-superDark\/80 transition-all first:mt-3 motion-reduce:transition-none\" data-state=\"closed\"><strong>Le v\u00e9lo \u00e9lectrique compact I:SY S8 F est l\u2019alliance parfaite entre performance, praticit\u00e9 et design.<\/strong><\/span><span class=\"\"> Ce mod\u00e8le innovant, con\u00e7u pour les amoureux de la mobilit\u00e9 urbaine et des escapades en plein air, est bien plus qu\u2019un simple v\u00e9lo \u00e9lectrique.\u00a0<\/span><\/p>","protected":false},"featured_media":12432,"comment_status":"open","ping_status":"closed","template":"","meta":{"inline_featured_image":false},"product_cat":[174,173],"product_tag":[],"class_list":{"0":"post-3103","1":"product","2":"type-product","3":"status-publish","4":"has-post-thumbnail","6":"product_cat-non-pliable","7":"product_cat-velo-electrique","9":"first","10":"instock","11":"taxable","12":"shipping-taxable","13":"purchasable","14":"product-type-simple"},"_links":{"self":[{"href":"https:\/\/mobilobike.com\/fr\/wp-json\/wp\/v2\/product\/3103","targetHints":{"allow":["GET"]}}],"collection":[{"href":"https:\/\/mobilobike.com\/fr\/wp-json\/wp\/v2\/product"}],"about":[{"href":"https:\/\/mobilobike.com\/fr\/wp-json\/wp\/v2\/types\/product"}],"replies":[{"embeddable":true,"href":"https:\/\/mobilobike.com\/fr\/wp-json\/wp\/v2\/comments?post=3103"}],"version-history":[{"count":1,"href":"https:\/\/mobilobike.com\/fr\/wp-json\/wp\/v2\/product\/3103\/revisions"}],"predecessor-version":[{"id":12433,"href":"https:\/\/mobilobike.com\/fr\/wp-json\/wp\/v2\/product\/3103\/revisions\/12433"}],"wp:featuredmedia":[{"embeddable":true,"href":"https:\/\/mobilobike.com\/fr\/wp-json\/wp\/v2\/media\/12432"}],"wp:attachment":[{"href":"https:\/\/mobilobike.com\/fr\/wp-json\/wp\/v2\/media?parent=3103"}],"wp:term":[{"taxonomy":"product_cat","embeddable":true,"href":"https:\/\/mobilobike.com\/fr\/wp-json\/wp\/v2\/product_cat?post=3103"},{"taxonomy":"product_tag","embeddable":true,"href":"https:\/\/mobilobike.com\/fr\/wp-json\/wp\/v2\/product_tag?post=3103"}],"curies":[{"name":"wp","href":"https:\/\/api.w.org\/{rel}","templated":true}]}}