{"id":3105,"date":"2025-02-11T23:10:35","date_gmt":"2025-02-11T23:10:35","guid":{"rendered":"https:\/\/mobilobike.com\/?post_type=product&#038;p=3105"},"modified":"2025-07-08T18:31:30","modified_gmt":"2025-07-08T18:31:30","slug":"cityline-s100i","status":"publish","type":"product","link":"https:\/\/mobilobike.com\/fr\/produit\/cityline-s100i\/","title":{"rendered":"Cityline S100i"},"content":{"rendered":"<h2><span id=\"floor-998165e9-4dc4-4381-acf1-0c113851ca5e\" class=\"svelte-kmv775\" role=\"presentation\">Description de Cityline S100i<\/span><\/h2>\n<div class=\"floor-content svelte-kmv775\">\n<div class=\"svelte-1uw9j0x\">\n<p>Vous recherchez un moyen de transport pratique et agr\u00e9able ? D\u00e9couvrez le E-Step VirtuFit Cityline S100i\u00a0! Ce scooter \u00e9lectrique est le partenaire id\u00e9al pour des balades rapides et amusantes en ville. Gr\u00e2ce \u00e0 ses puissantes performances et sa portabilit\u00e9, le VirtuFit E-Step offre un moyen simple de vous transporter d&rsquo;un point A \u00e0 un point B.<\/p>\n<p><strong>Caract\u00e9ristiques:<\/strong><br \/>\n\u2022 Vitesse jusqu&rsquo;\u00e0 31 km\/h<br \/>\n\u2022 Pneus en caoutchouc plein de 8,5\u00a0pouces<br \/>\n\u2022 Poids maximum chargeable\u00a0: 120\u00a0kg<br \/>\n\u2022 Port\u00e9e de 10 \u00e0 12 kilom\u00e8tres<br \/>\n\u2022 Puissance du moteur\u00a0: 250\u00a0W<br \/>\n\u2022 R\u00e9gulateur de vitesse<br \/>\n\u2022 Compatibilit\u00e9 des applications<\/p>\n<p><strong>Confort et rapidit\u00e9<\/strong><br \/>\nFaites l&rsquo;exp\u00e9rience d&rsquo;une conduite confortable \u00e0 des vitesses allant jusqu&rsquo;\u00e0 31 km\/h gr\u00e2ce au puissant moteur \u00e9lectrique sans balais de 250 W du scooter \u00e9lectrique VirtuFit Cityline S100i. Cette moto vous permet de naviguer en douceur dans la circulation. Les pneus anti-crevaison en caoutchouc plein de 8,5 pouces offrent une conduite stable et douce m\u00eame sur des surfaces in\u00e9gales, ce qui rend le scooter id\u00e9al pour une vari\u00e9t\u00e9 d&rsquo;activit\u00e9s quotidiennes telles que le travail, le shopping ou l&rsquo;exploration de la ville.<\/p>\n<p><strong>3 modes de conduite diff\u00e9rents<\/strong><br \/>\n\u2022 Le mode ECO a une vitesse maximale de 10 km\/h<br \/>\n\u2022 Le mode CONFORT a une vitesse maximale de 20 km\/h<br \/>\n\u2022 Le mode SPORT a une vitesse maximale de 31 km\/h<\/p>\n<p><strong>Conception durable et s\u00e9curit\u00e9<\/strong><br \/>\nLe VirtuFit Cityline S100i E-Step excelle en mati\u00e8re de s\u00e9curit\u00e9 gr\u00e2ce \u00e0 son E-ABS avant avanc\u00e9 et \u00e0 son frein \u00e0 disque arri\u00e8re, qui, ensemble, fournissent une puissance de freinage fiable. Le cadre en aluminium robuste est non seulement l\u00e9ger mais aussi durable, avec une capacit\u00e9 de charge allant jusqu&rsquo;\u00e0 120 kg. Pesant seulement 12 kg, la trottinette \u00e9lectrique est facile \u00e0 transporter, ce qui la rend parfaite pour voyager en train ou en bus par exemple.<\/p>\n<p><strong>Efficacit\u00e9 et dur\u00e9e de vie de la batterie<\/strong><br \/>\nFaites de longs trajets avec une autonomie de 10 \u00e0 12 km par charge compl\u00e8te de la batterie. Le scooter \u00e9lectrique est compl\u00e8tement charg\u00e9 en seulement 2 \u00e0 3 heures, vous pouvez donc reprendre la route rapidement. Le scooter \u00e9lectrique VirtuFit Cityline S100i est un moyen de transport efficace et agr\u00e9able, id\u00e9al \u00e0 la fois pour les d\u00e9placements domicile-travail et les d\u00e9placements relaxants en ville. Pr\u00e9parez-vous \u00e0 un plaisir et un confort illimit\u00e9s avec ce scooter \u00e9lectrique \u00e9l\u00e9gant et puissant.<\/p>\n<p><strong>Compatibilit\u00e9 des applications<\/strong><br \/>\nContr\u00f4lez facilement votre trottinette \u00e9lectrique via l&rsquo;application, qui vous permet non seulement de g\u00e9rer des fonctions telles que le verrouillage et le r\u00e9glage du r\u00e9gulateur de vitesse, mais \u00e9galement de visualiser l&#8217;emplacement de la trottinette \u00e9lectrique dans l&rsquo;application et d&rsquo;allumer et d&rsquo;\u00e9teindre facilement l&rsquo;\u00e9clairage LED !<\/p>\n<p><strong>Lois et r\u00e9glementations locales<\/strong><br \/>\nTenez toujours compte des r\u00e9glementations locales. L&rsquo;utilisation de scooters \u00e9lectriques sur la voie publique est interdite dans certains pays. Il est de la responsabilit\u00e9 de l&rsquo;utilisateur de se conformer aux lois et r\u00e9glementations locales. L&rsquo;utilisation du scooter \u00e9lectrique sur la voie publique est enti\u00e8rement \u00e0 vos propres risques.<\/p>\n<p><strong>VirtuFit<\/strong><br \/>\nLa marque n\u00e9erlandaise VirtuFit garantit une excellente qualit\u00e9. Les articles sont fabriqu\u00e9s \u00e0 partir de mat\u00e9riaux de qualit\u00e9 et une grande attention a \u00e9t\u00e9 accord\u00e9e au confort d&rsquo;utilisation, au design et aux fonctionnalit\u00e9s \u00e9tendues.<\/p>\n<\/div>\n<\/div>","protected":false},"excerpt":{"rendered":"<p class=\"vtmn-text-base vtmn-mb-0 vtmn-mt-2\">Un gagnant dans sa gamme de prix et le partenaire id\u00e9al pour des balades rapides et amusantes \u00e0 travers la ville. Dispose d&rsquo;un moteur de 250 W et de pneus pneumatiques de 8,5 pouces.<\/p>","protected":false},"featured_media":12434,"comment_status":"open","ping_status":"closed","template":"","meta":{"inline_featured_image":false},"product_cat":[178,176],"product_tag":[],"class_list":{"0":"post-3105","1":"product","2":"type-product","3":"status-publish","4":"has-post-thumbnail","6":"product_cat-pliable-trottinette-electrique","7":"product_cat-trottinette-electrique","9":"first","10":"instock","11":"taxable","12":"shipping-taxable","13":"purchasable","14":"product-type-simple"},"_links":{"self":[{"href":"https:\/\/mobilobike.com\/fr\/wp-json\/wp\/v2\/product\/3105","targetHints":{"allow":["GET"]}}],"collection":[{"href":"https:\/\/mobilobike.com\/fr\/wp-json\/wp\/v2\/product"}],"about":[{"href":"https:\/\/mobilobike.com\/fr\/wp-json\/wp\/v2\/types\/product"}],"replies":[{"embeddable":true,"href":"https:\/\/mobilobike.com\/fr\/wp-json\/wp\/v2\/comments?post=3105"}],"version-history":[{"count":1,"href":"https:\/\/mobilobike.com\/fr\/wp-json\/wp\/v2\/product\/3105\/revisions"}],"predecessor-version":[{"id":12435,"href":"https:\/\/mobilobike.com\/fr\/wp-json\/wp\/v2\/product\/3105\/revisions\/12435"}],"wp:featuredmedia":[{"embeddable":true,"href":"https:\/\/mobilobike.com\/fr\/wp-json\/wp\/v2\/media\/12434"}],"wp:attachment":[{"href":"https:\/\/mobilobike.com\/fr\/wp-json\/wp\/v2\/media?parent=3105"}],"wp:term":[{"taxonomy":"product_cat","embeddable":true,"href":"https:\/\/mobilobike.com\/fr\/wp-json\/wp\/v2\/product_cat?post=3105"},{"taxonomy":"product_tag","embeddable":true,"href":"https:\/\/mobilobike.com\/fr\/wp-json\/wp\/v2\/product_tag?post=3105"}],"curies":[{"name":"wp","href":"https:\/\/api.w.org\/{rel}","templated":true}]}}