{"id":3150,"date":"2025-02-12T00:36:18","date_gmt":"2025-02-12T00:36:18","guid":{"rendered":"https:\/\/mobilobike.com\/?post_type=product&#038;p=3150"},"modified":"2025-08-15T14:34:13","modified_gmt":"2025-08-15T14:34:13","slug":"cecotec-bongo-serie-d30","status":"publish","type":"product","link":"https:\/\/mobilobike.com\/fr\/produit\/cecotec-bongo-serie-d30\/","title":{"rendered":"Cecotec Bongo Serie D30"},"content":{"rendered":"<h2 class=\"floor-title vtmn-typo_title-4 vtmn-y-0 gt-tablet:vtmn-mt-6 gt-tablet:vtmn-mb-6 title__position--center svelte-kmv775\" tabindex=\"0\" role=\"button\"><span id=\"floor-7264147f-4c25-4d2f-b988-41938afe9681\" class=\"svelte-kmv775\" role=\"presentation\">Description<\/span><\/h2>\n<div class=\"floor-content svelte-kmv775\">\n<div class=\"svelte-1uw9j0x\">\n<p>Si vous \u00eates passionn\u00e9 d&rsquo;informatique et d&rsquo;\u00e9lectronique, si vous \u00eates \u00e0 la pointe de la technologie et qu&rsquo;aucun d\u00e9tail ne vous \u00e9chappe, achetez Trottinette \u00c9lectrique Cecotec Bongo Serie D30 500 W 650 W au meilleur prix. Type: Trottinette \u00c9lectriqueProduit \u00e0 brancher: OuiType de prise: Prise EUpuissance: 500 W650 WCapacit\u00e9 de la batterie: 7500 mAhTaille: 8,5&Prime;Inclut: Manuel d\u2019utilisationChargeur de batterieAutonomie approx.: 30 kmR\u00e9glementation ou l\u00e9gislation applicable: R\u00e9pond \u00e0 toutes les exigences de la nouvelle r\u00e9glementation espagnole sur la circulation (DGT-VMP)<\/p>\n<\/div>\n<\/div>","protected":false},"excerpt":{"rendered":"<p class=\"vtmn-text-base vtmn-mb-0 vtmn-mt-2\">Trottinette \u00c9lectrique Cecotec Bongo Serie D30 500 W 650 W<\/p>","protected":false},"featured_media":12441,"comment_status":"open","ping_status":"closed","template":"","meta":{"inline_featured_image":false},"product_cat":[178,176],"product_tag":[],"class_list":{"0":"post-3150","1":"product","2":"type-product","3":"status-publish","4":"has-post-thumbnail","6":"product_cat-pliable-trottinette-electrique","7":"product_cat-trottinette-electrique","9":"first","10":"instock","11":"taxable","12":"shipping-taxable","13":"purchasable","14":"product-type-simple"},"_links":{"self":[{"href":"https:\/\/mobilobike.com\/fr\/wp-json\/wp\/v2\/product\/3150","targetHints":{"allow":["GET"]}}],"collection":[{"href":"https:\/\/mobilobike.com\/fr\/wp-json\/wp\/v2\/product"}],"about":[{"href":"https:\/\/mobilobike.com\/fr\/wp-json\/wp\/v2\/types\/product"}],"replies":[{"embeddable":true,"href":"https:\/\/mobilobike.com\/fr\/wp-json\/wp\/v2\/comments?post=3150"}],"version-history":[{"count":1,"href":"https:\/\/mobilobike.com\/fr\/wp-json\/wp\/v2\/product\/3150\/revisions"}],"predecessor-version":[{"id":12442,"href":"https:\/\/mobilobike.com\/fr\/wp-json\/wp\/v2\/product\/3150\/revisions\/12442"}],"wp:featuredmedia":[{"embeddable":true,"href":"https:\/\/mobilobike.com\/fr\/wp-json\/wp\/v2\/media\/12441"}],"wp:attachment":[{"href":"https:\/\/mobilobike.com\/fr\/wp-json\/wp\/v2\/media?parent=3150"}],"wp:term":[{"taxonomy":"product_cat","embeddable":true,"href":"https:\/\/mobilobike.com\/fr\/wp-json\/wp\/v2\/product_cat?post=3150"},{"taxonomy":"product_tag","embeddable":true,"href":"https:\/\/mobilobike.com\/fr\/wp-json\/wp\/v2\/product_tag?post=3150"}],"curies":[{"name":"wp","href":"https:\/\/api.w.org\/{rel}","templated":true}]}}