{"id":3152,"date":"2025-02-12T00:47:46","date_gmt":"2025-02-12T00:47:46","guid":{"rendered":"https:\/\/mobilobike.com\/?post_type=product&#038;p=3152"},"modified":"2025-07-08T18:31:32","modified_gmt":"2025-07-08T18:31:32","slug":"voltaik-srg250-nr","status":"publish","type":"product","link":"https:\/\/mobilobike.com\/fr\/produit\/voltaik-srg250-nr\/","title":{"rendered":"Voltaik Srg250 Nr"},"content":{"rendered":"<h2 class=\"floor-title vtmn-typo_title-4 vtmn-y-0 gt-tablet:vtmn-mt-6 gt-tablet:vtmn-mb-6 title__position--center svelte-kmv775\" tabindex=\"0\" role=\"button\"><span id=\"floor-4ed5e98c-b805-4741-91fb-5ae260ffebf3\" class=\"svelte-kmv775\" role=\"presentation\">Description du Voltaik Srg250 Nr<\/span><\/h2>\n<div class=\"floor-content svelte-kmv775\">\n<div class=\"svelte-1uw9j0x\">\n<p>Glissez en toute l\u00e9g\u00e8ret\u00e9 avec la <a href=\"https:\/\/mobile-bike.com\/trottinette-electrique\/\">Trottinette<\/a> \u00c9lectrique Voltaik Srg250 Nr, un mod\u00e8le compact et performant. Id\u00e9ale pour les d\u00e9placements quotidiens, cette trottinette allie style et praticit\u00e9.<\/p>\n<\/div>\n<\/div>","protected":false},"excerpt":{"rendered":"<p class=\"vtmn-text-base vtmn-mb-0 vtmn-mt-2\">Vivez une nouvelle exp\u00e9rience de mobilit\u00e9 urbaine avec nos trottinettes \u00e9lectriques modernes et puissantes.<\/p>","protected":false},"featured_media":12443,"comment_status":"open","ping_status":"closed","template":"","meta":{"inline_featured_image":false},"product_cat":[178,176],"product_tag":[],"class_list":{"0":"post-3152","1":"product","2":"type-product","3":"status-publish","4":"has-post-thumbnail","6":"product_cat-pliable-trottinette-electrique","7":"product_cat-trottinette-electrique","9":"first","10":"instock","11":"sale","12":"taxable","13":"shipping-taxable","14":"purchasable","15":"product-type-simple"},"_links":{"self":[{"href":"https:\/\/mobilobike.com\/fr\/wp-json\/wp\/v2\/product\/3152","targetHints":{"allow":["GET"]}}],"collection":[{"href":"https:\/\/mobilobike.com\/fr\/wp-json\/wp\/v2\/product"}],"about":[{"href":"https:\/\/mobilobike.com\/fr\/wp-json\/wp\/v2\/types\/product"}],"replies":[{"embeddable":true,"href":"https:\/\/mobilobike.com\/fr\/wp-json\/wp\/v2\/comments?post=3152"}],"version-history":[{"count":1,"href":"https:\/\/mobilobike.com\/fr\/wp-json\/wp\/v2\/product\/3152\/revisions"}],"predecessor-version":[{"id":12444,"href":"https:\/\/mobilobike.com\/fr\/wp-json\/wp\/v2\/product\/3152\/revisions\/12444"}],"wp:featuredmedia":[{"embeddable":true,"href":"https:\/\/mobilobike.com\/fr\/wp-json\/wp\/v2\/media\/12443"}],"wp:attachment":[{"href":"https:\/\/mobilobike.com\/fr\/wp-json\/wp\/v2\/media?parent=3152"}],"wp:term":[{"taxonomy":"product_cat","embeddable":true,"href":"https:\/\/mobilobike.com\/fr\/wp-json\/wp\/v2\/product_cat?post=3152"},{"taxonomy":"product_tag","embeddable":true,"href":"https:\/\/mobilobike.com\/fr\/wp-json\/wp\/v2\/product_tag?post=3152"}],"curies":[{"name":"wp","href":"https:\/\/api.w.org\/{rel}","templated":true}]}}