{"id":3154,"date":"2025-02-12T00:57:34","date_gmt":"2025-02-12T00:57:34","guid":{"rendered":"https:\/\/mobilobike.com\/?post_type=product&#038;p=3154"},"modified":"2025-07-08T18:31:32","modified_gmt":"2025-07-08T18:31:32","slug":"jeep-urban-camou","status":"publish","type":"product","link":"https:\/\/mobilobike.com\/fr\/produit\/jeep-urban-camou\/","title":{"rendered":"JEEP URBAN CAMOU"},"content":{"rendered":"<h2 class=\"floor-title vtmn-typo_title-4 vtmn-y-0 gt-tablet:vtmn-mt-6 gt-tablet:vtmn-mb-6 title__position--center svelte-kmv775\" tabindex=\"0\" role=\"button\"><span id=\"floor-248a3809-776d-48b3-90c4-61cbbad45b08\" class=\"svelte-kmv775\" role=\"presentation\">Description du JEEP URBAN CAMOU<\/span><\/h2>\n<div class=\"floor-content svelte-kmv775\">\n<div class=\"svelte-1uw9j0x\">\n<p>Jeep vous pr\u00e9sente son mod\u00e8le Urban camou ! Robuste et allroad, la Urban camou est une trottinette tout terrain qui dispose d\u2019un puissant moteur allant jusqu\u2019\u00e0 515 watts et offrant une autonomie jusqu\u2019\u00e0 45 kilom\u00e8tres. Jeep l\u2019a \u00e9videmment dot\u00e9 de suspension avant et arri\u00e8re renforc\u00e9e avec des pneus de 10 pouces tubless.<\/p>\n<p><strong>ROBUSTE COMME UNE JEEP\u2026<\/strong><br \/>\nLa trottinette \u00e9lectrique Urban camou garde toutes les promesses JEEP avec des pneus tubless dimensionn\u00e9s, une structure renforc\u00e9e et des suspensions \u00e0 toutes \u00e9preuves.<\/p>\n<p><strong>PRATIQUE POUR TOUS LES TERRAINS DE JEU<\/strong><br \/>\nJEEP a gard\u00e9 les fonctionnalit\u00e9s essentielles d\u2019une trottinette et notamment le cadre pliable. Le cadre en alliage de magn\u00e9sium permet \u00e0 l\u2019Urban camou de combiner portabilit\u00e9 et solidit\u00e9.<\/p>\n<p><strong>MODERNE AU SERVICE DE LA MAITRISE<\/strong><br \/>\nDisposez d\u2019un v\u00e9ritable tableau de bord gr\u00e2ce \u00e0 l\u2019\u00e9cran Led de 3.2 pouces qui permet d\u2019avoir sous les yeux les informations de vitesses, du mode s\u00e9lectionn\u00e9, du niveau de batterie et des kilom\u00e8tres parcourus.<\/p>\n<p>\u2714\ufe0fCADRE : Magn\u00e9sium<br \/>\n\u2714\ufe0fSUSPENSIONS : Avant et arri\u00e8re<br \/>\n\u2714\ufe0fROUES : 10\u201d tubeless avant et arri\u00e8re<br \/>\n\u2714\ufe0fFREINS : doubles freins: frein avant \u00e9lectronique et arri\u00e8re \u00e0 disque, avec KERS<br \/>\n\u2714\ufe0fVITESSE : Niveau 1 : 6km\/h, niveau 2 : 20km\/h, niveau 3 : 25km\/h (vitesse maximale)<br \/>\n\u2714\ufe0fCAPACIT\u00c9 MAXIMALE : 100 kg<br \/>\n\u2714\ufe0fMOTEUR : 500W sans balais, Puissance maximale 700W<br \/>\n\u2714\ufe0fBATTERIE : 48V, 9.6Ah, 461Wh<br \/>\n\u2714\ufe0fLUMI\u00c8RES : Avant et arri\u00e8re<br \/>\n\u2714\ufe0fTEMPS DE RECHARGE : environ 5 heures<br \/>\n\u2714\ufe0fECRAN : LED de 3.2\u201d<br \/>\n\u2714\ufe0fAUTONOMIE : Jusqu&rsquo;\u00e0 45 km (sous r\u00e9serve de modification en fonction des conditions et du style de conduite)<br \/>\n\u2714\ufe0fPOIDS : 19 kg<br \/>\n\u2714\ufe0fCLIGNOTANTS : OUI<\/p>\n<h2 class=\"floor-title vtmn-typo_title-4 vtmn-y-0 gt-tablet:vtmn-mt-6 gt-tablet:vtmn-mb-6 title__position--center svelte-kmv775\" tabindex=\"0\" role=\"button\"><span id=\"floor-f891fb6f-5294-4df2-ab2d-703fd4caa7a5\" class=\"svelte-kmv775\" role=\"presentation\">Informations techniques<\/span><\/h2>\n<div class=\"floor-content svelte-kmv775\">\n<div class=\"collapse-wrapper svelte-1oe98l6 expandable expanded\">\n<div class=\"content\">\n<div class=\"tech-info vtmn-py-5 svelte-wahzr3\">\n<h3 class=\"vtmn-typo_title-5 vtmn-mt-0 svelte-wahzr3\">type de pliage<\/h3>\n<p class=\"vtmn-m-0 vtmn-break-words\">pliage classique<\/p>\n<\/div>\n<div class=\"tech-info vtmn-py-5 svelte-wahzr3\">\n<h3 class=\"vtmn-typo_title-5 vtmn-mt-0 svelte-wahzr3\">type de terrain<\/h3>\n<p class=\"vtmn-m-0 vtmn-break-words\">tous terrains<\/p>\n<\/div>\n<div class=\"tech-info vtmn-py-5 svelte-wahzr3\">\n<h3 class=\"vtmn-typo_title-5 vtmn-mt-0 svelte-wahzr3\">suspension<\/h3>\n<p class=\"vtmn-m-0 vtmn-break-words\">avec suspension<\/p>\n<\/div>\n<div class=\"tech-info vtmn-py-5 svelte-wahzr3\">\n<h3 class=\"vtmn-typo_title-5 vtmn-mt-0 svelte-wahzr3\">assistance \u00e9lectrique<\/h3>\n<p class=\"vtmn-m-0 vtmn-break-words\">avec assistance \u00e9lectrique<\/p>\n<\/div>\n<div class=\"tech-info vtmn-py-5 svelte-wahzr3\">\n<h3 class=\"vtmn-typo_title-5 vtmn-mt-0 svelte-wahzr3\">vitesse maximum<\/h3>\n<p class=\"vtmn-m-0 vtmn-break-words\">25 km\/h<\/p>\n<\/div>\n<div class=\"tech-info vtmn-py-5 svelte-wahzr3\">\n<h3 class=\"vtmn-typo_title-5 vtmn-mt-0 svelte-wahzr3\">largeur (en cm)<\/h3>\n<p class=\"vtmn-m-0 vtmn-break-words\">47 cm<\/p>\n<\/div>\n<div class=\"tech-info vtmn-py-5 svelte-wahzr3\">\n<h3 class=\"vtmn-typo_title-5 vtmn-mt-0 svelte-wahzr3\">fr\u00e9quence<\/h3>\n<p class=\"vtmn-m-0 vtmn-break-words\">r\u00e9gulier<\/p>\n<\/div>\n<div class=\"tech-info vtmn-py-5 svelte-wahzr3\">\n<h3 class=\"vtmn-typo_title-5 vtmn-mt-0 svelte-wahzr3\">autonomie (en km)<\/h3>\n<p class=\"vtmn-m-0 vtmn-break-words\">35 \u00e0 50 km<\/p>\n<\/div>\n<div class=\"tech-info vtmn-py-5 svelte-wahzr3\">\n<h3 class=\"vtmn-typo_title-5 vtmn-mt-0 svelte-wahzr3\">charge maximale<\/h3>\n<p class=\"vtmn-m-0 vtmn-break-words\">100 kg<\/p>\n<\/div>\n<div class=\"tech-info vtmn-py-5 svelte-wahzr3\">\n<h3 class=\"vtmn-typo_title-5 vtmn-mt-0 svelte-wahzr3\">hauteur (en cm)<\/h3>\n<p class=\"vtmn-m-0 vtmn-break-words\">116 cm<\/p>\n<\/div>\n<div class=\"tech-info vtmn-py-5 svelte-wahzr3\">\n<h3 class=\"vtmn-typo_title-5 vtmn-mt-0 svelte-wahzr3\">longueur (en cm)<\/h3>\n<p class=\"vtmn-m-0 vtmn-break-words\">119 cm<\/p>\n<\/div>\n<div class=\"tech-info vtmn-py-5 svelte-wahzr3\">\n<h3 class=\"vtmn-typo_title-5 vtmn-mt-0 svelte-wahzr3\">poids (en kg)<\/h3>\n<p class=\"vtmn-m-0 vtmn-break-words\">19 kg<\/p>\n<\/div>\n<div class=\"tech-info vtmn-py-5 svelte-wahzr3\">\n<h3 class=\"vtmn-typo_title-5 vtmn-mt-0 svelte-wahzr3\">type de distance<\/h3>\n<p class=\"vtmn-m-0 vtmn-break-words\">moyenne distance<\/p>\n<\/div>\n<div class=\"tech-info vtmn-py-5 svelte-wahzr3\">\n<h3 class=\"vtmn-typo_title-5 vtmn-mt-0 svelte-wahzr3\">\u00e9tanch\u00e9it\u00e9 ip<\/h3>\n<p class=\"vtmn-m-0 vtmn-break-words\">IPX4<\/p>\n<\/div>\n<div class=\"tech-info vtmn-py-5 svelte-wahzr3\">\n<h3 class=\"vtmn-typo_title-5 vtmn-mt-0 svelte-wahzr3\">puissance (en watts)<\/h3>\n<p class=\"vtmn-m-0 vtmn-break-words\">500 W<\/p>\n<\/div>\n<div class=\"tech-info vtmn-py-5 svelte-wahzr3\">\n<h3 class=\"vtmn-typo_title-5 vtmn-mt-0 svelte-wahzr3\">\u00e9tat<\/h3>\n<p class=\"vtmn-m-0 vtmn-break-words\">neuf<\/p>\n<\/div>\n<div class=\"tech-info vtmn-py-5 svelte-wahzr3\">\n<h3 class=\"vtmn-typo_title-5 vtmn-mt-0 svelte-wahzr3\">type de roues<\/h3>\n<p class=\"vtmn-m-0 vtmn-break-words\">roues gonflabes<\/p>\n<\/div>\n<div class=\"tech-info vtmn-py-5 svelte-wahzr3\">\n<h3 class=\"vtmn-typo_title-5 vtmn-mt-0 svelte-wahzr3\">nombre de roue<\/h3>\n<p class=\"vtmn-m-0 vtmn-break-words\">2 roues<\/p>\n<\/div>\n<div class=\"tech-info vtmn-py-5 svelte-wahzr3\">\n<h3 class=\"vtmn-typo_title-5 vtmn-mt-0 svelte-wahzr3\">position frein<\/h3>\n<p class=\"vtmn-m-0 vtmn-break-words\">frein arri\u00e8re<\/p>\n<\/div>\n<\/div>\n<\/div>\n<\/div>\n<\/div>\n<p>&nbsp;<\/p>\n<\/div>","protected":false},"excerpt":{"rendered":"<p class=\"vtmn-text-base vtmn-mb-0 vtmn-mt-2\">Depuis 80 ans, la marque Jeep est indissociable de la libert\u00e9, de l&rsquo;aventure, de l&rsquo;authenticit\u00e9 et de la passion.<\/p>","protected":false},"featured_media":12445,"comment_status":"open","ping_status":"closed","template":"","meta":{"inline_featured_image":false},"product_cat":[178,176],"product_tag":[],"class_list":{"0":"post-3154","1":"product","2":"type-product","3":"status-publish","4":"has-post-thumbnail","6":"product_cat-pliable-trottinette-electrique","7":"product_cat-trottinette-electrique","9":"first","10":"instock","11":"taxable","12":"shipping-taxable","13":"purchasable","14":"product-type-simple"},"_links":{"self":[{"href":"https:\/\/mobilobike.com\/fr\/wp-json\/wp\/v2\/product\/3154","targetHints":{"allow":["GET"]}}],"collection":[{"href":"https:\/\/mobilobike.com\/fr\/wp-json\/wp\/v2\/product"}],"about":[{"href":"https:\/\/mobilobike.com\/fr\/wp-json\/wp\/v2\/types\/product"}],"replies":[{"embeddable":true,"href":"https:\/\/mobilobike.com\/fr\/wp-json\/wp\/v2\/comments?post=3154"}],"version-history":[{"count":1,"href":"https:\/\/mobilobike.com\/fr\/wp-json\/wp\/v2\/product\/3154\/revisions"}],"predecessor-version":[{"id":12446,"href":"https:\/\/mobilobike.com\/fr\/wp-json\/wp\/v2\/product\/3154\/revisions\/12446"}],"wp:featuredmedia":[{"embeddable":true,"href":"https:\/\/mobilobike.com\/fr\/wp-json\/wp\/v2\/media\/12445"}],"wp:attachment":[{"href":"https:\/\/mobilobike.com\/fr\/wp-json\/wp\/v2\/media?parent=3154"}],"wp:term":[{"taxonomy":"product_cat","embeddable":true,"href":"https:\/\/mobilobike.com\/fr\/wp-json\/wp\/v2\/product_cat?post=3154"},{"taxonomy":"product_tag","embeddable":true,"href":"https:\/\/mobilobike.com\/fr\/wp-json\/wp\/v2\/product_tag?post=3154"}],"curies":[{"name":"wp","href":"https:\/\/api.w.org\/{rel}","templated":true}]}}