{"id":3156,"date":"2025-02-12T01:11:05","date_gmt":"2025-02-12T01:11:05","guid":{"rendered":"https:\/\/mobilobike.com\/?post_type=product&#038;p=3156"},"modified":"2025-07-08T18:31:33","modified_gmt":"2025-07-08T18:31:33","slug":"micro-merlin","status":"publish","type":"product","link":"https:\/\/mobilobike.com\/fr\/produit\/micro-merlin\/","title":{"rendered":"Micro Merlin"},"content":{"rendered":"<h2 class=\"floor-title vtmn-typo_title-4 vtmn-y-0 gt-tablet:vtmn-mt-6 gt-tablet:vtmn-mb-6 title__position--center svelte-kmv775\" tabindex=\"0\" role=\"button\"><span id=\"floor-9d37d7b0-8de0-4efa-bb6e-cec579d96506\" class=\"svelte-kmv775\" role=\"presentation\">Description<\/span><\/h2>\n<div class=\"floor-content svelte-kmv775\">\n<div class=\"svelte-1uw9j0x\">\n<p><strong>Trottinette \u00e9lectrique pour les longues distances<\/strong><br \/>\nLa trottinette \u00e9lectrique Micro Merlin a \u00e9t\u00e9 con\u00e7ue pour les personnes qui souhaitent privil\u00e9gier le confort et la s\u00e9curit\u00e9 et effectuer de longues distances.<br \/>\nAvec une autonomie de 25 km*, la trottinette Micro Merlin sera pl\u00e9biscit\u00e9e par les citadins qui pratiquent de longs trajets quotidiennement. Equip\u00e9e de grandes roues de 200 mm (Airless technology anti-crevaison) et de double suspensions avant et arri\u00e8re et d&rsquo;un frein \u00e0 main type v\u00e9lo, la trottinette Micro Merlin offre un confort de glisse et une s\u00e9curit\u00e9 in\u00e9gal\u00e9s.<\/p>\n<p>Son guidon, avec une sonnette int\u00e9gr\u00e9e, est r\u00e9glable de 79 \u00e0 97 cm (en partant de la planche) et de 91 \u00e0 109 cm (en partant du sol) et sa hauteur maximum est de 108,5 cm, ce qui permet aux personnes de grandes tailles de rouler avec une posture droite et confortable. La trottinette Micro Merlin est facile \u00e0 prendre en main ; elle s&rsquo;adapte aux utilisateurs novices comme aux plus exp\u00e9riment\u00e9s.<br \/>\nLe principe de fonctionnement est simple : l&rsquo;acc\u00e9l\u00e9ration se fait \u00e0 l&rsquo;aide d&rsquo;une g\u00e2chette situ\u00e9e sur le guidon.<br \/>\nLa trottinette \u00e9lectrique Micro Merlin poss\u00e8de un triple de syst\u00e8me de freinage : Un levier de frein type v\u00e9lo qui est \u00e0 la fois un frein moteur sur la roue avant et un frein tambour sur la roue arri\u00e8re.Un frein \u00e0 g\u00e2chette, moteur sur la roue avantUn frein au pied qui est \u00e0 la fois un frein moteur sur la roue avant et un frein friction sur la roue arri\u00e8re. Pour votre s\u00e9curit\u00e9, cette trottinette \u00e9lectrique Micro a \u00e9t\u00e9 pens\u00e9e dans les moindres d\u00e9tails.<br \/>\nDes lumi\u00e8res LED intelligentes sont int\u00e9gr\u00e9es \u00e0 l&rsquo;avant : celles-ci s&rsquo;allument d\u00e8s que la luminosit\u00e9 est faible mais vous pouvez \u00e0 tout moment les \u00e9teindre et les allumer.<br \/>\nA l&rsquo;arri\u00e8re elles font office de feux de stop.<br \/>\nSon pliage se fait facilement au pied et ses poign\u00e9es se rabattent pour un rangement optimal !<\/p>\n<h2 class=\"floor-title vtmn-typo_title-4 vtmn-y-0 gt-tablet:vtmn-mt-6 gt-tablet:vtmn-mb-6 title__position--center svelte-kmv775\" tabindex=\"0\" role=\"button\"><span id=\"floor-1fe57734-71fe-4907-8555-f796fcf457eb\" class=\"svelte-kmv775\" role=\"presentation\">Informations techniques<\/span><\/h2>\n<div class=\"floor-content svelte-kmv775\">\n<div class=\"collapse-wrapper svelte-1oe98l6 expandable expanded\">\n<div class=\"content\">\n<div class=\"tech-info vtmn-py-5 svelte-wahzr3\">\n<h3 class=\"vtmn-typo_title-5 vtmn-mt-0 svelte-wahzr3\">type de pliage<\/h3>\n<p class=\"vtmn-m-0 vtmn-break-words\">pliage classique<\/p>\n<\/div>\n<div class=\"tech-info vtmn-py-5 svelte-wahzr3\">\n<h3 class=\"vtmn-typo_title-5 vtmn-mt-0 svelte-wahzr3\">type de terrain<\/h3>\n<p class=\"vtmn-m-0 vtmn-break-words\">tous terrains<\/p>\n<\/div>\n<div class=\"tech-info vtmn-py-5 svelte-wahzr3\">\n<h3 class=\"vtmn-typo_title-5 vtmn-mt-0 svelte-wahzr3\">suspension<\/h3>\n<p class=\"vtmn-m-0 vtmn-break-words\">avec suspension<\/p>\n<\/div>\n<div class=\"tech-info vtmn-py-5 svelte-wahzr3\">\n<h3 class=\"vtmn-typo_title-5 vtmn-mt-0 svelte-wahzr3\">assistance \u00e9lectrique<\/h3>\n<p class=\"vtmn-m-0 vtmn-break-words\">avec assistance \u00e9lectrique<\/p>\n<\/div>\n<div class=\"tech-info vtmn-py-5 svelte-wahzr3\">\n<h3 class=\"vtmn-typo_title-5 vtmn-mt-0 svelte-wahzr3\">vitesse maximum<\/h3>\n<p class=\"vtmn-m-0 vtmn-break-words\">25 km\/h<\/p>\n<\/div>\n<div class=\"tech-info vtmn-py-5 svelte-wahzr3\">\n<h3 class=\"vtmn-typo_title-5 vtmn-mt-0 svelte-wahzr3\">fr\u00e9quence<\/h3>\n<p class=\"vtmn-m-0 vtmn-break-words\">toutes fr\u00e9quences<\/p>\n<\/div>\n<div class=\"tech-info vtmn-py-5 svelte-wahzr3\">\n<h3 class=\"vtmn-typo_title-5 vtmn-mt-0 svelte-wahzr3\">autonomie (en km)<\/h3>\n<p class=\"vtmn-m-0 vtmn-break-words\">15 \u00e0 25 km<\/p>\n<\/div>\n<div class=\"tech-info vtmn-py-5 svelte-wahzr3\">\n<h3 class=\"vtmn-typo_title-5 vtmn-mt-0 svelte-wahzr3\">charge maximale<\/h3>\n<p class=\"vtmn-m-0 vtmn-break-words\">100 kg<\/p>\n<\/div>\n<div class=\"tech-info vtmn-py-5 svelte-wahzr3\">\n<h3 class=\"vtmn-typo_title-5 vtmn-mt-0 svelte-wahzr3\">poids (en kg)<\/h3>\n<p class=\"vtmn-m-0 vtmn-break-words\">12 kg<\/p>\n<\/div>\n<div class=\"tech-info vtmn-py-5 svelte-wahzr3\">\n<h3 class=\"vtmn-typo_title-5 vtmn-mt-0 svelte-wahzr3\">type de distance<\/h3>\n<p class=\"vtmn-m-0 vtmn-break-words\">toutes distances<\/p>\n<\/div>\n<div class=\"tech-info vtmn-py-5 svelte-wahzr3\">\n<h3 class=\"vtmn-typo_title-5 vtmn-mt-0 svelte-wahzr3\">\u00e9tanch\u00e9it\u00e9 ip<\/h3>\n<p class=\"vtmn-m-0 vtmn-break-words\">IP54<\/p>\n<\/div>\n<div class=\"tech-info vtmn-py-5 svelte-wahzr3\">\n<h3 class=\"vtmn-typo_title-5 vtmn-mt-0 svelte-wahzr3\">puissance (en watts)<\/h3>\n<p class=\"vtmn-m-0 vtmn-break-words\">250 W<\/p>\n<\/div>\n<div class=\"tech-info vtmn-py-5 svelte-wahzr3\">\n<h3 class=\"vtmn-typo_title-5 vtmn-mt-0 svelte-wahzr3\">nombre de roue<\/h3>\n<p class=\"vtmn-m-0 vtmn-break-words\">2 roues<\/p>\n<\/div>\n<div class=\"tech-info vtmn-py-5 svelte-wahzr3\">\n<h3 class=\"vtmn-typo_title-5 vtmn-mt-0 svelte-wahzr3\">position frein<\/h3>\n<p class=\"vtmn-m-0 vtmn-break-words\">au guidon<\/p>\n<\/div>\n<\/div>\n<\/div>\n<\/div>\n<\/div>\n<\/div>","protected":false},"excerpt":{"rendered":"<p>Nouvelle trottinette \u00e9lectrique Micro Merlin avec frein et sonnette int\u00e9gr\u00e9e.\u00c9lue meilleure trottinette urbaine &#8211;<\/p>","protected":false},"featured_media":12447,"comment_status":"open","ping_status":"closed","template":"","meta":{"inline_featured_image":false},"product_cat":[178,176],"product_tag":[],"class_list":{"0":"post-3156","1":"product","2":"type-product","3":"status-publish","4":"has-post-thumbnail","6":"product_cat-pliable-trottinette-electrique","7":"product_cat-trottinette-electrique","9":"first","10":"instock","11":"sale","12":"taxable","13":"shipping-taxable","14":"purchasable","15":"product-type-simple"},"_links":{"self":[{"href":"https:\/\/mobilobike.com\/fr\/wp-json\/wp\/v2\/product\/3156","targetHints":{"allow":["GET"]}}],"collection":[{"href":"https:\/\/mobilobike.com\/fr\/wp-json\/wp\/v2\/product"}],"about":[{"href":"https:\/\/mobilobike.com\/fr\/wp-json\/wp\/v2\/types\/product"}],"replies":[{"embeddable":true,"href":"https:\/\/mobilobike.com\/fr\/wp-json\/wp\/v2\/comments?post=3156"}],"version-history":[{"count":1,"href":"https:\/\/mobilobike.com\/fr\/wp-json\/wp\/v2\/product\/3156\/revisions"}],"predecessor-version":[{"id":12448,"href":"https:\/\/mobilobike.com\/fr\/wp-json\/wp\/v2\/product\/3156\/revisions\/12448"}],"wp:featuredmedia":[{"embeddable":true,"href":"https:\/\/mobilobike.com\/fr\/wp-json\/wp\/v2\/media\/12447"}],"wp:attachment":[{"href":"https:\/\/mobilobike.com\/fr\/wp-json\/wp\/v2\/media?parent=3156"}],"wp:term":[{"taxonomy":"product_cat","embeddable":true,"href":"https:\/\/mobilobike.com\/fr\/wp-json\/wp\/v2\/product_cat?post=3156"},{"taxonomy":"product_tag","embeddable":true,"href":"https:\/\/mobilobike.com\/fr\/wp-json\/wp\/v2\/product_tag?post=3156"}],"curies":[{"name":"wp","href":"https:\/\/api.w.org\/{rel}","templated":true}]}}