{"id":3159,"date":"2025-02-14T04:24:24","date_gmt":"2025-02-14T04:24:24","guid":{"rendered":"https:\/\/mobilobike.com\/?post_type=product&#038;p=3159"},"modified":"2025-07-08T18:31:33","modified_gmt":"2025-07-08T18:31:33","slug":"engwe-y600","status":"publish","type":"product","link":"https:\/\/mobilobike.com\/fr\/produit\/engwe-y600\/","title":{"rendered":"ENGWE Y600"},"content":{"rendered":"<div id=\"MarketplaceProductDescription-c796bc48ce0427bde8f1f9690ae2565e18ef92a0\" class=\"floor container-small floor--expanded container svelte-kmv775\">\n<h2 class=\"floor-title vtmn-typo_title-4 vtmn-y-0 gt-tablet:vtmn-mt-6 gt-tablet:vtmn-mb-6 title__position--center svelte-kmv775\" tabindex=\"0\" role=\"button\"><span id=\"floor-c12a9fc1-6d71-4d81-a6f8-4e0294cb5e46\" class=\"svelte-kmv775\" role=\"presentation\">Description du ENGWE Y600<\/span><\/h2>\n<div class=\"floor-content svelte-kmv775\">\n<div class=\"svelte-1uw9j0x\">\n<p><strong>Moteur 600W\u00a0<\/strong><br \/>\nLe moteur de 600W avec une puissance de pointe de 830W vous permet de d\u00e9coller rapidement et de conqu\u00e9rir des pentes raides jusqu&rsquo;\u00e0 15\u00b0.<\/p>\n<p><strong>Exp\u00e9rience de conduite en douceur<\/strong><br \/>\nLe syst\u00e8me de suspension int\u00e9grale Y600 et les pneus larges 10*4.0 vous offrent une exp\u00e9rience de conduite sup\u00e9rieure qui vous permet d&rsquo;affronter sans effort les terrains difficiles.<\/p>\n<p><strong>Syst\u00e8me d&rsquo;\u00e9clairage<\/strong><br \/>\nVous pouvez facilement contr\u00f4ler le syst\u00e8me d&rsquo;\u00e9clairage gr\u00e2ce aux boutons situ\u00e9s sur le guidon. Notre syst\u00e8me exclusif d&rsquo;\u00e9clairage ambiant assure une s\u00e9curit\u00e9 totale et am\u00e9liore votre plaisir visuel.<\/p>\n<p><strong>Si\u00e8ge amovible<\/strong><br \/>\nLa selle amovible du Y600 ajoute de la polyvalence, assurant des transitions sans effort pour une exp\u00e9rience de conduite en douceur.<\/p>\n<p><strong>Facile \u00e0 plier<\/strong><br \/>\nLe cadre peut \u00eatre pli\u00e9 en seulement 3 \u00e9tapes et peut \u00eatre facilement mis dans le coffre, ce qui le rend plus pratique \u00e0 transporter lors des voyages.<\/p>\n<p><strong>Caract\u00e9ristiques<\/strong><br \/>\n-Moteur : 600W<br \/>\n-Pneus : 10*4.0 pneus<br \/>\n-Frein : Frein \u00e0 disque m\u00e9canique<br \/>\n-Autonomie : 70KM (Mode ECO)<br \/>\n-Couple : 28 N.m<br \/>\n-Pente maximale : 15\u00b0<br \/>\n-Niveau d&rsquo;\u00e9tanch\u00e9it\u00e9 : IPX5<br \/>\n-Batterie : 48V 18.2Ah<br \/>\n-Temps de charge : environ 8 heures<\/p>\n<\/div>\n<\/div>\n<\/div>\n<div id=\"ProductFunctionalities-8898de662bbe615edc8d3982473eeb394d01021f\" class=\"floor product-functionalities-floor vtmn-max-w-lg vtmn-max-w-full floor--expanded container svelte-kmv775\">\n<h3 class=\"floor-title vtmn-typo_title-4 vtmn-y-0 gt-tablet:vtmn-mt-6 gt-tablet:vtmn-mb-6 title__position--center svelte-kmv775\" tabindex=\"0\" role=\"button\"><span id=\"floor-595e5a4d-9fbc-498d-8a56-084b7c628ec5\" class=\"svelte-kmv775\" role=\"presentation\">Informations techniques du ENGWE Y600<\/span><\/h3>\n<div class=\"floor-content svelte-kmv775\">\n<div class=\"collapse-wrapper svelte-1oe98l6\">\n<div class=\"content\">\n<div class=\"tech-info vtmn-py-5 svelte-wahzr3\">\n<h3 class=\"vtmn-typo_title-5 vtmn-mt-0 svelte-wahzr3\">poids (en kg)<\/h3>\n<p class=\"vtmn-m-0 vtmn-break-words\">26,5 kg<\/p>\n<\/div>\n<div class=\"tech-info vtmn-py-5 svelte-wahzr3\">\n<h3 class=\"vtmn-typo_title-5 vtmn-mt-0 svelte-wahzr3\">\u00e9tat<\/h3>\n<p class=\"vtmn-m-0 vtmn-break-words\">neuf<\/p>\n<\/div>\n<div class=\"tech-info vtmn-py-5 svelte-wahzr3\">\n<h3 class=\"vtmn-typo_title-5 vtmn-mt-0 svelte-wahzr3\">pliable<\/h3>\n<p class=\"vtmn-m-0 vtmn-break-words\">pliable<\/p>\n<\/div>\n<\/div>\n<\/div>\n<\/div>\n<\/div>","protected":false},"excerpt":{"rendered":"<p class=\"vtmn-text-base vtmn-mb-0 vtmn-mt-2\">Scooter \u00e9lectrique, moteur 600W, batterie 48V 18.2Ah, pneus larges 10*4 pouces, vitesse maximale 25km\/h, autonomie 70km, frein \u00e0 disque m\u00e9canique, si\u00e8ge amovible.<\/p>","protected":false},"featured_media":12449,"comment_status":"open","ping_status":"closed","template":"","meta":{"inline_featured_image":false},"product_cat":[178,176],"product_tag":[],"class_list":{"0":"post-3159","1":"product","2":"type-product","3":"status-publish","4":"has-post-thumbnail","6":"product_cat-pliable-trottinette-electrique","7":"product_cat-trottinette-electrique","9":"first","10":"instock","11":"sale","12":"taxable","13":"shipping-taxable","14":"purchasable","15":"product-type-simple"},"_links":{"self":[{"href":"https:\/\/mobilobike.com\/fr\/wp-json\/wp\/v2\/product\/3159","targetHints":{"allow":["GET"]}}],"collection":[{"href":"https:\/\/mobilobike.com\/fr\/wp-json\/wp\/v2\/product"}],"about":[{"href":"https:\/\/mobilobike.com\/fr\/wp-json\/wp\/v2\/types\/product"}],"replies":[{"embeddable":true,"href":"https:\/\/mobilobike.com\/fr\/wp-json\/wp\/v2\/comments?post=3159"}],"version-history":[{"count":1,"href":"https:\/\/mobilobike.com\/fr\/wp-json\/wp\/v2\/product\/3159\/revisions"}],"predecessor-version":[{"id":12450,"href":"https:\/\/mobilobike.com\/fr\/wp-json\/wp\/v2\/product\/3159\/revisions\/12450"}],"wp:featuredmedia":[{"embeddable":true,"href":"https:\/\/mobilobike.com\/fr\/wp-json\/wp\/v2\/media\/12449"}],"wp:attachment":[{"href":"https:\/\/mobilobike.com\/fr\/wp-json\/wp\/v2\/media?parent=3159"}],"wp:term":[{"taxonomy":"product_cat","embeddable":true,"href":"https:\/\/mobilobike.com\/fr\/wp-json\/wp\/v2\/product_cat?post=3159"},{"taxonomy":"product_tag","embeddable":true,"href":"https:\/\/mobilobike.com\/fr\/wp-json\/wp\/v2\/product_tag?post=3159"}],"curies":[{"name":"wp","href":"https:\/\/api.w.org\/{rel}","templated":true}]}}