{"id":3161,"date":"2025-02-14T04:36:34","date_gmt":"2025-02-14T04:36:34","guid":{"rendered":"https:\/\/mobilobike.com\/?post_type=product&#038;p=3161"},"modified":"2025-07-08T18:31:33","modified_gmt":"2025-07-08T18:31:33","slug":"trottinette-grandes-roues-enfants-sport","status":"publish","type":"product","link":"https:\/\/mobilobike.com\/fr\/produit\/trottinette-grandes-roues-enfants-sport\/","title":{"rendered":"Trottinette grandes roues enfants sport"},"content":{"rendered":"<h2 class=\"floor-title vtmn-typo_title-4 vtmn-y-0 gt-tablet:vtmn-mt-6 gt-tablet:vtmn-mb-6 title__position--center svelte-kmv775\" tabindex=\"0\" role=\"button\"><span id=\"floor-9069adf9-ac8a-4870-ab66-0c8b33352945\" class=\"svelte-kmv775\" role=\"presentation\">Description<\/span><\/h2>\n<div class=\"floor-content svelte-kmv775\">\n<div class=\"svelte-1uw9j0x\">\n<p>\u00c0 PARTIR DE 5 ANS : Cette trottinette est d\u00e9j\u00e0 adapt\u00e9 aux enfants \u00e0 partir de 5 ans et d&rsquo;une hauteur de 96 cm. Le guidon est r\u00e9glable en hauteur pour que la trottinette s&rsquo;adapte toujours apr\u00e8s une pouss\u00e9e de croissance<br \/>\nPNEUS DE HAUTE QUALIT\u00c9 : Les pneus amortissent la trottinette et assurent un haut niveau de confort de conduite. Conduire sur un terrain et un sol accident\u00e9 ne pose aucun probl\u00e8me. En raison du profil de pneu profond, la trottinette a une excellente adh\u00e9rence m\u00eame dans des conditions humides<br \/>\nCARACT\u00c9RISTIQUES: la trottinette est \u00e9quip\u00e9 d&rsquo;un marchepied antid\u00e9rapant et poss\u00e8de un cadre en acier tr\u00e8s stable et des jantes en aluminium. Le guidon est r\u00e9glable de 65 &#8211; 77 cm et convient donc toujours apr\u00e8s une pouss\u00e9e de croissance<br \/>\nFONCTION SP\u00c9CIALE : Une particularit\u00e9 de la trottinette est sa direction \u00e0 roulement \u00e0 billes, qui assure une direction particuli\u00e8rement douce<br \/>\nPI\u00c8CES NON TOXIQUES DE HAUTE QUALIT\u00c9 : Nous n&rsquo;utilisons que des mat\u00e9riaux de haute qualit\u00e9, de la peinture inoffensive et des poign\u00e9es non toxiques dans nos produits. Gr\u00e2ce \u00e0 une inspection finale pr\u00e9cise et au respect de toutes les normes l\u00e9gales, nous garantissons un produit pour enfants s\u00fbr et stable, sans ar\u00eates vives ni coins\u00c0 partir de : 5-8 ans | Taille min : 96 cm<br \/>\nHauteur du marchepied : 10.5 cm | Largeur du marchepied : 11 cm | Longueur du marchepied : 30.5 cm | Largeur du guidon: 52 cm | Hauteur du guidon : 65-77 cm | Poids : 7 kg<\/p>\n<p>Taille roue : 10 pouces (25.4 cm)<br \/>\nMat\u00e9riau cadre : acier<br \/>\nType de freinage: frein \u00e0 main<br \/>\nFrein avant : Non, n\/a<br \/>\nFrein arri\u00e8re : Oui, frein \u00e0 bande<br \/>\nPliable : Non<br \/>\nSuspension : Non<br \/>\nGarde-boue : Oui<br \/>\nMat\u00e9riau garde-boue : acier<br \/>\nDomaine d&rsquo;application : usage quotidien<br \/>\nB\u00e9quille lat\u00e9rale : Oui<br \/>\nAxe de roue : moyeu<br \/>\nType de pneu : pneu<br \/>\nPoign\u00e9es : antid\u00e9rapant<br \/>\nHauteur du guidon r\u00e9glable : Oui<br \/>\nR\u00e9glable en hauteur en continu : Oui<br \/>\nDuret\u00e9 des pneus : n\/a<br \/>\nCharge maximale : 50 kg<\/p>\n<h2 class=\"floor-title vtmn-typo_title-4 vtmn-y-0 gt-tablet:vtmn-mt-6 gt-tablet:vtmn-mb-6 title__position--center svelte-kmv775\" tabindex=\"0\" role=\"button\"><span id=\"floor-9a01d362-e5aa-47f8-a59c-921716164974\" class=\"svelte-kmv775\" role=\"presentation\">Informations techniques<\/span><\/h2>\n<div class=\"floor-content svelte-kmv775\">\n<div class=\"collapse-wrapper svelte-1oe98l6 expandable expanded\">\n<div class=\"content\">\n<div class=\"tech-info vtmn-py-5 svelte-wahzr3\">\n<h3 class=\"vtmn-typo_title-5 vtmn-mt-0 svelte-wahzr3\">\u00e2ge<\/h3>\n<p class=\"vtmn-m-0 vtmn-break-words\">de 5 \u00e0 7 ans<\/p>\n<\/div>\n<div class=\"tech-info vtmn-py-5 svelte-wahzr3\">\n<h3 class=\"vtmn-typo_title-5 vtmn-mt-0 svelte-wahzr3\">type d&rsquo;\u00e9clairage<\/h3>\n<p class=\"vtmn-m-0 vtmn-break-words\">sans \u00e9clairage<\/p>\n<\/div>\n<div class=\"tech-info vtmn-py-5 svelte-wahzr3\">\n<h3 class=\"vtmn-typo_title-5 vtmn-mt-0 svelte-wahzr3\">antivol<\/h3>\n<p class=\"vtmn-m-0 vtmn-break-words\">sans antivol<\/p>\n<\/div>\n<div class=\"tech-info vtmn-py-5 svelte-wahzr3\">\n<h3 class=\"vtmn-typo_title-5 vtmn-mt-0 svelte-wahzr3\">largeur de deck (en mm)<\/h3>\n<p class=\"vtmn-m-0 vtmn-break-words\">120 mm<\/p>\n<\/div>\n<div class=\"tech-info vtmn-py-5 svelte-wahzr3\">\n<h3 class=\"vtmn-typo_title-5 vtmn-mt-0 svelte-wahzr3\">suspension<\/h3>\n<p class=\"vtmn-m-0 vtmn-break-words\">rigide<\/p>\n<\/div>\n<div class=\"tech-info vtmn-py-5 svelte-wahzr3\">\n<h3 class=\"vtmn-typo_title-5 vtmn-mt-0 svelte-wahzr3\">type de freins<\/h3>\n<p class=\"vtmn-m-0 vtmn-break-words\">freins vbrake<\/p>\n<\/div>\n<div class=\"tech-info vtmn-py-5 svelte-wahzr3\">\n<h3 class=\"vtmn-typo_title-5 vtmn-mt-0 svelte-wahzr3\">stature du sportif<\/h3>\n<p class=\"vtmn-m-0 vtmn-break-words\">1,08 m &lt; taille &lt; 1,15 m<\/p>\n<\/div>\n<div class=\"tech-info vtmn-py-5 svelte-wahzr3\">\n<h3 class=\"vtmn-typo_title-5 vtmn-mt-0 svelte-wahzr3\">taille de roue<\/h3>\n<p class=\"vtmn-m-0 vtmn-break-words\">10&Prime;<\/p>\n<\/div>\n<div class=\"tech-info vtmn-py-5 svelte-wahzr3\">\n<h3 class=\"vtmn-typo_title-5 vtmn-mt-0 svelte-wahzr3\">poids du sportif<\/h3>\n<p class=\"vtmn-m-0 vtmn-break-words\">poids &lt; 50 kg<\/p>\n<\/div>\n<div class=\"tech-info vtmn-py-5 svelte-wahzr3\">\n<h3 class=\"vtmn-typo_title-5 vtmn-mt-0 svelte-wahzr3\">mati\u00e8re principale<\/h3>\n<p class=\"vtmn-m-0 vtmn-break-words\">acier<\/p>\n<\/div>\n<div class=\"tech-info vtmn-py-5 svelte-wahzr3\">\n<h3 class=\"vtmn-typo_title-5 vtmn-mt-0 svelte-wahzr3\">b\u00e9quille<\/h3>\n<p class=\"vtmn-m-0 vtmn-break-words\">avec b\u00e9quille<\/p>\n<\/div>\n<div class=\"tech-info vtmn-py-5 svelte-wahzr3\">\n<h3 class=\"vtmn-typo_title-5 vtmn-mt-0 svelte-wahzr3\">p\u00e9riodicit\u00e9<\/h3>\n<p class=\"vtmn-m-0 vtmn-break-words\">tous les jours<\/p>\n<\/div>\n<div class=\"tech-info vtmn-py-5 svelte-wahzr3\">\n<h3 class=\"vtmn-typo_title-5 vtmn-mt-0 svelte-wahzr3\">poids (en kg)<\/h3>\n<p class=\"vtmn-m-0 vtmn-break-words\">7 kg<\/p>\n<\/div>\n<div class=\"tech-info vtmn-py-5 svelte-wahzr3\">\n<h3 class=\"vtmn-typo_title-5 vtmn-mt-0 svelte-wahzr3\">niveau de pratique<\/h3>\n<p class=\"vtmn-m-0 vtmn-break-words\">d\u00e9butant<\/p>\n<\/div>\n<div class=\"tech-info vtmn-py-5 svelte-wahzr3\">\n<h3 class=\"vtmn-typo_title-5 vtmn-mt-0 svelte-wahzr3\">\u00e9tat<\/h3>\n<p class=\"vtmn-m-0 vtmn-break-words\">neuf<\/p>\n<\/div>\n<div class=\"tech-info vtmn-py-5 svelte-wahzr3\">\n<h3 class=\"vtmn-typo_title-5 vtmn-mt-0 svelte-wahzr3\">type de roues<\/h3>\n<p class=\"vtmn-m-0 vtmn-break-words\">roues gonflabes<\/p>\n<\/div>\n<div class=\"tech-info vtmn-py-5 svelte-wahzr3\">\n<h3 class=\"vtmn-typo_title-5 vtmn-mt-0 svelte-wahzr3\">nombre de roue<\/h3>\n<p class=\"vtmn-m-0 vtmn-break-words\">2 roues<\/p>\n<\/div>\n<div class=\"tech-info vtmn-py-5 svelte-wahzr3\">\n<h3 class=\"vtmn-typo_title-5 vtmn-mt-0 svelte-wahzr3\">pliable<\/h3>\n<p class=\"vtmn-m-0 vtmn-break-words\">non pliable<\/p>\n<\/div>\n<div class=\"tech-info vtmn-py-5 svelte-wahzr3\">\n<h3 class=\"vtmn-typo_title-5 vtmn-mt-0 svelte-wahzr3\">position frein<\/h3>\n<p class=\"vtmn-m-0 vtmn-break-words\">au guidon<\/p>\n<\/div>\n<\/div>\n<\/div>\n<\/div>\n<\/div>\n<\/div>","protected":false},"excerpt":{"rendered":"<p class=\"vtmn-text-base vtmn-mb-0 vtmn-mt-2\">Cette trottinette est d\u00e9j\u00e0 adapt\u00e9 aux enfants \u00e0 partir de 5 ans et d&rsquo;une hauteur de 96 cm. Le guidon est r\u00e9glable en hauteur pour que la trottinette s&rsquo;adapte toujours apr\u00e8s une pouss\u00e9e de croissance.<\/p>","protected":false},"featured_media":12451,"comment_status":"open","ping_status":"closed","template":"","meta":{"inline_featured_image":false},"product_cat":[177,176],"product_tag":[],"class_list":{"0":"post-3161","1":"product","2":"type-product","3":"status-publish","4":"has-post-thumbnail","6":"product_cat-non-pliable-trottinette-electrique","7":"product_cat-trottinette-electrique","9":"first","10":"instock","11":"taxable","12":"shipping-taxable","13":"purchasable","14":"product-type-simple"},"_links":{"self":[{"href":"https:\/\/mobilobike.com\/fr\/wp-json\/wp\/v2\/product\/3161","targetHints":{"allow":["GET"]}}],"collection":[{"href":"https:\/\/mobilobike.com\/fr\/wp-json\/wp\/v2\/product"}],"about":[{"href":"https:\/\/mobilobike.com\/fr\/wp-json\/wp\/v2\/types\/product"}],"replies":[{"embeddable":true,"href":"https:\/\/mobilobike.com\/fr\/wp-json\/wp\/v2\/comments?post=3161"}],"version-history":[{"count":1,"href":"https:\/\/mobilobike.com\/fr\/wp-json\/wp\/v2\/product\/3161\/revisions"}],"predecessor-version":[{"id":12452,"href":"https:\/\/mobilobike.com\/fr\/wp-json\/wp\/v2\/product\/3161\/revisions\/12452"}],"wp:featuredmedia":[{"embeddable":true,"href":"https:\/\/mobilobike.com\/fr\/wp-json\/wp\/v2\/media\/12451"}],"wp:attachment":[{"href":"https:\/\/mobilobike.com\/fr\/wp-json\/wp\/v2\/media?parent=3161"}],"wp:term":[{"taxonomy":"product_cat","embeddable":true,"href":"https:\/\/mobilobike.com\/fr\/wp-json\/wp\/v2\/product_cat?post=3161"},{"taxonomy":"product_tag","embeddable":true,"href":"https:\/\/mobilobike.com\/fr\/wp-json\/wp\/v2\/product_tag?post=3161"}],"curies":[{"name":"wp","href":"https:\/\/api.w.org\/{rel}","templated":true}]}}