{"id":3163,"date":"2025-02-14T04:44:26","date_gmt":"2025-02-14T04:44:26","guid":{"rendered":"https:\/\/mobilobike.com\/?post_type=product&#038;p=3163"},"modified":"2025-07-08T18:31:34","modified_gmt":"2025-07-08T18:31:34","slug":"flow-element-lights-neochrome","status":"publish","type":"product","link":"https:\/\/mobilobike.com\/fr\/produit\/flow-element-lights-neochrome\/","title":{"rendered":"FLOW ELEMENT LIGHTS &#8211; N\u00e9ochrome"},"content":{"rendered":"<h2 class=\"floor-title vtmn-typo_title-4 vtmn-y-0 gt-tablet:vtmn-mt-6 gt-tablet:vtmn-mb-6 title__position--center svelte-kmv775\" tabindex=\"0\" role=\"button\"><span id=\"floor-bf84d681-ebbf-447a-95e4-33ff52cbf1f3\" class=\"svelte-kmv775\" role=\"presentation\">Description<\/span><\/h2>\n<div class=\"floor-content svelte-kmv775\">\n<div class=\"svelte-1uw9j0x\">\n<p>Pliable et ultra-l\u00e9g\u00e8re, pouvant supporter jusqu&rsquo;\u00e0 100 Kg, cette nouvelle trottinette 2 roues en aluminium avec sa finition chrom\u00e9e, est parfaitement pens\u00e9e pour rouler et transporter les enfants \u00e0 partir de 5 ans mais \u00e9galement les parents ! \u00c9quip\u00e9e d&rsquo;un large guidon, confortable et ajustable en hauteur sur 4 positions, elle se r\u00e8gle rapidement et en toute simplicit\u00e9 \u00e0 la taille de son utilisateur.<br \/>\nExtr\u00eamement polyvalente, robuste, elle est id\u00e9ale pour les enfants \u00e0 partir de 5 ans qui souhaitent se lancer sur une trottinette 2 roues ; ils appr\u00e9cieront son syst\u00e8me de pliage unique, brevet\u00e9 et rapide qui ne fait pas mal aux doigts et qui facilite son transport.<\/p>\n<p>Avec une structure 100% aluminium pouvant supporter jusqu&rsquo;\u00e0 100 kg, la trottinette 2 roues Flow Element Lights de Globber est une trottinette qui pourra \u00eatre utilis\u00e9e par toute la famille !<br \/>\nElle est \u00e9quip\u00e9e de 2 roues de 125 mm lumineuses fonctionnant avec l&rsquo;\u00e9nergie \u00e0 induction : lorsque l&rsquo;enfant roule, les roues s&rsquo;illuminent : pas besoin de pile ! Une trottinette fun et lumineuse qui permettra \u00e0 votre enfant d&rsquo;\u00eatre vu lorsqu&rsquo;il circule sur sa trottinette.<\/p>\n<p>Les plus<br \/>\nCouleur fun et finition chrom\u00e9e<br \/>\nRoues lumineuses LED<br \/>\nTrottinette 100% aluminium ultra-robuste<br \/>\nPoign\u00e9es rabattables confortables, durables et ergonomiques<br \/>\nB\u00e9quille int\u00e9gr\u00e9e<br \/>\nGarde-boue avant<br \/>\nSyst\u00e8me de pliage brevet\u00e9 par Globber, unique, rapide et s\u00e9curis\u00e9<br \/>\nCaract\u00e9ristiques<br \/>\n\u00c2ge : d\u00e8s 5 ans<br \/>\nPoids trottinette : 3,25 kg<br \/>\nPoids maximal : 100 kg<br \/>\nGuidon ajustable sur 4 niveaux : 80 \u2013 85 \u2013 90 &#8211; 95 cm (en partant du sol)<br \/>\nPliage s\u00e9curis\u00e9<br \/>\nRoues de 125 mm avant &amp; arri\u00e8re<br \/>\nA noter : sur la version n\u00e9ochrome, le guidon est noir.<\/p>\n<\/div>\n<\/div>","protected":false},"excerpt":{"rendered":"<p class=\"vtmn-text-base vtmn-mb-0 vtmn-mt-2\">Une trottinette fun &amp; lumineuse pour les enfants d\u00e8s 5 ans et les ados.<\/p>","protected":false},"featured_media":12453,"comment_status":"open","ping_status":"closed","template":"","meta":{"inline_featured_image":false},"product_cat":[178,176],"product_tag":[],"class_list":{"0":"post-3163","1":"product","2":"type-product","3":"status-publish","4":"has-post-thumbnail","6":"product_cat-pliable-trottinette-electrique","7":"product_cat-trottinette-electrique","9":"first","10":"instock","11":"taxable","12":"shipping-taxable","13":"purchasable","14":"product-type-simple"},"_links":{"self":[{"href":"https:\/\/mobilobike.com\/fr\/wp-json\/wp\/v2\/product\/3163","targetHints":{"allow":["GET"]}}],"collection":[{"href":"https:\/\/mobilobike.com\/fr\/wp-json\/wp\/v2\/product"}],"about":[{"href":"https:\/\/mobilobike.com\/fr\/wp-json\/wp\/v2\/types\/product"}],"replies":[{"embeddable":true,"href":"https:\/\/mobilobike.com\/fr\/wp-json\/wp\/v2\/comments?post=3163"}],"version-history":[{"count":1,"href":"https:\/\/mobilobike.com\/fr\/wp-json\/wp\/v2\/product\/3163\/revisions"}],"predecessor-version":[{"id":12454,"href":"https:\/\/mobilobike.com\/fr\/wp-json\/wp\/v2\/product\/3163\/revisions\/12454"}],"wp:featuredmedia":[{"embeddable":true,"href":"https:\/\/mobilobike.com\/fr\/wp-json\/wp\/v2\/media\/12453"}],"wp:attachment":[{"href":"https:\/\/mobilobike.com\/fr\/wp-json\/wp\/v2\/media?parent=3163"}],"wp:term":[{"taxonomy":"product_cat","embeddable":true,"href":"https:\/\/mobilobike.com\/fr\/wp-json\/wp\/v2\/product_cat?post=3163"},{"taxonomy":"product_tag","embeddable":true,"href":"https:\/\/mobilobike.com\/fr\/wp-json\/wp\/v2\/product_tag?post=3163"}],"curies":[{"name":"wp","href":"https:\/\/api.w.org\/{rel}","templated":true}]}}