{"id":3165,"date":"2025-02-14T04:54:22","date_gmt":"2025-02-14T04:54:22","guid":{"rendered":"https:\/\/mobilobike.com\/?post_type=product&#038;p=3165"},"modified":"2025-08-15T14:41:31","modified_gmt":"2025-08-15T14:41:31","slug":"urbanglide-ar5-pro","status":"publish","type":"product","link":"https:\/\/mobilobike.com\/fr\/produit\/urbanglide-ar5-pro\/","title":{"rendered":"Urbanglide Ar5 Pro"},"content":{"rendered":"<h2 class=\"floor-title vtmn-typo_title-4 vtmn-y-0 gt-tablet:vtmn-mt-6 gt-tablet:vtmn-mb-6 title__position--center svelte-kmv775\" tabindex=\"0\" role=\"button\"><span id=\"floor-f06347cf-0d59-424d-a68b-d91e67f45131\" class=\"svelte-kmv775\" role=\"presentation\">Description du Urbanglide Ar5 Pro<\/span><\/h2>\n<div class=\"floor-content svelte-kmv775\">\n<div class=\"svelte-1uw9j0x\">\n<p><strong>AR5Pro &#8211; Votre Compagnon de Voyage Tout-Terrain<\/strong><\/p>\n<p>D\u00e9couvrez l&rsquo;<strong>AR5Pro<\/strong>, un v\u00e9hicule \u00e9lectrique con\u00e7u pour\u00a0<strong>l&rsquo;aventure et la performance<\/strong>. Avec sa puissance de\u00a0<strong>800W<\/strong>, l&rsquo;AR5Pro offre une acc\u00e9l\u00e9ration rapide tout en maintenant un contr\u00f4le absolu, que vous soyez sur la route ou en hors-piste.<br \/>\nAvec sa\u00a0<strong>batterie de 480W\/h<\/strong>, l&rsquo;AR5PRO dispose d&rsquo;une longue autonomie allant\u00a0<strong>jusqu&rsquo;\u00e0 40Km<\/strong>. Vous pourrez effectuer tous vos d\u00e9placements quotidiens sans vous soucier de recharger la batterie.<br \/>\nLes\u00a0<strong>roues de 10 pouces<\/strong>\u00a0procurent une stabilit\u00e9 in\u00e9gal\u00e9e, vous permettant de franchir tous les obstacles, des sentiers rocailleux aux routes accident\u00e9es. L&rsquo;AR5Pro dompte\u00a0<strong>tous les terrains<\/strong>\u00a0avec aisance.<\/p>\n<p>La\u00a0<strong>s\u00e9curit\u00e9<\/strong>\u00a0est une priorit\u00e9, et l&rsquo;AR5Pro ne fait pas exception. Les\u00a0<strong>phares avant et arri\u00e8re<\/strong>\u00a0de LED XXL, assurent une visibilit\u00e9 optimale dans toutes les conditions d&rsquo;\u00e9clairage.<\/p>\n<p>M\u00eame sur les terrains les plus exigeants, l&rsquo;AR5Pro offre un confort in\u00e9gal\u00e9 gr\u00e2ce \u00e0 ses\u00a0<strong>quatre suspensions \u00e0 l&rsquo;avant et \u00e0 l&rsquo;arri\u00e8re<\/strong>. Vous pouvez ainsi profiter d&rsquo;une exp\u00e9rience de conduite tout-terrain sans compromis.<\/p>\n<p>L&rsquo;AR5Pro est bien plus qu&rsquo;un simple moyen de transport. C&rsquo;est un partenaire\u00a0<strong>d&rsquo;aventure tout-terrain<\/strong>\u00a0con\u00e7u pour offrir une\u00a0<strong>puissance<\/strong>\u00a0in\u00e9gal\u00e9e et une polyvalence sans limites. Pr\u00e9parez-vous \u00e0 relever tous les d\u00e9fis avec l&rsquo;AR5Pro.\u00a0<strong>Cliquez sur \u00ab\u00a0Ajouter au Panier\u00a0\u00bb et d\u00e9couvrez comment il peut vous emmener l\u00e0 o\u00f9 vous le souhaitez.<\/strong><\/p>\n<p><strong>Sp\u00e9cifications:<\/strong><\/p>\n<ul>\n<li>Temps de chargement 5h<\/li>\n<li>Poids utilisateur 100Kg<\/li>\n<li>Vitesse maximale 25km\/h<\/li>\n<li>Parcours m\u00e1ximum Jusqu&rsquo;\u00e0 40km*<\/li>\n<li>Pente maximale 15\u00ba<\/li>\n<li>Dimensions packaging 130&#215;24,5x60cm<\/li>\n<li>Poids net 27,6Kg<\/li>\n<li>Mati\u00e8re Aluminium<\/li>\n<li>Taille des roues 10&Prime;\/25cm<\/li>\n<li>Voltage 54,6V<\/li>\n<li>Pneus tubeless<\/li>\n<li>Taille produit ferm\u00e9 126,7&#215;22,7&#215;54,6cm<\/li>\n<li>Moteur 800w<br \/>\nterie 48V 10Ah<\/li>\n<\/ul>\n<p>*L&rsquo;autonomie indiqu\u00e9e varie en fonction du poids de l&rsquo;utilisateur, de la vitesse, de la pente, du vent de face et de la temp\u00e9rature.<br \/>\n<strong>RESTRICTION D&rsquo;USAG<\/strong>E : Ne convient pas pour l&rsquo;acrobatie et les sauts<\/p>\n<h2 class=\"floor-title vtmn-typo_title-4 vtmn-y-0 gt-tablet:vtmn-mt-6 gt-tablet:vtmn-mb-6 title__position--center svelte-kmv775\" tabindex=\"0\" role=\"button\"><span id=\"floor-aeb4362c-bf2f-4ac4-ab09-fd383ce32461\" class=\"svelte-kmv775\" role=\"presentation\">Informations techniques<\/span><\/h2>\n<div class=\"floor-content svelte-kmv775\">\n<div class=\"collapse-wrapper svelte-1oe98l6 expandable expanded\">\n<div class=\"content\">\n<div class=\"tech-info vtmn-py-5 svelte-wahzr3\">\n<h3 class=\"vtmn-typo_title-5 vtmn-mt-0 svelte-wahzr3\">type d&rsquo;\u00e9clairage<\/h3>\n<p class=\"vtmn-m-0 vtmn-break-words\">\u00e9clairage 2 en 1<\/p>\n<\/div>\n<div class=\"tech-info vtmn-py-5 svelte-wahzr3\">\n<h3 class=\"vtmn-typo_title-5 vtmn-mt-0 svelte-wahzr3\">antivol<\/h3>\n<p class=\"vtmn-m-0 vtmn-break-words\">sans antivol<\/p>\n<\/div>\n<div class=\"tech-info vtmn-py-5 svelte-wahzr3\">\n<h3 class=\"vtmn-typo_title-5 vtmn-mt-0 svelte-wahzr3\">type de freins<\/h3>\n<p class=\"vtmn-m-0 vtmn-break-words\">freins \u00e0 disque m\u00e9caniques<\/p>\n<\/div>\n<div class=\"tech-info vtmn-py-5 svelte-wahzr3\">\n<h3 class=\"vtmn-typo_title-5 vtmn-mt-0 svelte-wahzr3\">taille de roue<\/h3>\n<p class=\"vtmn-m-0 vtmn-break-words\">10&Prime;<\/p>\n<\/div>\n<div class=\"tech-info vtmn-py-5 svelte-wahzr3\">\n<h3 class=\"vtmn-typo_title-5 vtmn-mt-0 svelte-wahzr3\">poids du sportif<\/h3>\n<p class=\"vtmn-m-0 vtmn-break-words\">de 0 \u00e0 100 kg<\/p>\n<\/div>\n<div class=\"tech-info vtmn-py-5 svelte-wahzr3\">\n<h3 class=\"vtmn-typo_title-5 vtmn-mt-0 svelte-wahzr3\">b\u00e9quille<\/h3>\n<p class=\"vtmn-m-0 vtmn-break-words\">avec b\u00e9quille<\/p>\n<\/div>\n<div class=\"tech-info vtmn-py-5 svelte-wahzr3\">\n<h3 class=\"vtmn-typo_title-5 vtmn-mt-0 svelte-wahzr3\">poids (en kg)<\/h3>\n<p class=\"vtmn-m-0 vtmn-break-words\">27 kg<\/p>\n<\/div>\n<div class=\"tech-info vtmn-py-5 svelte-wahzr3\">\n<h3 class=\"vtmn-typo_title-5 vtmn-mt-0 svelte-wahzr3\">\u00e9tat<\/h3>\n<p class=\"vtmn-m-0 vtmn-break-words\">neuf<\/p>\n<\/div>\n<div class=\"tech-info vtmn-py-5 svelte-wahzr3\">\n<h3 class=\"vtmn-typo_title-5 vtmn-mt-0 svelte-wahzr3\">type de roues<\/h3>\n<p class=\"vtmn-m-0 vtmn-break-words\">roues gonflabes<\/p>\n<\/div>\n<div class=\"tech-info vtmn-py-5 svelte-wahzr3\">\n<h3 class=\"vtmn-typo_title-5 vtmn-mt-0 svelte-wahzr3\">nombre de roue<\/h3>\n<p class=\"vtmn-m-0 vtmn-break-words\">2 roues<\/p>\n<\/div>\n<div class=\"tech-info vtmn-py-5 svelte-wahzr3\">\n<h3 class=\"vtmn-typo_title-5 vtmn-mt-0 svelte-wahzr3\">pliable<\/h3>\n<p class=\"vtmn-m-0 vtmn-break-words\">pliable<\/p>\n<\/div>\n<div class=\"tech-info vtmn-py-5 svelte-wahzr3\">\n<h3 class=\"vtmn-typo_title-5 vtmn-mt-0 svelte-wahzr3\">position frein<\/h3>\n<p class=\"vtmn-m-0 vtmn-break-words\">au guidon<\/p>\n<\/div>\n<\/div>\n<\/div>\n<\/div>\n<\/div>\n<\/div>","protected":false},"excerpt":{"rendered":"<p class=\"vtmn-text-base vtmn-mb-0 vtmn-mt-2\">L&rsquo;AR5PRO allie \u00e9l\u00e9gance et performance avec des caract\u00e9ristiques exceptionnelles dans sa cat\u00e9gorie tout-terrain. Une fusion parfaite de confort et de performance. Osez le futur de la mobilit\u00e9!<\/p>","protected":false},"featured_media":12455,"comment_status":"open","ping_status":"closed","template":"","meta":{"inline_featured_image":false},"product_cat":[178,176],"product_tag":[],"class_list":{"0":"post-3165","1":"product","2":"type-product","3":"status-publish","4":"has-post-thumbnail","6":"product_cat-pliable-trottinette-electrique","7":"product_cat-trottinette-electrique","9":"first","10":"instock","11":"taxable","12":"shipping-taxable","13":"purchasable","14":"product-type-simple"},"_links":{"self":[{"href":"https:\/\/mobilobike.com\/fr\/wp-json\/wp\/v2\/product\/3165","targetHints":{"allow":["GET"]}}],"collection":[{"href":"https:\/\/mobilobike.com\/fr\/wp-json\/wp\/v2\/product"}],"about":[{"href":"https:\/\/mobilobike.com\/fr\/wp-json\/wp\/v2\/types\/product"}],"replies":[{"embeddable":true,"href":"https:\/\/mobilobike.com\/fr\/wp-json\/wp\/v2\/comments?post=3165"}],"version-history":[{"count":1,"href":"https:\/\/mobilobike.com\/fr\/wp-json\/wp\/v2\/product\/3165\/revisions"}],"predecessor-version":[{"id":12456,"href":"https:\/\/mobilobike.com\/fr\/wp-json\/wp\/v2\/product\/3165\/revisions\/12456"}],"wp:featuredmedia":[{"embeddable":true,"href":"https:\/\/mobilobike.com\/fr\/wp-json\/wp\/v2\/media\/12455"}],"wp:attachment":[{"href":"https:\/\/mobilobike.com\/fr\/wp-json\/wp\/v2\/media?parent=3165"}],"wp:term":[{"taxonomy":"product_cat","embeddable":true,"href":"https:\/\/mobilobike.com\/fr\/wp-json\/wp\/v2\/product_cat?post=3165"},{"taxonomy":"product_tag","embeddable":true,"href":"https:\/\/mobilobike.com\/fr\/wp-json\/wp\/v2\/product_tag?post=3165"}],"curies":[{"name":"wp","href":"https:\/\/api.w.org\/{rel}","templated":true}]}}