{"id":3176,"date":"2025-02-24T10:06:24","date_gmt":"2025-02-24T10:06:24","guid":{"rendered":"https:\/\/mobilobike.com\/?post_type=product&#038;p=3176"},"modified":"2025-07-08T18:31:36","modified_gmt":"2025-07-08T18:31:36","slug":"bequille-500-base","status":"publish","type":"product","link":"https:\/\/mobilobike.com\/fr\/produit\/bequille-500-base\/","title":{"rendered":"B\u00e9quille 500 base"},"content":{"rendered":"<h2>La B\u00e9quille 500 Base<\/h2>\n<p class=\"my-0\">La B\u00e9quille 500 Base de B&rsquo;Twin est un accessoire pratique et abordable pour les cyclistes passionn\u00e9s, offrant un excellent rapport qualit\u00e9-prix pour stationner votre v\u00e9lo en toute s\u00e9curit\u00e9.<\/p>\n<h2 class=\"mb-2 mt-6 text-lg font-[500] first:mt-3\"><button class=\"hover:duration-80 duration-800 cursor-pointer text-left align-baseline inline underline decoration-textOff\/25 decoration-1 underline-offset-[5px] animate-underlineFade after:content-[&quot;&quot;] hover:text-super hover:decoration-super\/80 hover:underline-offset-[7px] dark:decoration-textOffDark\/30 dark:hover:text-superDark dark:hover:decoration-superDark\/80 transition-all motion-reduce:transition-none appearance-none bg-transparent border-0 p-0 m-0 [td_&amp;]:table-cell align-baseline\" type=\"button\" data-state=\"closed\">Caract\u00e9ristiques Principales<\/button><\/h2>\n<ul class=\"marker:text-textOff list-disc\">\n<li>\n<p class=\"my-0\"><strong><button class=\"hover:duration-80 duration-800 cursor-pointer text-left align-baseline inline underline decoration-textOff\/25 decoration-1 underline-offset-[5px] animate-underlineFade after:content-[&quot;&quot;] hover:text-super hover:decoration-super\/80 hover:underline-offset-[7px] dark:decoration-textOffDark\/30 dark:hover:text-superDark dark:hover:decoration-superDark\/80 transition-all motion-reduce:transition-none appearance-none bg-transparent border-0 p-0 m-0 [td_&amp;]:table-cell align-baseline\" type=\"button\" data-state=\"closed\">Capacit\u00e9 de charge<\/button><\/strong>\u00a0: Supporte jusqu&rsquo;\u00e0 25 kg (v\u00e9lo + chargement)<\/p>\n<\/li>\n<li>\n<p class=\"my-0\"><strong><button class=\"hover:duration-80 duration-800 cursor-pointer text-left align-baseline inline underline decoration-textOff\/25 decoration-1 underline-offset-[5px] animate-underlineFade after:content-[&quot;&quot;] hover:text-super hover:decoration-super\/80 hover:underline-offset-[7px] dark:decoration-textOffDark\/30 dark:hover:text-superDark dark:hover:decoration-superDark\/80 transition-all motion-reduce:transition-none appearance-none bg-transparent border-0 p-0 m-0 [td_&amp;]:table-cell align-baseline\" type=\"button\" data-state=\"closed\">Poids<\/button><\/strong>\u00a0: 350 g, l\u00e9g\u00e8re et discr\u00e8te<\/p>\n<\/li>\n<li>\n<p class=\"my-0\"><strong><button class=\"hover:duration-80 duration-800 cursor-pointer text-left align-baseline inline underline decoration-textOff\/25 decoration-1 underline-offset-[5px] animate-underlineFade after:content-[&quot;&quot;] hover:text-super hover:decoration-super\/80 hover:underline-offset-[7px] dark:decoration-textOffDark\/30 dark:hover:text-superDark dark:hover:decoration-superDark\/80 transition-all motion-reduce:transition-none appearance-none bg-transparent border-0 p-0 m-0 [td_&amp;]:table-cell align-baseline\" type=\"button\" data-state=\"closed\">Compatibilit\u00e9<\/button><\/strong>\u00a0: S&rsquo;adapte aux v\u00e9los de 24&Prime;, 26&Prime; et 28&Prime;<\/p>\n<\/li>\n<li>\n<p class=\"my-0\"><strong><button class=\"hover:duration-80 duration-800 cursor-pointer text-left align-baseline inline underline decoration-textOff\/25 decoration-1 underline-offset-[5px] animate-underlineFade after:content-[&quot;&quot;] hover:text-super hover:decoration-super\/80 hover:underline-offset-[7px] dark:decoration-textOffDark\/30 dark:hover:text-superDark dark:hover:decoration-superDark\/80 transition-all motion-reduce:transition-none appearance-none bg-transparent border-0 p-0 m-0 [td_&amp;]:table-cell align-baseline\" type=\"button\" data-state=\"closed\">Mat\u00e9riau<\/button><\/strong>\u00a0: Aluminium durable et solide<\/p>\n<\/li>\n<\/ul>\n<h2 class=\"mb-2 mt-6 text-lg font-[500] first:mt-3\"><button class=\"hover:duration-80 duration-800 cursor-pointer text-left align-baseline inline underline decoration-textOff\/25 decoration-1 underline-offset-[5px] animate-underlineFade after:content-[&quot;&quot;] hover:text-super hover:decoration-super\/80 hover:underline-offset-[7px] dark:decoration-textOffDark\/30 dark:hover:text-superDark dark:hover:decoration-superDark\/80 transition-all motion-reduce:transition-none appearance-none bg-transparent border-0 p-0 m-0 [td_&amp;]:table-cell align-baseline\" type=\"button\" data-state=\"closed\">Facilit\u00e9 d&rsquo;Utilisation<\/button><\/h2>\n<ul class=\"marker:text-textOff list-disc\">\n<li>\n<p class=\"my-0\"><strong><button class=\"hover:duration-80 duration-800 cursor-pointer text-left align-baseline inline underline decoration-textOff\/25 decoration-1 underline-offset-[5px] animate-underlineFade after:content-[&quot;&quot;] hover:text-super hover:decoration-super\/80 hover:underline-offset-[7px] dark:decoration-textOffDark\/30 dark:hover:text-superDark dark:hover:decoration-superDark\/80 transition-all motion-reduce:transition-none appearance-none bg-transparent border-0 p-0 m-0 [td_&amp;]:table-cell align-baseline\" type=\"button\" data-state=\"closed\">Installation simple<\/button><\/strong>\u00a0: Se fixe au niveau de la base du v\u00e9lo avec une cl\u00e9 Allen de 5 mm<\/p>\n<\/li>\n<li>\n<p class=\"my-0\"><strong><button class=\"hover:duration-80 duration-800 cursor-pointer text-left align-baseline inline underline decoration-textOff\/25 decoration-1 underline-offset-[5px] animate-underlineFade after:content-[&quot;&quot;] hover:text-super hover:decoration-super\/80 hover:underline-offset-[7px] dark:decoration-textOffDark\/30 dark:hover:text-superDark dark:hover:decoration-superDark\/80 transition-all motion-reduce:transition-none appearance-none bg-transparent border-0 p-0 m-0 [td_&amp;]:table-cell align-baseline\" type=\"button\" data-state=\"closed\">R\u00e9glage pratique<\/button><\/strong>\u00a0: Ajustement en hauteur sans outils<\/p>\n<\/li>\n<li>\n<p class=\"my-0\"><strong><button class=\"hover:duration-80 duration-800 cursor-pointer text-left align-baseline inline underline decoration-textOff\/25 decoration-1 underline-offset-[5px] animate-underlineFade after:content-[&quot;&quot;] hover:text-super hover:decoration-super\/80 hover:underline-offset-[7px] dark:decoration-textOffDark\/30 dark:hover:text-superDark dark:hover:decoration-superDark\/80 transition-all motion-reduce:transition-none appearance-none bg-transparent border-0 p-0 m-0 [td_&amp;]:table-cell align-baseline\" type=\"button\" data-state=\"closed\">M\u00e9canisme<\/button><\/strong>\u00a0: Loquet \u00e0 ressort serr\u00e9 pour un d\u00e9ploiement rapide<\/p>\n<\/li>\n<\/ul>\n<h2 class=\"mb-2 mt-6 text-lg font-[500] first:mt-3\"><button class=\"hover:duration-80 duration-800 cursor-pointer text-left align-baseline inline underline decoration-textOff\/25 decoration-1 underline-offset-[5px] animate-underlineFade after:content-[&quot;&quot;] hover:text-super hover:decoration-super\/80 hover:underline-offset-[7px] dark:decoration-textOffDark\/30 dark:hover:text-superDark dark:hover:decoration-superDark\/80 transition-all motion-reduce:transition-none appearance-none bg-transparent border-0 p-0 m-0 [td_&amp;]:table-cell align-baseline\" type=\"button\" data-state=\"closed\">Avantages<\/button><\/h2>\n<ul class=\"marker:text-textOff list-disc\">\n<li>\n<p class=\"my-0\"><strong><button class=\"hover:duration-80 duration-800 cursor-pointer text-left align-baseline inline underline decoration-textOff\/25 decoration-1 underline-offset-[5px] animate-underlineFade after:content-[&quot;&quot;] hover:text-super hover:decoration-super\/80 hover:underline-offset-[7px] dark:decoration-textOffDark\/30 dark:hover:text-superDark dark:hover:decoration-superDark\/80 transition-all motion-reduce:transition-none appearance-none bg-transparent border-0 p-0 m-0 [td_&amp;]:table-cell align-baseline\" type=\"button\" data-state=\"closed\">Stabilit\u00e9<\/button><\/strong>\u00a0: Large pied en aluminium assurant une bonne stabilit\u00e9<\/p>\n<\/li>\n<li>\n<p class=\"my-0\"><strong><button class=\"hover:duration-80 duration-800 cursor-pointer text-left align-baseline inline underline decoration-textOff\/25 decoration-1 underline-offset-[5px] animate-underlineFade after:content-[&quot;&quot;] hover:text-super hover:decoration-super\/80 hover:underline-offset-[7px] dark:decoration-textOffDark\/30 dark:hover:text-superDark dark:hover:decoration-superDark\/80 transition-all motion-reduce:transition-none appearance-none bg-transparent border-0 p-0 m-0 [td_&amp;]:table-cell align-baseline\" type=\"button\" data-state=\"closed\">Polyvalence<\/button><\/strong>\u00a0: Compatible avec diff\u00e9rents types de v\u00e9los<\/p>\n<\/li>\n<li>\n<p class=\"my-0\"><strong><button class=\"hover:duration-80 duration-800 cursor-pointer text-left align-baseline inline underline decoration-textOff\/25 decoration-1 underline-offset-[5px] animate-underlineFade after:content-[&quot;&quot;] hover:text-super hover:decoration-super\/80 hover:underline-offset-[7px] dark:decoration-textOffDark\/30 dark:hover:text-superDark dark:hover:decoration-superDark\/80 transition-all motion-reduce:transition-none appearance-none bg-transparent border-0 p-0 m-0 [td_&amp;]:table-cell align-baseline\" type=\"button\" data-state=\"closed\">Discr\u00e9tion<\/button><\/strong>\u00a0: Design fin et l\u00e9ger<\/p>\n<\/li>\n<\/ul>\n<h2 class=\"mb-2 mt-6 text-lg font-[500] first:mt-3\"><button class=\"hover:duration-80 duration-800 cursor-pointer text-left align-baseline inline underline decoration-textOff\/25 decoration-1 underline-offset-[5px] animate-underlineFade after:content-[&quot;&quot;] hover:text-super hover:decoration-super\/80 hover:underline-offset-[7px] dark:decoration-textOffDark\/30 dark:hover:text-superDark dark:hover:decoration-superDark\/80 transition-all motion-reduce:transition-none appearance-none bg-transparent border-0 p-0 m-0 [td_&amp;]:table-cell align-baseline\" type=\"button\" data-state=\"closed\">Points \u00e0 Consid\u00e9rer<\/button><\/h2>\n<ul class=\"marker:text-textOff list-disc\">\n<li>\n<p class=\"my-0\"><strong><button class=\"hover:duration-80 duration-800 cursor-pointer text-left align-baseline inline underline decoration-textOff\/25 decoration-1 underline-offset-[5px] animate-underlineFade after:content-[&quot;&quot;] hover:text-super hover:decoration-super\/80 hover:underline-offset-[7px] dark:decoration-textOffDark\/30 dark:hover:text-superDark dark:hover:decoration-superDark\/80 transition-all motion-reduce:transition-none appearance-none bg-transparent border-0 p-0 m-0 [td_&amp;]:table-cell align-baseline\" type=\"button\" data-state=\"delayed-open\" aria-describedby=\"radix-:r1sp:\">Limite de poids<\/button><\/strong>\u00a0: Non adapt\u00e9e pour les v\u00e9los \u00e9lectriques ou tr\u00e8s charg\u00e9s<\/p>\n<\/li>\n<li>\n<p class=\"my-0\"><strong><button class=\"hover:duration-80 duration-800 cursor-pointer text-left align-baseline inline underline decoration-textOff\/25 decoration-1 underline-offset-[5px] animate-underlineFade after:content-[&quot;&quot;] hover:text-super hover:decoration-super\/80 hover:underline-offset-[7px] dark:decoration-textOffDark\/30 dark:hover:text-superDark dark:hover:decoration-superDark\/80 transition-all motion-reduce:transition-none appearance-none bg-transparent border-0 p-0 m-0 [td_&amp;]:table-cell align-baseline\" type=\"button\" data-state=\"closed\">Type<\/button><\/strong>\u00a0: B\u00e9quille lat\u00e9rale, moins stable qu&rsquo;une b\u00e9quille centrale pour les charges lourdes<\/p>\n<\/li>\n<\/ul>\n<p>&nbsp;<\/p>\n<p><img decoding=\"async\" src=\"https:\/\/contents.mediadecathlon.com\/p1499487\/k$b7fbf4da8fa448c714ed8a0872b003a6\/sq\/bequille-500-base.jpg?format=auto&amp;f=800x0\" alt=\"B\u00e9quille 500 base\" \/><\/p>","protected":false},"excerpt":{"rendered":"<p>La B\u00e9quille 500 Base de B&rsquo;Twin est un accessoire pratique et abordable pour les cyclistes passionn\u00e9s, offrant un excellent rapport qualit\u00e9-prix pour stationner votre v\u00e9lo en toute s\u00e9curit\u00e9.<\/p>","protected":false},"featured_media":12461,"comment_status":"open","ping_status":"closed","template":"","meta":{"inline_featured_image":false},"product_cat":[184,183],"product_tag":[],"class_list":{"0":"post-3176","1":"product","2":"type-product","3":"status-publish","4":"has-post-thumbnail","6":"product_cat-accessoires-de-velo","7":"product_cat-accessories","9":"first","10":"instock","11":"taxable","12":"shipping-taxable","13":"purchasable","14":"product-type-simple"},"_links":{"self":[{"href":"https:\/\/mobilobike.com\/fr\/wp-json\/wp\/v2\/product\/3176","targetHints":{"allow":["GET"]}}],"collection":[{"href":"https:\/\/mobilobike.com\/fr\/wp-json\/wp\/v2\/product"}],"about":[{"href":"https:\/\/mobilobike.com\/fr\/wp-json\/wp\/v2\/types\/product"}],"replies":[{"embeddable":true,"href":"https:\/\/mobilobike.com\/fr\/wp-json\/wp\/v2\/comments?post=3176"}],"version-history":[{"count":1,"href":"https:\/\/mobilobike.com\/fr\/wp-json\/wp\/v2\/product\/3176\/revisions"}],"predecessor-version":[{"id":12462,"href":"https:\/\/mobilobike.com\/fr\/wp-json\/wp\/v2\/product\/3176\/revisions\/12462"}],"wp:featuredmedia":[{"embeddable":true,"href":"https:\/\/mobilobike.com\/fr\/wp-json\/wp\/v2\/media\/12461"}],"wp:attachment":[{"href":"https:\/\/mobilobike.com\/fr\/wp-json\/wp\/v2\/media?parent=3176"}],"wp:term":[{"taxonomy":"product_cat","embeddable":true,"href":"https:\/\/mobilobike.com\/fr\/wp-json\/wp\/v2\/product_cat?post=3176"},{"taxonomy":"product_tag","embeddable":true,"href":"https:\/\/mobilobike.com\/fr\/wp-json\/wp\/v2\/product_tag?post=3176"}],"curies":[{"name":"wp","href":"https:\/\/api.w.org\/{rel}","templated":true}]}}