{"id":3178,"date":"2025-02-24T10:20:12","date_gmt":"2025-02-24T10:20:12","guid":{"rendered":"https:\/\/mobilobike.com\/?post_type=product&#038;p=3178"},"modified":"2025-07-08T18:31:36","modified_gmt":"2025-07-08T18:31:36","slug":"harnais-sacoche-de-selle-bikepacking-advt-900","status":"publish","type":"product","link":"https:\/\/mobilobike.com\/fr\/produit\/harnais-sacoche-de-selle-bikepacking-advt-900\/","title":{"rendered":"HARNAIS SACOCHE DE SELLE BIKEPACKING ADVT 900"},"content":{"rendered":"<h2>Le HARNAIS SACOCHE DE SELLE BIKEPACKING ADVT 900<\/h2>\n<p class=\"my-0\">Le HARNAIS SACOCHE DE SELLE BIKEPACKING ADVT 900 de Riverside est un accessoire de haute qualit\u00e9 con\u00e7u pour les cyclistes passionn\u00e9s de bikepacking et de longues aventures \u00e0 v\u00e9lo.<\/p>\n<h2 class=\"mb-2 mt-6 text-lg font-[500] first:mt-3\"><button class=\"hover:duration-80 duration-800 cursor-pointer text-left align-baseline inline underline decoration-textOff\/25 decoration-1 underline-offset-[5px] animate-underlineFade after:content-[&quot;&quot;] hover:text-super hover:decoration-super\/80 hover:underline-offset-[7px] dark:decoration-textOffDark\/30 dark:hover:text-superDark dark:hover:decoration-superDark\/80 transition-all motion-reduce:transition-none appearance-none bg-transparent border-0 p-0 m-0 [td_&amp;]:table-cell align-baseline\" type=\"button\" data-state=\"closed\">Caract\u00e9ristiques Principales<\/button><\/h2>\n<ul class=\"marker:text-textOff list-disc\">\n<li>\n<p class=\"my-0\"><strong><button class=\"hover:duration-80 duration-800 cursor-pointer text-left align-baseline inline underline decoration-textOff\/25 decoration-1 underline-offset-[5px] animate-underlineFade after:content-[&quot;&quot;] hover:text-super hover:decoration-super\/80 hover:underline-offset-[7px] dark:decoration-textOffDark\/30 dark:hover:text-superDark dark:hover:decoration-superDark\/80 transition-all motion-reduce:transition-none appearance-none bg-transparent border-0 p-0 m-0 [td_&amp;]:table-cell align-baseline\" type=\"button\" data-state=\"closed\">Mat\u00e9riaux robustes<\/button><\/strong>\u00a0: Tissus en polyester 600D et 420D avec coque rigide form\u00e9e \u00e0 chaud<\/p>\n<\/li>\n<li>\n<p class=\"my-0\"><strong><button class=\"hover:duration-80 duration-800 cursor-pointer text-left align-baseline inline underline decoration-textOff\/25 decoration-1 underline-offset-[5px] animate-underlineFade after:content-[&quot;&quot;] hover:text-super hover:decoration-super\/80 hover:underline-offset-[7px] dark:decoration-textOffDark\/30 dark:hover:text-superDark dark:hover:decoration-superDark\/80 transition-all motion-reduce:transition-none appearance-none bg-transparent border-0 p-0 m-0 [td_&amp;]:table-cell align-baseline\" type=\"button\" data-state=\"closed\">Syst\u00e8me en deux parties<\/button><\/strong>\u00a0: Harnais fixe et sac \u00e9tanche amovible<\/p>\n<\/li>\n<li>\n<p class=\"my-0\"><strong><button class=\"hover:duration-80 duration-800 cursor-pointer text-left align-baseline inline underline decoration-textOff\/25 decoration-1 underline-offset-[5px] animate-underlineFade after:content-[&quot;&quot;] hover:text-super hover:decoration-super\/80 hover:underline-offset-[7px] dark:decoration-textOffDark\/30 dark:hover:text-superDark dark:hover:decoration-superDark\/80 transition-all motion-reduce:transition-none appearance-none bg-transparent border-0 p-0 m-0 [td_&amp;]:table-cell align-baseline\" type=\"button\" data-state=\"closed\">Capacit\u00e9 de charge<\/button><\/strong>\u00a0: Jusqu&rsquo;\u00e0 8 kg<\/p>\n<\/li>\n<li>\n<p class=\"my-0\"><strong><button class=\"hover:duration-80 duration-800 cursor-pointer text-left align-baseline inline underline decoration-textOff\/25 decoration-1 underline-offset-[5px] animate-underlineFade after:content-[&quot;&quot;] hover:text-super hover:decoration-super\/80 hover:underline-offset-[7px] dark:decoration-textOffDark\/30 dark:hover:text-superDark dark:hover:decoration-superDark\/80 transition-all motion-reduce:transition-none appearance-none bg-transparent border-0 p-0 m-0 [td_&amp;]:table-cell align-baseline\" type=\"button\" data-state=\"closed\">Volume ajustable<\/button><\/strong>\u00a0: De 6 \u00e0 15 litres<\/p>\n<\/li>\n<li>\n<p class=\"my-0\"><strong><button class=\"hover:duration-80 duration-800 cursor-pointer text-left align-baseline inline underline decoration-textOff\/25 decoration-1 underline-offset-[5px] animate-underlineFade after:content-[&quot;&quot;] hover:text-super hover:decoration-super\/80 hover:underline-offset-[7px] dark:decoration-textOffDark\/30 dark:hover:text-superDark dark:hover:decoration-superDark\/80 transition-all motion-reduce:transition-none appearance-none bg-transparent border-0 p-0 m-0 [td_&amp;]:table-cell align-baseline\" type=\"button\" data-state=\"closed\">Poids du harnais<\/button><\/strong>\u00a0: 492 g<\/p>\n<\/li>\n<\/ul>\n<h2 class=\"mb-2 mt-6 text-lg font-[500] first:mt-3\"><button class=\"hover:duration-80 duration-800 cursor-pointer text-left align-baseline inline underline decoration-textOff\/25 decoration-1 underline-offset-[5px] animate-underlineFade after:content-[&quot;&quot;] hover:text-super hover:decoration-super\/80 hover:underline-offset-[7px] dark:decoration-textOffDark\/30 dark:hover:text-superDark dark:hover:decoration-superDark\/80 transition-all motion-reduce:transition-none appearance-none bg-transparent border-0 p-0 m-0 [td_&amp;]:table-cell align-baseline\" type=\"button\" data-state=\"closed\">Fonctionnalit\u00e9s Avanc\u00e9es<\/button><\/h2>\n<ul class=\"marker:text-textOff list-disc\">\n<li>\n<p class=\"my-0\"><strong><button class=\"hover:duration-80 duration-800 cursor-pointer text-left align-baseline inline underline decoration-textOff\/25 decoration-1 underline-offset-[5px] animate-underlineFade after:content-[&quot;&quot;] hover:text-super hover:decoration-super\/80 hover:underline-offset-[7px] dark:decoration-textOffDark\/30 dark:hover:text-superDark dark:hover:decoration-superDark\/80 transition-all motion-reduce:transition-none appearance-none bg-transparent border-0 p-0 m-0 [td_&amp;]:table-cell align-baseline\" type=\"button\" data-state=\"closed\">Fixation s\u00e9curis\u00e9e<\/button><\/strong>\u00a0: Crochets en aluminium avec syst\u00e8me de blocage<\/p>\n<\/li>\n<li>\n<p class=\"my-0\"><strong><button class=\"hover:duration-80 duration-800 cursor-pointer text-left align-baseline inline underline decoration-textOff\/25 decoration-1 underline-offset-[5px] animate-underlineFade after:content-[&quot;&quot;] hover:text-super hover:decoration-super\/80 hover:underline-offset-[7px] dark:decoration-textOffDark\/30 dark:hover:text-superDark dark:hover:decoration-superDark\/80 transition-all motion-reduce:transition-none appearance-none bg-transparent border-0 p-0 m-0 [td_&amp;]:table-cell align-baseline\" type=\"button\" data-state=\"closed\">Protection du v\u00e9lo<\/button><\/strong>\u00a0: Cale d&rsquo;espacement en TPU pour la tige de selle<\/p>\n<\/li>\n<li>\n<p class=\"my-0\"><strong><button class=\"hover:duration-80 duration-800 cursor-pointer text-left align-baseline inline underline decoration-textOff\/25 decoration-1 underline-offset-[5px] animate-underlineFade after:content-[&quot;&quot;] hover:text-super hover:decoration-super\/80 hover:underline-offset-[7px] dark:decoration-textOffDark\/30 dark:hover:text-superDark dark:hover:decoration-superDark\/80 transition-all motion-reduce:transition-none appearance-none bg-transparent border-0 p-0 m-0 [td_&amp;]:table-cell align-baseline\" type=\"button\" data-state=\"closed\">Adaptabilit\u00e9<\/button><\/strong>\u00a0: Fermeture s&rsquo;ajustant au volume du sac \u00e9tanche<\/p>\n<\/li>\n<li>\n<p class=\"my-0\"><strong><button class=\"hover:duration-80 duration-800 cursor-pointer text-left align-baseline inline underline decoration-textOff\/25 decoration-1 underline-offset-[5px] animate-underlineFade after:content-[&quot;&quot;] hover:text-super hover:decoration-super\/80 hover:underline-offset-[7px] dark:decoration-textOffDark\/30 dark:hover:text-superDark dark:hover:decoration-superDark\/80 transition-all motion-reduce:transition-none appearance-none bg-transparent border-0 p-0 m-0 [td_&amp;]:table-cell align-baseline\" type=\"button\" data-state=\"closed\">Accessoires<\/button><\/strong>\u00a0: Filet \u00e9lastique ext\u00e9rieur pour rangement suppl\u00e9mentaire<\/p>\n<\/li>\n<\/ul>\n<h2 class=\"mb-2 mt-6 text-lg font-[500] first:mt-3\"><button class=\"hover:duration-80 duration-800 cursor-pointer text-left align-baseline inline underline decoration-textOff\/25 decoration-1 underline-offset-[5px] animate-underlineFade after:content-[&quot;&quot;] hover:text-super hover:decoration-super\/80 hover:underline-offset-[7px] dark:decoration-textOffDark\/30 dark:hover:text-superDark dark:hover:decoration-superDark\/80 transition-all motion-reduce:transition-none appearance-none bg-transparent border-0 p-0 m-0 [td_&amp;]:table-cell align-baseline\" type=\"button\" data-state=\"closed\">Avantages<\/button><\/h2>\n<ul class=\"marker:text-textOff list-disc\">\n<li>\n<p class=\"my-0\"><strong><button class=\"hover:duration-80 duration-800 cursor-pointer text-left align-baseline inline underline decoration-textOff\/25 decoration-1 underline-offset-[5px] animate-underlineFade after:content-[&quot;&quot;] hover:text-super hover:decoration-super\/80 hover:underline-offset-[7px] dark:decoration-textOffDark\/30 dark:hover:text-superDark dark:hover:decoration-superDark\/80 transition-all motion-reduce:transition-none appearance-none bg-transparent border-0 p-0 m-0 [td_&amp;]:table-cell align-baseline\" type=\"button\" data-state=\"closed\">Stabilit\u00e9 exceptionnelle<\/button><\/strong>\u00a0: Maintien solide sans ballotement<\/p>\n<\/li>\n<li>\n<p class=\"my-0\"><strong><button class=\"hover:duration-80 duration-800 cursor-pointer text-left align-baseline inline underline decoration-textOff\/25 decoration-1 underline-offset-[5px] animate-underlineFade after:content-[&quot;&quot;] hover:text-super hover:decoration-super\/80 hover:underline-offset-[7px] dark:decoration-textOffDark\/30 dark:hover:text-superDark dark:hover:decoration-superDark\/80 transition-all motion-reduce:transition-none appearance-none bg-transparent border-0 p-0 m-0 [td_&amp;]:table-cell align-baseline\" type=\"button\" data-state=\"closed\">Praticit\u00e9<\/button><\/strong>\u00a0: Retrait rapide du sac \u00e9tanche sans d\u00e9monter le harnais<\/p>\n<\/li>\n<li>\n<p class=\"my-0\"><strong><button class=\"hover:duration-80 duration-800 cursor-pointer text-left align-baseline inline underline decoration-textOff\/25 decoration-1 underline-offset-[5px] animate-underlineFade after:content-[&quot;&quot;] hover:text-super hover:decoration-super\/80 hover:underline-offset-[7px] dark:decoration-textOffDark\/30 dark:hover:text-superDark dark:hover:decoration-superDark\/80 transition-all motion-reduce:transition-none appearance-none bg-transparent border-0 p-0 m-0 [td_&amp;]:table-cell align-baseline\" type=\"button\" data-state=\"closed\">Polyvalence<\/button><\/strong>\u00a0: S&rsquo;adapte \u00e0 la majorit\u00e9 des v\u00e9los<\/p>\n<\/li>\n<li>\n<p class=\"my-0\"><strong><button class=\"hover:duration-80 duration-800 cursor-pointer text-left align-baseline inline underline decoration-textOff\/25 decoration-1 underline-offset-[5px] animate-underlineFade after:content-[&quot;&quot;] hover:text-super hover:decoration-super\/80 hover:underline-offset-[7px] dark:decoration-textOffDark\/30 dark:hover:text-superDark dark:hover:decoration-superDark\/80 transition-all motion-reduce:transition-none appearance-none bg-transparent border-0 p-0 m-0 [td_&amp;]:table-cell align-baseline\" type=\"button\" data-state=\"closed\">Visibilit\u00e9<\/button><\/strong>\u00a0: Bandes r\u00e9fl\u00e9chissantes et possibilit\u00e9 d&rsquo;ajouter un \u00e9clairage<\/p>\n<\/li>\n<\/ul>\n<h2 class=\"mb-2 mt-6 text-lg font-[500] first:mt-3\"><button class=\"hover:duration-80 duration-800 cursor-pointer text-left align-baseline inline underline decoration-textOff\/25 decoration-1 underline-offset-[5px] animate-underlineFade after:content-[&quot;&quot;] hover:text-super hover:decoration-super\/80 hover:underline-offset-[7px] dark:decoration-textOffDark\/30 dark:hover:text-superDark dark:hover:decoration-superDark\/80 transition-all motion-reduce:transition-none appearance-none bg-transparent border-0 p-0 m-0 [td_&amp;]:table-cell align-baseline\" type=\"button\" data-state=\"closed\">Consid\u00e9rations<\/button><\/h2>\n<ul class=\"marker:text-textOff list-disc\">\n<li>\n<p class=\"my-0\"><strong><button class=\"hover:duration-80 duration-800 cursor-pointer text-left align-baseline inline underline decoration-textOff\/25 decoration-1 underline-offset-[5px] animate-underlineFade after:content-[&quot;&quot;] hover:text-super hover:decoration-super\/80 hover:underline-offset-[7px] dark:decoration-textOffDark\/30 dark:hover:text-superDark dark:hover:decoration-superDark\/80 transition-all motion-reduce:transition-none appearance-none bg-transparent border-0 p-0 m-0 [td_&amp;]:table-cell align-baseline\" type=\"button\" data-state=\"closed\">Poids total<\/button><\/strong>\u00a0: Environ 850 g pour l&rsquo;ensemble harnais et sac, ce qui peut \u00eatre optimis\u00e9<\/p>\n<\/li>\n<\/ul>\n<p>&nbsp;<\/p>\n<p><img decoding=\"async\" src=\"https:\/\/contents.mediadecathlon.com\/p2374920\/k$9f062f7f3aa5234a371abd744dfbd916\/sq\/harnais-sacoche-de-selle-bikepacking-advt-900.jpg?format=auto&amp;f=800x0\" alt=\"HARNAIS SACOCHE DE SELLE BIKEPACKING ADVT 900\" \/><\/p>\n<p>&nbsp;<\/p>\n<p>&nbsp;<\/p>","protected":false},"excerpt":{"rendered":"<p>Le HARNAIS SACOCHE DE SELLE BIKEPACKING ADVT 900 de Riverside est un accessoire de haute qualit\u00e9 con\u00e7u pour les cyclistes passionn\u00e9s de bikepacking et de longues aventures \u00e0 v\u00e9lo.<\/p>","protected":false},"featured_media":12463,"comment_status":"open","ping_status":"closed","template":"","meta":{"inline_featured_image":false},"product_cat":[184,183],"product_tag":[],"class_list":{"0":"post-3178","1":"product","2":"type-product","3":"status-publish","4":"has-post-thumbnail","6":"product_cat-accessoires-de-velo","7":"product_cat-accessories","9":"first","10":"instock","11":"taxable","12":"shipping-taxable","13":"purchasable","14":"product-type-simple"},"_links":{"self":[{"href":"https:\/\/mobilobike.com\/fr\/wp-json\/wp\/v2\/product\/3178","targetHints":{"allow":["GET"]}}],"collection":[{"href":"https:\/\/mobilobike.com\/fr\/wp-json\/wp\/v2\/product"}],"about":[{"href":"https:\/\/mobilobike.com\/fr\/wp-json\/wp\/v2\/types\/product"}],"replies":[{"embeddable":true,"href":"https:\/\/mobilobike.com\/fr\/wp-json\/wp\/v2\/comments?post=3178"}],"version-history":[{"count":1,"href":"https:\/\/mobilobike.com\/fr\/wp-json\/wp\/v2\/product\/3178\/revisions"}],"predecessor-version":[{"id":12464,"href":"https:\/\/mobilobike.com\/fr\/wp-json\/wp\/v2\/product\/3178\/revisions\/12464"}],"wp:featuredmedia":[{"embeddable":true,"href":"https:\/\/mobilobike.com\/fr\/wp-json\/wp\/v2\/media\/12463"}],"wp:attachment":[{"href":"https:\/\/mobilobike.com\/fr\/wp-json\/wp\/v2\/media?parent=3178"}],"wp:term":[{"taxonomy":"product_cat","embeddable":true,"href":"https:\/\/mobilobike.com\/fr\/wp-json\/wp\/v2\/product_cat?post=3178"},{"taxonomy":"product_tag","embeddable":true,"href":"https:\/\/mobilobike.com\/fr\/wp-json\/wp\/v2\/product_tag?post=3178"}],"curies":[{"name":"wp","href":"https:\/\/api.w.org\/{rel}","templated":true}]}}