{"id":3180,"date":"2025-02-24T10:28:09","date_gmt":"2025-02-24T10:28:09","guid":{"rendered":"https:\/\/mobilobike.com\/?post_type=product&#038;p=3180"},"modified":"2025-07-08T18:31:36","modified_gmt":"2025-07-08T18:31:36","slug":"pompe-a-pied-velo-500","status":"publish","type":"product","link":"https:\/\/mobilobike.com\/fr\/produit\/pompe-a-pied-velo-500\/","title":{"rendered":"POMPE A PIED VELO 500"},"content":{"rendered":"<h2>La POMPE A PIED VELO 500<\/h2>\n<p class=\"my-0\">La POMPE A PIED VELO 500 est un accessoire essentiel pour tout cycliste passionn\u00e9, offrant un excellent rapport qualit\u00e9-prix et des fonctionnalit\u00e9s pratiques pour un gonflage pr\u00e9cis et efficace de vos pneus.<\/p>\n<h2 class=\"mb-2 mt-6 text-lg font-[500] first:mt-3\"><button class=\"hover:duration-80 duration-800 cursor-pointer text-left align-baseline inline underline decoration-textOff\/25 decoration-1 underline-offset-[5px] animate-underlineFade after:content-[&quot;&quot;] hover:text-super hover:decoration-super\/80 hover:underline-offset-[7px] dark:decoration-textOffDark\/30 dark:hover:text-superDark dark:hover:decoration-superDark\/80 transition-all motion-reduce:transition-none appearance-none bg-transparent border-0 p-0 m-0 [td_&amp;]:table-cell align-baseline\" type=\"button\" data-state=\"closed\">Caract\u00e9ristiques Principales<\/button><\/h2>\n<ul class=\"marker:text-textOff list-disc\">\n<li>\n<p class=\"my-0\"><strong><button class=\"hover:duration-80 duration-800 cursor-pointer text-left align-baseline inline underline decoration-textOff\/25 decoration-1 underline-offset-[5px] animate-underlineFade after:content-[&quot;&quot;] hover:text-super hover:decoration-super\/80 hover:underline-offset-[7px] dark:decoration-textOffDark\/30 dark:hover:text-superDark dark:hover:decoration-superDark\/80 transition-all motion-reduce:transition-none appearance-none bg-transparent border-0 p-0 m-0 [td_&amp;]:table-cell align-baseline\" type=\"button\" data-state=\"closed\">Pression maximale<\/button><\/strong>\u00a0: 8 bars \/ 116 PSI<\/p>\n<\/li>\n<li>\n<p class=\"my-0\"><strong><button class=\"hover:duration-80 duration-800 cursor-pointer text-left align-baseline inline underline decoration-textOff\/25 decoration-1 underline-offset-[5px] animate-underlineFade after:content-[&quot;&quot;] hover:text-super hover:decoration-super\/80 hover:underline-offset-[7px] dark:decoration-textOffDark\/30 dark:hover:text-superDark dark:hover:decoration-superDark\/80 transition-all motion-reduce:transition-none appearance-none bg-transparent border-0 p-0 m-0 [td_&amp;]:table-cell align-baseline\" type=\"button\" data-state=\"closed\">Poids<\/button><\/strong>\u00a0: 752 g<\/p>\n<\/li>\n<li>\n<p class=\"my-0\"><strong><button class=\"hover:duration-80 duration-800 cursor-pointer text-left align-baseline inline underline decoration-textOff\/25 decoration-1 underline-offset-[5px] animate-underlineFade after:content-[&quot;&quot;] hover:text-super hover:decoration-super\/80 hover:underline-offset-[7px] dark:decoration-textOffDark\/30 dark:hover:text-superDark dark:hover:decoration-superDark\/80 transition-all motion-reduce:transition-none appearance-none bg-transparent border-0 p-0 m-0 [td_&amp;]:table-cell align-baseline\" type=\"button\" data-state=\"closed\">Hauteur<\/button><\/strong>\u00a0: 61 cm<\/p>\n<\/li>\n<li>\n<p class=\"my-0\"><strong><button class=\"hover:duration-80 duration-800 cursor-pointer text-left align-baseline inline underline decoration-textOff\/25 decoration-1 underline-offset-[5px] animate-underlineFade after:content-[&quot;&quot;] hover:text-super hover:decoration-super\/80 hover:underline-offset-[7px] dark:decoration-textOffDark\/30 dark:hover:text-superDark dark:hover:decoration-superDark\/80 transition-all motion-reduce:transition-none appearance-none bg-transparent border-0 p-0 m-0 [td_&amp;]:table-cell align-baseline\" type=\"button\" data-state=\"closed\">Compatibilit\u00e9<\/button><\/strong>\u00a0: Valves Presta, Schrader et Dunlop<\/p>\n<\/li>\n<\/ul>\n<h2 class=\"mb-2 mt-6 text-lg font-[500] first:mt-3\"><button class=\"hover:duration-80 duration-800 cursor-pointer text-left align-baseline inline underline decoration-textOff\/25 decoration-1 underline-offset-[5px] animate-underlineFade after:content-[&quot;&quot;] hover:text-super hover:decoration-super\/80 hover:underline-offset-[7px] dark:decoration-textOffDark\/30 dark:hover:text-superDark dark:hover:decoration-superDark\/80 transition-all motion-reduce:transition-none appearance-none bg-transparent border-0 p-0 m-0 [td_&amp;]:table-cell align-baseline\" type=\"button\" data-state=\"closed\">Fonctionnalit\u00e9s Avanc\u00e9es<\/button><\/h2>\n<ul class=\"marker:text-textOff list-disc\">\n<li>\n<p class=\"my-0\"><strong><button class=\"hover:duration-80 duration-800 cursor-pointer text-left align-baseline inline underline decoration-textOff\/25 decoration-1 underline-offset-[5px] animate-underlineFade after:content-[&quot;&quot;] hover:text-super hover:decoration-super\/80 hover:underline-offset-[7px] dark:decoration-textOffDark\/30 dark:hover:text-superDark dark:hover:decoration-superDark\/80 transition-all motion-reduce:transition-none appearance-none bg-transparent border-0 p-0 m-0 [td_&amp;]:table-cell align-baseline\" type=\"button\" data-state=\"closed\">Manom\u00e8tre int\u00e9gr\u00e9<\/button><\/strong>\u00a0: Pour un gonflage pr\u00e9cis<\/p>\n<\/li>\n<li>\n<p class=\"my-0\"><strong><button class=\"hover:duration-80 duration-800 cursor-pointer text-left align-baseline inline underline decoration-textOff\/25 decoration-1 underline-offset-[5px] animate-underlineFade after:content-[&quot;&quot;] hover:text-super hover:decoration-super\/80 hover:underline-offset-[7px] dark:decoration-textOffDark\/30 dark:hover:text-superDark dark:hover:decoration-superDark\/80 transition-all motion-reduce:transition-none appearance-none bg-transparent border-0 p-0 m-0 [td_&amp;]:table-cell align-baseline\" type=\"button\" data-state=\"closed\">Double pied<\/button><\/strong>\u00a0: Assure une stabilit\u00e9 optimale pendant l&rsquo;utilisation<\/p>\n<\/li>\n<li>\n<p class=\"my-0\"><strong><button class=\"hover:duration-80 duration-800 cursor-pointer text-left align-baseline inline underline decoration-textOff\/25 decoration-1 underline-offset-[5px] animate-underlineFade after:content-[&quot;&quot;] hover:text-super hover:decoration-super\/80 hover:underline-offset-[7px] dark:decoration-textOffDark\/30 dark:hover:text-superDark dark:hover:decoration-superDark\/80 transition-all motion-reduce:transition-none appearance-none bg-transparent border-0 p-0 m-0 [td_&amp;]:table-cell align-baseline\" type=\"button\" data-state=\"closed\">T\u00eate de gonflage universelle<\/button><\/strong>\u00a0: S&rsquo;adapte \u00e0 tous les types de valves<\/p>\n<\/li>\n<li>\n<p class=\"my-0\"><strong><button class=\"hover:duration-80 duration-800 cursor-pointer text-left align-baseline inline underline decoration-textOff\/25 decoration-1 underline-offset-[5px] animate-underlineFade after:content-[&quot;&quot;] hover:text-super hover:decoration-super\/80 hover:underline-offset-[7px] dark:decoration-textOffDark\/30 dark:hover:text-superDark dark:hover:decoration-superDark\/80 transition-all motion-reduce:transition-none appearance-none bg-transparent border-0 p-0 m-0 [td_&amp;]:table-cell align-baseline\" type=\"button\" data-state=\"closed\">Levier de verrouillage<\/button><\/strong>\u00a0: Pour une connexion s\u00e9curis\u00e9e \u00e0 la valve<\/p>\n<\/li>\n<\/ul>\n<h2 class=\"mb-2 mt-6 text-lg font-[500] first:mt-3\"><button class=\"hover:duration-80 duration-800 cursor-pointer text-left align-baseline inline underline decoration-textOff\/25 decoration-1 underline-offset-[5px] animate-underlineFade after:content-[&quot;&quot;] hover:text-super hover:decoration-super\/80 hover:underline-offset-[7px] dark:decoration-textOffDark\/30 dark:hover:text-superDark dark:hover:decoration-superDark\/80 transition-all motion-reduce:transition-none appearance-none bg-transparent border-0 p-0 m-0 [td_&amp;]:table-cell align-baseline\" type=\"button\" data-state=\"closed\">Avantages<\/button><\/h2>\n<ul class=\"marker:text-textOff list-disc\">\n<li>\n<p class=\"my-0\"><strong><button class=\"hover:duration-80 duration-800 cursor-pointer text-left align-baseline inline underline decoration-textOff\/25 decoration-1 underline-offset-[5px] animate-underlineFade after:content-[&quot;&quot;] hover:text-super hover:decoration-super\/80 hover:underline-offset-[7px] dark:decoration-textOffDark\/30 dark:hover:text-superDark dark:hover:decoration-superDark\/80 transition-all motion-reduce:transition-none appearance-none bg-transparent border-0 p-0 m-0 [td_&amp;]:table-cell align-baseline\" type=\"button\" data-state=\"closed\">Polyvalence<\/button><\/strong>\u00a0: Convient \u00e0 tous les types de v\u00e9los (VTT, route, ville)<\/p>\n<\/li>\n<li>\n<p class=\"my-0\"><strong><button class=\"hover:duration-80 duration-800 cursor-pointer text-left align-baseline inline underline decoration-textOff\/25 decoration-1 underline-offset-[5px] animate-underlineFade after:content-[&quot;&quot;] hover:text-super hover:decoration-super\/80 hover:underline-offset-[7px] dark:decoration-textOffDark\/30 dark:hover:text-superDark dark:hover:decoration-superDark\/80 transition-all motion-reduce:transition-none appearance-none bg-transparent border-0 p-0 m-0 [td_&amp;]:table-cell align-baseline\" type=\"button\" data-state=\"closed\">Facilit\u00e9 d&rsquo;utilisation<\/button><\/strong>\u00a0: Syst\u00e8me de connexion simple avec levier de clipsage rouge<\/p>\n<\/li>\n<li>\n<p class=\"my-0\"><strong><button class=\"hover:duration-80 duration-800 cursor-pointer text-left align-baseline inline underline decoration-textOff\/25 decoration-1 underline-offset-[5px] animate-underlineFade after:content-[&quot;&quot;] hover:text-super hover:decoration-super\/80 hover:underline-offset-[7px] dark:decoration-textOffDark\/30 dark:hover:text-superDark dark:hover:decoration-superDark\/80 transition-all motion-reduce:transition-none appearance-none bg-transparent border-0 p-0 m-0 [td_&amp;]:table-cell align-baseline\" type=\"button\" data-state=\"closed\">Pr\u00e9cision<\/button><\/strong>\u00a0: Manom\u00e8tre \u00e0 aiguille pour un contr\u00f4le exact de la pression<button class=\"hover:duration-80 duration-800 cursor-pointer text-left align-baseline inline underline decoration-textOff\/25 decoration-1 underline-offset-[5px] animate-underlineFade after:content-[&quot;&quot;] hover:text-super hover:decoration-super\/80 hover:underline-offset-[7px] dark:decoration-textOffDark\/30 dark:hover:text-superDark dark:hover:decoration-superDark\/80 transition-all motion-reduce:transition-none appearance-none bg-transparent border-0 p-0 m-0 [td_&amp;]:table-cell align-baseline\" type=\"button\" data-state=\"closed\"><\/button><\/p>\n<\/li>\n<li>\n<p class=\"my-0\"><strong><button class=\"hover:duration-80 duration-800 cursor-pointer text-left align-baseline inline underline decoration-textOff\/25 decoration-1 underline-offset-[5px] animate-underlineFade after:content-[&quot;&quot;] hover:text-super hover:decoration-super\/80 hover:underline-offset-[7px] dark:decoration-textOffDark\/30 dark:hover:text-superDark dark:hover:decoration-superDark\/80 transition-all motion-reduce:transition-none appearance-none bg-transparent border-0 p-0 m-0 [td_&amp;]:table-cell align-baseline\" type=\"button\" data-state=\"closed\">Stabilit\u00e9<\/button><\/strong>\u00a0: Base large pour un gonflage sans effort<\/p>\n<\/li>\n<\/ul>\n<h2 class=\"mb-2 mt-6 text-lg font-[500] first:mt-3\"><button class=\"hover:duration-80 duration-800 cursor-pointer text-left align-baseline inline underline decoration-textOff\/25 decoration-1 underline-offset-[5px] animate-underlineFade after:content-[&quot;&quot;] hover:text-super hover:decoration-super\/80 hover:underline-offset-[7px] dark:decoration-textOffDark\/30 dark:hover:text-superDark dark:hover:decoration-superDark\/80 transition-all motion-reduce:transition-none appearance-none bg-transparent border-0 p-0 m-0 [td_&amp;]:table-cell align-baseline\" type=\"button\" data-state=\"closed\">Consid\u00e9rations<\/button><\/h2>\n<ul class=\"marker:text-textOff list-disc\">\n<li>\n<p class=\"my-0\"><strong><button class=\"hover:duration-80 duration-800 cursor-pointer text-left align-baseline inline underline decoration-textOff\/25 decoration-1 underline-offset-[5px] animate-underlineFade after:content-[&quot;&quot;] hover:text-super hover:decoration-super\/80 hover:underline-offset-[7px] dark:decoration-textOffDark\/30 dark:hover:text-superDark dark:hover:decoration-superDark\/80 transition-all motion-reduce:transition-none appearance-none bg-transparent border-0 p-0 m-0 [td_&amp;]:table-cell align-baseline\" type=\"button\" data-state=\"closed\">Utilisation recommand\u00e9e<\/button><\/strong>\u00a0: Id\u00e9ale pour un usage \u00e0 domicile ou en atelier<\/p>\n<\/li>\n<li>\n<p class=\"my-0\"><strong><button class=\"hover:duration-80 duration-800 cursor-pointer text-left align-baseline inline underline decoration-textOff\/25 decoration-1 underline-offset-[5px] animate-underlineFade after:content-[&quot;&quot;] hover:text-super hover:decoration-super\/80 hover:underline-offset-[7px] dark:decoration-textOffDark\/30 dark:hover:text-superDark dark:hover:decoration-superDark\/80 transition-all motion-reduce:transition-none appearance-none bg-transparent border-0 p-0 m-0 [td_&amp;]:table-cell align-baseline\" type=\"button\" data-state=\"closed\">Transport<\/button><\/strong>\u00a0: Moins adapt\u00e9e aux d\u00e9placements en raison de sa taille<\/p>\n<\/li>\n<\/ul>\n<p>&nbsp;<\/p>\n<p><img decoding=\"async\" src=\"https:\/\/contents.mediadecathlon.com\/p1499542\/k$a411e29c01d6927a76dea71a90233357\/sq\/pompe-a-pied-velo-500.jpg?format=auto&amp;f=800x0\" alt=\"POMPE A PIED  VELO 500\" \/><\/p>\n<p>&nbsp;<\/p>\n<p><img decoding=\"async\" src=\"https:\/\/contents.mediadecathlon.com\/p1881555\/k$f525d2c41c3f6277355788992be2e51f\/sq\/pompe-a-pied-velo-500.jpg?format=auto&amp;f=800x0\" alt=\"POMPE A PIED  VELO 500\" \/><\/p>","protected":false},"excerpt":{"rendered":"<p>La POMPE A PIED VELO 500 est un accessoire essentiel pour tout cycliste passionn\u00e9, offrant un excellent rapport qualit\u00e9-prix et des fonctionnalit\u00e9s pratiques pour un gonflage pr\u00e9cis et efficace de vos pneus.<\/p>","protected":false},"featured_media":12465,"comment_status":"open","ping_status":"closed","template":"","meta":{"inline_featured_image":false},"product_cat":[184,183],"product_tag":[],"class_list":{"0":"post-3180","1":"product","2":"type-product","3":"status-publish","4":"has-post-thumbnail","6":"product_cat-accessoires-de-velo","7":"product_cat-accessories","9":"first","10":"instock","11":"taxable","12":"shipping-taxable","13":"purchasable","14":"product-type-simple"},"_links":{"self":[{"href":"https:\/\/mobilobike.com\/fr\/wp-json\/wp\/v2\/product\/3180","targetHints":{"allow":["GET"]}}],"collection":[{"href":"https:\/\/mobilobike.com\/fr\/wp-json\/wp\/v2\/product"}],"about":[{"href":"https:\/\/mobilobike.com\/fr\/wp-json\/wp\/v2\/types\/product"}],"replies":[{"embeddable":true,"href":"https:\/\/mobilobike.com\/fr\/wp-json\/wp\/v2\/comments?post=3180"}],"version-history":[{"count":1,"href":"https:\/\/mobilobike.com\/fr\/wp-json\/wp\/v2\/product\/3180\/revisions"}],"predecessor-version":[{"id":12466,"href":"https:\/\/mobilobike.com\/fr\/wp-json\/wp\/v2\/product\/3180\/revisions\/12466"}],"wp:featuredmedia":[{"embeddable":true,"href":"https:\/\/mobilobike.com\/fr\/wp-json\/wp\/v2\/media\/12465"}],"wp:attachment":[{"href":"https:\/\/mobilobike.com\/fr\/wp-json\/wp\/v2\/media?parent=3180"}],"wp:term":[{"taxonomy":"product_cat","embeddable":true,"href":"https:\/\/mobilobike.com\/fr\/wp-json\/wp\/v2\/product_cat?post=3180"},{"taxonomy":"product_tag","embeddable":true,"href":"https:\/\/mobilobike.com\/fr\/wp-json\/wp\/v2\/product_tag?post=3180"}],"curies":[{"name":"wp","href":"https:\/\/api.w.org\/{rel}","templated":true}]}}