{"id":3191,"date":"2025-02-24T18:15:23","date_gmt":"2025-02-24T18:15:23","guid":{"rendered":"https:\/\/mobilobike.com\/?post_type=product&#038;p=3191"},"modified":"2025-07-08T18:31:39","modified_gmt":"2025-07-08T18:31:39","slug":"batterie-velo-bosch-powerpack-500","status":"publish","type":"product","link":"https:\/\/mobilobike.com\/fr\/produit\/batterie-velo-bosch-powerpack-500\/","title":{"rendered":"Batterie v\u00e9lo Bosch PowerPack 500 Wh"},"content":{"rendered":"<h2>La Batterie v\u00e9lo Bosch PowerPack 500<\/h2>\n<p class=\"my-0\">La Batterie v\u00e9lo Bosch PowerPack 500 est une solution de haute performance pour les cyclistes exigeants, offrant une autonomie et une fiabilit\u00e9 exceptionnelles.<\/p>\n<h2 class=\"mb-2 mt-6 text-lg font-[500] first:mt-3\"><button class=\"hover:duration-80 duration-800 cursor-pointer text-left align-baseline inline underline decoration-textOff\/25 decoration-1 underline-offset-[5px] animate-underlineFade after:content-[&quot;&quot;] hover:text-super hover:decoration-super\/80 hover:underline-offset-[7px] dark:decoration-textOffDark\/30 dark:hover:text-superDark dark:hover:decoration-superDark\/80 transition-all motion-reduce:transition-none appearance-none bg-transparent border-0 p-0 m-0 [td_&amp;]:table-cell align-baseline\" type=\"button\" data-state=\"closed\">Caract\u00e9ristiques Principales<\/button><\/h2>\n<ul class=\"marker:text-textOff list-disc\">\n<li>\n<p class=\"my-0\"><strong><button class=\"hover:duration-80 duration-800 cursor-pointer text-left align-baseline inline underline decoration-textOff\/25 decoration-1 underline-offset-[5px] animate-underlineFade after:content-[&quot;&quot;] hover:text-super hover:decoration-super\/80 hover:underline-offset-[7px] dark:decoration-textOffDark\/30 dark:hover:text-superDark dark:hover:decoration-superDark\/80 transition-all motion-reduce:transition-none appearance-none bg-transparent border-0 p-0 m-0 [td_&amp;]:table-cell align-baseline\" type=\"button\" data-state=\"closed\">Capacit\u00e9<\/button><\/strong>\u00a0: 500 Wh (36V, 13.4-13.6Ah)<\/p>\n<\/li>\n<li>\n<p class=\"my-0\"><strong><button class=\"hover:duration-80 duration-800 cursor-pointer text-left align-baseline inline underline decoration-textOff\/25 decoration-1 underline-offset-[5px] animate-underlineFade after:content-[&quot;&quot;] hover:text-super hover:decoration-super\/80 hover:underline-offset-[7px] dark:decoration-textOffDark\/30 dark:hover:text-superDark dark:hover:decoration-superDark\/80 transition-all motion-reduce:transition-none appearance-none bg-transparent border-0 p-0 m-0 [td_&amp;]:table-cell align-baseline\" type=\"button\" data-state=\"closed\">Poids<\/button><\/strong>\u00a0: 2.6-2.8 kg<\/p>\n<\/li>\n<li>\n<p class=\"my-0\"><strong><button class=\"hover:duration-80 duration-800 cursor-pointer text-left align-baseline inline underline decoration-textOff\/25 decoration-1 underline-offset-[5px] animate-underlineFade after:content-[&quot;&quot;] hover:text-super hover:decoration-super\/80 hover:underline-offset-[7px] dark:decoration-textOffDark\/30 dark:hover:text-superDark dark:hover:decoration-superDark\/80 transition-all motion-reduce:transition-none appearance-none bg-transparent border-0 p-0 m-0 [td_&amp;]:table-cell align-baseline\" type=\"button\" data-state=\"closed\">Dimensions<\/button><\/strong>\u00a0: 325 x 92 x 82 mm (LxlxH)<\/p>\n<\/li>\n<li>\n<p class=\"my-0\"><strong><button class=\"hover:duration-80 duration-800 cursor-pointer text-left align-baseline inline underline decoration-textOff\/25 decoration-1 underline-offset-[5px] animate-underlineFade after:content-[&quot;&quot;] hover:text-super hover:decoration-super\/80 hover:underline-offset-[7px] dark:decoration-textOffDark\/30 dark:hover:text-superDark dark:hover:decoration-superDark\/80 transition-all motion-reduce:transition-none appearance-none bg-transparent border-0 p-0 m-0 [td_&amp;]:table-cell align-baseline\" type=\"button\" data-state=\"closed\">Autonomie<\/button><\/strong>\u00a0: 60-100 km en moyenne, selon les conditions d&rsquo;utilisation<\/p>\n<\/li>\n<li>\n<p class=\"my-0\"><strong><button class=\"hover:duration-80 duration-800 cursor-pointer text-left align-baseline inline underline decoration-textOff\/25 decoration-1 underline-offset-[5px] animate-underlineFade after:content-[&quot;&quot;] hover:text-super hover:decoration-super\/80 hover:underline-offset-[7px] dark:decoration-textOffDark\/30 dark:hover:text-superDark dark:hover:decoration-superDark\/80 transition-all motion-reduce:transition-none appearance-none bg-transparent border-0 p-0 m-0 [td_&amp;]:table-cell align-baseline\" type=\"button\" data-state=\"closed\">Temps de charge<\/button><\/strong>\u00a0: 4h30 pour une charge compl\u00e8te, 1.7h pour 50% avec un chargeur standard<\/p>\n<\/li>\n<\/ul>\n<h2 class=\"mb-2 mt-6 text-lg font-[500] first:mt-3\"><button class=\"hover:duration-80 duration-800 cursor-pointer text-left align-baseline inline underline decoration-textOff\/25 decoration-1 underline-offset-[5px] animate-underlineFade after:content-[&quot;&quot;] hover:text-super hover:decoration-super\/80 hover:underline-offset-[7px] dark:decoration-textOffDark\/30 dark:hover:text-superDark dark:hover:decoration-superDark\/80 transition-all motion-reduce:transition-none appearance-none bg-transparent border-0 p-0 m-0 [td_&amp;]:table-cell align-baseline\" type=\"button\" data-state=\"closed\">Avantages<\/button><\/h2>\n<ul class=\"marker:text-textOff list-disc\">\n<li>\n<p class=\"my-0\"><strong><button class=\"hover:duration-80 duration-800 cursor-pointer text-left align-baseline inline underline decoration-textOff\/25 decoration-1 underline-offset-[5px] animate-underlineFade after:content-[&quot;&quot;] hover:text-super hover:decoration-super\/80 hover:underline-offset-[7px] dark:decoration-textOffDark\/30 dark:hover:text-superDark dark:hover:decoration-superDark\/80 transition-all motion-reduce:transition-none appearance-none bg-transparent border-0 p-0 m-0 [td_&amp;]:table-cell align-baseline\" type=\"button\" data-state=\"closed\">Haute performance<\/button><\/strong>\u00a0: Id\u00e9ale pour VTT \u00e9lectrique, usage quotidien et sorties moyennes distances<\/p>\n<\/li>\n<li>\n<p class=\"my-0\"><strong><button class=\"hover:duration-80 duration-800 cursor-pointer text-left align-baseline inline underline decoration-textOff\/25 decoration-1 underline-offset-[5px] animate-underlineFade after:content-[&quot;&quot;] hover:text-super hover:decoration-super\/80 hover:underline-offset-[7px] dark:decoration-textOffDark\/30 dark:hover:text-superDark dark:hover:decoration-superDark\/80 transition-all motion-reduce:transition-none appearance-none bg-transparent border-0 p-0 m-0 [td_&amp;]:table-cell align-baseline\" type=\"button\" data-state=\"closed\">Fiabilit\u00e9<\/button><\/strong>\u00a0: Technologie lithium-ion sans effet m\u00e9moire<\/p>\n<\/li>\n<li>\n<p class=\"my-0\"><strong><button class=\"hover:duration-80 duration-800 cursor-pointer text-left align-baseline inline underline decoration-textOff\/25 decoration-1 underline-offset-[5px] animate-underlineFade after:content-[&quot;&quot;] hover:text-super hover:decoration-super\/80 hover:underline-offset-[7px] dark:decoration-textOffDark\/30 dark:hover:text-superDark dark:hover:decoration-superDark\/80 transition-all motion-reduce:transition-none appearance-none bg-transparent border-0 p-0 m-0 [td_&amp;]:table-cell align-baseline\" type=\"button\" data-state=\"closed\">Polyvalence<\/button><\/strong>\u00a0: Compatible avec de nombreux moteurs Bosch depuis 2014<\/p>\n<\/li>\n<li>\n<p class=\"my-0\"><strong><button class=\"hover:duration-80 duration-800 cursor-pointer text-left align-baseline inline underline decoration-textOff\/25 decoration-1 underline-offset-[5px] animate-underlineFade after:content-[&quot;&quot;] hover:text-super hover:decoration-super\/80 hover:underline-offset-[7px] dark:decoration-textOffDark\/30 dark:hover:text-superDark dark:hover:decoration-superDark\/80 transition-all motion-reduce:transition-none appearance-none bg-transparent border-0 p-0 m-0 [td_&amp;]:table-cell align-baseline\" type=\"button\" data-state=\"closed\">S\u00e9curit\u00e9<\/button><\/strong>\u00a0: Circuit de protection int\u00e9gr\u00e9 contre surcharges, surchauffes et courts-circuits<\/p>\n<\/li>\n<\/ul>\n<h2 class=\"mb-2 mt-6 text-lg font-[500] first:mt-3\"><button class=\"hover:duration-80 duration-800 cursor-pointer text-left align-baseline inline underline decoration-textOff\/25 decoration-1 underline-offset-[5px] animate-underlineFade after:content-[&quot;&quot;] hover:text-super hover:decoration-super\/80 hover:underline-offset-[7px] dark:decoration-textOffDark\/30 dark:hover:text-superDark dark:hover:decoration-superDark\/80 transition-all motion-reduce:transition-none appearance-none bg-transparent border-0 p-0 m-0 [td_&amp;]:table-cell align-baseline\" type=\"button\" data-state=\"closed\">Compatibilit\u00e9<\/button><\/h2>\n<p class=\"my-0\">Compatible avec les moteurs Bosch :<\/p>\n<ul class=\"marker:text-textOff list-disc\">\n<li>\n<p class=\"my-0\">Active Line et Active Line Plus<\/p>\n<\/li>\n<li>\n<p class=\"my-0\">Performance Line et Performance Line CX<\/p>\n<\/li>\n<li>\n<p class=\"my-0\">Cargo Line \/ Speed<\/p>\n<\/li>\n<\/ul>\n<h2 class=\"mb-2 mt-6 text-lg font-[500] first:mt-3\"><button class=\"hover:duration-80 duration-800 cursor-pointer text-left align-baseline inline underline decoration-textOff\/25 decoration-1 underline-offset-[5px] animate-underlineFade after:content-[&quot;&quot;] hover:text-super hover:decoration-super\/80 hover:underline-offset-[7px] dark:decoration-textOffDark\/30 dark:hover:text-superDark dark:hover:decoration-superDark\/80 transition-all motion-reduce:transition-none appearance-none bg-transparent border-0 p-0 m-0 [td_&amp;]:table-cell align-baseline\" type=\"button\" data-state=\"closed\">Consid\u00e9rations d&rsquo;Achat<\/button><\/h2>\n<ul class=\"marker:text-textOff list-disc\">\n<li>\n<p class=\"my-0\"><strong><button class=\"hover:duration-80 duration-800 cursor-pointer text-left align-baseline inline underline decoration-textOff\/25 decoration-1 underline-offset-[5px] animate-underlineFade after:content-[&quot;&quot;] hover:text-super hover:decoration-super\/80 hover:underline-offset-[7px] dark:decoration-textOffDark\/30 dark:hover:text-superDark dark:hover:decoration-superDark\/80 transition-all motion-reduce:transition-none appearance-none bg-transparent border-0 p-0 m-0 [td_&amp;]:table-cell align-baseline\" type=\"button\" data-state=\"closed\">Installation<\/button><\/strong>\u00a0: Se fixe sur le cadre ou le porte-bagages selon le mod\u00e8le<\/p>\n<\/li>\n<li>\n<p class=\"my-0\"><strong><button class=\"hover:duration-80 duration-800 cursor-pointer text-left align-baseline inline underline decoration-textOff\/25 decoration-1 underline-offset-[5px] animate-underlineFade after:content-[&quot;&quot;] hover:text-super hover:decoration-super\/80 hover:underline-offset-[7px] dark:decoration-textOffDark\/30 dark:hover:text-superDark dark:hover:decoration-superDark\/80 transition-all motion-reduce:transition-none appearance-none bg-transparent border-0 p-0 m-0 [td_&amp;]:table-cell align-baseline\" type=\"button\" data-state=\"closed\">Durabilit\u00e9<\/button><\/strong>\u00a0: 500-600 cycles de charge<\/p>\n<\/li>\n<li>\n<p class=\"my-0\"><strong><button class=\"hover:duration-80 duration-800 cursor-pointer text-left align-baseline inline underline decoration-textOff\/25 decoration-1 underline-offset-[5px] animate-underlineFade after:content-[&quot;&quot;] hover:text-super hover:decoration-super\/80 hover:underline-offset-[7px] dark:decoration-textOffDark\/30 dark:hover:text-superDark dark:hover:decoration-superDark\/80 transition-all motion-reduce:transition-none appearance-none bg-transparent border-0 p-0 m-0 [td_&amp;]:table-cell align-baseline\" type=\"button\" data-state=\"closed\">Chargeurs compatibles<\/button><\/strong>\u00a0: Standard 4Ah, Compact 2Ah, Rapide 6Ah<\/p>\n<\/li>\n<\/ul>\n<p class=\"my-0\">La Batterie Bosch PowerPack 500 offre un excellent compromis entre puissance, autonomie et poids, la rendant id\u00e9ale pour les cyclistes cherchant des performances optimales pour leurs trajets quotidiens ou leurs aventures sportives.<\/p>\n<h2><strong>Quand charger sa batterie ?<\/strong><\/h2>\n<p dir=\"ltr\">La batterie Bosch PowerPack 500 n\u2019a pas d&rsquo;effet m\u00e9moire et peut \u00eatre recharg\u00e9e \u00e0 tout moment, quel que soit son \u00e9tat de charge !<\/p>\n<p dir=\"ltr\"><strong>Temps de charge<\/strong><\/p>\n<p dir=\"ltr\">Il vous faudra patienter 4h30 pour effectuer le chargement complet de votre PowerPack 500 avec un chargeur standard et 2h environ pour charger votre batterie lithium-ion \u00e0 moiti\u00e9.<\/p>\n<p dir=\"ltr\">Avec le chargeur rapide Bosch, la recharge compl\u00e8te s&rsquo;effectuera en seulement en 3h.<\/p>\n<p dir=\"ltr\"><strong>Les chargeurs adapt\u00e9s<\/strong><\/p>\n<p>La batterie Bosch PowerPack 500 peut se recharger avec le\u00a0<strong>c<\/strong><strong>hargeur Bosch Standard 4Ah<\/strong>.<\/p>\n<p dir=\"ltr\">Pour un chargeur facile \u00e0 transporter, orientez-vous vers le\u00a0<strong>c<\/strong><strong>hargeur Bosch Compact 2Ah<\/strong>\u00a0qui est 40% plus l\u00e9ger que le standard !<\/p>\n<p dir=\"ltr\">Pour une recharge rapide \u00e0 100% en seulement 3h, le\u00a0<strong>c<\/strong><strong>hargeur Bosch Rapide 6Ah<\/strong>\u00a0saura vous combler.<\/p>\n<p dir=\"ltr\">Si vous \u00eates encore en possession du chargeur d&rsquo;origine Bosch, celui-ci reste compatible avec votre nouvelle batterie Bosch PowerPack 500.<\/p>","protected":false},"excerpt":{"rendered":"<p>La Batterie v\u00e9lo Bosch PowerPack 500 est une solution de haute performance pour les cyclistes exigeants, offrant une autonomie et une fiabilit\u00e9 exceptionnelles.<\/p>","protected":false},"featured_media":12467,"comment_status":"open","ping_status":"closed","template":"","meta":{"inline_featured_image":false},"product_cat":[184,183],"product_tag":[],"class_list":{"0":"post-3191","1":"product","2":"type-product","3":"status-publish","4":"has-post-thumbnail","6":"product_cat-accessoires-de-velo","7":"product_cat-accessories","9":"first","10":"instock","11":"taxable","12":"shipping-taxable","13":"purchasable","14":"product-type-simple"},"_links":{"self":[{"href":"https:\/\/mobilobike.com\/fr\/wp-json\/wp\/v2\/product\/3191","targetHints":{"allow":["GET"]}}],"collection":[{"href":"https:\/\/mobilobike.com\/fr\/wp-json\/wp\/v2\/product"}],"about":[{"href":"https:\/\/mobilobike.com\/fr\/wp-json\/wp\/v2\/types\/product"}],"replies":[{"embeddable":true,"href":"https:\/\/mobilobike.com\/fr\/wp-json\/wp\/v2\/comments?post=3191"}],"version-history":[{"count":1,"href":"https:\/\/mobilobike.com\/fr\/wp-json\/wp\/v2\/product\/3191\/revisions"}],"predecessor-version":[{"id":12468,"href":"https:\/\/mobilobike.com\/fr\/wp-json\/wp\/v2\/product\/3191\/revisions\/12468"}],"wp:featuredmedia":[{"embeddable":true,"href":"https:\/\/mobilobike.com\/fr\/wp-json\/wp\/v2\/media\/12467"}],"wp:attachment":[{"href":"https:\/\/mobilobike.com\/fr\/wp-json\/wp\/v2\/media?parent=3191"}],"wp:term":[{"taxonomy":"product_cat","embeddable":true,"href":"https:\/\/mobilobike.com\/fr\/wp-json\/wp\/v2\/product_cat?post=3191"},{"taxonomy":"product_tag","embeddable":true,"href":"https:\/\/mobilobike.com\/fr\/wp-json\/wp\/v2\/product_tag?post=3191"}],"curies":[{"name":"wp","href":"https:\/\/api.w.org\/{rel}","templated":true}]}}