{"id":3196,"date":"2025-02-24T19:05:08","date_gmt":"2025-02-24T19:05:08","guid":{"rendered":"https:\/\/mobilobike.com\/?post_type=product&#038;p=3196"},"modified":"2025-07-08T18:31:40","modified_gmt":"2025-07-08T18:31:40","slug":"batterie-velo-compatible-bosch-powertube-511-wh","status":"publish","type":"product","link":"https:\/\/mobilobike.com\/fr\/produit\/batterie-velo-compatible-bosch-powertube-511-wh\/","title":{"rendered":"Batterie v\u00e9lo compatible Bosch PowerTube 511 Wh"},"content":{"rendered":"<h2>La Batterie v\u00e9lo compatible Bosch PowerTube 511 Wh<\/h2>\n<p class=\"my-0\">La Batterie v\u00e9lo compatible Bosch PowerTube 511 Wh est une alternative performante et \u00e9conomique pour les v\u00e9los \u00e9lectriques \u00e9quip\u00e9s de syst\u00e8mes Bosch.<\/p>\n<h2 class=\"mb-2 mt-6 text-lg font-[500] first:mt-3\"><button class=\"hover:duration-80 duration-800 cursor-pointer text-left align-baseline inline underline decoration-textOff\/25 decoration-1 underline-offset-[5px] animate-underlineFade after:content-[&quot;&quot;] hover:text-super hover:decoration-super\/80 hover:underline-offset-[7px] dark:decoration-textOffDark\/30 dark:hover:text-superDark dark:hover:decoration-superDark\/80 transition-all motion-reduce:transition-none appearance-none bg-transparent border-0 p-0 m-0 [td_&amp;]:table-cell align-baseline\" type=\"button\" data-state=\"closed\">Caract\u00e9ristiques Principales<\/button><\/h2>\n<ul class=\"marker:text-textOff list-disc\">\n<li>\n<p class=\"my-0\">Capacit\u00e9 : 511 Wh (36V, 14Ah)<\/p>\n<\/li>\n<li>\n<p class=\"my-0\">Poids : 2,9 kg<\/p>\n<\/li>\n<li>\n<p class=\"my-0\">Dimensions : 349 x 65 x 84 mm (LxHxl)<\/p>\n<\/li>\n<li>\n<p class=\"my-0\">Autonomie : Environ 80-85 km selon les conditions d&rsquo;utilisation<\/p>\n<\/li>\n<li>\n<p class=\"my-0\">Installation : Horizontale ou verticale dans le cadre du v\u00e9lo<\/p>\n<\/li>\n<\/ul>\n<h2 class=\"mb-2 mt-6 text-lg font-[500] first:mt-3\"><button class=\"hover:duration-80 duration-800 cursor-pointer text-left align-baseline inline underline decoration-textOff\/25 decoration-1 underline-offset-[5px] animate-underlineFade after:content-[&quot;&quot;] hover:text-super hover:decoration-super\/80 hover:underline-offset-[7px] dark:decoration-textOffDark\/30 dark:hover:text-superDark dark:hover:decoration-superDark\/80 transition-all motion-reduce:transition-none appearance-none bg-transparent border-0 p-0 m-0 [td_&amp;]:table-cell align-baseline\" type=\"button\" data-state=\"closed\">Avantages<\/button><\/h2>\n<ul class=\"marker:text-textOff list-disc\">\n<li>\n<p class=\"my-0\">Prix plus avantageux que la batterie d&rsquo;origine Bosch<\/p>\n<\/li>\n<li>\n<p class=\"my-0\">Capacit\u00e9 l\u00e9g\u00e8rement sup\u00e9rieure \u00e0 la version originale de 500 Wh<\/p>\n<\/li>\n<li>\n<p class=\"my-0\">Compatible avec les moteurs Bosch Active Line, Active Line Plus, Performance Line et Performance Line CX<\/p>\n<\/li>\n<li>\n<p class=\"my-0\">Certification europ\u00e9enne et fabrication allemande<\/p>\n<\/li>\n<li>\n<p class=\"my-0\">Garantie de 3 ans<\/p>\n<\/li>\n<\/ul>\n<h2 class=\"mb-2 mt-6 text-lg font-[500] first:mt-3\"><button class=\"hover:duration-80 duration-800 cursor-pointer text-left align-baseline inline underline decoration-textOff\/25 decoration-1 underline-offset-[5px] animate-underlineFade after:content-[&quot;&quot;] hover:text-super hover:decoration-super\/80 hover:underline-offset-[7px] dark:decoration-textOffDark\/30 dark:hover:text-superDark dark:hover:decoration-superDark\/80 transition-all motion-reduce:transition-none appearance-none bg-transparent border-0 p-0 m-0 [td_&amp;]:table-cell align-baseline\" type=\"button\" data-state=\"closed\">Consid\u00e9rations d&rsquo;Achat<\/button><\/h2>\n<ul class=\"marker:text-textOff list-disc\">\n<li>\n<p class=\"my-0\">V\u00e9rifier la compatibilit\u00e9 avec votre mod\u00e8le de v\u00e9lo \u00e9lectrique<\/p>\n<\/li>\n<li>\n<p class=\"my-0\">Disponible en version horizontale ou verticale<\/p>\n<\/li>\n<li>\n<p class=\"my-0\">Syst\u00e8me Plug &amp; Play pour une installation facile<\/p>\n<\/li>\n<li>\n<p class=\"my-0\">R\u00e9sistante aux \u00e9claboussures et \u00e0 la poussi\u00e8re<\/p>\n<\/li>\n<li>\n<p class=\"my-0\">Temps de charge : 5-6 heures avec un chargeur standard<\/p>\n<\/li>\n<\/ul>\n<p class=\"my-0\">Cette batterie compatible offre une solution \u00e9conomique et fiable pour les propri\u00e9taires de v\u00e9los \u00e9lectriques Bosch cherchant \u00e0 remplacer ou \u00e0 augmenter l&rsquo;autonomie de leur batterie d&rsquo;origine<span class=\"whitespace-nowrap\">.<\/span><\/p>\n<h3><strong>Quand recharger la batterie compatible Bosch PowerTube 511Wh Verticale<\/strong><\/h3>\n<p>Vous n&rsquo;\u00eates pas obliger d&rsquo;attendre que la batterie se d\u00e9charge enti\u00e8rement pour pouvoir la rebrancher en chargement. La batterie compatible Bosch n&rsquo;a<strong>\u00a0pas d&rsquo;effet de m\u00e9moire<\/strong>\u00a0c&rsquo;est \u00e0 dire que votre batterie est rechargeable quand vous le souhaitez, peu importe le niveau de charge.<\/p>","protected":false},"excerpt":{"rendered":"<p>La Batterie v\u00e9lo compatible Bosch PowerTube 511 Wh est une alternative performante et \u00e9conomique pour les v\u00e9los \u00e9lectriques \u00e9quip\u00e9s de syst\u00e8mes Bosch.<\/p>","protected":false},"featured_media":12469,"comment_status":"open","ping_status":"closed","template":"","meta":{"inline_featured_image":false},"product_cat":[184,183],"product_tag":[],"class_list":{"0":"post-3196","1":"product","2":"type-product","3":"status-publish","4":"has-post-thumbnail","6":"product_cat-accessoires-de-velo","7":"product_cat-accessories","9":"first","10":"instock","11":"taxable","12":"shipping-taxable","13":"purchasable","14":"product-type-simple"},"_links":{"self":[{"href":"https:\/\/mobilobike.com\/fr\/wp-json\/wp\/v2\/product\/3196","targetHints":{"allow":["GET"]}}],"collection":[{"href":"https:\/\/mobilobike.com\/fr\/wp-json\/wp\/v2\/product"}],"about":[{"href":"https:\/\/mobilobike.com\/fr\/wp-json\/wp\/v2\/types\/product"}],"replies":[{"embeddable":true,"href":"https:\/\/mobilobike.com\/fr\/wp-json\/wp\/v2\/comments?post=3196"}],"version-history":[{"count":1,"href":"https:\/\/mobilobike.com\/fr\/wp-json\/wp\/v2\/product\/3196\/revisions"}],"predecessor-version":[{"id":12470,"href":"https:\/\/mobilobike.com\/fr\/wp-json\/wp\/v2\/product\/3196\/revisions\/12470"}],"wp:featuredmedia":[{"embeddable":true,"href":"https:\/\/mobilobike.com\/fr\/wp-json\/wp\/v2\/media\/12469"}],"wp:attachment":[{"href":"https:\/\/mobilobike.com\/fr\/wp-json\/wp\/v2\/media?parent=3196"}],"wp:term":[{"taxonomy":"product_cat","embeddable":true,"href":"https:\/\/mobilobike.com\/fr\/wp-json\/wp\/v2\/product_cat?post=3196"},{"taxonomy":"product_tag","embeddable":true,"href":"https:\/\/mobilobike.com\/fr\/wp-json\/wp\/v2\/product_tag?post=3196"}],"curies":[{"name":"wp","href":"https:\/\/api.w.org\/{rel}","templated":true}]}}