{"id":3200,"date":"2025-02-24T19:23:39","date_gmt":"2025-02-24T19:23:39","guid":{"rendered":"https:\/\/mobilobike.com\/?post_type=product&#038;p=3200"},"modified":"2025-07-08T18:31:40","modified_gmt":"2025-07-08T18:31:40","slug":"batterie-velo-shimano-e6100-36v-13ah-et-17-25ah","status":"publish","type":"product","link":"https:\/\/mobilobike.com\/fr\/produit\/batterie-velo-shimano-e6100-36v-13ah-et-17-25ah\/","title":{"rendered":"Batterie v\u00e9lo Shimano E6100 36V 13Ah et 17.25Ah"},"content":{"rendered":"<div>\n<div class=\"border-borderMain\/50 ring-borderMain\/50 divide-borderMain\/50 dark:divide-borderMainDark\/50  dark:ring-borderMainDark\/50 dark:border-borderMainDark\/50 bg-transparent\">\n<div class=\"mb-md\">\n<div class=\"relative default font-sans text-base text-textMain dark:text-textMainDark selection:bg-super\/50 selection:text-textMain dark:selection:bg-superDuper\/10 dark:selection:text-superDark\">\n<div class=\"min-w-0 break-words [word-break:break-word]\">\n<div id=\"markdown-content-14\" dir=\"auto\">\n<div class=\"prose text-pretty dark:prose-invert inline leading-normal break-words min-w-0 [word-break:break-word]\">\n<h2>La Batterie v\u00e9lo Shimano E6100<\/h2>\n<p class=\"my-0\">La Batterie v\u00e9lo Shimano E6100 est disponible en deux capacit\u00e9s : 36V 13Ah (468Wh) et 36V 17.25Ah (621Wh).<\/p>\n<h2 class=\"mb-2 mt-6 text-lg font-[500] first:mt-3\"><button class=\"hover:duration-80 duration-800 cursor-pointer text-left align-baseline inline underline decoration-textOff\/25 decoration-1 underline-offset-[5px] animate-underlineFade after:content-[&quot;&quot;] hover:text-super hover:decoration-super\/80 hover:underline-offset-[7px] dark:decoration-textOffDark\/30 dark:hover:text-superDark dark:hover:decoration-superDark\/80 transition-all motion-reduce:transition-none appearance-none bg-transparent border-0 p-0 m-0 [td_&amp;]:table-cell align-baseline\" type=\"button\" data-state=\"closed\">Caract\u00e9ristiques principales<\/button><\/h2>\n<ul class=\"marker:text-textOff list-disc\">\n<li>\n<p class=\"my-0\">Voltage : 36V<\/p>\n<\/li>\n<li>\n<p class=\"my-0\">Capacit\u00e9s :<\/p>\n<ul class=\"marker:text-textOff list-disc\">\n<li>\n<p class=\"my-0\">13Ah (468Wh)<\/p>\n<\/li>\n<li>\n<p class=\"my-0\">17.25Ah (621Wh)<\/p>\n<\/li>\n<\/ul>\n<\/li>\n<li>\n<p class=\"my-0\">Compatibilit\u00e9 : Syst\u00e8mes Shimano STEPS E6100<\/p>\n<\/li>\n<li>\n<p class=\"my-0\">Temps de charge :<\/p>\n<ul class=\"marker:text-textOff list-disc\">\n<li>\n<p class=\"my-0\">13Ah : environ 4 heures<\/p>\n<\/li>\n<li>\n<p class=\"my-0\">17.25Ah : environ 5 heures<\/p>\n<\/li>\n<\/ul>\n<\/li>\n<\/ul>\n<h2 class=\"mb-2 mt-6 text-lg font-[500] first:mt-3\"><button class=\"hover:duration-80 duration-800 cursor-pointer text-left align-baseline inline underline decoration-textOff\/25 decoration-1 underline-offset-[5px] animate-underlineFade after:content-[&quot;&quot;] hover:text-super hover:decoration-super\/80 hover:underline-offset-[7px] dark:decoration-textOffDark\/30 dark:hover:text-superDark dark:hover:decoration-superDark\/80 transition-all motion-reduce:transition-none appearance-none bg-transparent border-0 p-0 m-0 [td_&amp;]:table-cell align-baseline\" type=\"button\" data-state=\"closed\">Avantages<\/button><\/h2>\n<ul class=\"marker:text-textOff list-disc\">\n<li>\n<p class=\"my-0\">Grande autonomie : jusqu&rsquo;\u00e0 256 km avec la batterie 630Wh en mode Eco<\/p>\n<\/li>\n<li>\n<p class=\"my-0\">Charge rapide : id\u00e9al pour les utilisateurs press\u00e9s<\/p>\n<\/li>\n<li>\n<p class=\"my-0\">L\u00e9g\u00e8re et compacte : design optimis\u00e9 pour l&rsquo;int\u00e9gration au v\u00e9lo<\/p>\n<\/li>\n<li>\n<p class=\"my-0\">Fiabilit\u00e9 : technologie lithium-ion sans effet m\u00e9moire<\/p>\n<\/li>\n<\/ul>\n<h2 class=\"mb-2 mt-6 text-lg font-[500] first:mt-3\"><button class=\"hover:duration-80 duration-800 cursor-pointer text-left align-baseline inline underline decoration-textOff\/25 decoration-1 underline-offset-[5px] animate-underlineFade after:content-[&quot;&quot;] hover:text-super hover:decoration-super\/80 hover:underline-offset-[7px] dark:decoration-textOffDark\/30 dark:hover:text-superDark dark:hover:decoration-superDark\/80 transition-all motion-reduce:transition-none appearance-none bg-transparent border-0 p-0 m-0 [td_&amp;]:table-cell align-baseline\" type=\"button\" data-state=\"closed\">Options de placement<\/button><\/h2>\n<ul class=\"marker:text-textOff list-disc\">\n<li>\n<p class=\"my-0\">Batterie arri\u00e8re<\/p>\n<\/li>\n<li>\n<p class=\"my-0\">Batterie tube diagonal<\/p>\n<\/li>\n<li>\n<p class=\"my-0\">Batterie interne<\/p>\n<\/li>\n<\/ul>\n<h2 class=\"mb-2 mt-6 text-lg font-[500] first:mt-3\"><button class=\"hover:duration-80 duration-800 cursor-pointer text-left align-baseline inline underline decoration-textOff\/25 decoration-1 underline-offset-[5px] animate-underlineFade after:content-[&quot;&quot;] hover:text-super hover:decoration-super\/80 hover:underline-offset-[7px] dark:decoration-textOffDark\/30 dark:hover:text-superDark dark:hover:decoration-superDark\/80 transition-all motion-reduce:transition-none appearance-none bg-transparent border-0 p-0 m-0 [td_&amp;]:table-cell align-baseline\" type=\"button\" data-state=\"closed\">Consid\u00e9rations d&rsquo;utilisation<\/button><\/h2>\n<ul class=\"marker:text-textOff list-disc\">\n<li>\n<p class=\"my-0\">L&rsquo;autonomie r\u00e9elle d\u00e9pend de nombreux facteurs : mode d&rsquo;assistance, poids du cycliste, terrain, etc.<\/p>\n<\/li>\n<li>\n<p class=\"my-0\">Compatible avec les moteurs Shimano STEPS E6100, offrant une assistance r\u00e9active et efficace<\/p>\n<\/li>\n<li>\n<p class=\"my-0\">Syst\u00e8me de gestion de batterie int\u00e9gr\u00e9 pour optimiser la dur\u00e9e de vie<\/p>\n<\/li>\n<\/ul>\n<p class=\"my-0\">La Batterie v\u00e9lo Shimano E6100 offre un excellent compromis entre capacit\u00e9, poids et int\u00e9gration, la rendant id\u00e9ale pour les cyclistes urbains et les amateurs de longues sorties recherchant une assistance \u00e9lectrique fiable et performante.<\/p>\n<\/div>\n<\/div>\n<h2><strong>Conseils d&rsquo;expert pour votre batterie<\/strong><\/h2>\n<p>Lorsque vous chargez votre batterie, veillez \u00e0 la\u00a0<strong>recharger dans un lieu sec et \u00e0 temp\u00e9rature ambiante.<\/strong>\u00a0Si vous n&rsquo;utilisez plus votre v\u00e9lo \u00e9lectrique, conservez l&rsquo;\u00e9tat de charge de votre batterie entre 50 \u00e0 60%. Enfin si vous souhaitez\u00a0<strong>laver votre v\u00e9lo<\/strong>, pensez \u00e0\u00a0<strong>retirer la batterie avant chaque lavage\/nettoyage.<\/strong><\/p>\n<\/div>\n<\/div>\n<\/div>\n<\/div>\n<\/div>\n<div class=\"\">\n<div class=\"mt-xs pt-lg animate-in fade-in duration-100 ease-out border-borderMain\/50 ring-borderMain\/50 divide-borderMain\/50 dark:divide-borderMainDark\/50  dark:ring-borderMainDark\/50 dark:border-borderMainDark\/50 bg-transparent\">\n<div class=\"border-borderMain\/50 ring-borderMain\/50 divide-borderMain\/50 dark:divide-borderMainDark\/50  dark:ring-borderMainDark\/50 dark:border-borderMainDark\/50 bg-transparent\">\n<div class=\"flex items-center justify-between border-borderMain\/50 ring-borderMain\/50 divide-borderMain\/50 dark:divide-borderMainDark\/50  dark:ring-borderMainDark\/50 dark:border-borderMainDark\/50 bg-background dark:bg-backgroundDark\">\n<div class=\"mb-sm flex w-full items-center justify-between\">\n<div class=\"\">\n<div class=\"space-x-sm flex items-center\">\n<div class=\"default font-display text-lg font-medium text-textMain dark:text-textMainDark selection:bg-super\/50 selection:text-textMain dark:selection:bg-superDuper\/10 dark:selection:text-superDark\">\n<div class=\"w-[24px]\"><\/div>\n<\/div>\n<\/div>\n<\/div>\n<\/div>\n<\/div>\n<\/div>\n<\/div>\n<\/div>","protected":false},"excerpt":{"rendered":"<p>La Batterie v\u00e9lo Shimano E6100 offre un excellent compromis entre capacit\u00e9, poids et int\u00e9gration, la rendant id\u00e9ale pour les cyclistes urbains et les amateurs de longues sorties recherchant une assistance \u00e9lectrique fiable et performante.<\/p>","protected":false},"featured_media":12473,"comment_status":"open","ping_status":"closed","template":"","meta":{"inline_featured_image":false},"product_cat":[184,183],"product_tag":[],"class_list":{"0":"post-3200","1":"product","2":"type-product","3":"status-publish","4":"has-post-thumbnail","6":"product_cat-accessoires-de-velo","7":"product_cat-accessories","9":"first","10":"instock","11":"taxable","12":"shipping-taxable","13":"purchasable","14":"product-type-simple"},"_links":{"self":[{"href":"https:\/\/mobilobike.com\/fr\/wp-json\/wp\/v2\/product\/3200","targetHints":{"allow":["GET"]}}],"collection":[{"href":"https:\/\/mobilobike.com\/fr\/wp-json\/wp\/v2\/product"}],"about":[{"href":"https:\/\/mobilobike.com\/fr\/wp-json\/wp\/v2\/types\/product"}],"replies":[{"embeddable":true,"href":"https:\/\/mobilobike.com\/fr\/wp-json\/wp\/v2\/comments?post=3200"}],"version-history":[{"count":1,"href":"https:\/\/mobilobike.com\/fr\/wp-json\/wp\/v2\/product\/3200\/revisions"}],"predecessor-version":[{"id":12474,"href":"https:\/\/mobilobike.com\/fr\/wp-json\/wp\/v2\/product\/3200\/revisions\/12474"}],"wp:featuredmedia":[{"embeddable":true,"href":"https:\/\/mobilobike.com\/fr\/wp-json\/wp\/v2\/media\/12473"}],"wp:attachment":[{"href":"https:\/\/mobilobike.com\/fr\/wp-json\/wp\/v2\/media?parent=3200"}],"wp:term":[{"taxonomy":"product_cat","embeddable":true,"href":"https:\/\/mobilobike.com\/fr\/wp-json\/wp\/v2\/product_cat?post=3200"},{"taxonomy":"product_tag","embeddable":true,"href":"https:\/\/mobilobike.com\/fr\/wp-json\/wp\/v2\/product_tag?post=3200"}],"curies":[{"name":"wp","href":"https:\/\/api.w.org\/{rel}","templated":true}]}}