{"id":3202,"date":"2025-02-24T19:31:35","date_gmt":"2025-02-24T19:31:35","guid":{"rendered":"https:\/\/mobilobike.com\/?post_type=product&#038;p=3202"},"modified":"2025-07-08T18:31:41","modified_gmt":"2025-07-08T18:31:41","slug":"batterie-velo-bafang-43v-116ah","status":"publish","type":"product","link":"https:\/\/mobilobike.com\/fr\/produit\/batterie-velo-bafang-43v-116ah\/","title":{"rendered":"Batterie v\u00e9lo Bafang 43V 11,6Ah"},"content":{"rendered":"<h2>La Batterie v\u00e9lo Bafang 43V 11,6Ah<\/h2>\n<p class=\"my-0\">La Batterie v\u00e9lo Bafang 43V 11,6Ah est une solution de stockage d&rsquo;\u00e9nergie fiable et performante pour les v\u00e9los \u00e9lectriques \u00e9quip\u00e9s de syst\u00e8mes Bafang.<\/p>\n<h2 class=\"mb-2 mt-6 text-lg font-[500] first:mt-3\"><button class=\"hover:duration-80 duration-800 cursor-pointer text-left align-baseline inline underline decoration-textOff\/25 decoration-1 underline-offset-[5px] animate-underlineFade after:content-[&quot;&quot;] hover:text-super hover:decoration-super\/80 hover:underline-offset-[7px] dark:decoration-textOffDark\/30 dark:hover:text-superDark dark:hover:decoration-superDark\/80 transition-all motion-reduce:transition-none appearance-none bg-transparent border-0 p-0 m-0 [td_&amp;]:table-cell align-baseline\" type=\"button\" data-state=\"closed\">Caract\u00e9ristiques principales<\/button><\/h2>\n<ul class=\"marker:text-textOff list-disc\">\n<li>\n<p class=\"my-0\">Voltage : 43V<\/p>\n<\/li>\n<li>\n<p class=\"my-0\">Capacit\u00e9 : 11,6Ah (498Wh)<\/p>\n<\/li>\n<li>\n<p class=\"my-0\">Poids : 3 kg<\/p>\n<\/li>\n<li>\n<p class=\"my-0\">Dimensions : 40,8 x 12,3 x 7 cm (LxlxH)<\/p>\n<\/li>\n<li>\n<p class=\"my-0\">Emplacement : Porte-bagages<\/p>\n<\/li>\n<li>\n<p class=\"my-0\">Technologie : Lithium-ion<\/p>\n<\/li>\n<li>\n<p class=\"my-0\">Autonomie : 75-150 km selon les conditions d&rsquo;utilisation<\/p>\n<\/li>\n<\/ul>\n<h2 class=\"mb-2 mt-6 text-lg font-[500] first:mt-3\"><button class=\"hover:duration-80 duration-800 cursor-pointer text-left align-baseline inline underline decoration-textOff\/25 decoration-1 underline-offset-[5px] animate-underlineFade after:content-[&quot;&quot;] hover:text-super hover:decoration-super\/80 hover:underline-offset-[7px] dark:decoration-textOffDark\/30 dark:hover:text-superDark dark:hover:decoration-superDark\/80 transition-all motion-reduce:transition-none appearance-none bg-transparent border-0 p-0 m-0 [td_&amp;]:table-cell align-baseline\" type=\"button\" data-state=\"closed\">Avantages<\/button><\/h2>\n<ul class=\"marker:text-textOff list-disc\">\n<li>\n<p class=\"my-0\">Capacit\u00e9 accrue de 500Wh, offrant 10% d&rsquo;autonomie suppl\u00e9mentaire par rapport aux mod\u00e8les pr\u00e9c\u00e9dents<\/p>\n<\/li>\n<li>\n<p class=\"my-0\">Version la plus l\u00e9g\u00e8re de la s\u00e9rie, facilitant le transport et le rangement<\/p>\n<\/li>\n<li>\n<p class=\"my-0\">Fiabilit\u00e9 \u00e9prouv\u00e9e avec des cellules de haute qualit\u00e9<\/p>\n<\/li>\n<li>\n<p class=\"my-0\">Circuits de protection avanc\u00e9s contre la surcharge, la d\u00e9charge profonde et la surchauffe<\/p>\n<\/li>\n<\/ul>\n<h2 class=\"mb-2 mt-6 text-lg font-[500] first:mt-3\"><button class=\"hover:duration-80 duration-800 cursor-pointer text-left align-baseline inline underline decoration-textOff\/25 decoration-1 underline-offset-[5px] animate-underlineFade after:content-[&quot;&quot;] hover:text-super hover:decoration-super\/80 hover:underline-offset-[7px] dark:decoration-textOffDark\/30 dark:hover:text-superDark dark:hover:decoration-superDark\/80 transition-all motion-reduce:transition-none appearance-none bg-transparent border-0 p-0 m-0 [td_&amp;]:table-cell align-baseline\" type=\"button\" data-state=\"closed\">Compatibilit\u00e9<\/button><\/h2>\n<ul class=\"marker:text-textOff list-disc\">\n<li>\n<p class=\"my-0\">Compatible avec les syst\u00e8mes Bafang UART et CANBUS<\/p>\n<\/li>\n<li>\n<p class=\"my-0\">Adapt\u00e9e \u00e0 de nombreuses marques de v\u00e9los \u00e9lectriques comme Gazelle, Cortina, Vogue et Amslod<\/p>\n<\/li>\n<\/ul>\n<h2 class=\"mb-2 mt-6 text-lg font-[500] first:mt-3\"><button class=\"hover:duration-80 duration-800 cursor-pointer text-left align-baseline inline underline decoration-textOff\/25 decoration-1 underline-offset-[5px] animate-underlineFade after:content-[&quot;&quot;] hover:text-super hover:decoration-super\/80 hover:underline-offset-[7px] dark:decoration-textOffDark\/30 dark:hover:text-superDark dark:hover:decoration-superDark\/80 transition-all motion-reduce:transition-none appearance-none bg-transparent border-0 p-0 m-0 [td_&amp;]:table-cell align-baseline\" type=\"button\" data-state=\"closed\">Consid\u00e9rations d&rsquo;achat<\/button><\/h2>\n<ul class=\"marker:text-textOff list-disc\">\n<li>\n<p class=\"my-0\">Garantie constructeur de 2 ans<\/p>\n<\/li>\n<li>\n<p class=\"my-0\">Chargeurs compatibles : Bafang 43V 2A (standard) et 43V 3A (rapide)<\/p>\n<\/li>\n<li>\n<p class=\"my-0\">Possibilit\u00e9 de reconditionnement pour prolonger la dur\u00e9e de vie<\/p>\n<\/li>\n<\/ul>\n<p class=\"my-0\">Cette batterie Bafang 43V 11,6Ah offre un excellent compromis entre capacit\u00e9, poids et fiabilit\u00e9, la rendant id\u00e9ale pour les cyclistes urbains et les amateurs de v\u00e9los \u00e9lectriques recherchant une solution de remplacement ou une mise \u00e0 niveau de leur batterie existante.<\/p>","protected":false},"excerpt":{"rendered":"<p>La Batterie v\u00e9lo Bafang 43V 11,6Ah est une solution de stockage d&rsquo;\u00e9nergie fiable et performante pour les v\u00e9los \u00e9lectriques \u00e9quip\u00e9s de syst\u00e8mes Bafang.<\/p>","protected":false},"featured_media":12475,"comment_status":"open","ping_status":"closed","template":"","meta":{"inline_featured_image":false},"product_cat":[184,183],"product_tag":[],"class_list":{"0":"post-3202","1":"product","2":"type-product","3":"status-publish","4":"has-post-thumbnail","6":"product_cat-accessoires-de-velo","7":"product_cat-accessories","9":"first","10":"instock","11":"taxable","12":"shipping-taxable","13":"purchasable","14":"product-type-simple"},"_links":{"self":[{"href":"https:\/\/mobilobike.com\/fr\/wp-json\/wp\/v2\/product\/3202","targetHints":{"allow":["GET"]}}],"collection":[{"href":"https:\/\/mobilobike.com\/fr\/wp-json\/wp\/v2\/product"}],"about":[{"href":"https:\/\/mobilobike.com\/fr\/wp-json\/wp\/v2\/types\/product"}],"replies":[{"embeddable":true,"href":"https:\/\/mobilobike.com\/fr\/wp-json\/wp\/v2\/comments?post=3202"}],"version-history":[{"count":1,"href":"https:\/\/mobilobike.com\/fr\/wp-json\/wp\/v2\/product\/3202\/revisions"}],"predecessor-version":[{"id":12476,"href":"https:\/\/mobilobike.com\/fr\/wp-json\/wp\/v2\/product\/3202\/revisions\/12476"}],"wp:featuredmedia":[{"embeddable":true,"href":"https:\/\/mobilobike.com\/fr\/wp-json\/wp\/v2\/media\/12475"}],"wp:attachment":[{"href":"https:\/\/mobilobike.com\/fr\/wp-json\/wp\/v2\/media?parent=3202"}],"wp:term":[{"taxonomy":"product_cat","embeddable":true,"href":"https:\/\/mobilobike.com\/fr\/wp-json\/wp\/v2\/product_cat?post=3202"},{"taxonomy":"product_tag","embeddable":true,"href":"https:\/\/mobilobike.com\/fr\/wp-json\/wp\/v2\/product_tag?post=3202"}],"curies":[{"name":"wp","href":"https:\/\/api.w.org\/{rel}","templated":true}]}}